{"id":123991,"date":"2022-08-16T22:43:00","date_gmt":"2022-08-16T22:43:00","guid":{"rendered":"https:\/\/www.hqts.com\/?page_id=123991"},"modified":"2022-08-16T22:43:37","modified_gmt":"2022-08-16T22:43:37","slug":"qualitaetstechnik","status":"publish","type":"page","link":"https:\/\/www.hqts.com\/de\/our-services\/qualitaetstechnik\/","title":{"rendered":"QUALIT\u00c4TSTECHNIK"},"content":{"rendered":"<p><strong>HQTS bietet Betriebsmanagementdienste in der Fertigung als Kerndienstleistung unserer Lieferkettenmanagementl\u00f6sungen an.<\/strong><\/p>\n<p>Die HQTS Operation Teams bieten eine <strong>ganzheitliche L\u00f6sung <\/strong>in den Bereichen Technik, Planung und Qualit\u00e4tskontrolle, so dass unsere Kunden die Leistung ihrer Produktionsabl\u00e4ufe <strong>kontinuierlich verbessern <\/strong>k\u00f6nnen. Dies konsolidiert alle Produktionsprozesse, einschlie\u00dflich Projektmanagement, fortschrittliche Planung und Terminierung, Qualit\u00e4tskontrolle in der Fertigung, Lieferantenbetreuung und -verbesserung.<\/p>\n<p>Unsere Dienstleistungen im Bereich Supply Chain Management umfassen:<\/p>\n<ul>\n<li><a href=\"https:\/\/www.hqts.com\/de\/our-services\/qualitaetstechnik\/lieferanten-qualitaetstechnik\/\"><strong>Ingenieur f\u00fcr Lieferantenqualit\u00e4t (SQE)<\/strong><\/a><\/li>\n<li><a href=\"https:\/\/www.hqts.com\/de\/our-services\/qualitaetstechnik\/ueberwachung-der-produktion\/\"><strong>\u00dcberwachung der Produktion<\/strong><\/a><\/li>\n<li><a href=\"https:\/\/www.hqts.com\/de\/our-services\/qualitaetstechnik\/lieferantenmanagement\/\"><strong>Qualit\u00e4tsmanagement f\u00fcr Lieferanten<\/strong><\/a><\/li>\n<\/ul>\n<p>&nbsp;<\/p>\n<p><em>Mit dem professionellen Service von HQTS k\u00f6nnen unsere Kunden von folgenden Vorteilen profitieren:<\/em><\/p>\n<ul>\n<li>Verbesserte <strong>Sichtbarkeit <\/strong>des Lieferkettenmanagements in der Fertigung<\/li>\n<li><strong>Schnelle Einf\u00fchrung <\/strong>neuer Produkte<\/li>\n<li>Gleichbleibende <strong>Produktqualit\u00e4t<\/strong><\/li>\n<li><strong>P\u00fcnktliche <\/strong>Lieferung<\/li>\n<li><strong>Kosteneffizienz <\/strong>der gesamten Lieferkette im verarbeitenden Gewerbe<\/li>\n<\/ul>\n<p>&nbsp;<\/p>\n<p>Unsere Teams setzen sich aus erfahrenen Fachleuten zusammen, die \u00fcber ein breites Spektrum an F\u00e4higkeiten und Fachwissen verf\u00fcgen, darunter Auftragsabwicklung, Management von Produktionsabl\u00e4ufen, Verwaltung von Lieferantenbeziehungen, Produktentwicklung und Kommerzialisierung.<\/p>\n<p>Das <strong>HQTS-Ingenieurteam verf\u00fcgt <\/strong>\u00fcber umfangreiche Erfahrungen in verschiedenen Fertigungsprozessen:<\/p>\n<ul>\n<li>Kontinuierliche \u00dcberpr\u00fcfung der Fertigungsprozesse, um alle Variablen zu identifizieren, die sich auf die Qualit\u00e4t auswirken k\u00f6nnen, und Umsetzung von \u00c4nderungen, um optimale Prozessparameter zu erreichen.<\/li>\n<li>Identifizierung kritischer Faktoren, die sich auf die Abl\u00e4ufe in Bezug auf Kosten, Lieferkette, Qualit\u00e4t und Skalierbarkeit auswirken, um eine hohe und stabile Produktionsausbeute zu gew\u00e4hrleisten.<\/li>\n<li>Verfolgung von UPPH-Trends zur Erreichung von Verbesserungszielen und zur Maximierung der Fertigungseffizienz.<\/li>\n<li>F\u00f6rderung der LEAN-Produktion zur Prozessverbesserung.<\/li>\n<li>Durchf\u00fchrung von Routinepr\u00fcfungen, um sicherzustellen, dass Prozesse und Ausr\u00fcstung in einem ausgezeichneten Zustand sind.<\/li>\n<li>Regelm\u00e4\u00dfige Berichterstattung \u00fcber Fortschritte, w\u00f6chentliche Ertragstrends und den Stand der Produktionseffizienz.<\/li>\n<\/ul>\n<p>&nbsp;<\/p>\n","protected":false},"excerpt":{"rendered":"<p>HQTS bietet Betriebsmanagementdienste in der Fertigung als Kerndienstleistung unserer Lieferkettenmanagementl\u00f6sungen an. Die HQTS Operation Teams bieten eine ganzheitliche L\u00f6sung in den Bereichen Technik, Planung und Qualit\u00e4tskontrolle, so dass unsere Kunden die Leistung ihrer Produktionsabl\u00e4ufe kontinuierlich verbessern k\u00f6nnen. Dies konsolidiert alle Produktionsprozesse, einschlie\u00dflich Projektmanagement, fortschrittliche Planung und Terminierung, Qualit\u00e4tskontrolle in der Fertigung, Lieferantenbetreuung und -verbesserung. Unsere [&hellip;]<\/p>\n","protected":false},"author":12,"featured_media":123976,"parent":123996,"menu_order":1,"comment_status":"closed","ping_status":"closed","template":"","meta":{"_acf_changed":false,"footnotes":""},"class_list":["post-123991","page","type-page","status-publish","has-post-thumbnail","hentry"],"acf":[],"_links":{"self":[{"href":"https:\/\/www.hqts.com\/de\/wp-json\/wp\/v2\/pages\/123991","targetHints":{"allow":["GET"]}}],"collection":[{"href":"https:\/\/www.hqts.com\/de\/wp-json\/wp\/v2\/pages"}],"about":[{"href":"https:\/\/www.hqts.com\/de\/wp-json\/wp\/v2\/types\/page"}],"author":[{"embeddable":true,"href":"https:\/\/www.hqts.com\/de\/wp-json\/wp\/v2\/users\/12"}],"replies":[{"embeddable":true,"href":"https:\/\/www.hqts.com\/de\/wp-json\/wp\/v2\/comments?post=123991"}],"version-history":[{"count":1,"href":"https:\/\/www.hqts.com\/de\/wp-json\/wp\/v2\/pages\/123991\/revisions"}],"predecessor-version":[{"id":123992,"href":"https:\/\/www.hqts.com\/de\/wp-json\/wp\/v2\/pages\/123991\/revisions\/123992"}],"up":[{"embeddable":true,"href":"https:\/\/www.hqts.com\/de\/wp-json\/wp\/v2\/pages\/123996"}],"wp:featuredmedia":[{"embeddable":true,"href":"https:\/\/www.hqts.com\/de\/wp-json\/wp\/v2\/media\/123976"}],"wp:attachment":[{"href":"https:\/\/www.hqts.com\/de\/wp-json\/wp\/v2\/media?parent=123991"}],"curies":[{"name":"wp","href":"https:\/\/api.w.org\/{rel}","templated":true}]}}