{"id":123999,"date":"2022-08-16T22:48:10","date_gmt":"2022-08-16T22:48:10","guid":{"rendered":"https:\/\/www.hqts.com\/?page_id=123999"},"modified":"2022-08-16T22:48:10","modified_gmt":"2022-08-16T22:48:10","slug":"lieferanten-qualitaetstechnik","status":"publish","type":"page","link":"https:\/\/www.hqts.com\/de\/our-services\/qualitaetstechnik\/lieferanten-qualitaetstechnik\/","title":{"rendered":"Lieferanten Qualit\u00e4tstechnik"},"content":{"rendered":"<p><strong>LIEFERANTEN QUALIT\u00c4TSTECHNIK<\/strong><\/p>\n<p>Qualit\u00e4tsingenieure f\u00fcr Zulieferer (Supplier Quality Engineers, SQE) haben innerhalb der Lieferkette die Aufgabe, die Einhaltung der Qualit\u00e4t bei der Zusammenarbeit mit den Zulieferern zu gew\u00e4hrleisten. Ihre Aufgabe besteht darin, die Zulieferer zu koordinieren und ihre Prozesse sorgf\u00e4ltig zu \u00fcberpr\u00fcfen und zu inspizieren, um sicherzustellen, dass sie mit den Qualit\u00e4tsstandards des Unternehmens \u00fcbereinstimmen. Dar\u00fcber hinaus sind SQEs auch f\u00fcr die Durchf\u00fchrung von Lieferantenaudits und die Erstellung von Qualit\u00e4tskontrollpl\u00e4nen verantwortlich, um sicherzustellen, dass solide Prozesse vorhanden sind, die eine optimierte Lieferkette erm\u00f6glichen.<\/p>\n<p><strong>Unser Service f\u00fcr Lieferanten Qualit\u00e4tstechnik umfasst folgende Leistungen:<\/strong><\/p>\n<p>Das Qualit\u00e4tsengineering f\u00fcr Lieferanten umfasst eine Vielzahl von Aspekten innerhalb der Lieferkette. In diesem Artikel werden wir sie in drei Hauptphasen der Lieferkette unterteilen:<\/p>\n<ol>\n<li><strong>\u00a0 <\/strong><strong>Lieferantenbewertung und Audits<\/strong><\/li>\n<\/ol>\n<p>In der Regel umfasst die erste Phase, die von SQEs durchgef\u00fchrt wird, die Bewertung von Lieferanten- und Fabrikaudits, um sicherzustellen, dass sie gem\u00e4\u00df den Spezifikationen des Unternehmens arbeiten. Auf diese Weise k\u00f6nnen die Entscheidungstr\u00e4ger im Unternehmen feststellen, welche Lieferanten die vom Unternehmen geforderte Qualit\u00e4t bieten, um einen reibungslosen Ablauf der Lieferkette zu gew\u00e4hrleisten. Dar\u00fcber hinaus \u00fcberpr\u00fcfen die SQEs diese Dienstleistungen st\u00e4ndig und machen Verbesserungsvorschl\u00e4ge, denen regelm\u00e4\u00dfig nachgegangen wird.<\/p>\n<ol>\n<li><strong>\u00a0\u00a0Design und Entwicklung \/ Einf\u00fchrung neuer Produkte<\/strong><\/li>\n<\/ol>\n<p>Neben der Inspektion und dem Audit von Lieferanten unterst\u00fctzt SQE auch das Management neuer Produkte. Dies kann die Bewertung und das Management von Prozessen sowie die Bewertung von Produktlinien und ihrer Effizienz auf dem Weg zu ihrer Endphase und einem breiteren Vertrieb umfassen.<\/p>\n<ol>\n<li><strong>\u00a0 <\/strong><strong>Produkt geht in die Massenproduktion <\/strong><\/li>\n<\/ol>\n<p>Die Rolle eines SQE endet nicht, wenn ein Produkt die Massenproduktion erreicht. Sobald sich ein Produkt in diesem Stadium befindet, ist das Qualit\u00e4tsmanagement von entscheidender Bedeutung, um sicherzustellen, dass etwaige M\u00e4ngel gefunden und behoben werden, bevor sie die Verbraucher erreichen und m\u00f6glicherweise das Image der Marke sch\u00e4digen. Dies geschieht durch eine solide Dokumentation der Prozesse und Kontrollen in der Produktionslinie. Gleichzeitig wird die Produktionslinie kontinuierlich optimiert, indem potenzielle Schwachstellen und Ineffizienzen beseitigt werden.<\/p>\n<p><strong>Zus\u00e4tzliche Dienstleistungen <\/strong><\/p>\n<p>Neben den oben aufgef\u00fchrten Dienstleistungen decken SQEs eine Reihe verschiedener Aufgaben und Dienstleistungen ab, die bei der Pr\u00fcfung und Sicherung der Qualit\u00e4t innerhalb der Lieferkette helfen. Diese sind abh\u00e4ngig vom Produkt und der Organisation, k\u00f6nnen aber Folgendes umfassen:<\/p>\n<ul>\n<li>Muster\/Form-Best\u00e4tigung<\/li>\n<li>Einf\u00fchrung eines neuen Produkts<\/li>\n<li>Verwaltung der Massenproduktion<\/li>\n<li>Technische Unterst\u00fctzung der Produktion<\/li>\n<li>Qualit\u00e4tsmanagement<\/li>\n<li>Verbesserung der Effizienz der Produktionslinie<\/li>\n<li>Verbesserung und F\u00f6rderung von Lieferanten<\/li>\n<li>Schlankes Produktionsmanagement<\/li>\n<\/ul>\n<p>&nbsp;<\/p>\n<p>Die Vorteile von HQTS SQE Services:<\/p>\n<ul>\n<li>Regelm\u00e4\u00dfige oder unregelm\u00e4\u00dfige Fabrikaudits und Nachbesserungsdienste, um Unternehmen bei der Verbesserung der Qualit\u00e4t ihrer Zulieferer zu unterst\u00fctzen;<\/li>\n<li>Verbesserung der Effizienz der Entwicklung neuer Produkte, F\u00f6rderung von Projekten zur Einf\u00fchrung neuer Produkte und Verfolgung und Behandlung von Problemen mit der Produktqualit\u00e4t in verschiedenen Phasen;<\/li>\n<li>Sie helfen bei der mehrdimensionalen Pr\u00fcfung hochwertiger Produkte, verk\u00fcrzen die Markteinf\u00fchrungszeit f\u00fcr neue Projekte und sparen den Unternehmen Entwicklungskosten;<\/li>\n<li>Effektive Kontrolle des gesamten Prozesses der Einf\u00fchrung neuer Produkte und der Massenproduktion neuer Produkte, Verbesserung der Produktionseffizienz und Gew\u00e4hrleistung einer reibungslosen Lieferung neuer Produkte nach der Massenproduktion.<\/li>\n<\/ul>\n","protected":false},"excerpt":{"rendered":"<p>LIEFERANTEN QUALIT\u00c4TSTECHNIK Qualit\u00e4tsingenieure f\u00fcr Zulieferer (Supplier Quality Engineers, SQE) haben innerhalb der Lieferkette die Aufgabe, die Einhaltung der Qualit\u00e4t bei der Zusammenarbeit mit den Zulieferern zu gew\u00e4hrleisten. Ihre Aufgabe besteht darin, die Zulieferer zu koordinieren und ihre Prozesse sorgf\u00e4ltig zu \u00fcberpr\u00fcfen und zu inspizieren, um sicherzustellen, dass sie mit den Qualit\u00e4tsstandards des Unternehmens \u00fcbereinstimmen. Dar\u00fcber [&hellip;]<\/p>\n","protected":false},"author":12,"featured_media":123997,"parent":123991,"menu_order":0,"comment_status":"closed","ping_status":"closed","template":"","meta":{"_acf_changed":false,"footnotes":""},"class_list":["post-123999","page","type-page","status-publish","has-post-thumbnail","hentry"],"acf":[],"_links":{"self":[{"href":"https:\/\/www.hqts.com\/de\/wp-json\/wp\/v2\/pages\/123999","targetHints":{"allow":["GET"]}}],"collection":[{"href":"https:\/\/www.hqts.com\/de\/wp-json\/wp\/v2\/pages"}],"about":[{"href":"https:\/\/www.hqts.com\/de\/wp-json\/wp\/v2\/types\/page"}],"author":[{"embeddable":true,"href":"https:\/\/www.hqts.com\/de\/wp-json\/wp\/v2\/users\/12"}],"replies":[{"embeddable":true,"href":"https:\/\/www.hqts.com\/de\/wp-json\/wp\/v2\/comments?post=123999"}],"version-history":[{"count":1,"href":"https:\/\/www.hqts.com\/de\/wp-json\/wp\/v2\/pages\/123999\/revisions"}],"predecessor-version":[{"id":124000,"href":"https:\/\/www.hqts.com\/de\/wp-json\/wp\/v2\/pages\/123999\/revisions\/124000"}],"up":[{"embeddable":true,"href":"https:\/\/www.hqts.com\/de\/wp-json\/wp\/v2\/pages\/123991"}],"wp:featuredmedia":[{"embeddable":true,"href":"https:\/\/www.hqts.com\/de\/wp-json\/wp\/v2\/media\/123997"}],"wp:attachment":[{"href":"https:\/\/www.hqts.com\/de\/wp-json\/wp\/v2\/media?parent=123999"}],"curies":[{"name":"wp","href":"https:\/\/api.w.org\/{rel}","templated":true}]}}