{"id":124001,"date":"2022-08-16T22:54:18","date_gmt":"2022-08-16T22:54:18","guid":{"rendered":"https:\/\/www.hqts.com\/?page_id=124001"},"modified":"2022-08-16T22:54:18","modified_gmt":"2022-08-16T22:54:18","slug":"lieferantenmanagement","status":"publish","type":"page","link":"https:\/\/www.hqts.com\/de\/our-services\/qualitaetstechnik\/lieferantenmanagement\/","title":{"rendered":"Lieferantenmanagement"},"content":{"rendered":"<p>HQTS stellt einen eigenen Projektmanager und ein eigenes Team, das an allen Partnerprogrammen und Qualit\u00e4tskontrollprojekten mitarbeitet. Dazu geh\u00f6ren: Lieferantenplanung, Qualifizierung des Produktdesigns, Einf\u00fchrung neuer Produkte, Qualit\u00e4tskontrolle in der Fertigung, Nachhaltigkeit und Verbesserung.<\/p>\n<p>&nbsp;<\/p>\n<p><strong>Lieferantenplanung<\/strong><\/p>\n<p>Planung ist ein wesentlicher Bestandteil des Lieferkettenmanagements. Die HQTS Operation Teams setzen fortschrittliche Planungstools ein, mit denen sie den gesamten Lieferprozess genau \u00fcberwachen und bewerten k\u00f6nnen. Dies erh\u00f6ht auch die Sichtbarkeit potenzieller Risiken im Auftragserf\u00fcllungsprozess, so dass diese Risiken leichter vermieden werden k\u00f6nnen.<\/p>\n<p>Dieser Dienst umfasst:<\/p>\n<ul>\n<li>Vorhersage der Nachfrage nach Materialien oder Produkten<\/li>\n<li>Erstellung von Versorgungspl\u00e4nen zur Sicherstellung der Verf\u00fcgbarkeit von Rohstoffen<\/li>\n<li>Bewertung der Lieferanten und Bestimmung der Wirksamkeit der Strategien der Kunden f\u00fcr mehrere Lieferanten<\/li>\n<li>Identifizierung von Risiken in der Lieferkette und Ma\u00dfnahmen zur Risikominderung<\/li>\n<li>Analyse von Lagerbest\u00e4nden, um zu ermitteln, wie der Lagerumschlag verbessert, die Verschwendung verringert und der Kundenservice optimiert werden kann<\/li>\n<li>Verwaltung von Einkauf, Bestandskontrolle und Lagerhaltung<\/li>\n<li>Koordinierung der Lieferkette mit den anderen Funktionsbereichen des Kunden<\/li>\n<li>Kommunikation von Status, Risiken und Einflussnahme auf Ver\u00e4nderungen<\/li>\n<li>F\u00f6rderung von Ver\u00e4nderungsinitiativen und Prozessverbesserungen<\/li>\n<\/ul>\n<p>&nbsp;<\/p>\n<p><strong>Qualifizierung des Produktdesigns<\/strong><\/p>\n<p>Ein spezieller HQTS-Projektmanager stellt die Verbindung zwischen den Kunden und den Partnern in Asien f\u00fcr die Produktentwicklung her, um die Markteinf\u00fchrung neuer Produkte zu optimieren. Dies erm\u00f6glicht eine gleichzeitige Planung und Produktentwicklung, verk\u00fcrzt die Zeit bis zur Herstellung und verbessert die Effizienz.<\/p>\n<p>Der Dienst umfasst:<\/p>\n<ul>\n<li>Fr\u00fchzeitige Einbeziehung in die Entwicklungspl\u00e4ne f\u00fcr neue Produkte<\/li>\n<li>Sicherstellen, dass die Anbieter die Ressourcen zur Unterst\u00fctzung von Produktentwicklungsprojekten bereitstellen<\/li>\n<li>Zusammenarbeit mit Anbietern in Bezug auf Produktionsbereitschaft und -erf\u00fcllung<\/li>\n<li>Vollst\u00e4ndiges St\u00fccklistenmanagement (BOM)<\/li>\n<li>Handhabung von Verpackungsanweisungen und Druckvorlagen<\/li>\n<li>Einsatz der Spezifikation im technischen Build-Prozess<\/li>\n<li>Produktions\u00fcberwachung des technischen Aufbaus<\/li>\n<li>Erste Artikelpr\u00fcfung<\/li>\n<li>Pr\u00fcfung auf Einhaltung der gesetzlichen Anforderungen<\/li>\n<li>\u00dcberpr\u00fcfung der Zuverl\u00e4ssigkeit<\/li>\n<li>Gestaltung des \u00c4nderungsmanagements<\/li>\n<li>Initiierung und Verfolgung von DFM &amp; CLCA zur Designoptimierung<\/li>\n<\/ul>\n<p>&nbsp;<\/p>\n<p><strong>Einf\u00fchrung eines neuen Produkts<\/strong><\/p>\n<p>Das Programm zur Einf\u00fchrung neuer Produkte (New Product Introduction, NPI) umfasst die \u00dcberpr\u00fcfung der Produktionsbereitschaft der Massenproduktion. HQTS-Teams verwenden den Ansatz des Pilotkontrollprozesses, um die reale Produktionslinie zu \u00fcberwachen und eine gleichbleibende Produktionskapazit\u00e4t und Qualit\u00e4t zu gew\u00e4hrleisten. Das HQTS-Projektmanagementteam fungiert als Hauptansprechpartner f\u00fcr die Leitung funktions\u00fcbergreifender Teams und externer Partner bei neuen Produktionsanl\u00e4ufen und Produktumstellungen.<\/p>\n<p>Dieser Dienst umfasst:<\/p>\n<ul>\n<li>Bestands- und Lieferverfolgung f\u00fcr NPI- oder Produktionsumstellungsprojekte<\/li>\n<li>Funktion als Hauptverbindungsperson zu ODM\/CM\/Lieferanten<\/li>\n<li>F\u00f6rderung der Rampenbereitschaft mit externen Partnern<\/li>\n<li>Planung und Durchf\u00fchrung der Entwicklung von NPI build<\/li>\n<li>Sicherstellung der \u00dcberf\u00fchrung von Produkten in die Produktion unter Einhaltung bestimmter Kosten-, Qualit\u00e4ts- und Kapazit\u00e4tsziele<\/li>\n<li>Sicherstellung der t\u00e4glichen Input- und Outputpl\u00e4ne und \u00dcberpr\u00fcfung der Baupl\u00e4ne<\/li>\n<li>Funktion als Hauptansprechpartner f\u00fcr CLCA, um Korrektur- und Pr\u00e4ventivma\u00dfnahmen voranzutreiben<\/li>\n<li>Verwaltung von Zeitpl\u00e4nen f\u00fcr die Massenproduktion oder Reparaturlinien<\/li>\n<li>Leitung funktions\u00fcbergreifender Teams zur Optimierung der Lieferkette<\/li>\n<li>Ber\u00fccksichtigung von Risiken, Termin- oder Nachfrage\u00e4nderungen<\/li>\n<\/ul>\n<p><strong>Qualit\u00e4tskontrolle in der Fertigung<\/strong><\/p>\n<p>Die Betriebsteams von HQTS gew\u00e4hrleisten h\u00f6chste Produktqualit\u00e4t durch kontinuierliche Kommunikation, konsequente Kontrolle und ein starkes Design in den Qualit\u00e4tskontrollstandards und -methoden, die mit den ausgelagerten Lieferanten geteilt werden. Letztendlich stellt HQTS sicher, dass die Produkte unserer Kunden immer mit einem gleichbleibenden Qualit\u00e4tsniveau geliefert werden.<\/p>\n<p>Dieser Dienst umfasst:<\/p>\n<ul>\n<li>\u00dcberpr\u00fcfung der Qualit\u00e4t der Arbeit von Lieferanten<\/li>\n<li>Enge Zusammenarbeit mit Kunden bei der Aktualisierung und Umsetzung von \u00c4nderungen an Qualit\u00e4tsprozessen und -kriterien<\/li>\n<li>Verfolgung, Messung und Meldung von Qualit\u00e4tskennzahlen<\/li>\n<li>Programme zur kontinuierlichen Qualit\u00e4tsverbesserung<\/li>\n<li>Standardisierung von Prozessen, Kosten\u00fcberwachung und Effizienzsteigerung<\/li>\n<li>Bereitstellung von Tages-, Wochen- und Monatsberichten<\/li>\n<li>Identifizierung und \u00dcberpr\u00fcfung von M\u00f6glichkeiten zur Verbesserung der Abl\u00e4ufe<\/li>\n<li>Einleitung und Durchf\u00fchrung von Fehleranalysen, Ursachenanalysen und Abhilfema\u00dfnahmen<\/li>\n<li>Nachhaltigkeit und Verbesserung<\/li>\n<\/ul>\n","protected":false},"excerpt":{"rendered":"<p>HQTS stellt einen eigenen Projektmanager und ein eigenes Team, das an allen Partnerprogrammen und Qualit\u00e4tskontrollprojekten mitarbeitet. Dazu geh\u00f6ren: Lieferantenplanung, Qualifizierung des Produktdesigns, Einf\u00fchrung neuer Produkte, Qualit\u00e4tskontrolle in der Fertigung, Nachhaltigkeit und Verbesserung. &nbsp; Lieferantenplanung Planung ist ein wesentlicher Bestandteil des Lieferkettenmanagements. Die HQTS Operation Teams setzen fortschrittliche Planungstools ein, mit denen sie den gesamten Lieferprozess [&hellip;]<\/p>\n","protected":false},"author":12,"featured_media":123995,"parent":123991,"menu_order":0,"comment_status":"closed","ping_status":"closed","template":"","meta":{"_acf_changed":false,"footnotes":""},"class_list":["post-124001","page","type-page","status-publish","has-post-thumbnail","hentry"],"acf":[],"_links":{"self":[{"href":"https:\/\/www.hqts.com\/de\/wp-json\/wp\/v2\/pages\/124001","targetHints":{"allow":["GET"]}}],"collection":[{"href":"https:\/\/www.hqts.com\/de\/wp-json\/wp\/v2\/pages"}],"about":[{"href":"https:\/\/www.hqts.com\/de\/wp-json\/wp\/v2\/types\/page"}],"author":[{"embeddable":true,"href":"https:\/\/www.hqts.com\/de\/wp-json\/wp\/v2\/users\/12"}],"replies":[{"embeddable":true,"href":"https:\/\/www.hqts.com\/de\/wp-json\/wp\/v2\/comments?post=124001"}],"version-history":[{"count":1,"href":"https:\/\/www.hqts.com\/de\/wp-json\/wp\/v2\/pages\/124001\/revisions"}],"predecessor-version":[{"id":124002,"href":"https:\/\/www.hqts.com\/de\/wp-json\/wp\/v2\/pages\/124001\/revisions\/124002"}],"up":[{"embeddable":true,"href":"https:\/\/www.hqts.com\/de\/wp-json\/wp\/v2\/pages\/123991"}],"wp:featuredmedia":[{"embeddable":true,"href":"https:\/\/www.hqts.com\/de\/wp-json\/wp\/v2\/media\/123995"}],"wp:attachment":[{"href":"https:\/\/www.hqts.com\/de\/wp-json\/wp\/v2\/media?parent=124001"}],"curies":[{"name":"wp","href":"https:\/\/api.w.org\/{rel}","templated":true}]}}