{"id":124003,"date":"2022-08-16T23:05:18","date_gmt":"2022-08-16T23:05:18","guid":{"rendered":"https:\/\/www.hqts.com\/?page_id=124003"},"modified":"2022-08-16T23:05:56","modified_gmt":"2022-08-16T23:05:56","slug":"ueberwachung-der-produktion","status":"publish","type":"page","link":"https:\/\/www.hqts.com\/de\/our-services\/qualitaetstechnik\/ueberwachung-der-produktion\/","title":{"rendered":"\u00dcberwachung der Produktion"},"content":{"rendered":"<p><strong>HQTS, ein weltweit f\u00fchrender Dienstleister in der Qualit\u00e4tssicherung, ist von CNAS nach ISO 17020 f\u00fcr Inspektionen und ISO 17025 f\u00fcr Pr\u00fcfungen akkreditiert.<\/strong><\/p>\n<p><strong>Wenn ein Unternehmen die festgestellten Probleme nicht vor Abschluss der Produktproduktion erkennt und behebt, wird es leicht zum Verursacher von Nachbesserungen bei der Produktqualit\u00e4t. Die Vorabkontrolle hilft Unternehmen nicht nur, Geld zu sparen, sondern gew\u00e4hrleistet auch Qualit\u00e4tsprodukte, die die Wettbewerbsf\u00e4higkeit auf dem Markt verbessern. Die DPM ist ideal f\u00fcr komplexe Produkte, da sie sich auf die Qualit\u00e4tskontrolle konzentriert und die h\u00f6chste Risikopr\u00e4vention bietet, w\u00e4hrend die PSI eine hervorragende L\u00f6sung f\u00fcr Produkte mit geringer Prozesskomplexit\u00e4t darstellt.<\/strong><\/p>\n<p><strong>Neue Projekte und Produkte, die in der Phase der Massenproduktion hergestellt werden<\/strong><\/p>\n<p>Es gibt viele m\u00f6gliche Probleme, die in diesen Phasen auftreten k\u00f6nnen. Mit unserem DPM-Service k\u00f6nnen wir Probleme bei neuen Produkten schnell finden, um potenzielle Massennacharbeiten zu vermeiden.<\/p>\n<p><strong>Artikel, die unter einer instabilen Produktqualit\u00e4t leiden<\/strong><\/p>\n<p>Wenn die Produktqualit\u00e4t instabil ist und der Inspektionsprozess den DPM-Service nutzt, wird der Inspektor immer online sein, um den Status der &#8222;Mensch-Maschine-Material-Methode-Umgebung&#8220; in der gesamten Fabrik zu \u00fcberwachen &#8211; ein Prozess, der von den Arbeitern verlangt, dass sie in strikter \u00dcbereinstimmung mit den Anforderungen der Betriebsanleitung montieren. Der Inspektor pr\u00fcft nach strengen Richtlinien, die mit den Anforderungen der Inspektionsanweisungen \u00fcbereinstimmen, um die Stabilit\u00e4t der Produktqualit\u00e4t zu gew\u00e4hrleisten.<\/p>\n<p><strong>Artikel mit festem Liefertermin und ohne Verz\u00f6gerung<\/strong><\/p>\n<p>Wenn der Liefertermin f\u00fcr ein Produkt relativ knapp bemessen ist, kann der DPM-Service den Produktionsstatus des Werks kontinuierlich online \u00fcberwachen und den Kunden effizient Bericht erstatten, um sicherzustellen, dass die Produkte wie geplant ausgeliefert werden;<\/p>\n<p><strong>Gro\u00dfe und komplexe Projekte, die nicht fehlerhaft sein d\u00fcrfen<\/strong><\/p>\n<p>Bei wichtigen Projekten, bei denen der Kunde nicht die ganze Zeit vor Ort sein kann, um den Prozess zu \u00fcberwachen, kann der DPM-Service dieses Problem l\u00f6sen und den reibungslosen Ablauf des Projekts sicherstellen, indem er den gesamten Prozess von der Fabrik bis zum Lager kontrolliert und dabei sowohl die Produktionslinie als auch die Verpackung einbezieht;<\/p>\n<p><strong>Versteckte Probleme<\/strong><\/p>\n<p>Die Grundursache muss dort gefunden werden, wo sie im Prozess auftritt. Bei komplexen Problemen, die nicht durch eine einfache PSI-Inspektion gel\u00f6st werden k\u00f6nnen, oder wenn elektrische Ger\u00e4te wahrscheinlich \u00fcber einen l\u00e4ngeren Zeitraum in Betrieb sind, kann ein DPM-Service, der in der Fabrik stattfindet, die Quelle und die Ursache des Problems finden, so dass es in der Produktionslinie behoben werden kann, um zu verhindern, dass das Problem erneut auftritt.<\/p>\n<p>In der Tat sind viele K\u00e4ufer auf \u00e4hnliche Probleme wie die oben genannten F\u00e4lle gesto\u00dfen, es handelt sich nicht um Einzelf\u00e4lle. Die meisten der bei der Nachkontrolle festgestellten Probleme werden zu sp\u00e4t entdeckt, um noch behoben zu werden. Die Gr\u00fcnde daf\u00fcr sind:<\/p>\n<ol>\n<li>Der K\u00e4ufer hat keine Qualit\u00e4tskontrolle \u00fcber den Produktionsprozess des Lieferanten, so dass die bei der Endkontrolle festgestellten Probleme nur schwer und mit hohem Kostenaufwand zu beheben und zu kontrollieren sind.<\/li>\n<li>Die meisten Qualit\u00e4tskontrollteams der Eink\u00e4ufer sind nicht sehr professionell, und aufgrund des Personalmangels in der Hochsaison und der Beschr\u00e4nkung der \u00fcberregionalen Inspektionen sind die Qualit\u00e4ts\u00fcberwachung und die Qualit\u00e4tsverbesserung der Produktionsprozesse der Lieferanten begrenzt.<\/li>\n<li>Eine dritte Qualit\u00e4tsorganisation ist notwendig, um den Produktionsprozess zu kontrollieren und damit sicherzustellen, dass die Produktionsqualit\u00e4t und die Lieferzeiten den Kundenanforderungen entsprechen. HQTS ist das einzige externe Inspektionsunternehmen, das sich auf die Qualit\u00e4tsformung konzentriert, und dies ist das R\u00fcckgrat der Produktions\u00fcberwachung (DPM) und der Produktionsprozess\u00fcberwachung (PPM). HQTS kann m\u00f6gliche Konstruktions- und Prozessrisiken im Voraus vorhersagen und Ma\u00dfnahmen ergreifen, um viele Probleme, die nach der Inspektion nicht gel\u00f6st werden k\u00f6nnen, effektiv zu l\u00f6sen:<\/li>\n<\/ol>\n<p>&nbsp;<\/p>\n<ul>\n<li>sicherstellen, dass die Fabrik entsprechend den Anforderungen produziert;<\/li>\n<li>bestehende Probleme so schnell wie m\u00f6glich zu finden;<\/li>\n<li>Vermeidung umfangreicher Nacharbeiten;<\/li>\n<li>die Qualit\u00e4t der Produkte w\u00e4hrend des Produktionsprozesses zu \u00fcberwachen;<\/li>\n<li>sicherstellen, dass die Fabrik planm\u00e4\u00dfig ausgeliefert wird;<\/li>\n<li>m\u00f6gliche Kundenbeschwerden zu reduzieren.<\/li>\n<\/ul>\n<p>&nbsp;<\/p>\n<p>Die Qualit\u00e4tskontrolle pr\u00fcft Halbfertigprodukte und\/oder Fertigerzeugnisse, die gerade vom Band laufen, pr\u00fcft die Kontrollprozesse des Produktionsprozesses und das Management vor Ort (Mensch, Maschine, Material, Methode, Umwelt) und stellt M\u00e4ngel und Abweichungen fest und meldet sie dem Hersteller und den Kunden.\u00a0 Anschlie\u00dfend werden wirksame Methoden zur Korrektur von Fehlern und Abweichungen festgelegt, die den Unternehmen helfen, Qualit\u00e4tsprobleme im Voraus zu l\u00f6sen. Im Jahr 2020 wird HQTS den konventionellen DPI-Service erweitern und einen neuen Service als Teil des PM-Portfolios einf\u00fchren, der die folgenden Module umfasst:<\/p>\n<ul>\n<li><strong>\u00dcberpr\u00fcfung des Lagerstatus<\/strong><\/li>\n<li><strong>\u00dcberpr\u00fcfung des Status der Rohstoffe<\/strong><\/li>\n<li><strong>IQC-Statuspr\u00fcfung<\/strong><\/li>\n<li><strong>Pr\u00fcfung des CDF-Schl\u00fcsselzubeh\u00f6rs<\/strong><\/li>\n<li><strong>Kontrolle der Produktionslinie<\/strong><\/li>\n<li><strong>Inspektion von Halbfertigerzeugnissen<\/strong><\/li>\n<li><strong>Kontrolle der Fertigerzeugnisse<\/strong><\/li>\n<li><strong>4M1E (Arbeitskr\u00e4fte, Maschinen, Rohstoffe, Umwelt)<\/strong><\/li>\n<li><strong>\u00dcberwachung der Fabrik<\/strong><\/li>\n<li><strong>Paketkontrolle<\/strong><\/li>\n<li><strong>\u00dcberwachung des Produktionsplans<\/strong><\/li>\n<li><strong>R\u00fcckverfolgung von Problemen mit NPI- oder Trail-Produkten<\/strong><\/li>\n<\/ul>\n<p>&nbsp;<\/p>\n<p>HQTS kann jedes der oben genannten Module flexibel an die spezifischen Anforderungen und Anliegen der einzelnen Kunden anpassen.\u00a0 Wir bieten vielf\u00e4ltige Compliance-L\u00f6sungen f\u00fcr die Lieferkette, die Unternehmen dabei helfen, das Produktionsmanagement kontinuierlich zu verbessern, die Produktqualit\u00e4t zu steigern und die Qualit\u00e4t der Produkte wirksam zu kontrollieren, bevor sie die Verbraucher erreichen.<\/p>\n<p>Mit den Vorteilen globaler Ressourcen, reicher Erfahrung im Qualit\u00e4tskontrollmanagement und effizienter L\u00f6sungen zur Einhaltung der Lieferkette hilft HQTS Unternehmen aktiv bei der Einrichtung eines vollst\u00e4ndigen und effektiven Qualit\u00e4tskontrollprozesses, indem es die Produktqualit\u00e4t pr\u00fcft und bedient, um umfassende L\u00f6sungen f\u00fcr die Produktinspektion und den Marktzugang zu bieten und so die Marktrisiken f\u00fcr Produkte zu verringern und die Qualit\u00e4t zu verbessern.<\/p>\n","protected":false},"excerpt":{"rendered":"<p>HQTS, ein weltweit f\u00fchrender Dienstleister in der Qualit\u00e4tssicherung, ist von CNAS nach ISO 17020 f\u00fcr Inspektionen und ISO 17025 f\u00fcr Pr\u00fcfungen akkreditiert. Wenn ein Unternehmen die festgestellten Probleme nicht vor Abschluss der Produktproduktion erkennt und behebt, wird es leicht zum Verursacher von Nachbesserungen bei der Produktqualit\u00e4t. Die Vorabkontrolle hilft Unternehmen nicht nur, Geld zu sparen, [&hellip;]<\/p>\n","protected":false},"author":12,"featured_media":123975,"parent":123991,"menu_order":3,"comment_status":"closed","ping_status":"closed","template":"","meta":{"_acf_changed":false,"footnotes":""},"class_list":["post-124003","page","type-page","status-publish","has-post-thumbnail","hentry"],"acf":[],"_links":{"self":[{"href":"https:\/\/www.hqts.com\/de\/wp-json\/wp\/v2\/pages\/124003","targetHints":{"allow":["GET"]}}],"collection":[{"href":"https:\/\/www.hqts.com\/de\/wp-json\/wp\/v2\/pages"}],"about":[{"href":"https:\/\/www.hqts.com\/de\/wp-json\/wp\/v2\/types\/page"}],"author":[{"embeddable":true,"href":"https:\/\/www.hqts.com\/de\/wp-json\/wp\/v2\/users\/12"}],"replies":[{"embeddable":true,"href":"https:\/\/www.hqts.com\/de\/wp-json\/wp\/v2\/comments?post=124003"}],"version-history":[{"count":2,"href":"https:\/\/www.hqts.com\/de\/wp-json\/wp\/v2\/pages\/124003\/revisions"}],"predecessor-version":[{"id":124008,"href":"https:\/\/www.hqts.com\/de\/wp-json\/wp\/v2\/pages\/124003\/revisions\/124008"}],"up":[{"embeddable":true,"href":"https:\/\/www.hqts.com\/de\/wp-json\/wp\/v2\/pages\/123991"}],"wp:featuredmedia":[{"embeddable":true,"href":"https:\/\/www.hqts.com\/de\/wp-json\/wp\/v2\/media\/123975"}],"wp:attachment":[{"href":"https:\/\/www.hqts.com\/de\/wp-json\/wp\/v2\/media?parent=124003"}],"curies":[{"name":"wp","href":"https:\/\/api.w.org\/{rel}","templated":true}]}}