{"id":124009,"date":"2022-08-16T23:07:12","date_gmt":"2022-08-16T23:07:12","guid":{"rendered":"https:\/\/www.hqts.com\/?page_id=124009"},"modified":"2022-08-16T23:07:30","modified_gmt":"2022-08-16T23:07:30","slug":"nachhaltige-loesungen","status":"publish","type":"page","link":"https:\/\/www.hqts.com\/de\/our-services\/nachhaltige-loesungen\/","title":{"rendered":"NACHHALTIGE L\u00d6SUNGEN"},"content":{"rendered":"<p>Der Klimawandel und die Umwelt werden f\u00fcr Unternehmen weltweit immer mehr zur Priorit\u00e4t Nummer 1. Neue Ziele f\u00fcr eine Net-Zero-Welt bis zum Jahr 2045 haben viele Unternehmen und Regierungen dazu veranlasst, in die Offensive zu gehen. Nachhaltige L\u00f6sungen von HQTS sind jetzt ein wichtiges Mittel, um sicherzustellen, dass Ihr Unternehmen die gesetzlichen Vorschriften einh\u00e4lt und Investoren die zukunftsorientierten Ziele und die Kultur Ihres Unternehmens verstehen k\u00f6nnen.<\/p>\n<p>Unsere nachhaltigen L\u00f6sungen umfassen:<\/p>\n<ul>\n<li><a href=\"https:\/\/www.hqts.com\/de\/our-services\/nachhaltige-loesungen\/esg-dienstleistungen\/\"><strong>ESG-Dienste<\/strong><\/a><\/li>\n<li><a href=\"https:\/\/www.hqts.com\/de\/our-services\/werksaudits-und-lieferantenaudits\/social-compliance-audits\/\"><strong>Social Compliance<\/strong><\/a><\/li>\n<li><a href=\"https:\/\/www.hqts.com\/our-services\/audits\/environmental-audits\/\"><strong>Umwelt-Audits<\/strong><\/a><\/li>\n<li><a href=\"https:\/\/www.hqts.com\/our-services\/audits\/energy-audits\/\"><strong>Energie-Audits<\/strong><\/a><\/li>\n<\/ul>\n<p>&nbsp;<\/p>\n<p>HQTS arbeitet mit hochqualifizierten Experten zusammen, um Ihre Umweltfreundlichkeit zu bewerten und die Einhaltung nationaler und internationaler Umweltrichtlinien und -vorschriften zu gew\u00e4hrleisten. Angesichts der beispiellosen Herausforderungen unterst\u00fctzt HQTS die Organisation bei der Entwicklung einer langfristigen, nachhaltigen Strategie durch die Implementierung von Nachhaltigkeitsmanagementprozessen mit risikobasierten Ans\u00e4tzen und einem Materialit\u00e4tsansatz.<\/p>\n","protected":false},"excerpt":{"rendered":"<p>Der Klimawandel und die Umwelt werden f\u00fcr Unternehmen weltweit immer mehr zur Priorit\u00e4t Nummer 1. Neue Ziele f\u00fcr eine Net-Zero-Welt bis zum Jahr 2045 haben viele Unternehmen und Regierungen dazu veranlasst, in die Offensive zu gehen. Nachhaltige L\u00f6sungen von HQTS sind jetzt ein wichtiges Mittel, um sicherzustellen, dass Ihr Unternehmen die gesetzlichen Vorschriften einh\u00e4lt und [&hellip;]<\/p>\n","protected":false},"author":12,"featured_media":124011,"parent":123996,"menu_order":0,"comment_status":"closed","ping_status":"closed","template":"","meta":{"_acf_changed":false,"footnotes":""},"class_list":["post-124009","page","type-page","status-publish","has-post-thumbnail","hentry"],"acf":[],"_links":{"self":[{"href":"https:\/\/www.hqts.com\/de\/wp-json\/wp\/v2\/pages\/124009","targetHints":{"allow":["GET"]}}],"collection":[{"href":"https:\/\/www.hqts.com\/de\/wp-json\/wp\/v2\/pages"}],"about":[{"href":"https:\/\/www.hqts.com\/de\/wp-json\/wp\/v2\/types\/page"}],"author":[{"embeddable":true,"href":"https:\/\/www.hqts.com\/de\/wp-json\/wp\/v2\/users\/12"}],"replies":[{"embeddable":true,"href":"https:\/\/www.hqts.com\/de\/wp-json\/wp\/v2\/comments?post=124009"}],"version-history":[{"count":2,"href":"https:\/\/www.hqts.com\/de\/wp-json\/wp\/v2\/pages\/124009\/revisions"}],"predecessor-version":[{"id":124012,"href":"https:\/\/www.hqts.com\/de\/wp-json\/wp\/v2\/pages\/124009\/revisions\/124012"}],"up":[{"embeddable":true,"href":"https:\/\/www.hqts.com\/de\/wp-json\/wp\/v2\/pages\/123996"}],"wp:featuredmedia":[{"embeddable":true,"href":"https:\/\/www.hqts.com\/de\/wp-json\/wp\/v2\/media\/124011"}],"wp:attachment":[{"href":"https:\/\/www.hqts.com\/de\/wp-json\/wp\/v2\/media?parent=124009"}],"curies":[{"name":"wp","href":"https:\/\/api.w.org\/{rel}","templated":true}]}}