{"id":124013,"date":"2022-08-16T23:09:44","date_gmt":"2022-08-16T23:09:44","guid":{"rendered":"https:\/\/www.hqts.com\/?page_id=124013"},"modified":"2022-08-16T23:09:56","modified_gmt":"2022-08-16T23:09:56","slug":"esg-dienstleistungen","status":"publish","type":"page","link":"https:\/\/www.hqts.com\/de\/our-services\/nachhaltige-loesungen\/esg-dienstleistungen\/","title":{"rendered":"ESG-DIENSTLEISTUNGEN"},"content":{"rendered":"<p>Mit dem immer unberechenbareren Klima, den Folgen der COVID-19-Pandemie und anderen sozio\u00f6konomischen Ereignissen sind ESG heute ein entscheidender Aspekt jeder Organisation.<\/p>\n<p>Angesichts der beispiellosen Herausforderungen ist HQTS bereit, eine langfristige, nachhaltige Strategie zu entwickeln, indem es Nachhaltigkeitsmanagementprozesse mit risikobasierten Ans\u00e4tzen und einem Materialit\u00e4tsansatz einf\u00fchrt. Die Berichterstattung \u00fcber ESG (Environmental, Social, Governance) und Nachhaltigkeitsratings geht in den meisten M\u00e4rkten von freiwilligen zu verpflichtenden Anforderungen \u00fcber, um die Schaffung langfristiger Werte und eine nachhaltige Wirtschaft zu f\u00f6rdern.<\/p>\n<p>Unsere ESG-Dienstleistungen umfassen:<\/p>\n<p><strong>ESG-Bericht Assurance<\/strong><\/p>\n<p>Um die Genauigkeit und Integrit\u00e4t der Offenlegung des ESG-Berichts zu beurteilen, unterst\u00fctzen wir die Aktion\u00e4re bei der \u00dcberpr\u00fcfung und Validierung des ESG-Berichts, indem wir die ISAE (International Standard on Assurance Engagements)-Pr\u00fcfungs- und Assurance-Standards anwenden.<\/p>\n<p><strong>ESG-Audit und Verifizierung von Lieferanten<\/strong><\/p>\n<p><a href=\"https:\/\/www.hqts.com\/our-services\/audits\/environmental-audits\/\">Umweltpr\u00fcfungen<\/a> sind eine unabh\u00e4ngige Bewertung, bei der der Status der Organisation in Bezug auf die Einhaltung von Gesetzen und Umweltvorschriften in einem betrieblichen Kontext \u00fcberpr\u00fcft wird. Es wird untersucht, inwieweit die gepr\u00fcfte Einrichtung\/Organisation Schaden anrichten kann, und es werden potenzielle Verschmutzungsrisiken und entsprechende Umweltauswirkungen ermittelt, die dann zur Verbesserung der Umweltauswirkungen der Organisation eingesetzt werden k\u00f6nnen.<\/p>\n<p>HQTS bietet eine rationelle und kosteneffiziente L\u00f6sung zur Vermeidung von Problemen bei der Einhaltung sozialer Standards mit unserem <a href=\"https:\/\/www.hqts.com\/de\/our-services\/werksaudits-und-lieferantenaudits\/social-compliance-audits\/\">Social Compliance Audit<\/a> oder Ethik-Audit-Service. Unsere muttersprachlichen Auditoren verwenden einen mehrgleisigen Ansatz mit bew\u00e4hrten Untersuchungstechniken, um Informationen \u00fcber die Fabriken zu sammeln und zu best\u00e4tigen. Sie f\u00fchren umfassende vertrauliche Mitarbeiterbefragungen durch, analysieren Aufzeichnungen und bewerten alle Fabrikabl\u00e4ufe auf der Grundlage weltweit anerkannter Compliance-Benchmarks.<\/p>\n<p><strong>GRI-Training<\/strong><\/p>\n<p>Die GRI (Global Reporting Initiative) hat seit Oktober 2016 einen Berichtsrahmen f\u00fcr die Offenlegung von Umwelt-, Sozial- und Unternehmensf\u00fchrungsdaten entwickelt. Die GRI-Standards sind die ersten globalen Standards f\u00fcr die Nachhaltigkeitsberichterstattung und wurden von den Global Fortune 500-Unternehmen weitgehend \u00fcbernommen.<\/p>\n<p>HQTS bietet eine GRI-Schulung an, die von der GRI anerkannt ist. Nach Abschluss des Kurses werden Sie in der Lage sein:<\/p>\n<p>&nbsp;<\/p>\n<ul>\n<li>Verstehen der grundlegenden Kenntnisse der Nachhaltigkeitsentwicklung und der Beziehung zu anderen Nachhaltigkeitsstandards<\/li>\n<li>Lernen Sie die Metriken in den GRI-Standards und die Anforderungen an den Berichterstattungsprozess kennen<\/li>\n<li>Nehmen Sie den Ansatz der Wesentlichkeit und des Stakeholder-Engagements auf<\/li>\n<li>Entwicklung eines Nachhaltigkeitsberichts, unterst\u00fctzt durch den Aufbau eines effizienten Systems und von Prozessen mit Nachhaltigkeitsansatz.<\/li>\n<\/ul>\n<p>&nbsp;<\/p>\n<p><strong>ESG-Berichterstattung<\/strong><\/p>\n<p>HQTS ber\u00e4t die Organisation bei der Erstellung eines Nachhaltigkeitsberichts unter Verwendung des GRI-Berichtsrahmens mit dem Ansatz der Wesentlichkeit und der Einbeziehung von Stakeholdern:<\/p>\n<p>&nbsp;<\/p>\n<p><strong>ESG-Verbesserung<\/strong><\/p>\n<p>Unser Engagement f\u00fcr nachhaltiges Wirtschaften ist ein sich st\u00e4ndig verbessernder Prozess. HQTS unterst\u00fctzt die Organisation bei der Durchf\u00fchrung einer L\u00fcckenanalyse in ihrer ESG-Berichterstattung und empfiehlt einen umsetzbaren Plan zur Behebung der festgestellten L\u00fccken im ESG-Bericht.<\/p>\n<p>&nbsp;<\/p>\n","protected":false},"excerpt":{"rendered":"<p>Mit dem immer unberechenbareren Klima, den Folgen der COVID-19-Pandemie und anderen sozio\u00f6konomischen Ereignissen sind ESG heute ein entscheidender Aspekt jeder Organisation. Angesichts der beispiellosen Herausforderungen ist HQTS bereit, eine langfristige, nachhaltige Strategie zu entwickeln, indem es Nachhaltigkeitsmanagementprozesse mit risikobasierten Ans\u00e4tzen und einem Materialit\u00e4tsansatz einf\u00fchrt. Die Berichterstattung \u00fcber ESG (Environmental, Social, Governance) und Nachhaltigkeitsratings geht in [&hellip;]<\/p>\n","protected":false},"author":12,"featured_media":124015,"parent":124009,"menu_order":0,"comment_status":"closed","ping_status":"closed","template":"","meta":{"_acf_changed":false,"footnotes":""},"class_list":["post-124013","page","type-page","status-publish","has-post-thumbnail","hentry"],"acf":[],"_links":{"self":[{"href":"https:\/\/www.hqts.com\/de\/wp-json\/wp\/v2\/pages\/124013","targetHints":{"allow":["GET"]}}],"collection":[{"href":"https:\/\/www.hqts.com\/de\/wp-json\/wp\/v2\/pages"}],"about":[{"href":"https:\/\/www.hqts.com\/de\/wp-json\/wp\/v2\/types\/page"}],"author":[{"embeddable":true,"href":"https:\/\/www.hqts.com\/de\/wp-json\/wp\/v2\/users\/12"}],"replies":[{"embeddable":true,"href":"https:\/\/www.hqts.com\/de\/wp-json\/wp\/v2\/comments?post=124013"}],"version-history":[{"count":2,"href":"https:\/\/www.hqts.com\/de\/wp-json\/wp\/v2\/pages\/124013\/revisions"}],"predecessor-version":[{"id":124017,"href":"https:\/\/www.hqts.com\/de\/wp-json\/wp\/v2\/pages\/124013\/revisions\/124017"}],"up":[{"embeddable":true,"href":"https:\/\/www.hqts.com\/de\/wp-json\/wp\/v2\/pages\/124009"}],"wp:featuredmedia":[{"embeddable":true,"href":"https:\/\/www.hqts.com\/de\/wp-json\/wp\/v2\/media\/124015"}],"wp:attachment":[{"href":"https:\/\/www.hqts.com\/de\/wp-json\/wp\/v2\/media?parent=124013"}],"curies":[{"name":"wp","href":"https:\/\/api.w.org\/{rel}","templated":true}]}}