{"id":124018,"date":"2022-08-16T23:11:32","date_gmt":"2022-08-16T23:11:32","guid":{"rendered":"https:\/\/www.hqts.com\/?page_id=124018"},"modified":"2022-08-16T23:11:52","modified_gmt":"2022-08-16T23:11:52","slug":"social-compliance-audits","status":"publish","type":"page","link":"https:\/\/www.hqts.com\/de\/our-services\/werksaudits-und-lieferantenaudits\/social-compliance-audits\/","title":{"rendered":"Social Compliance Audits"},"content":{"rendered":"<p><strong>HQTS bietet eine rationelle und kosteneffiziente L\u00f6sung zur Vermeidung von Problemen bei der Einhaltung sozialer Standards mit unserem Social Compliance Audit oder Ethik-Audit-Service. Unsere muttersprachlichen Auditoren verwenden einen mehrgleisigen Ansatz mit bew\u00e4hrten Untersuchungstechniken, um Informationen \u00fcber den Betrieb zu sammeln und zu best\u00e4tigen. Sie f\u00fchren umfassende vertrauliche Mitarbeiterbefragungen durch, analysieren Aufzeichnungen und bewerten alle Betriebsabl\u00e4ufe auf der Grundlage weltweit anerkannter Compliance-Benchmarks.<\/strong><\/p>\n<p><strong>Was ist ein Social Compliance Audit\/Ethical Audit?<\/strong><\/p>\n<p>In dem Ma\u00dfe, in dem Unternehmen ihre Beschaffungsbem\u00fchungen in Entwicklungsl\u00e4ndern ausweiten, wird es immer wichtiger, die Arbeitsbedingungen bei den Zulieferern genau zu pr\u00fcfen. Die Bedingungen, unter denen die Produkte hergestellt werden, sind zu einem Qualit\u00e4tsmerkmal und zu einem wichtigen Bestandteil des Wertversprechens eines Unternehmens geworden. Das Fehlen eines Prozesses f\u00fcr das Management von Risiken im Zusammenhang mit der Einhaltung sozialer Standards kann sich direkt auf das Endergebnis eines Unternehmens auswirken. Dies gilt vor allem dann, wenn Image und Marke einen entscheidenden Wert darstellen.<\/p>\n<p>HQTS ist ein Social Compliance Audit Unternehmen, das \u00fcber die F\u00e4higkeit und die Ressourcen verf\u00fcgt, Sie bei der Entwicklung eines wirksamen Programms f\u00fcr ethische Audits zu unterst\u00fctzen und Audits von Prozessen und Kontrollen im Zusammenhang mit der Einhaltung von Vorschriften f\u00fcr Sie durchzuf\u00fchren.<\/p>\n<p><strong>Arten von Social Compliance Audits<\/strong><\/p>\n<p>Es gibt zwei Arten von Social Compliance Audits: offizielle Audits durch die Regierung und inoffizielle Audits durch eine unabh\u00e4ngige dritte Partei. Inoffizielle, aber konsequente Audits k\u00f6nnen sicherstellen, dass Ihr Unternehmen die Vorschriften einh\u00e4lt.<\/p>\n<p><strong>Warum ist ein Ethical Audit wichtig?<\/strong><\/p>\n<p>Beweise f\u00fcr eine missbr\u00e4uchliche oder illegale Behandlung innerhalb Ihres Unternehmens oder Ihrer Lieferkette k\u00f6nnen der Marke Ihres Unternehmens schaden. Ebenso kann das Engagement f\u00fcr Nachhaltigkeit in der Lieferkette den Ruf Ihres Unternehmens verbessern und Ihre Marke aufpolieren. Ethische Audits helfen den Unternehmen und Marken auch dabei, Risiken im Zusammenhang mit der Einhaltung sozialer Standards zu bew\u00e4ltigen, die sich finanziell auf das Unternehmen auswirken k\u00f6nnten.<\/p>\n<p><strong>Wie f\u00fchrt man ein Social Compliance Audit durch?<\/strong><\/p>\n<p>Um sicherzustellen, dass Ihr Unternehmen die Standards der Social Compliance einh\u00e4lt, kann es notwendig sein, ein Social Compliance Audit mit den folgenden Schritten durchzuf\u00fchren:<\/p>\n<ol>\n<li>\u00dcberpr\u00fcfen Sie den Verhaltenskodex und den Ethikkodex Ihres Unternehmens.<\/li>\n<li>Definieren Sie die &#8222;Stakeholder&#8220; Ihres Unternehmens, indem Sie alle Personen oder Gruppen benennen, die von der Leistung oder dem Erfolg Ihres Unternehmens betroffen sind.<\/li>\n<li>Ermitteln Sie die sozialen Bed\u00fcrfnisse, die alle Stakeholder Ihres Unternehmens betreffen, z. B. saubere Stra\u00dfen, Verringerung von Kriminalit\u00e4t und Landstreicherei.<\/li>\n<li>Entwicklung eines Systems zur Identifizierung sozialer Ziele, zur Sammlung von Daten \u00fcber die Behandlung eines Problems und zur Umsetzung von Strategien zur positiven Beeinflussung der Situation sowie zur Berichterstattung \u00fcber die Ergebnisse dieser Bem\u00fchungen.<\/li>\n<li>Beauftragen Sie eine unabh\u00e4ngige Wirtschaftspr\u00fcfungsgesellschaft, die sich auf Programme zur sozialen Verantwortung spezialisiert hat; treffen Sie sich mit Vertretern der Wirtschaftspr\u00fcfungsgesellschaft, um Ihre Bem\u00fchungen und Ihren Bedarf an einer unabh\u00e4ngigen \u00dcberpr\u00fcfung zu besprechen.<\/li>\n<li>Erlauben Sie dem Pr\u00fcfer, die unabh\u00e4ngige \u00dcberpr\u00fcfung abzuschlie\u00dfen und vergleichen Sie dann seine Ergebnisse mit den internen Beobachtungen der Funktionsgruppe, die Ihre Bem\u00fchungen um soziale Verantwortung leitet.<\/li>\n<\/ol>\n<p><strong>Der Social Compliance Audit-Bericht<\/strong><\/p>\n<p>Nach Abschluss eines Audits zur Einhaltung sozialer Standards durch einen ethischen Auditor wird ein Bericht erstellt, der die Ergebnisse dokumentiert und Bilder enth\u00e4lt. Mit diesem Bericht erhalten Sie ein klares Bild davon, ob Ihr Unternehmen alle Anforderungen der Social Compliance erf\u00fcllt.<\/p>\n<p><strong>Unser Social Compliance Audit umfasst die Bewertung der Einhaltung von Sozialstandards durch Ihren Lieferanten:<\/strong><\/p>\n<ul>\n<li>Gesetze zur Kinderarbeit<\/li>\n<li>Gesetze gegen Zwangsarbeit<\/li>\n<li>Gesetze gegen Diskriminierung<\/li>\n<li>Mindestlohngesetze<\/li>\n<li>Lebensstandard der Arbeitnehmer<\/li>\n<li>Arbeitszeiten<\/li>\n<li>\u00dcberstundenverg\u00fctung<\/li>\n<li>Sozialleistungen<\/li>\n<li>Sicherheit und Gesundheit<\/li>\n<li>Schutz der Umwelt<\/li>\n<\/ul>\n<p><strong>Sonstige Audit-Dienstleistungen<\/strong><\/p>\n<ul>\n<li><a href=\"https:\/\/www.hqts.com\/de\/factory-supplier-audits\/\">Fabrik- und Lieferantenaudits<\/a><\/li>\n<li><a href=\"https:\/\/www.hqts.com\/our-services\/energy-audits\/\">Energie-Audits<\/a><\/li>\n<li><a href=\"https:\/\/www.hqts.com\/our-services\/environmental-audits\/\">Umwelt-Audits<\/a><\/li>\n<li><a href=\"https:\/\/www.hqts.com\/factory-production-control\/\">Audits der werkseigenen Produktionskontrolle<\/a><\/li>\n<li><a href=\"https:\/\/www.hqts.com\/our-services\/manufacturer-audits\/\">Hersteller-Audits<\/a><\/li>\n<li><a href=\"https:\/\/www.hqts.com\/our-services\/building-safety-audits\/\">Audit der Geb\u00e4udesicherheit<\/a><\/li>\n<\/ul>\n","protected":false},"excerpt":{"rendered":"<p>HQTS bietet eine rationelle und kosteneffiziente L\u00f6sung zur Vermeidung von Problemen bei der Einhaltung sozialer Standards mit unserem Social Compliance Audit oder Ethik-Audit-Service. Unsere muttersprachlichen Auditoren verwenden einen mehrgleisigen Ansatz mit bew\u00e4hrten Untersuchungstechniken, um Informationen \u00fcber den Betrieb zu sammeln und zu best\u00e4tigen. Sie f\u00fchren umfassende vertrauliche Mitarbeiterbefragungen durch, analysieren Aufzeichnungen und bewerten alle Betriebsabl\u00e4ufe [&hellip;]<\/p>\n","protected":false},"author":12,"featured_media":124021,"parent":124064,"menu_order":44,"comment_status":"closed","ping_status":"closed","template":"","meta":{"_acf_changed":false,"footnotes":""},"class_list":["post-124018","page","type-page","status-publish","has-post-thumbnail","hentry"],"acf":[],"_links":{"self":[{"href":"https:\/\/www.hqts.com\/de\/wp-json\/wp\/v2\/pages\/124018","targetHints":{"allow":["GET"]}}],"collection":[{"href":"https:\/\/www.hqts.com\/de\/wp-json\/wp\/v2\/pages"}],"about":[{"href":"https:\/\/www.hqts.com\/de\/wp-json\/wp\/v2\/types\/page"}],"author":[{"embeddable":true,"href":"https:\/\/www.hqts.com\/de\/wp-json\/wp\/v2\/users\/12"}],"replies":[{"embeddable":true,"href":"https:\/\/www.hqts.com\/de\/wp-json\/wp\/v2\/comments?post=124018"}],"version-history":[{"count":2,"href":"https:\/\/www.hqts.com\/de\/wp-json\/wp\/v2\/pages\/124018\/revisions"}],"predecessor-version":[{"id":124022,"href":"https:\/\/www.hqts.com\/de\/wp-json\/wp\/v2\/pages\/124018\/revisions\/124022"}],"up":[{"embeddable":true,"href":"https:\/\/www.hqts.com\/de\/wp-json\/wp\/v2\/pages\/124064"}],"wp:featuredmedia":[{"embeddable":true,"href":"https:\/\/www.hqts.com\/de\/wp-json\/wp\/v2\/media\/124021"}],"wp:attachment":[{"href":"https:\/\/www.hqts.com\/de\/wp-json\/wp\/v2\/media?parent=124018"}],"curies":[{"name":"wp","href":"https:\/\/api.w.org\/{rel}","templated":true}]}}