{"id":124064,"date":"2022-08-17T15:32:52","date_gmt":"2022-08-17T15:32:52","guid":{"rendered":"https:\/\/www.hqts.com\/?page_id=124064"},"modified":"2022-08-17T15:33:19","modified_gmt":"2022-08-17T15:33:19","slug":"werksaudits-und-lieferantenaudits","status":"publish","type":"page","link":"https:\/\/www.hqts.com\/de\/our-services\/werksaudits-und-lieferantenaudits\/","title":{"rendered":"WERKSAUDITS UND LIEFERANTENAUDITS"},"content":{"rendered":"<p><strong>Fabrik- und Lieferantenaudits durch Dritte<\/strong><\/p>\n<p><strong>Auf dem hart umk\u00e4mpften Markt von heute ist es unabdingbar, dass Sie einen Lieferantenstamm von Partnern aufbauen, der alle Aspekte Ihrer Produktionsanforderungen erf\u00fcllt, vom Design \u00fcber die Qualit\u00e4t bis hin zu den Produktlieferanforderungen. Umfassende Bewertungen durch Betriebs- und Lieferantenaudits sind ein wichtiger Bestandteil des Bewertungsprozesses.<\/strong><\/p>\n<p>Die wichtigsten Kriterien, die bei einem HQTS-Audit von Fabriken und Zulieferern bewertet werden, sind Einrichtungen, Richtlinien, Verfahren und Aufzeichnungen, die die F\u00e4higkeit einer Fabrik \u00fcberpr\u00fcfen, \u00fcber einen l\u00e4ngeren Zeitraum hinweg Produkte von gleichbleibender Qualit\u00e4t zu liefern, und nicht nur zu einem bestimmten Zeitpunkt oder nur f\u00fcr bestimmte Produkte.<\/p>\n<p><strong>Unsere Fabrik-Audit-Dienstleistungen:<\/strong><\/p>\n<ul>\n<li><a href=\"https:\/\/www.hqts.com\/our-services\/manufacturer-audits\/\">Hersteller-Audits<\/a><\/li>\n<li><a href=\"https:\/\/www.hqts.com\/our-services\/social-compliance-audits\/\">Audits zur Einhaltung sozialer Standards<\/a><\/li>\n<li><a href=\"https:\/\/www.hqts.com\/our-services\/building-safety-audits\/\">Audit der Geb\u00e4udesicherheit<\/a><\/li>\n<li><a href=\"https:\/\/www.hqts.com\/our-services\/energy-audits\/\">Energie-Audits<\/a><\/li>\n<li><a href=\"https:\/\/www.hqts.com\/our-services\/environmental-audits\/\">Umweltvertr\u00e4glichkeitspr\u00fcfungen<\/a><\/li>\n<li><a href=\"https:\/\/www.hqts.com\/factory-production-control\/\">Werkseigene Produktionskontrolle<\/a><\/li>\n<\/ul>\n<p><strong>Zu den wichtigsten Kontrollpunkten eines Lieferantenaudits geh\u00f6ren:<\/strong><\/p>\n<ul>\n<li>Informationen zur Rechtm\u00e4\u00dfigkeit des Unternehmens<\/li>\n<li>Bankverbindung<\/li>\n<li>Humanressourcen<\/li>\n<li>Exportierbarkeit<\/li>\n<li>Verwaltung der Auftr\u00e4ge<\/li>\n<\/ul>\n<p><strong>Das Standard-Fabrik-Audit umfasst:<\/strong><\/p>\n<ul>\n<li>Hintergrund des Herstellers<\/li>\n<li>Arbeitskr\u00e4fte<\/li>\n<li>Produktionsf\u00e4higkeit<\/li>\n<li>Maschine, Einrichtungen und Ausr\u00fcstung<\/li>\n<li>Herstellungsverfahren und Produktionslinie<\/li>\n<li>Internes Qualit\u00e4tssystem wie Pr\u00fcfung und Inspektion<\/li>\n<li>Managementsystem und -f\u00e4higkeit<\/li>\n<li>Umwelt<\/li>\n<\/ul>\n<p>Unsere Betriebs- und Lieferantenaudits bieten Ihnen eine detaillierte Analyse des Zustands, der St\u00e4rken und Schw\u00e4chen Ihres Lieferanten. Dieser Service kann dem Werk auch helfen, die Bereiche zu verstehen, die verbessert werden m\u00fcssen, um die Anforderungen des K\u00e4ufers besser zu erf\u00fcllen.<\/p>\n<p>Bei der Auswahl neuer Lieferanten, der Reduzierung der Anzahl Ihrer Lieferanten auf ein \u00fcberschaubares Ma\u00df und der Verbesserung der Gesamtleistung bieten unsere Betriebs- und Lieferantenaudits eine effektive M\u00f6glichkeit, diesen Prozess zu geringeren Kosten f\u00fcr Sie zu verbessern.<\/p>\n<p><strong>Professionelle und erfahrene Pr\u00fcfer<\/strong><\/p>\n<p>Unsere Pr\u00fcfer erhalten eine umfassende Ausbildung in den Bereichen Pr\u00fcfungstechniken, Qualit\u00e4tspraktiken, Verfassen von Berichten sowie Integrit\u00e4t und Ethik. Dar\u00fcber hinaus werden regelm\u00e4\u00dfige Schulungen und Tests durchgef\u00fchrt, um die F\u00e4higkeiten auf dem neuesten Stand der sich \u00e4ndernden Industriestandards zu halten.<\/p>\n<p><strong>Starkes Programm f\u00fcr Integrit\u00e4t und Ethik<\/strong><\/p>\n<p>Da wir in der Branche f\u00fcr unsere strengen ethischen Standards bekannt sind, unterhalten wir ein aktives Schulungs- und Integrit\u00e4tsprogramm, das von einem engagierten Integrit\u00e4ts-Compliance-Team verwaltet wird. Dies tr\u00e4gt dazu bei, das Korruptionsrisiko zu minimieren und Auditoren, Fabriken und Kunden \u00fcber unsere Integrit\u00e4tsrichtlinien, -praktiken und -erwartungen aufzukl\u00e4ren.<\/p>\n<p><strong>Bew\u00e4hrte Praktiken<\/strong><\/p>\n<p>Dank unserer Erfahrung bei der Durchf\u00fchrung von Lieferantenaudits und Betriebspr\u00fcfungen in Indien und weltweit f\u00fcr eine Vielzahl von Unternehmen konnten wir die besten Verfahren f\u00fcr Betriebspr\u00fcfungen und -bewertungen entwickeln, die Ihnen bei der Auswahl von Betriebs- und Lieferantenpartnerschaften Zeit und Geld sparen.<\/p>\n<p>So haben Sie die M\u00f6glichkeit, zus\u00e4tzliche Bewertungen mit Mehrwert einzubeziehen, von denen sowohl Sie als auch Ihre Lieferanten profitieren k\u00f6nnen. <a href=\"https:\/\/www.hqts.com\/de\/kontakt\/\">Kontaktieren Sie uns<\/a>, um mehr zu erfahren.<\/p>\n<p>&nbsp;<\/p>\n","protected":false},"excerpt":{"rendered":"<p>Fabrik- und Lieferantenaudits durch Dritte Auf dem hart umk\u00e4mpften Markt von heute ist es unabdingbar, dass Sie einen Lieferantenstamm von Partnern aufbauen, der alle Aspekte Ihrer Produktionsanforderungen erf\u00fcllt, vom Design \u00fcber die Qualit\u00e4t bis hin zu den Produktlieferanforderungen. Umfassende Bewertungen durch Betriebs- und Lieferantenaudits sind ein wichtiger Bestandteil des Bewertungsprozesses. Die wichtigsten Kriterien, die bei [&hellip;]<\/p>\n","protected":false},"author":12,"featured_media":124021,"parent":123996,"menu_order":2,"comment_status":"closed","ping_status":"closed","template":"","meta":{"_acf_changed":false,"footnotes":""},"class_list":["post-124064","page","type-page","status-publish","has-post-thumbnail","hentry"],"acf":[],"_links":{"self":[{"href":"https:\/\/www.hqts.com\/de\/wp-json\/wp\/v2\/pages\/124064","targetHints":{"allow":["GET"]}}],"collection":[{"href":"https:\/\/www.hqts.com\/de\/wp-json\/wp\/v2\/pages"}],"about":[{"href":"https:\/\/www.hqts.com\/de\/wp-json\/wp\/v2\/types\/page"}],"author":[{"embeddable":true,"href":"https:\/\/www.hqts.com\/de\/wp-json\/wp\/v2\/users\/12"}],"replies":[{"embeddable":true,"href":"https:\/\/www.hqts.com\/de\/wp-json\/wp\/v2\/comments?post=124064"}],"version-history":[{"count":2,"href":"https:\/\/www.hqts.com\/de\/wp-json\/wp\/v2\/pages\/124064\/revisions"}],"predecessor-version":[{"id":124071,"href":"https:\/\/www.hqts.com\/de\/wp-json\/wp\/v2\/pages\/124064\/revisions\/124071"}],"up":[{"embeddable":true,"href":"https:\/\/www.hqts.com\/de\/wp-json\/wp\/v2\/pages\/123996"}],"wp:featuredmedia":[{"embeddable":true,"href":"https:\/\/www.hqts.com\/de\/wp-json\/wp\/v2\/media\/124021"}],"wp:attachment":[{"href":"https:\/\/www.hqts.com\/de\/wp-json\/wp\/v2\/media?parent=124064"}],"curies":[{"name":"wp","href":"https:\/\/api.w.org\/{rel}","templated":true}]}}