{"id":124140,"date":"2022-08-18T12:08:36","date_gmt":"2022-08-18T12:08:36","guid":{"rendered":"https:\/\/www.hqts.com\/?page_id=124140"},"modified":"2022-08-18T12:10:58","modified_gmt":"2022-08-18T12:10:58","slug":"qualitaetskontrollpruefungen","status":"publish","type":"page","link":"https:\/\/www.hqts.com\/de\/our-services\/qualitaetskontrollpruefungen\/","title":{"rendered":"Qualit\u00e4tskontrollpr\u00fcfungen"},"content":{"rendered":"\t\t<div data-elementor-type=\"wp-page\" data-elementor-id=\"124140\" class=\"elementor elementor-124140 elementor-571\" data-elementor-post-type=\"page\">\n\t\t\t\t\t\t<section class=\"elementor-section elementor-top-section elementor-element elementor-element-5a88c7d9 elementor-section-boxed elementor-section-height-default elementor-section-height-default\" data-id=\"5a88c7d9\" data-element_type=\"section\">\n\t\t\t\t\t\t<div class=\"elementor-container elementor-column-gap-default\">\n\t\t\t\t\t<div class=\"elementor-column elementor-col-100 elementor-top-column elementor-element elementor-element-aa33adc\" data-id=\"aa33adc\" data-element_type=\"column\">\n\t\t\t<div class=\"elementor-widget-wrap elementor-element-populated\">\n\t\t\t\t\t\t<div class=\"elementor-element elementor-element-52986f8 elementor-widget elementor-widget-text-editor\" data-id=\"52986f8\" data-element_type=\"widget\" data-widget_type=\"text-editor.default\">\n\t\t\t\t<div class=\"elementor-widget-container\">\n\t\t\t\t\t\t\t\t\t<h4><strong>Produktinspektionen<\/strong><\/h4><p><strong>HQTS-Qualit\u00e4tskontrollinspektionen \u00fcberpr\u00fcfen die Produktqualit\u00e4t und -quantit\u00e4t entsprechend den vorgegebenen Spezifikationen.<\/strong><\/p><p>Die Verk\u00fcrzung der Produktlebenszyklen und der Zeit bis zur Markteinf\u00fchrung erh\u00f6ht die Herausforderung, Qualit\u00e4tsprodukte rechtzeitig zu liefern. Wenn Ihr Produkt die Qualit\u00e4tsanforderungen f\u00fcr die Marktakzeptanz nicht erf\u00fcllt, kann dies zu einem Verlust von Wohlwollen, Produkten und Einnahmen, versp\u00e4teten Lieferungen, Materialverschwendung und dem potenziellen Risiko eines Produktr\u00fcckrufs f\u00fchren.<\/p><p><strong>Verfahren f\u00fcr Qualit\u00e4tskontrollinspektionen<\/strong><\/p><p>Typische Qualit\u00e4tskontrollinspektionen umfassen vier Hauptschritte. Je nach Produkt, Ihrer Erfahrung mit dem Lieferanten und anderen Faktoren kann einer oder alle dieser Schritte auf Ihre Bed\u00fcrfnisse zutreffen.<\/p><p><a href=\"https:\/\/www.hqts.com\/our-services\/quality-control-inspections\/pre-production-inspection\/\"><strong>Vorproduktionsinspektionen (PPI)<\/strong><\/a><\/p><p><a href=\"https:\/\/www.hqts.com\/our-services\/quality-control-inspections\/pre-production-inspection\/\">Vor der Produktion<\/a> pr\u00fcft unsere Qualit\u00e4tskontrolle von Rohstoffen und Komponenten, ob diese Ihren Spezifikationen entsprechen und in ausreichender Menge vorhanden sind, um den Produktionsplan einzuhalten. Dies ist eine n\u00fctzliche Dienstleistung, wenn Sie Probleme mit Materialien und\/oder Komponentenersatz hatten oder mit einem neuen Lieferanten zusammenarbeiten und viele ausgelagerte Komponenten und Materialien w\u00e4hrend der Produktion ben\u00f6tigt werden.<\/p><p><a href=\"https:\/\/www.hqts.com\/our-services\/quality-control-inspections\/during-production-inspection\/\"><strong>Fertigungsbegleitende Pr\u00fcfungen (DPI)<\/strong><\/a><\/p><p><a href=\"https:\/\/www.hqts.com\/our-services\/quality-control-inspections\/during-production-inspection\/\">W\u00e4hrend der Produktion<\/a> werden die Produkte gepr\u00fcft, um sicherzustellen, dass die Qualit\u00e4tsanforderungen und Spezifikationen eingehalten werden. Dieser Prozess ist n\u00fctzlich, wenn in der Produktion wiederholt Fehler auftreten. Es kann dazu beitragen, zu ermitteln, an welcher Stelle des Prozesses das Problem auftritt, und objektiven Input f\u00fcr L\u00f6sungen zur Behebung der Produktionsprobleme liefern.<\/p><p><a href=\"https:\/\/www.hqts.com\/our-services\/quality-control-inspections\/pre-shipment-inspection\/\"><strong>Inspektionen vor der Verschiffung (PSI)<\/strong><\/a><\/p><p>Nach Abschluss der Produktion kann eine <a href=\"https:\/\/www.hqts.com\/our-services\/quality-control-inspections\/pre-shipment-inspection\/\">Inspektion vor dem Versand<\/a> durchgef\u00fchrt werden, um zu \u00fcberpr\u00fcfen, ob die zu versendenden Waren gem\u00e4\u00df Ihren Anforderungen hergestellt wurden. Dies ist die am h\u00e4ufigsten bestellte Dienstleistung und funktioniert gut mit Lieferanten, mit denen Sie bereits Erfahrung haben.<\/p><p><a href=\"https:\/\/www.hqts.com\/our-services\/piece-by-piece\/\"><strong>St\u00fcck-f\u00fcr-St\u00fcck-Kontrollen (oder Sortierkontrollen)<\/strong><\/a><\/p><p>Eine <a href=\"https:\/\/www.hqts.com\/our-services\/piece-by-piece\/\">St\u00fcck-f\u00fcr-St\u00fcck-Inspektion<\/a> kann als Inspektion vor oder nach der Verpackung durchgef\u00fchrt werden. Eine St\u00fcck-f\u00fcr-St\u00fcck-Inspektion wird bei jedem Artikel durchgef\u00fchrt, um das allgemeine Aussehen, die Verarbeitung, die Funktion, die Sicherheit usw. nach Ihren Vorgaben zu bewerten.<\/p><p><a href=\"https:\/\/www.hqts.com\/our-services\/quality-control-inspections\/container-loading-inspection\/\"><strong>Inspektionen der Containerverladung (LS)<\/strong><\/a><\/p><p><a href=\"https:\/\/www.hqts.com\/our-services\/quality-control-inspections\/container-loading-inspection\/\">Die Inspektion der Containerbeladung<\/a> garantiert, dass die technischen Mitarbeiter von HQTS den gesamten Beladungsprozess \u00fcberwachen. Wir pr\u00fcfen, ob Ihre Bestellung vollst\u00e4ndig ist und sicher in den Container geladen wurde, bevor wir sie versenden. Dies ist die letzte Gelegenheit, die \u00dcbereinstimmung mit Ihren Anforderungen in Bezug auf Menge, Sortiment und Verpackung zu best\u00e4tigen.<\/p><p><strong>Vorteile von Qualit\u00e4tskontrollinspektionen:<\/strong><\/p><p>Qualit\u00e4tskontrollen in den verschiedenen Phasen des Produktionsprozesses k\u00f6nnen Ihnen helfen, die Produktqualit\u00e4t zu \u00fcberwachen, um sicherzustellen, dass die Anforderungen erf\u00fcllt werden, und um eine p\u00fcnktliche Lieferung zu gew\u00e4hrleisten.<\/p><p>Mit den richtigen Systemen, Prozessen und Verfahren f\u00fcr Qualit\u00e4tskontrollpr\u00fcfungen k\u00f6nnen Sie die Produktqualit\u00e4t \u00fcberwachen, um Risiken zu verringern, die Effizienz zu verbessern und die Einhaltung vertraglicher oder beh\u00f6rdlicher Anforderungen zu gew\u00e4hrleisten, ein st\u00e4rkeres und widerstandsf\u00e4higeres Unternehmen aufzubauen, das das Potenzial hat, zu wachsen und die Konkurrenz zu \u00fcbertreffen; Konsumg\u00fcter zu liefern, die wirklich so gut sind, wie Sie sagen.<\/p><ul><li>Die Kunden erwarten, dass sie qualifizierte Produkte im Bereich Gesundheit und Sicherheit kaufen<\/li><li>Sicherstellen, dass jedes Verfahren in jeder Produktionsphase reibungslos abl\u00e4uft<\/li><li>\u00dcberpr\u00fcfen Sie die Qualit\u00e4t an der Quelle und zahlen Sie nicht f\u00fcr mangelhafte Waren<\/li><li>Vermeiden Sie R\u00fcckrufe und Rufsch\u00e4digung<\/li><li>Rechnen Sie mit Verz\u00f6gerungen bei Produktion und Versand<\/li><li>Minimieren Sie Ihr Budget f\u00fcr die Qualit\u00e4tskontrolle<\/li><\/ul><p><strong>Andere QC-Inspektionsdienste:<\/strong><\/p><ul><li><a href=\"https:\/\/www.hqts.com\/our-services\/sample-checking\">Musterpr\u00fcfung<\/a><\/li><li><a href=\"https:\/\/www.hqts.com\/our-services\/piece-by-piece\/\">St\u00fcck f\u00fcr St\u00fcck Inspektion<\/a><\/li><li><a href=\"https:\/\/www.hqts.com\/our-services\/metal-detection\/\">Metalldetektion<\/a><\/li><li><a href=\"https:\/\/www.hqts.com\/loading-and-unloading-supervision\/\">Be-\/Entlade\u00fcberwachung<\/a><\/li><\/ul><p><strong>Warum sind Qualit\u00e4tskontrollinspektionen wichtig?<\/strong><\/p><p>Die Qualit\u00e4tserwartungen und das Spektrum der Sicherheitsanforderungen, die Sie erf\u00fcllen m\u00fcssen, werden von Tag zu Tag komplexer. Wenn Ihr Produkt die Qualit\u00e4tserwartungen auf dem Markt nicht erf\u00fcllt, kann dies zum Verlust von Wohlwollen, Produkten und Einnahmen, Kunden, versp\u00e4teten Lieferungen, verschwendetem Material und dem potenziellen Risiko eines Produktr\u00fcckrufs f\u00fchren.<\/p><p>HQTS verf\u00fcgt \u00fcber die richtigen Systeme, Prozesse und Verfahren, um Sie bei der Erf\u00fcllung Ihrer Anforderungen und der rechtzeitigen Lieferung von Qualit\u00e4tsprodukten zu unterst\u00fctzen.<\/p><p><strong>Warum HQTS?<\/strong><\/p><p>HQTS wurde 1987 gegr\u00fcndet und hat seinen Hauptsitz in China. Als f\u00fchrendes Drittinspektionsunternehmen in Asien verf\u00fcgt HQTS \u00fcber ein ausgezeichnetes, tiefgehendes Wissen \u00fcber Qualit\u00e4tskontrollsysteme und -prozesse und besitzt alle erforderlichen Zertifizierungen wie CNAS, CMA, GACC usw. Mit mehr als 1500 Fachleuten in mehr als 60 L\u00e4ndern sind wir in der Lage, innerhalb von 48 Stunden einen Inspektionsdienst in ganz Asien und \u00fcberall auf der Welt durchzuf\u00fchren und innerhalb von 24 Stunden einen Inspektions- und Pr\u00fcfbericht zu erstellen.<\/p><p>Unabh\u00e4ngig davon, in welcher Branche Sie t\u00e4tig sind, ob es sich um Textilien, Spielzeug und Kinderprodukte, Schuhe, Hartwaren, Lebensmittel, Elektronik- und Elektroprodukte, Haushaltsger\u00e4te, Kraftfahrzeuge, Bauwesen, Maschinen und Ausr\u00fcstungen f\u00fcr den Handel oder f\u00fcr Verbraucher handelt, HQTS unterst\u00fctzt Sie bei der Einhaltung der von Ihnen geforderten Qualit\u00e4ts-, Sicherheits- und Ethikstandards in Ihrer gesamten Lieferkette und verbessert so Ihre Wettbewerbsf\u00e4higkeit und Effizienz auf dem globalen Markt.<\/p>\t\t\t\t\t\t\t\t<\/div>\n\t\t\t\t<\/div>\n\t\t\t\t\t<\/div>\n\t\t<\/div>\n\t\t\t\t\t<\/div>\n\t\t<\/section>\n\t\t\t\t<\/div>\n\t\t","protected":false},"excerpt":{"rendered":"<p>Produktinspektionen HQTS-Qualit\u00e4tskontrollinspektionen \u00fcberpr\u00fcfen die Produktqualit\u00e4t und -quantit\u00e4t entsprechend den vorgegebenen Spezifikationen. Die Verk\u00fcrzung der Produktlebenszyklen und der Zeit bis zur Markteinf\u00fchrung erh\u00f6ht die Herausforderung, Qualit\u00e4tsprodukte rechtzeitig zu liefern. Wenn Ihr Produkt die Qualit\u00e4tsanforderungen f\u00fcr die Marktakzeptanz nicht erf\u00fcllt, kann dies zu einem Verlust von Wohlwollen, Produkten und Einnahmen, versp\u00e4teten Lieferungen, Materialverschwendung und dem potenziellen Risiko [&hellip;]<\/p>\n","protected":false},"author":12,"featured_media":124143,"parent":123996,"menu_order":0,"comment_status":"closed","ping_status":"closed","template":"","meta":{"_acf_changed":false,"footnotes":""},"class_list":["post-124140","page","type-page","status-publish","has-post-thumbnail","hentry"],"acf":[],"_links":{"self":[{"href":"https:\/\/www.hqts.com\/de\/wp-json\/wp\/v2\/pages\/124140","targetHints":{"allow":["GET"]}}],"collection":[{"href":"https:\/\/www.hqts.com\/de\/wp-json\/wp\/v2\/pages"}],"about":[{"href":"https:\/\/www.hqts.com\/de\/wp-json\/wp\/v2\/types\/page"}],"author":[{"embeddable":true,"href":"https:\/\/www.hqts.com\/de\/wp-json\/wp\/v2\/users\/12"}],"replies":[{"embeddable":true,"href":"https:\/\/www.hqts.com\/de\/wp-json\/wp\/v2\/comments?post=124140"}],"version-history":[{"count":5,"href":"https:\/\/www.hqts.com\/de\/wp-json\/wp\/v2\/pages\/124140\/revisions"}],"predecessor-version":[{"id":124147,"href":"https:\/\/www.hqts.com\/de\/wp-json\/wp\/v2\/pages\/124140\/revisions\/124147"}],"up":[{"embeddable":true,"href":"https:\/\/www.hqts.com\/de\/wp-json\/wp\/v2\/pages\/123996"}],"wp:featuredmedia":[{"embeddable":true,"href":"https:\/\/www.hqts.com\/de\/wp-json\/wp\/v2\/media\/124143"}],"wp:attachment":[{"href":"https:\/\/www.hqts.com\/de\/wp-json\/wp\/v2\/media?parent=124140"}],"curies":[{"name":"wp","href":"https:\/\/api.w.org\/{rel}","templated":true}]}}