{"id":124148,"date":"2022-08-18T12:14:18","date_gmt":"2022-08-18T12:14:18","guid":{"rendered":"https:\/\/www.hqts.com\/?page_id=124148"},"modified":"2022-08-18T12:15:29","modified_gmt":"2022-08-18T12:15:29","slug":"inspektionen-von-maschinen-und-materialien","status":"publish","type":"page","link":"https:\/\/www.hqts.com\/de\/our-services\/qualitaetskontrollpruefungen\/inspektionen-von-maschinen-und-materialien\/","title":{"rendered":"Inspektionen Von Maschinen Und Materialien"},"content":{"rendered":"<h2><strong>Inspektionen von Maschinen und Materialien<\/strong><\/h2>\n<p><strong>Die Qualit\u00e4tskontrolle von Maschinen und Materialien ist entscheidend f\u00fcr die Optimierung der Effizienz und die Verbesserung Ihres Endergebnisses. Inspektionen von Maschinen und Materialien k\u00f6nnen von einer einfachen Checkliste bis hin zu einmaligen kundenspezifischen Inspektionen, Tests und Checklisten zur \u00dcberpr\u00fcfung der Einhaltung technischer Anforderungen reichen.<\/strong><\/p>\n<p>Die Ingenieure und Techniker von HQTS, die f\u00fcr die Qualit\u00e4tskontrolle von Maschinen und Materialien zust\u00e4ndig sind, verf\u00fcgen \u00fcber langj\u00e4hrige Erfahrung in der Qualit\u00e4tskontrolle, einschlie\u00dflich der Inspektion und Pr\u00fcfung von Maschinen, schweren Ausr\u00fcstungen, Anlagen, Bergbau, Transport, Baumaterialien, Rohstoffen und Schwerbau. Unsere Dienstleistungen f\u00fcr die Industrie umfassen Qualit\u00e4tskontrollpr\u00fcfungen und Tests von Teilen, Materialien und Endprodukten durch unabh\u00e4ngige Kontrollen, Audits von Lieferanten und Herstellern, Inspektionen und Funktionstests, technische Dokumentation, Dimensionsmessungen, \u00dcberpr\u00fcfung der CE-Kennzeichnung, \u00dcberwachung der Beladung und relevante chemische Tests, wenn dies gem\u00e4\u00df den gesetzlichen Richtlinien erforderlich ist.<\/p>\n<p>&nbsp;<\/p>\n<p><strong>Unsere Dienstleistungen im Bereich Maschinen- und Materialinspektion:<\/strong><\/p>\n<ul>\n<li><a href=\"https:\/\/www.hqts.com\/our-services\/inspections\/pre-shipment-inspection\/\">Inspektionen vor der Verschiffung<\/a><\/li>\n<li><a href=\"https:\/\/www.hqts.com\/our-services\/inspections\/pre-production-inspection\/\">Inspektionen vor der Produktion<\/a><\/li>\n<li><a href=\"https:\/\/www.hqts.com\/our-services\/inspections\/during-production-inspection\/\">Fertigungsbegleitende Pr\u00fcfung<\/a><\/li>\n<li><a href=\"https:\/\/www.hqts.com\/our-services\/inspections\/piece-by-piece\/\">St\u00fcck f\u00fcr St\u00fcck Inspektionen<\/a><\/li>\n<li><a href=\"https:\/\/www.hqts.com\/our-services\/inspections\/loading-and-unloading-supervision\/\">Be-\/Entlade\u00fcberwachung<\/a><\/li>\n<li><a href=\"https:\/\/www.hqts.com\/our-services\/inspections\/piece-by-piece\/\">St\u00fcck f\u00fcr St\u00fcck Inspektionen<\/a><\/li>\n<li><a href=\"https:\/\/www.hqts.com\/our-services\/inspections\/metal-detection\/\">Metalldetektion<\/a><\/li>\n<li><a href=\"https:\/\/www.hqts.com\/our-services\/inspections\/sample-checking\/\">Musterpr\u00fcfung<\/a><\/li>\n<\/ul>\n<p>&nbsp;<\/p>\n","protected":false},"excerpt":{"rendered":"<p>Inspektionen von Maschinen und Materialien Die Qualit\u00e4tskontrolle von Maschinen und Materialien ist entscheidend f\u00fcr die Optimierung der Effizienz und die Verbesserung Ihres Endergebnisses. Inspektionen von Maschinen und Materialien k\u00f6nnen von einer einfachen Checkliste bis hin zu einmaligen kundenspezifischen Inspektionen, Tests und Checklisten zur \u00dcberpr\u00fcfung der Einhaltung technischer Anforderungen reichen. Die Ingenieure und Techniker von HQTS, [&hellip;]<\/p>\n","protected":false},"author":12,"featured_media":123977,"parent":124140,"menu_order":0,"comment_status":"closed","ping_status":"closed","template":"","meta":{"_acf_changed":false,"footnotes":""},"class_list":["post-124148","page","type-page","status-publish","has-post-thumbnail","hentry"],"acf":[],"_links":{"self":[{"href":"https:\/\/www.hqts.com\/de\/wp-json\/wp\/v2\/pages\/124148","targetHints":{"allow":["GET"]}}],"collection":[{"href":"https:\/\/www.hqts.com\/de\/wp-json\/wp\/v2\/pages"}],"about":[{"href":"https:\/\/www.hqts.com\/de\/wp-json\/wp\/v2\/types\/page"}],"author":[{"embeddable":true,"href":"https:\/\/www.hqts.com\/de\/wp-json\/wp\/v2\/users\/12"}],"replies":[{"embeddable":true,"href":"https:\/\/www.hqts.com\/de\/wp-json\/wp\/v2\/comments?post=124148"}],"version-history":[{"count":3,"href":"https:\/\/www.hqts.com\/de\/wp-json\/wp\/v2\/pages\/124148\/revisions"}],"predecessor-version":[{"id":124152,"href":"https:\/\/www.hqts.com\/de\/wp-json\/wp\/v2\/pages\/124148\/revisions\/124152"}],"up":[{"embeddable":true,"href":"https:\/\/www.hqts.com\/de\/wp-json\/wp\/v2\/pages\/124140"}],"wp:featuredmedia":[{"embeddable":true,"href":"https:\/\/www.hqts.com\/de\/wp-json\/wp\/v2\/media\/123977"}],"wp:attachment":[{"href":"https:\/\/www.hqts.com\/de\/wp-json\/wp\/v2\/media?parent=124148"}],"curies":[{"name":"wp","href":"https:\/\/api.w.org\/{rel}","templated":true}]}}