{"id":124153,"date":"2022-08-18T12:25:53","date_gmt":"2022-08-18T12:25:53","guid":{"rendered":"https:\/\/www.hqts.com\/?page_id=124153"},"modified":"2022-08-18T12:26:17","modified_gmt":"2022-08-18T12:26:17","slug":"lebensmittel-und-landwirtschaftsinspektionen","status":"publish","type":"page","link":"https:\/\/www.hqts.com\/de\/lebensmittel-und-landwirtschaftsinspektionen\/","title":{"rendered":"Lebensmittel- Und Landwirtschaftsinspektionen"},"content":{"rendered":"<p><strong>Unf\u00e4lle im Bereich der Lebensmittelsicherheit sind heutzutage eine reale M\u00f6glichkeit, was eine verst\u00e4rkte Kontrolle und strenge Normen f\u00fcr die Produktion und andere Bereiche bedeutet. Vom Acker bis zum Esstisch ist jede Stufe der gesamten Lebensmittelversorgungskette eine Herausforderung f\u00fcr die Produktsicherheit, -qualit\u00e4t und -wirksamkeit. Qualit\u00e4tsstandards f\u00fcr Lebensmittel und Landwirtschaft sind von gr\u00f6\u00dfter Bedeutung und stehen im Mittelpunkt des Interesses von Beh\u00f6rden und Verbrauchern.<\/strong><\/p>\n<p>Ganz gleich, ob Sie ein Erzeuger oder ein Lebensmittelverpacker sind oder eine andere wichtige Rolle in der Lebensmittelversorgungskette innehaben, es ist Ihre Pflicht, Integrit\u00e4t zu demonstrieren und Sicherheit von der Quelle an zu f\u00f6rdern. Diese Sicherheit kann jedoch nur gew\u00e4hrleistet werden, wenn der Anbau, die Verarbeitung, die Beschaffung und der Versand regelm\u00e4\u00dfig von Fachpersonal \u00fcberwacht und gepr\u00fcft werden.<\/p>\n<p>Wir halten die nationalen Gesetze und Vorschriften ein und erbringen Qualit\u00e4tsdienstleistungen auf der Grundlage der folgenden Standards:<\/p>\n<ul>\n<li><strong>Normen f\u00fcr die Inspektion von Lebensmittelproben:<\/strong> CAC\/GL 50-2004, ISO 8423:1991, GB\/T 30642, usw.<\/li>\n<li><strong>Normen f\u00fcr die sensorische Bewertung von Lebensmitteln:<\/strong> CODEX, ISO, GB und andere Klassifizierungsnormen.<\/li>\n<\/ul>\n<p>Normen f\u00fcr Lebensmitteluntersuchungen und -analysen: nationale und internationale Normen, eine Reihe von Normen f\u00fcr den mikrobiologischen Nachweis, den Nachweis von Pestizidr\u00fcckst\u00e4nden, physikalisch-chemische Analysen usw.<\/p>\n<p>Fabrik-\/Lager-Audit-Normen: ISO9000, ISO14000, ISO22000, HACCP.<\/p>\n<p><strong>Unsere Inspektionsdienste f\u00fcr Lebensmittel und Landwirtschaft:<\/strong><\/p>\n<ul>\n<li><a href=\"https:\/\/www.hqts.com\/our-services\/inspections\/pre-shipment-inspection\/\">Inspektionen vor der Verschiffung<\/a><\/li>\n<li><a href=\"https:\/\/www.hqts.com\/our-services\/inspections\/pre-production-inspection\/\">Inspektionen vor der Produktion<\/a><\/li>\n<li><a href=\"https:\/\/www.hqts.com\/our-services\/inspections\/during-production-inspection\/\">Fertigungsbegleitende Pr\u00fcfung<\/a><\/li>\n<li><a href=\"https:\/\/www.hqts.com\/our-services\/inspections\/piece-by-piece\/\">St\u00fcck f\u00fcr St\u00fcck Inspektionen<\/a><\/li>\n<li><a href=\"https:\/\/www.hqts.com\/our-services\/inspections\/loading-and-unloading-supervision\/\">Be-\/Entlade\u00fcberwachung<\/a><\/li>\n<li><a href=\"https:\/\/www.hqts.com\/our-services\/inspections\/piece-by-piece\/\">St\u00fcck f\u00fcr St\u00fcck Inspektionen<\/a><\/li>\n<li><a href=\"https:\/\/www.hqts.com\/our-services\/inspections\/metal-detection\/\">Metalldetektion<\/a><\/li>\n<li><a href=\"https:\/\/www.hqts.com\/our-services\/inspections\/sample-checking\/\">Musterpr\u00fcfung<\/a><\/li>\n<\/ul>\n","protected":false},"excerpt":{"rendered":"<p>Unf\u00e4lle im Bereich der Lebensmittelsicherheit sind heutzutage eine reale M\u00f6glichkeit, was eine verst\u00e4rkte Kontrolle und strenge Normen f\u00fcr die Produktion und andere Bereiche bedeutet. Vom Acker bis zum Esstisch ist jede Stufe der gesamten Lebensmittelversorgungskette eine Herausforderung f\u00fcr die Produktsicherheit, -qualit\u00e4t und -wirksamkeit. Qualit\u00e4tsstandards f\u00fcr Lebensmittel und Landwirtschaft sind von gr\u00f6\u00dfter Bedeutung und stehen im [&hellip;]<\/p>\n","protected":false},"author":12,"featured_media":124155,"parent":0,"menu_order":0,"comment_status":"closed","ping_status":"closed","template":"","meta":{"_acf_changed":false,"footnotes":""},"class_list":["post-124153","page","type-page","status-publish","has-post-thumbnail","hentry"],"acf":[],"_links":{"self":[{"href":"https:\/\/www.hqts.com\/de\/wp-json\/wp\/v2\/pages\/124153","targetHints":{"allow":["GET"]}}],"collection":[{"href":"https:\/\/www.hqts.com\/de\/wp-json\/wp\/v2\/pages"}],"about":[{"href":"https:\/\/www.hqts.com\/de\/wp-json\/wp\/v2\/types\/page"}],"author":[{"embeddable":true,"href":"https:\/\/www.hqts.com\/de\/wp-json\/wp\/v2\/users\/12"}],"replies":[{"embeddable":true,"href":"https:\/\/www.hqts.com\/de\/wp-json\/wp\/v2\/comments?post=124153"}],"version-history":[{"count":2,"href":"https:\/\/www.hqts.com\/de\/wp-json\/wp\/v2\/pages\/124153\/revisions"}],"predecessor-version":[{"id":124156,"href":"https:\/\/www.hqts.com\/de\/wp-json\/wp\/v2\/pages\/124153\/revisions\/124156"}],"wp:featuredmedia":[{"embeddable":true,"href":"https:\/\/www.hqts.com\/de\/wp-json\/wp\/v2\/media\/124155"}],"wp:attachment":[{"href":"https:\/\/www.hqts.com\/de\/wp-json\/wp\/v2\/media?parent=124153"}],"curies":[{"name":"wp","href":"https:\/\/api.w.org\/{rel}","templated":true}]}}