{"id":124158,"date":"2022-08-18T13:01:59","date_gmt":"2022-08-18T13:01:59","guid":{"rendered":"https:\/\/www.hqts.com\/?page_id=124158"},"modified":"2022-08-18T13:02:32","modified_gmt":"2022-08-18T13:02:32","slug":"produkt-und-materialpruefung","status":"publish","type":"page","link":"https:\/\/www.hqts.com\/de\/our-services\/produkt-und-materialpruefung\/","title":{"rendered":"Produkt- und Materialpr\u00fcfung"},"content":{"rendered":"<p><strong>HQTS ist ein weltweit f\u00fchrender Anbieter von Pr\u00fcfdienstleistungen mit einem globalen Netzwerk in \u00fcber 35 L\u00e4ndern und 25 Jahren Erfahrung in der Unterst\u00fctzung von Kunden bei ihren Pr\u00fcfanforderungen.<\/strong><\/p>\n<p>Auf dem st\u00e4ndig wachsenden internationalen Markt m\u00fcssen die Unternehmen sicherstellen, dass ihre Waren die Erwartungen der Verbraucher in Bezug auf Sicherheit und Qualit\u00e4t erf\u00fcllen. Aus diesem Grund ist es f\u00fcr Organisationen wichtig, transparent und effizient zu sein, um eine straffe Lieferkette zu schaffen. In diesem Zusammenhang ist die Pr\u00fcfung ein wesentlicher Bestandteil, um sicherzustellen, dass die Produkte den geltenden Normen entsprechen.<\/p>\n<p><strong>Unsere Dienstleistungen im Bereich Produkt- und Materialpr\u00fcfung | Regulierung und Konformit\u00e4t<\/strong><\/p>\n<ul>\n<li><a href=\"https:\/\/www.hqts.com\/our-services\/testing\/chemical-testing\/\">Chemische Tests<\/a><\/li>\n<li><a href=\"https:\/\/www.hqts.com\/our-services\/testing\/rohs-testing\/\">RoHS-Pr\u00fcfung<\/a><\/li>\n<li><a href=\"https:\/\/www.hqts.com\/our-services\/testing\/reach-testing\/\">Reach-Pr\u00fcfung<\/a><\/li>\n<li><a href=\"https:\/\/www.hqts.com\/your-industries\/machinery-quality-control\/construction-equipment-materials\/\">Materialpr\u00fcfung<\/a><\/li>\n<li><a href=\"https:\/\/www.hqts.com\/de\/industries\/produktqualitaetskontrolle-einzelhandel\/pruefung-schuhen-qualitaetskontrollen\/\">Pr\u00fcfung von Schuhwerk<\/a><\/li>\n<li><a href=\"https:\/\/www.hqts.com\/our-services\/testing\/ista-packaging-test\/\">Verpackungspr\u00fcfung (ISTA)<\/a><\/li>\n<li>Physikalische Tests<\/li>\n<li><a href=\"https:\/\/www.hqts.com\/de\/industries\/produktqualitaetskontrolle-einzelhandel\/pruefung-qualitaetskontrolle-bekleidung-textilien\/\">Textil- und Bekleidungspr\u00fcfung<\/a><\/li>\n<li><a href=\"https:\/\/www.hqts.com\/de\/industries\/produktqualitaetskontrolle-einzelhandel\/spielzeug-kinderprodukte-sicherheits\/\">Spielzeug-Tests<\/a><\/li>\n<li>Brand- und Entflammbarkeitstests<\/li>\n<li>Pr\u00fcfung der Produktsicherheit<\/li>\n<li>Qualit\u00e4ts- und Leistungstests<\/li>\n<li><a href=\"https:\/\/www.hqts.com\/our-services\/testing\/cpsia-testing\/\">CPSIA-Pr\u00fcfung<\/a><\/li>\n<\/ul>\n<p>&nbsp;<\/p>\n<p><strong>Unsere Akkreditierungen<\/strong><\/p>\n<ul>\n<li>ISTA-zertifizierte Verpackungspr\u00fcfung<\/li>\n<li>APASS &#8211; Amazon Verpackungsanbieter<\/li>\n<li>CPSC Akzeptiert<\/li>\n<li>CNAS-genehmigt<\/li>\n<li>AQSIQ-Qualifikationsbescheinigung<\/li>\n<li>China Inspection Body and Laboratory Mandatory Approval<\/li>\n<\/ul>\n<p><strong>Welche Art von Produkten k\u00f6nnen Sie testen?<\/strong><\/p>\n<p>Jedes Verbraucher- oder Industrieprodukt kann getestet werden. Bei der Entscheidung, ob dies notwendig ist, sind viele Faktoren zu ber\u00fccksichtigen. Die wichtigsten davon sind:<\/p>\n<ul>\n<li>Welche rechtlichen Anforderungen gibt es in meinem Markt?<\/li>\n<li>Welches Ma\u00df an Sicherheit, Qualit\u00e4t und Haltbarkeit verlangt der Markt f\u00fcr mein Produkt?<\/li>\n<\/ul>\n<p><strong>Wie lange dauert die Produktpr\u00fcfung?<\/strong><\/p>\n<p>Dies kann je nach Produkttyp, Anzahl der zu pr\u00fcfenden Komponenten und den erforderlichen gesetzlichen Pr\u00fcfungen sehr unterschiedlich sein. Im Allgemeinen k\u00f6nnen wir den Pr\u00fcfbericht f\u00fcr einfache Einkomponenten-Tests innerhalb von 5 Tagen nach Erhalt der Probe erstellen.<\/p>\n<p><strong>HQTS ist ein professionelles akkreditiertes Pr\u00fcfunternehmen<\/strong><\/p>\n<p>Unser international anerkanntes Produkttestlabor gibt Ihnen die Sicherheit, die Sie brauchen, um Ihr Produkt auf den Markt zu bringen. Unser zentraler Standort gew\u00e4hrleistet die schnellste Durchlaufzeit f\u00fcr Ihre Projekte. Setzen Sie sich noch heute mit uns in Verbindung, um weitere Informationen dar\u00fcber zu erhalten, wie wir Ihnen bei der Pr\u00fcfung Ihrer Verbraucherprodukte helfen k\u00f6nnen.<\/p>\n","protected":false},"excerpt":{"rendered":"<p>HQTS ist ein weltweit f\u00fchrender Anbieter von Pr\u00fcfdienstleistungen mit einem globalen Netzwerk in \u00fcber 35 L\u00e4ndern und 25 Jahren Erfahrung in der Unterst\u00fctzung von Kunden bei ihren Pr\u00fcfanforderungen. Auf dem st\u00e4ndig wachsenden internationalen Markt m\u00fcssen die Unternehmen sicherstellen, dass ihre Waren die Erwartungen der Verbraucher in Bezug auf Sicherheit und Qualit\u00e4t erf\u00fcllen. Aus diesem Grund [&hellip;]<\/p>\n","protected":false},"author":12,"featured_media":124162,"parent":123996,"menu_order":1,"comment_status":"closed","ping_status":"closed","template":"","meta":{"_acf_changed":false,"footnotes":""},"class_list":["post-124158","page","type-page","status-publish","has-post-thumbnail","hentry"],"acf":[],"_links":{"self":[{"href":"https:\/\/www.hqts.com\/de\/wp-json\/wp\/v2\/pages\/124158","targetHints":{"allow":["GET"]}}],"collection":[{"href":"https:\/\/www.hqts.com\/de\/wp-json\/wp\/v2\/pages"}],"about":[{"href":"https:\/\/www.hqts.com\/de\/wp-json\/wp\/v2\/types\/page"}],"author":[{"embeddable":true,"href":"https:\/\/www.hqts.com\/de\/wp-json\/wp\/v2\/users\/12"}],"replies":[{"embeddable":true,"href":"https:\/\/www.hqts.com\/de\/wp-json\/wp\/v2\/comments?post=124158"}],"version-history":[{"count":2,"href":"https:\/\/www.hqts.com\/de\/wp-json\/wp\/v2\/pages\/124158\/revisions"}],"predecessor-version":[{"id":124163,"href":"https:\/\/www.hqts.com\/de\/wp-json\/wp\/v2\/pages\/124158\/revisions\/124163"}],"up":[{"embeddable":true,"href":"https:\/\/www.hqts.com\/de\/wp-json\/wp\/v2\/pages\/123996"}],"wp:featuredmedia":[{"embeddable":true,"href":"https:\/\/www.hqts.com\/de\/wp-json\/wp\/v2\/media\/124162"}],"wp:attachment":[{"href":"https:\/\/www.hqts.com\/de\/wp-json\/wp\/v2\/media?parent=124158"}],"curies":[{"name":"wp","href":"https:\/\/api.w.org\/{rel}","templated":true}]}}