{"id":124164,"date":"2022-08-18T13:07:00","date_gmt":"2022-08-18T13:07:00","guid":{"rendered":"https:\/\/www.hqts.com\/?page_id=124164"},"modified":"2022-08-18T13:07:23","modified_gmt":"2022-08-18T13:07:23","slug":"regulierung-compliance-pruefung","status":"publish","type":"page","link":"https:\/\/www.hqts.com\/de\/our-services\/produkt-und-materialpruefung\/regulierung-compliance-pruefung\/","title":{"rendered":"Regulierung &#038; Compliance Pr\u00fcfung"},"content":{"rendered":"<p>Mit jahrelanger Erfahrung im Bereich der Compliance Pr\u00fcfung und eigenen Labors in L\u00e4ndern wie China und Vietnam ist das HQTS-Compliance-Team in der Lage, Ihre Produkte auf die wichtigsten gesetzlichen Zertifizierungen hin zu pr\u00fcfen. Dar\u00fcber hinaus wird unser Team Sie durch alle Anforderungen und die Komplexit\u00e4t internationaler Vorschriften und Normen f\u00fchren.<\/p>\n<p><strong>Unsere Pr\u00fcfdienstleistungen im Bereich Regulierung und Compliance:<\/strong><\/p>\n<ul>\n<li><a href=\"https:\/\/www.hqts.com\/our-services\/testing\/rohs-testing\/\">RoHS-Pr\u00fcfung<\/a><\/li>\n<li><a href=\"https:\/\/www.hqts.com\/our-services\/testing\/reach-testing\/\">Reach-Pr\u00fcfung<\/a><\/li>\n<li><a href=\"https:\/\/www.hqts.com\/our-services\/testing\/cpsia-testing\/\">CPSIA-Pr\u00fcfung<\/a><\/li>\n<li><a href=\"https:\/\/www.hqts.com\/our-services\/testing\/ista-packaging-test\/\">ISTA-Pr\u00fcfung<\/a><\/li>\n<\/ul>\n<p>&nbsp;<\/p>\n<p><strong>Unsere Akkreditierungen<\/strong><\/p>\n<ul>\n<li>ISTA-zertifizierte Verpackungspr\u00fcfung<\/li>\n<li>APASS &#8211; Amazon Verpackungsanbieter<\/li>\n<li>CPSC Akzeptiert<\/li>\n<li>CNAS-genehmigt<\/li>\n<li>AQSIQ-Qualifikationsbescheinigung<\/li>\n<li>China Inspection Body and Laboratory Mandatory Approval<\/li>\n<\/ul>\n","protected":false},"excerpt":{"rendered":"<p>Mit jahrelanger Erfahrung im Bereich der Compliance Pr\u00fcfung und eigenen Labors in L\u00e4ndern wie China und Vietnam ist das HQTS-Compliance-Team in der Lage, Ihre Produkte auf die wichtigsten gesetzlichen Zertifizierungen hin zu pr\u00fcfen. Dar\u00fcber hinaus wird unser Team Sie durch alle Anforderungen und die Komplexit\u00e4t internationaler Vorschriften und Normen f\u00fchren. Unsere Pr\u00fcfdienstleistungen im Bereich Regulierung [&hellip;]<\/p>\n","protected":false},"author":12,"featured_media":124162,"parent":124158,"menu_order":0,"comment_status":"closed","ping_status":"closed","template":"","meta":{"_acf_changed":false,"footnotes":""},"class_list":["post-124164","page","type-page","status-publish","has-post-thumbnail","hentry"],"acf":[],"_links":{"self":[{"href":"https:\/\/www.hqts.com\/de\/wp-json\/wp\/v2\/pages\/124164","targetHints":{"allow":["GET"]}}],"collection":[{"href":"https:\/\/www.hqts.com\/de\/wp-json\/wp\/v2\/pages"}],"about":[{"href":"https:\/\/www.hqts.com\/de\/wp-json\/wp\/v2\/types\/page"}],"author":[{"embeddable":true,"href":"https:\/\/www.hqts.com\/de\/wp-json\/wp\/v2\/users\/12"}],"replies":[{"embeddable":true,"href":"https:\/\/www.hqts.com\/de\/wp-json\/wp\/v2\/comments?post=124164"}],"version-history":[{"count":2,"href":"https:\/\/www.hqts.com\/de\/wp-json\/wp\/v2\/pages\/124164\/revisions"}],"predecessor-version":[{"id":124166,"href":"https:\/\/www.hqts.com\/de\/wp-json\/wp\/v2\/pages\/124164\/revisions\/124166"}],"up":[{"embeddable":true,"href":"https:\/\/www.hqts.com\/de\/wp-json\/wp\/v2\/pages\/124158"}],"wp:featuredmedia":[{"embeddable":true,"href":"https:\/\/www.hqts.com\/de\/wp-json\/wp\/v2\/media\/124162"}],"wp:attachment":[{"href":"https:\/\/www.hqts.com\/de\/wp-json\/wp\/v2\/media?parent=124164"}],"curies":[{"name":"wp","href":"https:\/\/api.w.org\/{rel}","templated":true}]}}