{"id":124167,"date":"2022-08-18T13:29:11","date_gmt":"2022-08-18T13:29:11","guid":{"rendered":"https:\/\/www.hqts.com\/?page_id=124167"},"modified":"2022-08-18T13:29:38","modified_gmt":"2022-08-18T13:29:38","slug":"staatlich-anerkannte-inspektionen","status":"publish","type":"page","link":"https:\/\/www.hqts.com\/de\/our-services\/staatlich-anerkannte-inspektionen\/","title":{"rendered":"STAATLICH ANERKANNTE INSPEKTIONEN"},"content":{"rendered":"<p>Um den internationalen Handel zu verbessern und gleichzeitig die Qualit\u00e4t der eingef\u00fchrten Waren zu gew\u00e4hrleisten, verlangen bestimmte L\u00e4nder die Zulassung von PSI f\u00fcr ausgew\u00e4hlte Importwaren. Diese Produkte m\u00fcssen von einer von der \u00f6rtlichen Beh\u00f6rde akkreditierten Pr\u00fcfstelle kontrolliert werden.<\/p>\n<p>Unsere staatlich anerkannten Inspektionen<\/p>\n<ul>\n<li><a href=\"https:\/\/www.hqts.com\/our-services\/uzbekistan-pre-shipment-inspections\/\"><strong>Usbekistan Inspektionen vor der Verschiffung<\/strong><\/a><\/li>\n<li><a href=\"https:\/\/www.hqts.com\/our-services\/government-approved-inspections\/pakistan-pesticide-pre-shipment-inspections\/\"><strong>Pakistan Pestizidkontrollen vor dem Versand<\/strong><\/a><\/li>\n<\/ul>\n<p>&nbsp;<\/p>\n<p>Sonstige staatliche Dienstleistungen:<\/p>\n<ul>\n<li><a href=\"https:\/\/www.hqts.com\/our-services\/iraq-certificate-of-conformity\/\"><strong>Konformit\u00e4tsbescheinigung f\u00fcr Irak (COC\/COI)<\/strong><\/a><\/li>\n<\/ul>\n","protected":false},"excerpt":{"rendered":"<p>Um den internationalen Handel zu verbessern und gleichzeitig die Qualit\u00e4t der eingef\u00fchrten Waren zu gew\u00e4hrleisten, verlangen bestimmte L\u00e4nder die Zulassung von PSI f\u00fcr ausgew\u00e4hlte Importwaren. Diese Produkte m\u00fcssen von einer von der \u00f6rtlichen Beh\u00f6rde akkreditierten Pr\u00fcfstelle kontrolliert werden. Unsere staatlich anerkannten Inspektionen Usbekistan Inspektionen vor der Verschiffung Pakistan Pestizidkontrollen vor dem Versand &nbsp; Sonstige staatliche [&hellip;]<\/p>\n","protected":false},"author":12,"featured_media":124169,"parent":123996,"menu_order":0,"comment_status":"closed","ping_status":"closed","template":"","meta":{"_acf_changed":false,"footnotes":""},"class_list":["post-124167","page","type-page","status-publish","has-post-thumbnail","hentry"],"acf":[],"_links":{"self":[{"href":"https:\/\/www.hqts.com\/de\/wp-json\/wp\/v2\/pages\/124167","targetHints":{"allow":["GET"]}}],"collection":[{"href":"https:\/\/www.hqts.com\/de\/wp-json\/wp\/v2\/pages"}],"about":[{"href":"https:\/\/www.hqts.com\/de\/wp-json\/wp\/v2\/types\/page"}],"author":[{"embeddable":true,"href":"https:\/\/www.hqts.com\/de\/wp-json\/wp\/v2\/users\/12"}],"replies":[{"embeddable":true,"href":"https:\/\/www.hqts.com\/de\/wp-json\/wp\/v2\/comments?post=124167"}],"version-history":[{"count":2,"href":"https:\/\/www.hqts.com\/de\/wp-json\/wp\/v2\/pages\/124167\/revisions"}],"predecessor-version":[{"id":124170,"href":"https:\/\/www.hqts.com\/de\/wp-json\/wp\/v2\/pages\/124167\/revisions\/124170"}],"up":[{"embeddable":true,"href":"https:\/\/www.hqts.com\/de\/wp-json\/wp\/v2\/pages\/123996"}],"wp:featuredmedia":[{"embeddable":true,"href":"https:\/\/www.hqts.com\/de\/wp-json\/wp\/v2\/media\/124169"}],"wp:attachment":[{"href":"https:\/\/www.hqts.com\/de\/wp-json\/wp\/v2\/media?parent=124167"}],"curies":[{"name":"wp","href":"https:\/\/api.w.org\/{rel}","templated":true}]}}