{"id":124171,"date":"2022-08-18T13:31:43","date_gmt":"2022-08-18T13:31:43","guid":{"rendered":"https:\/\/www.hqts.com\/?page_id=124171"},"modified":"2022-08-18T13:31:56","modified_gmt":"2022-08-18T13:31:56","slug":"irakische-konformitaetsbescheinigung-coc","status":"publish","type":"page","link":"https:\/\/www.hqts.com\/de\/our-services\/irakische-konformitaetsbescheinigung-coc\/","title":{"rendered":"Irakische Konformit\u00e4tsbescheinigung (Coc)"},"content":{"rendered":"<p><strong>Konformit\u00e4tsbescheinigung f\u00fcr Irak<\/strong><\/p>\n<p><strong>Sie exportieren Waren in den aufstrebenden irakischen Markt? W\u00e4hlen Sie HQTS!<\/strong><\/p>\n<p>Ein irakisches Konformit\u00e4tszertifikat (COC) ist jetzt f\u00fcr \u00fcber 1.000 Produkte in zw\u00f6lf Kategorien erforderlich, bevor sie auf den lukrativen irakischen Importmarkt gelangen k\u00f6nnen. Gl\u00fccklicherweise ist HQTS eines von nur drei Unternehmen, die eine Lizenz f\u00fcr diesen Service haben, um sicherzustellen, dass Ihre Waren reibungslos ankommen.<\/p>\n<p>Exporteure auf der ganzen Welt profitieren von der Nachfrage des Irak nach importierten Waren. Das Land importierte 2018 Waren im Wert von 45 Mrd. USD und es wird erwartet, dass diese Zahl in den kommenden Jahren noch steigen wird, da das Land Wohlstand durch ausl\u00e4ndische Exporte generiert und seine laufenden Wiederaufbaupl\u00e4ne fortsetzt. Lassen Sie HQTS Ihre zentrale Anlaufstelle f\u00fcr alle Ihre COC-Bed\u00fcrfnisse im Irak sein!<\/p>\n<p><strong>Das COC f\u00fcr Irak gilt f\u00fcr eine breite Palette von Einfuhren<\/strong><\/p>\n<p><strong>Schnappschuss: Konformit\u00e4tsbescheinigung f\u00fcr Irak<\/strong><\/p>\n<ul>\n<li>Verabschiedet Ende 2019. Tritt im Januar 2020 in Kraft.<\/li>\n<li>schreibt vor, dass alle Einfuhren in den Irak innerhalb einer bestimmten Gruppe von Kategorien eine COC-Bescheinigung durch eine zugelassene dritte Kontrollstelle wie HQTS vorlegen m\u00fcssen<\/li>\n<li>Schutz der lokalen Verbraucher, Hersteller und der Umwelt vor minderwertigen, gef\u00e4lschten und minderwertigen Produkten und Materialien.<\/li>\n<li>HQTS ist eines von drei Unternehmen, die f\u00fcr die Erbringung dieser Dienstleistung ausgew\u00e4hlt wurden<\/li>\n<\/ul>\n<p><strong>Unser Ansatz<\/strong><\/p>\n<p>HQTS erleichtert Ihnen die Einfuhr Ihrer Waren in den irakischen Markt mit einem einfachen vierstufigen Ansatz. Auf diese Weise dienen wir als Ihr One-Stop-Shop f\u00fcr alle Ihre irakischen Importbed\u00fcrfnisse.<\/p>\n<p>Unser einfaches vierstufiges Verfahren umfasst:<\/p>\n<p><strong>Antrag<\/strong><\/p>\n<p>Schicken Sie uns Ihr Antragsformular zusammen mit Ihrer Packliste, der Handelsrechnung, der Erkl\u00e4rung des Importeurs und dem Pr\u00fcfbericht (in einigen F\u00e4llen kann ein Akkreditiv erforderlich sein).<\/p>\n<p><strong>\u00dcberpr\u00fcfung der Dokumente<\/strong><\/p>\n<p>Fertigstellung innerhalb von 1-2 Arbeitstagen nach Einreichung<\/p>\n<p><strong>Inspektion<\/strong><\/p>\n<p>Best\u00e4tigen Sie einfach den Zeitpunkt und den Ort Ihrer Sendung, und wir werden Ihre Waren inspizieren und den Verladevorgang \u00fcberwachen, bevor wir Ihnen die Ergebnisse mitteilen (bei Bedarf f\u00fchren wir auch Pr\u00fcfungen vor Ort oder Stichproben durch).<\/p>\n<p><strong>\u00dcberpr\u00fcfung der Zertifizierung<\/strong><\/p>\n<p>Erledigt innerhalb von 5 Arbeitstagen nach Einreichung<\/p>\n<p><strong>Warum HQTS w\u00e4hlen?<\/strong><\/p>\n<p>HQTS verf\u00fcgt \u00fcber 25 Jahre Erfahrung in der Qualit\u00e4tssicherung. Mit mehr als 20 B\u00fcros auf der ganzen Welt, einschlie\u00dflich Bagdad. HQTS ist bereit, Ihr Qualit\u00e4tsdienstleister in jeder Phase des Prozesses zu sein. Wir bieten schnelle, flexible und zuverl\u00e4ssige Dienstleistungen f\u00fcr alle Ihre Pr\u00fcfanforderungen.<\/p>\n<p><strong>Kontaktieren Sie uns noch heute, um mehr \u00fcber unsere COC-Dienste f\u00fcr den Irak zu erfahren!<\/strong><\/p>\n<p><strong>Zus\u00e4tzliche Materialien<\/strong><\/p>\n<p><a href=\"https:\/\/www.hqts.com\/wp-content\/uploads\/2020\/03\/Official-Authorized-Letter.pdf\">Offizielles Genehmigungsschreiben<\/a><\/p>\n<p><a href=\"https:\/\/www.hqts.com\/wp-content\/uploads\/2020\/03\/Global-contact-list-for-Iraq-COC.pdf\">Kontaktliste<\/a><\/p>\n","protected":false},"excerpt":{"rendered":"<p>Konformit\u00e4tsbescheinigung f\u00fcr Irak Sie exportieren Waren in den aufstrebenden irakischen Markt? W\u00e4hlen Sie HQTS! Ein irakisches Konformit\u00e4tszertifikat (COC) ist jetzt f\u00fcr \u00fcber 1.000 Produkte in zw\u00f6lf Kategorien erforderlich, bevor sie auf den lukrativen irakischen Importmarkt gelangen k\u00f6nnen. Gl\u00fccklicherweise ist HQTS eines von nur drei Unternehmen, die eine Lizenz f\u00fcr diesen Service haben, um sicherzustellen, dass [&hellip;]<\/p>\n","protected":false},"author":12,"featured_media":124169,"parent":123996,"menu_order":0,"comment_status":"closed","ping_status":"closed","template":"","meta":{"_acf_changed":false,"footnotes":""},"class_list":["post-124171","page","type-page","status-publish","has-post-thumbnail","hentry"],"acf":[],"_links":{"self":[{"href":"https:\/\/www.hqts.com\/de\/wp-json\/wp\/v2\/pages\/124171","targetHints":{"allow":["GET"]}}],"collection":[{"href":"https:\/\/www.hqts.com\/de\/wp-json\/wp\/v2\/pages"}],"about":[{"href":"https:\/\/www.hqts.com\/de\/wp-json\/wp\/v2\/types\/page"}],"author":[{"embeddable":true,"href":"https:\/\/www.hqts.com\/de\/wp-json\/wp\/v2\/users\/12"}],"replies":[{"embeddable":true,"href":"https:\/\/www.hqts.com\/de\/wp-json\/wp\/v2\/comments?post=124171"}],"version-history":[{"count":2,"href":"https:\/\/www.hqts.com\/de\/wp-json\/wp\/v2\/pages\/124171\/revisions"}],"predecessor-version":[{"id":124173,"href":"https:\/\/www.hqts.com\/de\/wp-json\/wp\/v2\/pages\/124171\/revisions\/124173"}],"up":[{"embeddable":true,"href":"https:\/\/www.hqts.com\/de\/wp-json\/wp\/v2\/pages\/123996"}],"wp:featuredmedia":[{"embeddable":true,"href":"https:\/\/www.hqts.com\/de\/wp-json\/wp\/v2\/media\/124169"}],"wp:attachment":[{"href":"https:\/\/www.hqts.com\/de\/wp-json\/wp\/v2\/media?parent=124171"}],"curies":[{"name":"wp","href":"https:\/\/api.w.org\/{rel}","templated":true}]}}