{"id":124179,"date":"2022-08-18T13:44:51","date_gmt":"2022-08-18T13:44:51","guid":{"rendered":"https:\/\/www.hqts.com\/?page_id=124179"},"modified":"2022-08-18T13:45:10","modified_gmt":"2022-08-18T13:45:10","slug":"ausbildung-zum-qualitaetsmanagement","status":"publish","type":"page","link":"https:\/\/www.hqts.com\/de\/our-services\/beratung-zur-qualitaetskontrolle\/ausbildung-zum-qualitaetsmanagement\/","title":{"rendered":"Ausbildung zum Qualit\u00e4tsmanagement"},"content":{"rendered":"\t\t<div data-elementor-type=\"wp-page\" data-elementor-id=\"124179\" class=\"elementor elementor-124179 elementor-3530\" data-elementor-post-type=\"page\">\n\t\t\t\t\t\t<section class=\"elementor-section elementor-top-section elementor-element elementor-element-2d6b83fd elementor-section-boxed elementor-section-height-default elementor-section-height-default\" data-id=\"2d6b83fd\" data-element_type=\"section\">\n\t\t\t\t\t\t<div class=\"elementor-container elementor-column-gap-default\">\n\t\t\t\t\t<div class=\"elementor-column elementor-col-100 elementor-top-column elementor-element elementor-element-3b1ec94\" data-id=\"3b1ec94\" data-element_type=\"column\">\n\t\t\t<div class=\"elementor-widget-wrap elementor-element-populated\">\n\t\t\t\t\t\t<div class=\"elementor-element elementor-element-3dbc9846 elementor-widget elementor-widget-text-editor\" data-id=\"3dbc9846\" data-element_type=\"widget\" data-widget_type=\"text-editor.default\">\n\t\t\t\t<div class=\"elementor-widget-container\">\n\t\t\t\t\t\t\t\t\t<h4><strong>Training Services<\/strong><\/h4><p style=\"text-align: justify;\"><strong>HQTS is renowned in the industry for its training protocols and systems in Quality Assurance (QA), Control (QC), and Ethics. These serves as the basis for our best-in-class service offerings and deliverable.<\/strong><\/p><p style=\"text-align: justify;\">We can empower your organization by passing on to your staff the benefits of our knowledge and experience in the QA through our turn-key or custom training solutions. HQTS can help you define, establish, and institutionalize your Quality Assurance requirements and systems throughout, from top management to core operations.<\/p><p style=\"text-align: justify;\">A typical framework includes eight essential elements that makeup the roadmap for institutionalizing of quality processes. We help you learn these essential elements that form the building blocks required implementing and sustaining QA success throughout your organization. Whether it means de\ufb01ning, measuring, and\/or improving quality, our training programs can help you succeed.<\/p><h4 style=\"text-align: justify;\"><strong>The turn-key training program includes:<\/strong><\/h4><ul style=\"text-align: justify;\"><li>The Quality Assurance Roadmap<\/li><li>Managing for Quality Assurance<\/li><li>Managing through Performance Standards<\/li><li>Staff training for QA, QC and Ethics<\/li><li>Auditor training to ISO9000, ISO14000, OHSAS18000, HACCP, \u00a0ISO\/TS16949<\/li><li>Quality Assurance and Control training for suppliers<\/li><\/ul>\t\t\t\t\t\t\t\t<\/div>\n\t\t\t\t<\/div>\n\t\t\t\t\t<\/div>\n\t\t<\/div>\n\t\t\t\t\t<\/div>\n\t\t<\/section>\n\t\t\t\t<\/div>\n\t\t","protected":false},"excerpt":{"rendered":"<p>Ausbildungsdienste HQTS ist in der Branche f\u00fcr seine Schulungsprotokolle und -systeme in den Bereichen Qualit\u00e4tssicherung (QA), Kontrolle (QC) und Ethik bekannt. Diese dienen als Grundlage f\u00fcr unsere erstklassigen Serviceangebote und Leistungen. Wir k\u00f6nnen Ihr Unternehmen st\u00e4rken, indem wir die Vorteile unseres Wissens und unserer Erfahrung im Bereich der Qualit\u00e4tssicherung durch unsere schl\u00fcsselfertigen oder ma\u00dfgeschneiderten Schulungsl\u00f6sungen [&hellip;]<\/p>\n","protected":false},"author":12,"featured_media":124182,"parent":124174,"menu_order":32,"comment_status":"closed","ping_status":"closed","template":"","meta":{"_acf_changed":false,"footnotes":""},"class_list":["post-124179","page","type-page","status-publish","has-post-thumbnail","hentry"],"acf":[],"_links":{"self":[{"href":"https:\/\/www.hqts.com\/de\/wp-json\/wp\/v2\/pages\/124179","targetHints":{"allow":["GET"]}}],"collection":[{"href":"https:\/\/www.hqts.com\/de\/wp-json\/wp\/v2\/pages"}],"about":[{"href":"https:\/\/www.hqts.com\/de\/wp-json\/wp\/v2\/types\/page"}],"author":[{"embeddable":true,"href":"https:\/\/www.hqts.com\/de\/wp-json\/wp\/v2\/users\/12"}],"replies":[{"embeddable":true,"href":"https:\/\/www.hqts.com\/de\/wp-json\/wp\/v2\/comments?post=124179"}],"version-history":[{"count":2,"href":"https:\/\/www.hqts.com\/de\/wp-json\/wp\/v2\/pages\/124179\/revisions"}],"predecessor-version":[{"id":124183,"href":"https:\/\/www.hqts.com\/de\/wp-json\/wp\/v2\/pages\/124179\/revisions\/124183"}],"up":[{"embeddable":true,"href":"https:\/\/www.hqts.com\/de\/wp-json\/wp\/v2\/pages\/124174"}],"wp:featuredmedia":[{"embeddable":true,"href":"https:\/\/www.hqts.com\/de\/wp-json\/wp\/v2\/media\/124182"}],"wp:attachment":[{"href":"https:\/\/www.hqts.com\/de\/wp-json\/wp\/v2\/media?parent=124179"}],"curies":[{"name":"wp","href":"https:\/\/api.w.org\/{rel}","templated":true}]}}