{"id":124431,"date":"2022-08-25T08:34:05","date_gmt":"2022-08-25T08:34:05","guid":{"rendered":"https:\/\/www.hqts.com\/?page_id=124431"},"modified":"2022-08-25T08:39:31","modified_gmt":"2022-08-25T08:39:31","slug":"produktqualitaetskontrolle-einzelhandel","status":"publish","type":"page","link":"https:\/\/www.hqts.com\/de\/industries\/produktqualitaetskontrolle-einzelhandel\/","title":{"rendered":"Produktqualit\u00e4tskontrolle und Qualit\u00e4tssicherung im Einzelhandel"},"content":{"rendered":"<h3><strong>Produktqualit\u00e4tskontrolle und Qualit\u00e4tssicherung im Einzelhandel<\/strong><\/h3>\n<p><strong>Qualit\u00e4tskontrolle und Qualit\u00e4tssicherung beziehen sich auf die Verfahren, mit denen Unternehmen sicherstellen, dass die Produktqualit\u00e4t erhalten bleibt. Sie tragen auch dazu bei, Fehler bei der Herstellung zu verringern oder zu beseitigen, um die Erwartungen der Kunden und die Vorschriften zu erf\u00fcllen. Unabh\u00e4ngig von Ihrer Branche bietet HQTS eine breite Palette von Dienstleistungen zur Qualit\u00e4tskontrolle f\u00fcr Verbraucher an.<\/strong><\/p>\n<p>Von <a href=\"https:\/\/www.hqts.com\/our-services\/quality-control-inspections\/\">Qualit\u00e4tskontrollinspektionen<\/a> bis hin zur <a href=\"https:\/\/www.hqts.com\/our-services\/consumer-product-testing\/\">Pr\u00fcfung von Verbraucherprodukten<\/a> gem\u00e4\u00df REACH, RoHS, CA Prop 65 und anderen Richtlinien stellt HQTS sicher, dass Ihre Lieferanten Produkte liefern, die Ihren Qualit\u00e4tsanforderungen entsprechen.<\/p>\n<p>Wir betreuen eine breite Palette von Konsumg\u00fctern, darunter:<\/p>\n<p><a href=\"https:\/\/www.hqts.com\/de\/industries\/produktqualitaetskontrolle-einzelhandel\/pruefung-qualitaetskontrolle-bekleidung-textilien\/\">Bekleidung und Textilien<\/a><br \/>\n<a href=\"https:\/\/www.hqts.com\/automotive-accessories\/\">Automobilteile<\/a> und -zubeh\u00f6r<br \/>\n<a href=\"https:\/\/www.hqts.com\/de\/electronics\/\">Elektronik<\/a><br \/>\n<a href=\"https:\/\/www.hqts.com\/your-industries\/consumer-retail\/personal-care-and-cosmetics\/\">K\u00f6rperpflege und Kosmetik<\/a><br \/>\nHaus und Garten<br \/>\n<a href=\"https:\/\/www.hqts.com\/de\/industries\/produktqualitaetskontrolle-einzelhandel\/spielzeug-kinderprodukte-sicherheits\/\">Spielzeug und Kinderprodukte<\/a><br \/>\n<a href=\"https:\/\/www.hqts.com\/de\/footwear\/\">Schuhe<\/a><br \/>\n<a href=\"https:\/\/www.hqts.com\/de\/industries\/produktqualitaetskontrolle-einzelhandel\/taschen-zubehoer-pruefung-inspektionen\/\">Taschen und Accessoires<\/a><br \/>\n<a href=\"https:\/\/www.hqts.com\/de\/industries\/produktqualitaetskontrolle-einzelhandel\/pruefung-von-hartwaren\/\">Hartwaren<\/a><br \/>\nund vieles mehr<\/p>\n<p><strong>Was ist Produktqualit\u00e4tskontrolle?<\/strong><\/p>\n<p>Qualit\u00e4tskontrolle (QC) bezieht sich auf qualit\u00e4tsbezogene Aktivit\u00e4ten im Zusammenhang mit der Erstellung von Projektleistungen. Die Qualit\u00e4tskontrolle dient der \u00dcberpr\u00fcfung, ob die Leistungen von akzeptabler Qualit\u00e4t, vollst\u00e4ndig und korrekt sind. Beispiele f\u00fcr Qualit\u00e4tskontrollma\u00dfnahmen sind Inspektionen, Peer Reviews von Deliverables und der Testprozess.<\/p>\n<p><strong>Was ist Qualit\u00e4tssicherung im Einzelhandel?<\/strong><\/p>\n<p>Einzelhandelsunternehmen unterscheiden sich von anderen Unternehmenstypen dadurch, dass die meisten auf den Verkauf bereits produzierter Waren und nicht auf die Herstellung von Produkten aus Rohstoffen spezialisiert sind. Der Einzelhandelssektor ist sehr vielf\u00e4ltig: E-Commerce, Versandhandel, Verkaufsautomaten, Verkauf auf Hauspartys, Dienstleistungsanbieter usw. Die Qualit\u00e4tssicherung zielt darauf ab, zu verhindern, dass M\u00e4ngel oder bekannte Fehler auf den Markt gelangen.<\/p>\n<p>Sie bietet die M\u00f6glichkeit, diese Probleme zu beheben, bevor eine Version oder ein Update in Betrieb genommen wird. Durch die Durchf\u00fchrung von QA zu Beginn eines Projekts k\u00f6nnen Unternehmen erkannte Risiken abmildern, bevor sie sich negativ auf das Unternehmen auswirken oder die Kundenerfahrung st\u00f6ren.<\/p>\n<p><strong>Qualit\u00e4tssicherung vs. Qualit\u00e4tskontrolle<\/strong><\/p>\n<p>Die Qualit\u00e4tskontrolle (QC) ist der Qualit\u00e4tssicherung (QA) \u00e4hnlich, aber nicht mit ihr identisch. Die Qualit\u00e4tssicherung (QS) bezieht sich auf den Prozess, der zur Erstellung der Ergebnisse verwendet wird, und kann von einem Manager, einem Kunden oder einem externen Pr\u00fcfer durchgef\u00fchrt werden. Beispiele f\u00fcr die Qualit\u00e4tssicherung sind Prozesschecklisten, Projektaudits sowie die Entwicklung von Methoden und Standards.<\/p>\n<p>Die Qualit\u00e4tssicherung ist prozessorientiert und konzentriert sich auf die Fehlervermeidung, w\u00e4hrend die Qualit\u00e4tskontrolle produktorientiert ist und sich auf die Fehlererkennung konzentriert.<\/p>\n<p><strong>Wie kann die Qualit\u00e4tskontrolle\/-sicherung ein Produkt im Einzelhandel verbessern?<\/strong><\/p>\n<p>Mit der zunehmenden Komplexit\u00e4t der Lieferkette sind Produktr\u00fcckrufe und -r\u00fcckgaben zu einem wichtigen Thema geworden. Hersteller, Marken und Einzelh\u00e4ndler m\u00fcssen sich darauf verlassen k\u00f6nnen, dass die von ihnen gelieferten Produkte den Erwartungen der Verbraucher, den weltweiten Vorschriften sowie den Sicherheits- und Qualit\u00e4tsstandards entsprechen.<\/p>\n<p>Die Qualit\u00e4tskontrolldienste von HQTS werden von unseren professionellen und technischen Mitarbeitern in den wichtigsten Produktionszentren in ganz Asien erbracht. Wir arbeiten eng mit Ihnen zusammen, um Qualit\u00e4tsprobleme vor dem Vertrieb zu erkennen und so Verz\u00f6gerungen, unerwartete Kosten und Risiken f\u00fcr Ihre Kunden und Ihre Marke zu minimieren.<\/p>\n","protected":false},"excerpt":{"rendered":"<p>Produktqualit\u00e4tskontrolle und Qualit\u00e4tssicherung im Einzelhandel Qualit\u00e4tskontrolle und Qualit\u00e4tssicherung beziehen sich auf die Verfahren, mit denen Unternehmen sicherstellen, dass die Produktqualit\u00e4t erhalten bleibt. Sie tragen auch dazu bei, Fehler bei der Herstellung zu verringern oder zu beseitigen, um die Erwartungen der Kunden und die Vorschriften zu erf\u00fcllen. Unabh\u00e4ngig von Ihrer Branche bietet HQTS eine breite Palette [&hellip;]<\/p>\n","protected":false},"author":12,"featured_media":124435,"parent":124184,"menu_order":0,"comment_status":"closed","ping_status":"closed","template":"","meta":{"_acf_changed":false,"footnotes":""},"class_list":["post-124431","page","type-page","status-publish","has-post-thumbnail","hentry"],"acf":[],"_links":{"self":[{"href":"https:\/\/www.hqts.com\/de\/wp-json\/wp\/v2\/pages\/124431","targetHints":{"allow":["GET"]}}],"collection":[{"href":"https:\/\/www.hqts.com\/de\/wp-json\/wp\/v2\/pages"}],"about":[{"href":"https:\/\/www.hqts.com\/de\/wp-json\/wp\/v2\/types\/page"}],"author":[{"embeddable":true,"href":"https:\/\/www.hqts.com\/de\/wp-json\/wp\/v2\/users\/12"}],"replies":[{"embeddable":true,"href":"https:\/\/www.hqts.com\/de\/wp-json\/wp\/v2\/comments?post=124431"}],"version-history":[{"count":2,"href":"https:\/\/www.hqts.com\/de\/wp-json\/wp\/v2\/pages\/124431\/revisions"}],"predecessor-version":[{"id":124436,"href":"https:\/\/www.hqts.com\/de\/wp-json\/wp\/v2\/pages\/124431\/revisions\/124436"}],"up":[{"embeddable":true,"href":"https:\/\/www.hqts.com\/de\/wp-json\/wp\/v2\/pages\/124184"}],"wp:featuredmedia":[{"embeddable":true,"href":"https:\/\/www.hqts.com\/de\/wp-json\/wp\/v2\/media\/124435"}],"wp:attachment":[{"href":"https:\/\/www.hqts.com\/de\/wp-json\/wp\/v2\/media?parent=124431"}],"curies":[{"name":"wp","href":"https:\/\/api.w.org\/{rel}","templated":true}]}}