{"id":124437,"date":"2022-08-25T08:37:42","date_gmt":"2022-08-25T08:37:42","guid":{"rendered":"https:\/\/www.hqts.com\/?page_id=124437"},"modified":"2022-08-25T08:38:24","modified_gmt":"2022-08-25T08:38:24","slug":"pruefung-qualitaetskontrolle-bekleidung-textilien","status":"publish","type":"page","link":"https:\/\/www.hqts.com\/de\/industries\/produktqualitaetskontrolle-einzelhandel\/pruefung-qualitaetskontrolle-bekleidung-textilien\/","title":{"rendered":"Pr\u00fcfung Und Qualit\u00e4tskontrolle Von Bekleidung Und Textilien"},"content":{"rendered":"<p><strong>Qualit\u00e4tskontrollen in der Textil- und Bekleidungsindustrie<\/strong><\/p>\n<p><strong>HQTS setzt seit 1987 in ganz Asien den Standard f\u00fcr zuverl\u00e4ssige Qualit\u00e4tskontrolldienste f\u00fcr Textilien und Bekleidung. Wir bieten umfassende Dienstleistungen f\u00fcr alle Ihre Bekleidungs- und Textilkontrollen und -pr\u00fcfungen, damit Sie Produkte von h\u00f6chster Qualit\u00e4t liefern k\u00f6nnen.<\/strong><\/p>\n<p>Mit fast 700 professionellen Mitarbeitern in Asien werden unsere Textil- und Bekleidungsinspektionen von in der Branche ausgebildeten und erfahrenen Experten durchgef\u00fchrt, die Ihre Produkte bewerten und helfen k\u00f6nnen, unterschiedliche M\u00e4ngel zu identifizieren.<\/p>\n<p>Unsere erfahrenen Mitarbeiter aus den Bereichen Inspektion, Wissenschaft und Technik bieten selbst f\u00fcr die komplexesten Anforderungen an die Produktleistung eine unvergleichliche Beratung. Unser Wissen, unsere Erfahrung und unsere Integrit\u00e4t helfen Ihnen dabei, die internationalen Vorschriften zur Entflammbarkeit, zum Fasergehalt, zur Pflegekennzeichnung und mehr einzuhalten.<\/p>\n<p>Unser Textilpr\u00fcflabor ist mit fortschrittlichen Pr\u00fcfger\u00e4ten und -verfahren ausgestattet. Wir bieten einen qualitativ hochwertigen Pr\u00fcfservice f\u00fcr die meisten internationalen Normen, einschlie\u00dflich:<\/p>\n<p><strong>Visuelle Inspektion <\/strong>&#8211; Sicherstellen, dass Ihr Produkt Ihre Erwartungen erf\u00fcllt oder \u00fcbertrifft, mit besonderem Augenmerk auf Farbe, Stil und Materialien, um die Marktakzeptanz sicherzustellen.<\/p>\n<p><strong>AQL-Pr\u00fcfung <\/strong>&#8211; Unsere Mitarbeiter legen gemeinsam mit Ihnen die besten AQL-Standards fest, um ein Gleichgewicht zwischen den Kosten der Dienstleistungen und der Marktakzeptanz zu gew\u00e4hrleisten.<\/p>\n<p><strong>Messungen <\/strong>&#8211; Unser gut geschultes Inspektionsteam pr\u00fcft Ihre gesamte Sendung vor dem Versand, um sicherzustellen, dass Ihre Ma\u00dfvorgaben eingehalten werden. So vermeiden Sie Zeit-, Geld- und Kulanzverluste durch R\u00fccksendungen und verlorene Auftr\u00e4ge.<\/p>\n<p><strong>Pr\u00fcfung <\/strong>&#8211; HQTS-QAI setzt seit 2003 den Standard f\u00fcr zuverl\u00e4ssige Textil- und Bekleidungspr\u00fcfdienste. Unser erfahrenes wissenschaftliches und technisches Personal bietet selbst f\u00fcr die komplexesten Anforderungen an die Produktleistung eine unvergleichliche Beratung. Unser Wissen, unsere Erfahrung und unsere Integrit\u00e4t helfen Ihnen dabei, die internationalen Vorschriften zur Entflammbarkeit, zum Fasergehalt, zur Pflegekennzeichnung und vielem mehr einzuhalten.<\/p>\n<p><strong>Textil- und Bekleidungspr\u00fcfung<\/strong><\/p>\n<p>Mit der zunehmenden Besorgnis \u00fcber die Umwelt-, Gesundheits- und Sicherheitsaspekte von Textilien und der sukzessiven Einf\u00fchrung einschl\u00e4giger staatlicher Vorschriften stehen die Textilhersteller vor noch nie dagewesenen Herausforderungen bei der Qualit\u00e4tssicherung. HQTS-QAI verf\u00fcgt \u00fcber ein Team professioneller Pr\u00fcfingenieure, die Textilpr\u00fcfungen nach ASTM, AATCC, ISO, EN, JIS, GB und anderen Normen aus einer Hand anbieten. Unsere international anerkannten Pr\u00fcfdienstleistungen helfen Ihnen, die Qualit\u00e4t Ihrer Produkte zu verbessern und spezifische Vorschriften zu erf\u00fcllen. <strong>Wichtigste Produktkategorien<\/strong><\/p>\n<ul>\n<li>Verschiedene fibrill\u00e4re Bestandteile<\/li>\n<li>Verschiedene Strukturgewebe<\/li>\n<li>Kleidungsst\u00fccke<\/li>\n<li>Heimtextilien<\/li>\n<li>Artikel zur Dekoration<\/li>\n<li>\u00d6kologische Stoffe<\/li>\n<li>Andere<\/li>\n<\/ul>\n<p><strong>Physikalische Pr\u00fcfgegenst\u00e4nde<\/strong><\/p>\n<ul>\n<li>Analyse der Faserzusammensetzung<\/li>\n<li>Konstruktion des Gewebes<\/li>\n<li>Messbest\u00e4ndigkeit (Schrumpfung)<\/li>\n<li>Farbechtheit<\/li>\n<li>Leistung<\/li>\n<li>Sicherheit bei der Entflammbarkeit<\/li>\n<li>\u00d6kotextil<\/li>\n<li>Zubeh\u00f6r f\u00fcr Kleidungsst\u00fccke (Rei\u00dfverschluss, Kn\u00f6pfe usw.)<\/li>\n<\/ul>\n<p><strong>Chemische Pr\u00fcfgegenst\u00e4nde<\/strong><\/p>\n<ul>\n<li>AZO<\/li>\n<li>Allergene Dispersionsfarbstoffe<\/li>\n<li>Krebserregende Farbstoffe<\/li>\n<li>Schwermetall<\/li>\n<li>Formaldehyde<\/li>\n<li>Phenole<\/li>\n<li>PH<\/li>\n<li>Pestizide<\/li>\n<li>Phthalat<\/li>\n<li>Flammenhemmende Mittel<\/li>\n<li>PEoA\/PFoS<\/li>\n<li>OPEO: NPEO, CP, NP<\/li>\n<\/ul>\n<p><strong>Andere Qualit\u00e4tskontrolldienste<\/strong><\/p>\n<p>Wir betreuen eine breite Palette von Konsumg\u00fctern, darunter<\/p>\n<ul>\n<li><a href=\"https:\/\/www.hqts.com\/automotive-accessories\/\">Autoteile<\/a> und Zubeh\u00f6r<\/li>\n<li>Haushalts- und pers\u00f6nliche <a href=\"https:\/\/www.hqts.com\/de\/electronics\/\">Elektronik<\/a><\/li>\n<li><a href=\"https:\/\/www.hqts.com\/your-industries\/consumer-retail\/personal-care-and-cosmetics\/\">K\u00f6rperpflege und Kosmetik<\/a><\/li>\n<li>Haus und Garten<\/li>\n<li><a href=\"https:\/\/www.hqts.com\/de\/industries\/produktqualitaetskontrolle-einzelhandel\/spielzeug-kinderprodukte-sicherheits\/\">Spielzeug und Kinderprodukte<\/a><\/li>\n<li><a href=\"https:\/\/www.hqts.com\/de\/footwear\/\">Schuhe<\/a><\/li>\n<li><a href=\"https:\/\/www.hqts.com\/de\/industries\/produktqualitaetskontrolle-einzelhandel\/taschen-zubehoer-pruefung-inspektionen\/\">Taschen und Accessoires<\/a><\/li>\n<li><a href=\"https:\/\/www.hqts.com\/our-services\/hardgoods-testing\/\">Hartwahren<\/a> und vieles mehr.<\/li>\n<\/ul>\n<p>&nbsp;<\/p>\n","protected":false},"excerpt":{"rendered":"<p>Qualit\u00e4tskontrollen in der Textil- und Bekleidungsindustrie HQTS setzt seit 1987 in ganz Asien den Standard f\u00fcr zuverl\u00e4ssige Qualit\u00e4tskontrolldienste f\u00fcr Textilien und Bekleidung. Wir bieten umfassende Dienstleistungen f\u00fcr alle Ihre Bekleidungs- und Textilkontrollen und -pr\u00fcfungen, damit Sie Produkte von h\u00f6chster Qualit\u00e4t liefern k\u00f6nnen. Mit fast 700 professionellen Mitarbeitern in Asien werden unsere Textil- und Bekleidungsinspektionen von [&hellip;]<\/p>\n","protected":false},"author":12,"featured_media":124440,"parent":124431,"menu_order":28,"comment_status":"closed","ping_status":"closed","template":"","meta":{"_acf_changed":false,"footnotes":""},"class_list":["post-124437","page","type-page","status-publish","has-post-thumbnail","hentry"],"acf":[],"_links":{"self":[{"href":"https:\/\/www.hqts.com\/de\/wp-json\/wp\/v2\/pages\/124437","targetHints":{"allow":["GET"]}}],"collection":[{"href":"https:\/\/www.hqts.com\/de\/wp-json\/wp\/v2\/pages"}],"about":[{"href":"https:\/\/www.hqts.com\/de\/wp-json\/wp\/v2\/types\/page"}],"author":[{"embeddable":true,"href":"https:\/\/www.hqts.com\/de\/wp-json\/wp\/v2\/users\/12"}],"replies":[{"embeddable":true,"href":"https:\/\/www.hqts.com\/de\/wp-json\/wp\/v2\/comments?post=124437"}],"version-history":[{"count":2,"href":"https:\/\/www.hqts.com\/de\/wp-json\/wp\/v2\/pages\/124437\/revisions"}],"predecessor-version":[{"id":124441,"href":"https:\/\/www.hqts.com\/de\/wp-json\/wp\/v2\/pages\/124437\/revisions\/124441"}],"up":[{"embeddable":true,"href":"https:\/\/www.hqts.com\/de\/wp-json\/wp\/v2\/pages\/124431"}],"wp:featuredmedia":[{"embeddable":true,"href":"https:\/\/www.hqts.com\/de\/wp-json\/wp\/v2\/media\/124440"}],"wp:attachment":[{"href":"https:\/\/www.hqts.com\/de\/wp-json\/wp\/v2\/media?parent=124437"}],"curies":[{"name":"wp","href":"https:\/\/api.w.org\/{rel}","templated":true}]}}