{"id":124445,"date":"2022-08-25T08:54:50","date_gmt":"2022-08-25T08:54:50","guid":{"rendered":"https:\/\/www.hqts.com\/?page_id=124445"},"modified":"2023-03-22T16:04:11","modified_gmt":"2023-03-22T16:04:11","slug":"elektronikpruefung-und-qualitaetskontrolle","status":"publish","type":"page","link":"https:\/\/www.hqts.com\/de\/industries\/produktqualitaetskontrolle-einzelhandel\/elektronikpruefung-und-qualitaetskontrolle\/","title":{"rendered":"Elektronikpr\u00fcfung und Qualit\u00e4tskontrolle"},"content":{"rendered":"\t\t<div data-elementor-type=\"wp-page\" data-elementor-id=\"124445\" class=\"elementor elementor-124445 elementor-3570\" data-elementor-post-type=\"page\">\n\t\t\t\t\t\t<section class=\"elementor-section elementor-top-section elementor-element elementor-element-49e02d69 elementor-section-boxed elementor-section-height-default elementor-section-height-default\" data-id=\"49e02d69\" data-element_type=\"section\">\n\t\t\t\t\t\t<div class=\"elementor-container elementor-column-gap-default\">\n\t\t\t\t\t<div class=\"elementor-column elementor-col-100 elementor-top-column elementor-element elementor-element-5da373c7\" data-id=\"5da373c7\" data-element_type=\"column\">\n\t\t\t<div class=\"elementor-widget-wrap elementor-element-populated\">\n\t\t\t\t\t\t<div class=\"elementor-element elementor-element-28ece57b elementor-widget elementor-widget-text-editor\" data-id=\"28ece57b\" data-element_type=\"widget\" data-widget_type=\"text-editor.default\">\n\t\t\t\t<div class=\"elementor-widget-container\">\n\t\t\t\t\t\t\t\t\t<h3><strong>Elektronikpr\u00fcfung und Qualit\u00e4tskontrolle<\/strong><\/h3><p><strong>Probleme in der Lieferkette der Elektronikindustrie sind h\u00e4ufig auf verd\u00e4chtige, nachgeahmte oder minderwertige Bauteile und Materialien sowie auf ein schlechtes Qualit\u00e4tsmanagement w\u00e4hrend des Produktionsprozesses zur\u00fcckzuf\u00fchren. <\/strong><\/p><p>Mit HQTS als Partner f\u00fcr die Qualit\u00e4tskontrolle k\u00f6nnen Sie darauf vertrauen, dass diese Probleme erkannt und behoben werden.<\/p><p><strong>Das umfassende HQTS-Programm f\u00fcr Elektronik umfasst Dienstleistungen f\u00fcr:<\/strong><\/p><ul><li>Standardm\u00e4\u00dfige AQL-Qualit\u00e4tskontrollinspektionen,<\/li><li>Funktionspr\u00fcfung<\/li><li>Laboruntersuchungen<\/li><li>\u00dcberpr\u00fcfung der Quellen und Spezifikationen von Rohstoffen und Komponenten<\/li><li>Kennzeichnung<\/li><li>RoHS-Status<\/li><li>CE-Kennzeichnung<\/li><li>REACH<\/li><li>Verpackung<\/li><li>\u00dcberpr\u00fcfung von Datenbl\u00e4ttern und Begleitdokumenten und vieles mehr.<\/li><\/ul><h4>Qualit\u00e4tskontrolle Elektronikfertigung und -produkte<\/h4><p><span style=\"letter-spacing: -0.4px;\">HQTS verf\u00fcgt \u00fcber jahrzehntelange Erfahrung und ist der bevorzugte Qualit\u00e4tspartner f\u00fcr Unternehmen auf der ganzen Welt. Wenn Sie Unterst\u00fctzung bei der Auditierung eines chinesischen Elektronikherstellers, der Inspektion elektronischer Komponenten an einem indischen Produktionsstandort oder der \u00dcberpr\u00fcfung von Konformit\u00e4tszeichen und Vorschriften f\u00fcr Ihre Produkte ben\u00f6tigen \u2013 wir sind hier, um Ihnen zu helfen.<\/span><\/p><p><strong>Zu den Produkten geh\u00f6ren:<\/strong><\/p><ul><li><a href=\"https:\/\/www.hqts.com\/de\/industries\/produktqualitaetskontrolle-einzelhandel\/elektronikpruefung-und-qualitaetskontrolle\/qualitaetskontrollen-led-lampenbeleuchtungsprodukte\/\">AC- und LED Beleuchtungsprodukte<\/a><\/li><li><a href=\"https:\/\/www.hqts.com\/de\/industries\/produktqualitaetskontrolle-einzelhandel\/elektronikpruefung-und-qualitaetskontrolle\/qualitaetskontrolle-unterhaltungselektronik\/\">Unterhaltungselektronik<\/a><\/li><li>Haushaltsger\u00e4te<\/li><li>Andere elektrische Komponenten und elektronische Endprodukte<\/li><\/ul><h4>Qualit\u00e4tspr\u00fcfungen der Elektronik<\/h4><p>HQTS ist von CNAS unter ISO17020:2012 f\u00fcr Inspektionen akkreditiert. Unsere erfahrenen Qualit\u00e4tspr\u00fcfer f\u00fcr Elektronik befolgen eine umfassende Checkliste und pr\u00fcfen Ihre Produkte beim Elektronikhersteller auf Faktoren wie Verarbeitung, Spezifikationen, Funktionalit\u00e4t, Sicherheit und Konformit\u00e4t mit Kennzeichnungsstandards wie UL- und CE-Kennzeichnung.<\/p><p><strong>Unsere Dienstleistungen f\u00fcr Qualit\u00e4tspr\u00fcfungen umfassen:<\/strong><\/p><ul><li>Inspektion vor der Produktion<\/li><li>W\u00e4hrend der Produktionskontrolle<\/li><li>Inspektion vor dem Versand<\/li><li>St\u00fcck f\u00fcr St\u00fcck Inspektion<\/li><li>Lade\u00fcberwachung<\/li><li>Audits f\u00fcr Elektronik<\/li><\/ul><p>Zus\u00e4tzlich zu den Inspektionen zur Qualit\u00e4tskontrolle von Elektronik bietet HQTS eine Reihe von Audits f\u00fcr die Elektronikfertigung an, darunter:<\/p><ul><li>Fabrik-Audits<\/li><li>Lieferantenaudits<\/li><li>Social-Compliance-Audits<\/li><\/ul><h4>Elektronikpr\u00fcfung<\/h4><p>Unser nach CNAS ISO17025:2005 akkreditiertes Labor und Partnerlabors k\u00f6nnen komplette Elektroniktests und Zertifizierungsdienste f\u00fcr Elektronik durchf\u00fchren, wie z. B. CE-Kennzeichnung, RoHS-Konformit\u00e4tstests, Kartonfalltests und mehr.<\/p><h4>Andere Qualit\u00e4tskontrolldienste f\u00fcr Elektronik<\/h4><p>Bei HQTS kennen unsere Techniker und Inspektoren die Elektronikbranche genau und kennen sich mit relevanten internationalen Standards und Best Practices f\u00fcr das Qualit\u00e4tsmanagement aus. Neben den Dienstleistungen zur Qualit\u00e4tskontrolle von Elektronik bieten wir weitere Dienstleistungen an, darunter:<\/p><ul><li>Staatliche und Produktzertifizierungen<\/li><li>Beratung<\/li><li>Ausbildung<\/li><li>Lieferanten-Qualit\u00e4ts-Engineering<\/li><\/ul><p>Kontaktieren Sie uns noch heute, um Ihre technischen Anforderungen zu besprechen und zu erfahren, was wir tun k\u00f6nnen, um Ihrem Unternehmen zu helfen.<\/p>\t\t\t\t\t\t\t\t<\/div>\n\t\t\t\t<\/div>\n\t\t\t\t\t<\/div>\n\t\t<\/div>\n\t\t\t\t\t<\/div>\n\t\t<\/section>\n\t\t\t\t<\/div>\n\t\t","protected":false},"excerpt":{"rendered":"<p>Elektronikpr\u00fcfung und Qualit\u00e4tskontrolle Probleme in der Lieferkette der Elektronikindustrie sind h\u00e4ufig auf verd\u00e4chtige, nachgeahmte oder minderwertige Bauteile und Materialien sowie auf ein schlechtes Qualit\u00e4tsmanagement w\u00e4hrend des Produktionsprozesses zur\u00fcckzuf\u00fchren. Mit HQTS als Partner f\u00fcr die Qualit\u00e4tskontrolle k\u00f6nnen Sie darauf vertrauen, dass diese Probleme erkannt und behoben werden. Das umfassende HQTS-Programm f\u00fcr Elektronik umfasst Dienstleistungen f\u00fcr: Standardm\u00e4\u00dfige [&hellip;]<\/p>\n","protected":false},"author":12,"featured_media":124448,"parent":124431,"menu_order":22,"comment_status":"closed","ping_status":"closed","template":"","meta":{"_acf_changed":false,"footnotes":""},"class_list":["post-124445","page","type-page","status-publish","has-post-thumbnail","hentry"],"acf":[],"_links":{"self":[{"href":"https:\/\/www.hqts.com\/de\/wp-json\/wp\/v2\/pages\/124445","targetHints":{"allow":["GET"]}}],"collection":[{"href":"https:\/\/www.hqts.com\/de\/wp-json\/wp\/v2\/pages"}],"about":[{"href":"https:\/\/www.hqts.com\/de\/wp-json\/wp\/v2\/types\/page"}],"author":[{"embeddable":true,"href":"https:\/\/www.hqts.com\/de\/wp-json\/wp\/v2\/users\/12"}],"replies":[{"embeddable":true,"href":"https:\/\/www.hqts.com\/de\/wp-json\/wp\/v2\/comments?post=124445"}],"version-history":[{"count":5,"href":"https:\/\/www.hqts.com\/de\/wp-json\/wp\/v2\/pages\/124445\/revisions"}],"predecessor-version":[{"id":138014,"href":"https:\/\/www.hqts.com\/de\/wp-json\/wp\/v2\/pages\/124445\/revisions\/138014"}],"up":[{"embeddable":true,"href":"https:\/\/www.hqts.com\/de\/wp-json\/wp\/v2\/pages\/124431"}],"wp:featuredmedia":[{"embeddable":true,"href":"https:\/\/www.hqts.com\/de\/wp-json\/wp\/v2\/media\/124448"}],"wp:attachment":[{"href":"https:\/\/www.hqts.com\/de\/wp-json\/wp\/v2\/media?parent=124445"}],"curies":[{"name":"wp","href":"https:\/\/api.w.org\/{rel}","templated":true}]}}