{"id":124453,"date":"2022-08-25T09:04:23","date_gmt":"2022-08-25T09:04:23","guid":{"rendered":"https:\/\/www.hqts.com\/?page_id=124453"},"modified":"2022-08-25T09:05:49","modified_gmt":"2022-08-25T09:05:49","slug":"spielzeug-kinderprodukte-sicherheits","status":"publish","type":"page","link":"https:\/\/www.hqts.com\/de\/industries\/produktqualitaetskontrolle-einzelhandel\/spielzeug-kinderprodukte-sicherheits\/","title":{"rendered":"Spielzeug &#038; Kinderprodukte Sicherheits-qualit\u00e4tsinspektionen und -pr\u00fcfungen"},"content":{"rendered":"<h3><strong>Qualit\u00e4tskontrollen bei Spielzeug<\/strong><\/h3>\n<p><strong>Als langj\u00e4hrige Mitglieder der Toy Industry Association of America setzt sich die HQTS-Unternehmensfamilie seit langem f\u00fcr die Sicherheit, Zuverl\u00e4ssigkeit und Konformit\u00e4t von Kinderprodukten ein.<\/strong><\/p>\n<p>Seitdem Spielzeug weltweit stark reguliert ist und diese Vorschriften h\u00e4ufig aktualisiert werden, ist es unerl\u00e4sslich, dass Hersteller, Eink\u00e4ufer und Einzelh\u00e4ndler die immer strengeren und komplexeren Vorschriften einhalten und auf dem Laufenden bleiben. Unsere umfassenden Qualit\u00e4tskontrollen und Spielzeugpr\u00fcfungen helfen Ihnen dabei, die Einhaltung der gesetzlichen Vorschriften sowie Ihrer eigenen Spezifikationen f\u00fcr Sicherheit, Funktionalit\u00e4t und Benutzerfreundlichkeit zu gew\u00e4hrleisten.<\/p>\n<p>HQTS ist akkreditiert und zertifiziert f\u00fcr die Pr\u00fcfung von Spielzeug und Kinderprodukten auf Einhaltung der EU-Richtlinie f\u00fcr Spielzeugsicherheit (EN 71), des Consumer Product Safety Improvement Act (CPSIA) und der California Proposition 65, der China GB, ISO und CCC, der ASTM F963 und vieler anderer.<\/p>\n<p>Unser spezialisiertes wissenschaftliches und technisches Personal kann Sie mit aktueller technischer Beratung, Qualit\u00e4tssicherungsrichtlinien und der Bewertung und Pr\u00fcfung der Import-Export-Konformit\u00e4t in Bezug auf alle wichtigen Marktregularit\u00e4tsanforderungen versorgen.<\/p>\n<p><strong>Pr\u00fcfung von Spielzeug und Kinderartikeln<\/strong><\/p>\n<p>Die Sicherheit von Spielzeug ist zu einem Thema geworden, auf das die \u00d6ffentlichkeit h\u00e4ufig aufmerksam gemacht wird. Spielzeug ist der beste Freund des Kindes und bedeutet, dass es viel Zeit in engem Kontakt mit ihm verbringt. Aus diesem Grund sind einige der am strengsten regulierten Produkte heute Spielzeuge und Kinderprodukte.<\/p>\n<p>Wir sind akkreditiert und zertifiziert f\u00fcr die Pr\u00fcfung von Spielzeug und Kinderprodukten auf Einhaltung der EU-Richtlinie f\u00fcr Spielzeugsicherheit (EN 71), des Consumer Product Safety Improvement Act (CPSIA) und der California Proposition 65, der China GB, ISO und CCC, der ASTM F963 und vieler anderer.<\/p>\n<p>Unser spezialisiertes wissenschaftliches und technisches Personal kann Sie mit aktueller technischer Beratung, Qualit\u00e4tssicherungsrichtlinien und der Bewertung und Pr\u00fcfung der Import-Export-Konformit\u00e4t in Bezug auf alle wichtigen Marktregularit\u00e4tsanforderungen versorgen.<\/p>\n<p><strong>Wichtige Pr\u00fcfnormen<\/strong><\/p>\n<ul>\n<li>DE71<\/li>\n<li>ASTM F963<\/li>\n<li>CPSIA2008<\/li>\n<li>FDA<\/li>\n<li>Kanada CCPSA Toy Regulation ( SOR\/2016-188\/193\/195)<\/li>\n<li>AS\/NZS ISO 8124<\/li>\n<\/ul>\n<p><strong>Wichtige Pr\u00fcfpunkte<\/strong><\/p>\n<ul>\n<li>Mechanische und physikalische Pr\u00fcfung<\/li>\n<li>Sicherheitspr\u00fcfung der Entflammbarkeit<\/li>\n<li>Chemische Analyse: Schwermetalle, Phthalate, Formaldehyd, AZO-Farbstoff, usw.<\/li>\n<li>Test zur Sicherheit von Spielzeug<\/li>\n<li>Kennzeichnung mit Alterswarnungen<\/li>\n<li>Schulung und Beratung zu Fragen der Spielzeugsicherheit<\/li>\n<li>Missbrauchs-Test<\/li>\n<li>Warnhinweis<\/li>\n<li>Verfolgungsetikett<\/li>\n<\/ul>\n<p><strong><br \/>\nAndere Qualit\u00e4tskontrolldienste<\/strong><\/p>\n<p>Wir betreuen eine breite Palette von Konsumg\u00fctern, darunter<\/p>\n<ul>\n<li><a href=\"https:\/\/www.hqts.com\/de\/industries\/produktqualitaetskontrolle-einzelhandel\/pruefung-qualitaetskontrolle-bekleidung-textilien\/\">Bekleidung und Textilien<\/a><\/li>\n<li><a href=\"https:\/\/www.hqts.com\/automotive-accessories\/\">Autoteile<\/a> und Zubeh\u00f6r<\/li>\n<li>Haushalts- und pers\u00f6nliche <a href=\"https:\/\/www.hqts.com\/de\/electronics\/\">Elektronik<\/a><\/li>\n<li><a href=\"https:\/\/www.hqts.com\/your-industries\/consumer-retail\/personal-care-and-cosmetics\/\">K\u00f6rperpflege und Kosmetik<\/a><\/li>\n<li>Haus und Garten<\/li>\n<li><a href=\"https:\/\/www.hqts.com\/de\/footwear\/\">Schuhe<\/a><\/li>\n<li><a href=\"https:\/\/www.hqts.com\/de\/industries\/produktqualitaetskontrolle-einzelhandel\/taschen-zubehoer-pruefung-inspektionen\/\">Taschen und Accessoires<\/a><\/li>\n<li><a href=\"https:\/\/www.hqts.com\/our-services\/hardgoods-testing\/\">Hartwaren<\/a> und vieles mehr.<\/li>\n<\/ul>\n","protected":false},"excerpt":{"rendered":"<p>Qualit\u00e4tskontrollen bei Spielzeug Als langj\u00e4hrige Mitglieder der Toy Industry Association of America setzt sich die HQTS-Unternehmensfamilie seit langem f\u00fcr die Sicherheit, Zuverl\u00e4ssigkeit und Konformit\u00e4t von Kinderprodukten ein. Seitdem Spielzeug weltweit stark reguliert ist und diese Vorschriften h\u00e4ufig aktualisiert werden, ist es unerl\u00e4sslich, dass Hersteller, Eink\u00e4ufer und Einzelh\u00e4ndler die immer strengeren und komplexeren Vorschriften einhalten und [&hellip;]<\/p>\n","protected":false},"author":12,"featured_media":124456,"parent":124431,"menu_order":27,"comment_status":"closed","ping_status":"closed","template":"","meta":{"_acf_changed":false,"footnotes":""},"class_list":["post-124453","page","type-page","status-publish","has-post-thumbnail","hentry"],"acf":[],"_links":{"self":[{"href":"https:\/\/www.hqts.com\/de\/wp-json\/wp\/v2\/pages\/124453","targetHints":{"allow":["GET"]}}],"collection":[{"href":"https:\/\/www.hqts.com\/de\/wp-json\/wp\/v2\/pages"}],"about":[{"href":"https:\/\/www.hqts.com\/de\/wp-json\/wp\/v2\/types\/page"}],"author":[{"embeddable":true,"href":"https:\/\/www.hqts.com\/de\/wp-json\/wp\/v2\/users\/12"}],"replies":[{"embeddable":true,"href":"https:\/\/www.hqts.com\/de\/wp-json\/wp\/v2\/comments?post=124453"}],"version-history":[{"count":5,"href":"https:\/\/www.hqts.com\/de\/wp-json\/wp\/v2\/pages\/124453\/revisions"}],"predecessor-version":[{"id":124460,"href":"https:\/\/www.hqts.com\/de\/wp-json\/wp\/v2\/pages\/124453\/revisions\/124460"}],"up":[{"embeddable":true,"href":"https:\/\/www.hqts.com\/de\/wp-json\/wp\/v2\/pages\/124431"}],"wp:featuredmedia":[{"embeddable":true,"href":"https:\/\/www.hqts.com\/de\/wp-json\/wp\/v2\/media\/124456"}],"wp:attachment":[{"href":"https:\/\/www.hqts.com\/de\/wp-json\/wp\/v2\/media?parent=124453"}],"curies":[{"name":"wp","href":"https:\/\/api.w.org\/{rel}","templated":true}]}}