{"id":124507,"date":"2022-08-26T07:12:45","date_gmt":"2022-08-26T07:12:45","guid":{"rendered":"https:\/\/www.hqts.com\/?page_id=124507"},"modified":"2022-08-26T07:14:17","modified_gmt":"2022-08-26T07:14:17","slug":"pruefung-schuhen-qualitaetskontrollen","status":"publish","type":"page","link":"https:\/\/www.hqts.com\/de\/industries\/produktqualitaetskontrolle-einzelhandel\/pruefung-schuhen-qualitaetskontrollen\/","title":{"rendered":"PR\u00dcFUNG VON SCHUHEN UND QUALIT\u00c4TSKONTROLLEN"},"content":{"rendered":"\t\t<div data-elementor-type=\"wp-page\" data-elementor-id=\"124507\" class=\"elementor elementor-124507 elementor-3567\" data-elementor-post-type=\"page\">\n\t\t\t\t\t\t<section class=\"elementor-section elementor-top-section elementor-element elementor-element-6a6173ef elementor-section-boxed elementor-section-height-default elementor-section-height-default\" data-id=\"6a6173ef\" data-element_type=\"section\">\n\t\t\t\t\t\t<div class=\"elementor-container elementor-column-gap-default\">\n\t\t\t\t\t<div class=\"elementor-column elementor-col-100 elementor-top-column elementor-element elementor-element-59cc28b7\" data-id=\"59cc28b7\" data-element_type=\"column\">\n\t\t\t<div class=\"elementor-widget-wrap elementor-element-populated\">\n\t\t\t\t\t\t<div class=\"elementor-element elementor-element-39869790 elementor-widget elementor-widget-text-editor\" data-id=\"39869790\" data-element_type=\"widget\" data-widget_type=\"text-editor.default\">\n\t\t\t\t<div class=\"elementor-widget-container\">\n\t\t\t\t\t\t\t\t\t<h3><strong>Qualit\u00e4tsinspektionen von Schuhen<\/strong><\/h3><p><strong>Die HQTS-Qualit\u00e4tskontroll- und Pr\u00fcfdienste f\u00fcr Schuhe stellen sicher, dass Ihre Kunden das Qualit\u00e4tsniveau erhalten, das sie von Ihnen gewohnt sind.<\/strong><\/p><p>Unsere Dienstleistungen bieten Qualit\u00e4tsbewertungen und -\u00fcberwachungen vom Eintreffen der Materialien im Werk bis zum Verladen des Produkts f\u00fcr den Versand. Und an jedem Punkt dazwischen. Unsere in der Branche ausgebildeten Techniker f\u00fchren Qualit\u00e4tskontrollen vom Zuschnitt \u00fcber das N\u00e4hen bis hin zur Endverpackung durch.<\/p><p>Unsere Inspektionsdienste umfassen:<\/p><ul><li>Inspektionen vor der Verschiffung<\/li><li>Musterpr\u00fcfung<\/li><li>Fertigungsbegleitende Pr\u00fcfung<\/li><li>\u00dcberwachung des Be- und Entladens von Containern<\/li><li>St\u00fcck f\u00fcr St\u00fcck Inspektionen<\/li><li>\u00dcberwachung der Produktion<\/li><li>Inspektionen vor der Produktion<\/li><\/ul><p><strong>Hausinternes Labor f\u00fcr die Pr\u00fcfung von Schuhen<\/strong><\/p><p>Unsere Experten bieten technische Beratung bei der Einhaltung von Industrie- und Regulierungsvorschriften sowie Ihrer anspruchsvollen Normen. Wir sorgen auch f\u00fcr die Einhaltung aller US-amerikanischen, europ\u00e4ischen und internationalen Richtlinien, Normen und Pr\u00fcfanforderungen wie z. B.: AATCC, ASTM, REACH, ISO, GB, und andere. Dies gilt zus\u00e4tzlich zu unseren eigenen anspruchsvollen Leistungsrichtlinien und Pr\u00fcfverfahren f\u00fcr Schuhprodukte.<\/p><p>Da zuverl\u00e4ssige, qualitativ hochwertige Schuhe einen erheblichen Einfluss auf die Kundenzufriedenheit und den Erfolg Ihrer Marke haben, kann die Zusammenarbeit mit HQTS Ihnen dabei helfen, Probleme zu vermeiden, die Ihr Endergebnis gef\u00e4hrden.<\/p><p>Unser Labor deckt die n\u00e4chsten Artikel der Schuhpr\u00fcfung ab:<\/p><p><strong>Physikalische Pr\u00fcfgegenst\u00e4nde<\/strong><\/p><ul><li>Pr\u00fcfung des gesamten Schuhs\uff1aVerwindung, Spannung, Sch\u00e4lfestigkeit der Sohle, Alterung&#8230;&#8230;<\/li><li>Innenraumtest: Farbechtheit, Martindale-Abriebfestigkeit&#8230;&#8230;<\/li><li>Vampirerkennung: Beschichtungshaftung, Verdrehungen und Risse&#8230;&#8230;<\/li><li>Sohlenerkennung: Antirutschtest, Sohlenverschlei\u00dffestigkeit, H\u00e4rte&#8230;&#8230;<\/li><li>Zubeh\u00f6rtest: Verschlei\u00dffestigkeit, Rostbest\u00e4ndigkeit und Festigkeitstest &#8230;&#8230;<\/li><\/ul><p><strong><br \/><\/strong><strong>Chemische Pr\u00fcfgegenst\u00e4nde<\/strong><\/p><ul><li>Blei insgesamt, Cadmium insgesamt<\/li><li>Formaldehyd<\/li><li>Hexavalentes Chrom<\/li><li>Chlorierte Phenole<\/li><li>Sensibilisierende und krebserregende Farbstoffe<\/li><li>Dimethylfumarat\uff08DMFu\uff09<\/li><li>Phthalate\uff08Phthalat)<\/li><li>Nickell\u00e4ssigkeit<\/li><li>Verbotene Azofarbstoffe\uff08AZO)<\/li><li>Andere<\/li><\/ul><p>\u00a0<\/p><p><strong>Andere Qualit\u00e4tskontrolldienste<\/strong><\/p><p>Wir betreuen eine breite Palette von Konsumg\u00fctern, darunter<\/p><ul><li><a href=\"https:\/\/www.hqts.com\/apparel-and-textiles\/\">Bekleidung und Textilien<\/a><\/li><li><a href=\"https:\/\/www.hqts.com\/automotive-accessories\/\">Autoteile<\/a> und Zubeh\u00f6r<\/li><li>Haushalts- und pers\u00f6nliche <a href=\"https:\/\/www.hqts.com\/electronics\/\">Elektronik<\/a><\/li><li><a href=\"https:\/\/www.hqts.com\/personal-care-and-cosmetics\/\">K\u00f6rperpflege und Kosmetik<\/a><\/li><li>Haus und Garten<\/li><li><a href=\"https:\/\/www.hqts.com\/toys-and-childrens-products\/\">Spielzeug und Kinderprodukte<\/a><\/li><li><a href=\"https:\/\/www.hqts.com\/bags-and-accessories\/\">Taschen und Sccessoires<\/a><\/li><li><a href=\"https:\/\/www.hqts.com\/our-services\/hardgoods-testing\/\">Hartwaren<\/a> und vieles mehr.<\/li><\/ul>\t\t\t\t\t\t\t\t<\/div>\n\t\t\t\t<\/div>\n\t\t\t\t<div class=\"elementor-element elementor-element-308afc2 elementor-widget elementor-widget-text-editor\" data-id=\"308afc2\" data-element_type=\"widget\" data-widget_type=\"text-editor.default\">\n\t\t\t\t<div class=\"elementor-widget-container\">\n\t\t\t\t\t\t\t\t\t<h4><strong>HQTS is a proud member of the next Footwear Associations<\/strong><\/h4><p>\u00a0<\/p>\t\t\t\t\t\t\t\t<\/div>\n\t\t\t\t<\/div>\n\t\t\t\t<section class=\"elementor-section elementor-inner-section elementor-element elementor-element-a348473 elementor-section-boxed elementor-section-height-default elementor-section-height-default\" data-id=\"a348473\" data-element_type=\"section\">\n\t\t\t\t\t\t<div class=\"elementor-container elementor-column-gap-default\">\n\t\t\t\t\t<div class=\"elementor-column elementor-col-50 elementor-inner-column elementor-element elementor-element-6659766\" data-id=\"6659766\" data-element_type=\"column\">\n\t\t\t<div class=\"elementor-widget-wrap elementor-element-populated\">\n\t\t\t\t\t\t<div class=\"elementor-element elementor-element-18638eb elementor-widget elementor-widget-image\" data-id=\"18638eb\" data-element_type=\"widget\" data-widget_type=\"image.default\">\n\t\t\t\t<div class=\"elementor-widget-container\">\n\t\t\t\t\t\t\t\t\t\t\t\t\t\t\t<img decoding=\"async\" width=\"300\" height=\"145\" src=\"https:\/\/www.hqts.com\/wp-content\/uploads\/2021\/08\/aafa.jpg\" class=\"attachment-large size-large wp-image-124511\" alt=\"\" \/>\t\t\t\t\t\t\t\t\t\t\t\t\t\t\t<\/div>\n\t\t\t\t<\/div>\n\t\t\t\t\t<\/div>\n\t\t<\/div>\n\t\t\t\t<div class=\"elementor-column elementor-col-50 elementor-inner-column elementor-element elementor-element-4f718b1\" data-id=\"4f718b1\" data-element_type=\"column\">\n\t\t\t<div class=\"elementor-widget-wrap elementor-element-populated\">\n\t\t\t\t\t\t<div class=\"elementor-element elementor-element-7965520 elementor-widget elementor-widget-image\" data-id=\"7965520\" data-element_type=\"widget\" data-widget_type=\"image.default\">\n\t\t\t\t<div class=\"elementor-widget-container\">\n\t\t\t\t\t\t\t\t\t\t\t\t\t\t\t<img decoding=\"async\" width=\"300\" height=\"79\" src=\"https:\/\/www.hqts.com\/wp-content\/uploads\/2021\/08\/FDRAlogo-gray-transparent-300x79.png\" class=\"attachment-medium size-medium wp-image-124510\" alt=\"\" srcset=\"https:\/\/www.hqts.com\/wp-content\/uploads\/2021\/08\/FDRAlogo-gray-transparent-300x79.png 300w, https:\/\/www.hqts.com\/wp-content\/uploads\/2021\/08\/FDRAlogo-gray-transparent-1024x270.png 1024w, https:\/\/www.hqts.com\/wp-content\/uploads\/2021\/08\/FDRAlogo-gray-transparent-768x203.png 768w, https:\/\/www.hqts.com\/wp-content\/uploads\/2021\/08\/FDRAlogo-gray-transparent-1536x405.png 1536w, https:\/\/www.hqts.com\/wp-content\/uploads\/2021\/08\/FDRAlogo-gray-transparent-2048x540.png 2048w\" sizes=\"(max-width: 300px) 100vw, 300px\" \/>\t\t\t\t\t\t\t\t\t\t\t\t\t\t\t<\/div>\n\t\t\t\t<\/div>\n\t\t\t\t\t<\/div>\n\t\t<\/div>\n\t\t\t\t\t<\/div>\n\t\t<\/section>\n\t\t\t\t\t<\/div>\n\t\t<\/div>\n\t\t\t\t\t<\/div>\n\t\t<\/section>\n\t\t\t\t<\/div>\n\t\t","protected":false},"excerpt":{"rendered":"<p>Qualit\u00e4tsinspektionen von Schuhen Die HQTS-Qualit\u00e4tskontroll- und Pr\u00fcfdienste f\u00fcr Schuhe stellen sicher, dass Ihre Kunden das Qualit\u00e4tsniveau erhalten, das sie von Ihnen gewohnt sind. Unsere Dienstleistungen bieten Qualit\u00e4tsbewertungen und -\u00fcberwachungen vom Eintreffen der Materialien im Werk bis zum Verladen des Produkts f\u00fcr den Versand. Und an jedem Punkt dazwischen. Unsere in der Branche ausgebildeten Techniker f\u00fchren [&hellip;]<\/p>\n","protected":false},"author":12,"featured_media":124512,"parent":124431,"menu_order":23,"comment_status":"closed","ping_status":"closed","template":"","meta":{"_acf_changed":false,"footnotes":""},"class_list":["post-124507","page","type-page","status-publish","has-post-thumbnail","hentry"],"acf":[],"_links":{"self":[{"href":"https:\/\/www.hqts.com\/de\/wp-json\/wp\/v2\/pages\/124507","targetHints":{"allow":["GET"]}}],"collection":[{"href":"https:\/\/www.hqts.com\/de\/wp-json\/wp\/v2\/pages"}],"about":[{"href":"https:\/\/www.hqts.com\/de\/wp-json\/wp\/v2\/types\/page"}],"author":[{"embeddable":true,"href":"https:\/\/www.hqts.com\/de\/wp-json\/wp\/v2\/users\/12"}],"replies":[{"embeddable":true,"href":"https:\/\/www.hqts.com\/de\/wp-json\/wp\/v2\/comments?post=124507"}],"version-history":[{"count":5,"href":"https:\/\/www.hqts.com\/de\/wp-json\/wp\/v2\/pages\/124507\/revisions"}],"predecessor-version":[{"id":124516,"href":"https:\/\/www.hqts.com\/de\/wp-json\/wp\/v2\/pages\/124507\/revisions\/124516"}],"up":[{"embeddable":true,"href":"https:\/\/www.hqts.com\/de\/wp-json\/wp\/v2\/pages\/124431"}],"wp:featuredmedia":[{"embeddable":true,"href":"https:\/\/www.hqts.com\/de\/wp-json\/wp\/v2\/media\/124512"}],"wp:attachment":[{"href":"https:\/\/www.hqts.com\/de\/wp-json\/wp\/v2\/media?parent=124507"}],"curies":[{"name":"wp","href":"https:\/\/api.w.org\/{rel}","templated":true}]}}