{"id":124517,"date":"2022-08-26T07:17:04","date_gmt":"2022-08-26T07:17:04","guid":{"rendered":"https:\/\/www.hqts.com\/?page_id=124517"},"modified":"2022-08-26T07:17:45","modified_gmt":"2022-08-26T07:17:45","slug":"taschen-zubehoer-pruefung-inspektionen","status":"publish","type":"page","link":"https:\/\/www.hqts.com\/de\/industries\/produktqualitaetskontrolle-einzelhandel\/taschen-zubehoer-pruefung-inspektionen\/","title":{"rendered":"Taschen und Zubeh\u00f6r Pr\u00fcfung und Inspektionen"},"content":{"rendered":"\t\t<div data-elementor-type=\"wp-page\" data-elementor-id=\"124517\" class=\"elementor elementor-124517 elementor-3551\" data-elementor-post-type=\"page\">\n\t\t\t\t\t\t<section class=\"elementor-section elementor-top-section elementor-element elementor-element-31798679 elementor-section-boxed elementor-section-height-default elementor-section-height-default\" data-id=\"31798679\" data-element_type=\"section\">\n\t\t\t\t\t\t<div class=\"elementor-container elementor-column-gap-default\">\n\t\t\t\t\t<div class=\"elementor-column elementor-col-100 elementor-top-column elementor-element elementor-element-3399f293\" data-id=\"3399f293\" data-element_type=\"column\">\n\t\t\t<div class=\"elementor-widget-wrap elementor-element-populated\">\n\t\t\t\t\t\t<div class=\"elementor-element elementor-element-7142e157 elementor-widget elementor-widget-text-editor\" data-id=\"7142e157\" data-element_type=\"widget\" data-widget_type=\"text-editor.default\">\n\t\t\t\t<div class=\"elementor-widget-container\">\n\t\t\t\t\t\t\t\t\t<h5><strong>Bags &amp; Accessories Testing and Inspections<\/strong><\/h5><p style=\"text-align: justify;\"><strong>HQTS has been setting the standard in reliable quality control services for softgoods for 20 years. We provide comprehensive services for all your apparel and textile inspections and testing to help you deliver the highest-quality products.<\/strong><\/p><p style=\"text-align: justify;\">With nearly 700 professional staff in Asia, our\u00a0quality control inspections are conducted by industry educated and experienced experts that can evaluate your products and help identify varying levels of defects.<\/p><p style=\"text-align: justify;\">Our veteran inspection, scientific and engineering staff provides unparalleled guidance for even the most complex product performance needs. Our knowledge, experience, and integrity helps you achieve compliance with international consumer product import regulations.<\/p><p style=\"text-align: justify;\">Our testing laboratory is equipped with advanced testing equipment and processes\u00a0that ensure high quality testing against most international standards, including:<\/p><p style=\"text-align: justify;\">China: GB, FZ<br \/>Europe: ISO, EN, BS, BIN<br \/>US: ASTM, AATCC<br \/>Canada: CAN<br \/>Australia: AS<\/p><p style=\"text-align: justify;\"><strong>Visual Inspections<\/strong>\u00a0\u2013 Ensuring your product meets or exceeds your expectation with special emphasis on color, style, materials, helping to ensure market acceptance.<\/p><p style=\"text-align: justify;\"><strong>AQL Inspections<\/strong>\u00a0\u2013 Our staff with with you to determine the best AQL standards to maintain balance between cost of services and market acceptance.<\/p><p style=\"text-align: justify;\"><strong>Measurements<\/strong>\u00a0\u2013 We\u00a0will inspect your entire lot during any stage of production you need to ensure compliance with your specifications, avoiding loss of time, money, and goodwill due to returns and lost orders.<\/p><p style=\"text-align: justify;\"><strong>Testing\u00a0<\/strong>\u2013 HQTS sets the standard in reliable softgoods testing. Our veteran scientific and engineering staff provides unparalleled guidance for even the most complex product performance needs. Our knowledge, experience, and integrity helps you achieve compliance with international regulations on flammability, fiber content, care labeling and many more.<\/p><h5><strong>Other Quality Control Services<\/strong><\/h5><p>We service a wide range of consumer goods including\u00a0<\/p><ul><li><a href=\"https:\/\/www.hqts.com\/apparel-and-textiles\/\">apparel and textiles<\/a><\/li><li><a href=\"https:\/\/www.hqts.com\/automotive-accessories\/\">automotive parts<\/a>\u00a0and accessories<\/li><li>home and personal\u00a0<a href=\"https:\/\/www.hqts.com\/electronics\/\">electronics<\/a><\/li><li><a href=\"https:\/\/www.hqts.com\/personal-care-and-cosmetics\/\">personal care and cosmetics<\/a><\/li><li>home and garden<\/li><li><a href=\"https:\/\/www.hqts.com\/toys-and-childrens-products\/\">toys and children\u2019s products<\/a><\/li><li><a href=\"https:\/\/www.hqts.com\/footwear\/\">footwear<\/a><\/li><li><a href=\"https:\/\/www.hqts.com\/our-services\/hardgoods-testing\/\">hargoods<\/a>\u00a0and much more.<\/li><\/ul>\t\t\t\t\t\t\t\t<\/div>\n\t\t\t\t<\/div>\n\t\t\t\t\t<\/div>\n\t\t<\/div>\n\t\t\t\t\t<\/div>\n\t\t<\/section>\n\t\t\t\t<\/div>\n\t\t","protected":false},"excerpt":{"rendered":"<p>Taschen und Zubeh\u00f6r Pr\u00fcfung und Inspektionen HQTS setzt seit 20 Jahren Ma\u00dfst\u00e4be in der zuverl\u00e4ssigen Qualit\u00e4tskontrolle von Weichwaren. Wir bieten umfassende Dienstleistungen f\u00fcr alle Ihre Bekleidungs- und Textilkontrollen und -pr\u00fcfungen, damit Sie Produkte von h\u00f6chster Qualit\u00e4t liefern k\u00f6nnen. Mit fast 700 professionellen Mitarbeitern in Asien werden unsere Qualit\u00e4tskontrollen von in der Branche ausgebildeten und erfahrenen [&hellip;]<\/p>\n","protected":false},"author":12,"featured_media":124520,"parent":124431,"menu_order":25,"comment_status":"closed","ping_status":"closed","template":"","meta":{"_acf_changed":false,"footnotes":""},"class_list":["post-124517","page","type-page","status-publish","has-post-thumbnail","hentry"],"acf":[],"_links":{"self":[{"href":"https:\/\/www.hqts.com\/de\/wp-json\/wp\/v2\/pages\/124517","targetHints":{"allow":["GET"]}}],"collection":[{"href":"https:\/\/www.hqts.com\/de\/wp-json\/wp\/v2\/pages"}],"about":[{"href":"https:\/\/www.hqts.com\/de\/wp-json\/wp\/v2\/types\/page"}],"author":[{"embeddable":true,"href":"https:\/\/www.hqts.com\/de\/wp-json\/wp\/v2\/users\/12"}],"replies":[{"embeddable":true,"href":"https:\/\/www.hqts.com\/de\/wp-json\/wp\/v2\/comments?post=124517"}],"version-history":[{"count":2,"href":"https:\/\/www.hqts.com\/de\/wp-json\/wp\/v2\/pages\/124517\/revisions"}],"predecessor-version":[{"id":124521,"href":"https:\/\/www.hqts.com\/de\/wp-json\/wp\/v2\/pages\/124517\/revisions\/124521"}],"up":[{"embeddable":true,"href":"https:\/\/www.hqts.com\/de\/wp-json\/wp\/v2\/pages\/124431"}],"wp:featuredmedia":[{"embeddable":true,"href":"https:\/\/www.hqts.com\/de\/wp-json\/wp\/v2\/media\/124520"}],"wp:attachment":[{"href":"https:\/\/www.hqts.com\/de\/wp-json\/wp\/v2\/media?parent=124517"}],"curies":[{"name":"wp","href":"https:\/\/api.w.org\/{rel}","templated":true}]}}