{"id":124522,"date":"2022-08-26T07:22:00","date_gmt":"2022-08-26T07:22:00","guid":{"rendered":"https:\/\/www.hqts.com\/?page_id=124522"},"modified":"2022-08-26T07:22:42","modified_gmt":"2022-08-26T07:22:42","slug":"pruefung-von-hartwaren","status":"publish","type":"page","link":"https:\/\/www.hqts.com\/de\/industries\/produktqualitaetskontrolle-einzelhandel\/pruefung-von-hartwaren\/","title":{"rendered":"Pr\u00fcfung von Hartwaren"},"content":{"rendered":"<h3><strong>Pr\u00fcfung von Hartwaren<\/strong><\/h3>\n<p><strong>HQTS-QAI unterst\u00fctzt seit 2003 Unternehmen bei der Gew\u00e4hrleistung der besonderen Sicherheits- und Konformit\u00e4tsanforderungen f\u00fcr eine breite Palette von Hartwaren. Unser erfahrenes wissenschaftliches und technisches Personal bietet technische Beratung, Qualit\u00e4tssicherung, Bewertung von Spezifikationen, Schulung und Bewertung der Einhaltung von Einfuhr- und Ausfuhrbestimmungen.<\/strong><\/p>\n<p><strong>Keramik und Glas<\/strong><\/p>\n<p>Keramik- und Glaswaren spielen eine einzigartige Rolle f\u00fcr ein gesundes Leben und eine saubere Umwelt, insbesondere wenn sie als Lebensmittelbeh\u00e4lter verwendet werden. Angesichts der zunehmenden Besorgnis \u00fcber Sicherheitsprobleme und der Einf\u00fchrung noch strengerer Vorschriften ist es f\u00fcr Hersteller und K\u00e4ufer unerl\u00e4sslich, dass ihre Produkte gem\u00e4\u00df den marktspezifischen und gesetzlichen Normen gepr\u00fcft werden. HQTS-QAI unterst\u00fctzt Unternehmen seit 2003 dabei, die einzigartigen Sicherheits- und Konformit\u00e4tsanforderungen f\u00fcr eine breite Palette von Hartwaren zu gew\u00e4hrleisten. Um diesen steigenden Anforderungen gerecht zu werden, bieten die Labore von HQTS-QAI ein komplettes Paket an Testl\u00f6sungen f\u00fcr Keramik- und Glaswaren an, um Ihr Risiko zu minimieren und den Gewinn auf Ihrem globalen Markt zu verbessern.<\/p>\n<p>Die wichtigsten Pr\u00fcfpunkte sind im Folgenden aufgef\u00fchrt:<\/p>\n<p><strong>Chemische Pr\u00fcfung<\/strong><\/p>\n<ul>\n<li>FDA, Pr\u00fcfung auf Lebensmittelqualit\u00e4t<\/li>\n<li>Bleigehalt der Oberfl\u00e4chenbeschichtung<\/li>\n<li>Blei- und Cadmiumgehalt<\/li>\n<li>EU-Lebensmitteltest<\/li>\n<\/ul>\n<p><strong>Physikalische Pr\u00fcfung<\/strong><\/p>\n<ul>\n<li>Wischtest<\/li>\n<li>Gl\u00fchen<\/li>\n<li>Thermoschock (nur Glaswaren)<\/li>\n<li>Geschirrsp\u00fcler-Test<\/li>\n<li>Pr\u00fcfung der Wasseraufnahme<\/li>\n<li>Mikrowellen-Test<\/li>\n<\/ul>\n<p><strong>Pr\u00fcfung von Kerzenprodukten<\/strong><\/p>\n<p>Mit der Verbesserung des Lebensstandards und des technischen Niveaus wird die Kerze eher zur Schaffung von Stimmungen als zur Beleuchtung verwendet. Kerzen verleihen unseren H\u00e4usern nicht nur besondere Sch\u00f6nheit und ein Gef\u00fchl der Ruhe, sondern bergen auch eine Gefahr in sich: eine offene Flamme und die Gefahr eines Brandes. Mit der zunehmenden Beliebtheit von Kerzen haben auch die Brandf\u00e4lle zugenommen, so dass die Sicherheit beim Kauf von Kerzen und anderen Produkten mit offener Flamme zu einer Priorit\u00e4t geworden ist. Um Ihnen bei der Bew\u00e4ltigung dieser Herausforderung zu helfen, bieten wir eine ganze Reihe von Tests f\u00fcr Kerzen und Zubeh\u00f6r an, um Folgendes zu ermitteln:<\/p>\n<ul>\n<li>Kontrolle des Warnhinweises<\/li>\n<li>Sicherheit beim Abbrennen von Kerzen<\/li>\n<li>H\u00f6he der Flamme<\/li>\n<li>Andere Z\u00fcndung<\/li>\n<li>Ende der Nutzungsdauer<\/li>\n<li>Stabilit\u00e4t der Kerze<\/li>\n<li>Kompatibilit\u00e4t der Kerzenbeh\u00e4lter und Brenner<\/li>\n<li>Scharfe Temperaturwechselbest\u00e4ndigkeit des Kerzenbeh\u00e4lters<\/li>\n<li>Thermischer Schock<\/li>\n<li>Bleigehalt des Dochts<\/li>\n<\/ul>\n<p><strong>Pr\u00fcfung von Holz und Holzprodukten<\/strong><\/p>\n<p>Die Verwendung von Holz und Holzprodukten ist in unserem Leben weit verbreitet und unersetzlich. Der Sicherheit und den gef\u00e4hrlichen Stoffen in Holzprodukten wird von den Verbrauchern und den Regierungen aller L\u00e4nder gro\u00dfe Bedeutung beigemessen. In allen L\u00e4ndern wurden strenge Vorschriften und Produktionsstandards eingef\u00fchrt, um die Produktsicherheit zu gew\u00e4hrleisten. HQTS-QAI ist in der Lage, eine ganze Reihe von professionellen Pr\u00fcfdienstleistungen gem\u00e4\u00df EN-, ASTM-, BS- und GB-Normen anzubieten, um die Sicherheit und Konformit\u00e4t Ihrer Produkte zu gew\u00e4hrleisten.<\/p>\n<p><strong>Wichtigste Produktkategorien<\/strong><\/p>\n<ul>\n<li>Holzplatten und Veredelungsprodukte<\/li>\n<li>Holzwerkstoffplatte und oberfl\u00e4chendekorierte Holzwerkstoffplatte<\/li>\n<li>M\u00f6bel aus Holz f\u00fcr den Innenbereich<\/li>\n<li>Holzplatte<\/li>\n<li>Holzschutzmittel<\/li>\n<li>Farbe auf M\u00f6beln<\/li>\n<\/ul>\n<p><strong>Wichtige Pr\u00fcfpunkte<\/strong><\/p>\n<ul>\n<li>Formaldehyd (Kolbenmethode)<\/li>\n<li>Formaldehyd (Perforatormethode)<\/li>\n<li>Formaldehyd (Referenzmethode mit begehbarer Kammer)<\/li>\n<li>PCP<\/li>\n<li>Cu, Cr, As<\/li>\n<li>L\u00f6sliches Blei, Cadmium, Chrom, Quecksilber<\/li>\n<\/ul>\n<p>&nbsp;<\/p>\n","protected":false},"excerpt":{"rendered":"<p>Pr\u00fcfung von Hartwaren HQTS-QAI unterst\u00fctzt seit 2003 Unternehmen bei der Gew\u00e4hrleistung der besonderen Sicherheits- und Konformit\u00e4tsanforderungen f\u00fcr eine breite Palette von Hartwaren. Unser erfahrenes wissenschaftliches und technisches Personal bietet technische Beratung, Qualit\u00e4tssicherung, Bewertung von Spezifikationen, Schulung und Bewertung der Einhaltung von Einfuhr- und Ausfuhrbestimmungen. Keramik und Glas Keramik- und Glaswaren spielen eine einzigartige Rolle f\u00fcr [&hellip;]<\/p>\n","protected":false},"author":12,"featured_media":124526,"parent":124431,"menu_order":46,"comment_status":"closed","ping_status":"closed","template":"","meta":{"_acf_changed":false,"footnotes":""},"class_list":["post-124522","page","type-page","status-publish","has-post-thumbnail","hentry"],"acf":[],"_links":{"self":[{"href":"https:\/\/www.hqts.com\/de\/wp-json\/wp\/v2\/pages\/124522","targetHints":{"allow":["GET"]}}],"collection":[{"href":"https:\/\/www.hqts.com\/de\/wp-json\/wp\/v2\/pages"}],"about":[{"href":"https:\/\/www.hqts.com\/de\/wp-json\/wp\/v2\/types\/page"}],"author":[{"embeddable":true,"href":"https:\/\/www.hqts.com\/de\/wp-json\/wp\/v2\/users\/12"}],"replies":[{"embeddable":true,"href":"https:\/\/www.hqts.com\/de\/wp-json\/wp\/v2\/comments?post=124522"}],"version-history":[{"count":2,"href":"https:\/\/www.hqts.com\/de\/wp-json\/wp\/v2\/pages\/124522\/revisions"}],"predecessor-version":[{"id":124527,"href":"https:\/\/www.hqts.com\/de\/wp-json\/wp\/v2\/pages\/124522\/revisions\/124527"}],"up":[{"embeddable":true,"href":"https:\/\/www.hqts.com\/de\/wp-json\/wp\/v2\/pages\/124431"}],"wp:featuredmedia":[{"embeddable":true,"href":"https:\/\/www.hqts.com\/de\/wp-json\/wp\/v2\/media\/124526"}],"wp:attachment":[{"href":"https:\/\/www.hqts.com\/de\/wp-json\/wp\/v2\/media?parent=124522"}],"curies":[{"name":"wp","href":"https:\/\/api.w.org\/{rel}","templated":true}]}}