{"id":124528,"date":"2022-08-26T07:23:42","date_gmt":"2022-08-26T07:23:42","guid":{"rendered":"https:\/\/www.hqts.com\/?page_id=124528"},"modified":"2022-08-26T07:24:30","modified_gmt":"2022-08-26T07:24:30","slug":"inspektionen-von-industrieerzeugnissen","status":"publish","type":"page","link":"https:\/\/www.hqts.com\/de\/industries\/inspektionen-von-industrieerzeugnissen\/","title":{"rendered":"INSPEKTIONEN VON INDUSTRIEERZEUGNISSEN"},"content":{"rendered":"<h3><strong>Industrielle Qualit\u00e4tssicherungsdienste<\/strong><\/h3>\n<p><strong>Unser Team f\u00fcr Industrieprodukte und Fertigungsdienstleistungen f\u00fchrt st\u00e4ndig neue Technologien und Dienstleistungsinnovationen ein und bietet gleichzeitig effiziente, strenge, unabh\u00e4ngige und unparteiische ma\u00dfgeschneiderte Dienstleistungen an. HQTS bietet eine Reihe von Qualit\u00e4tsdienstleistungen an, die den einschl\u00e4gigen nationalen und internationalen Vorschriften und Normen entsprechen.<\/strong><\/p>\n<p><a href=\"https:\/\/www.hqts.com\/your-industries\/energy-power-plant\/\"><strong>Energie &amp; Kraftwerk<\/strong><\/a><\/p>\n<p>Asien ist ein wichtiger Markt f\u00fcr Kraftwerke zur Energieerzeugung und die dazugeh\u00f6rige Infrastruktur. Zu den von uns abgedeckten Produktkategorien geh\u00f6ren: Energie\u00fcbertragungs- und -umwandlungstechnik, Ausr\u00fcstung f\u00fcr W\u00e4rmekraftwerke, Ausr\u00fcstung f\u00fcr Windkraftwerke, Ausr\u00fcstung f\u00fcr Photovoltaik-Kraftwerke, Wasserkraftwerke und Metallstrukturen sowie vieles mehr.<\/p>\n<p><a href=\"https:\/\/www.hqts.com\/your-industries\/energy-power-plant\/gas-oil-chemicals\/\"><strong>Gas, \u00d6l und Chemikalien<\/strong><\/a><\/p>\n<p>Zu den Produktkategorien, die wir in der Gas-, \u00d6l- und Chemieindustrie bedienen, geh\u00f6ren: \u00d6l- und Gasbohrger\u00e4te, Offshore-\u00d6lf\u00f6rderanlagen, Bodenverarbeitungsger\u00e4te, Pipelines f\u00fcr die Oberfl\u00e4chengewinnung und den Transport, \u00d6lraffination, chemische Industrie, Ethylen, D\u00fcngemittel und vieles mehr.<\/p>\n<p><a href=\"https:\/\/www.hqts.com\/your-industries\/machinery-quality-control\/industrial-plants-machinery\/\"><strong>Industrieanlagen und Maschinen<\/strong><\/a><\/p>\n<p>Die Ingenieure und Techniker von HQTS f\u00fcr die Qualit\u00e4tskontrolle von Maschinen sind erfahren in der Qualit\u00e4tskontrolle von Maschinen, einschlie\u00dflich Inspektionen und Pr\u00fcfungen, schweren Ausr\u00fcstungen, Industrieanlagen, Bergbau, Transport und Schwerbau. Wir gehen \u00fcber das normale Ma\u00df hinaus, wenn es um Maschinenproduktion, Sicherheit, Betrieb, Wartung und Versand geht.<\/p>\n<p><a href=\"https:\/\/www.hqts.com\/your-industries\/machinery-quality-control\/construction-equipment-materials\/\"><strong>Baumaschinen und -materialien<\/strong><\/a><\/p>\n<p>Die Qualit\u00e4tssicherungs- und Qualit\u00e4tskontrolldienste von HQTS geben Ihnen Vertrauen in die Qualit\u00e4t aller Materialien, Komponenten und Ausr\u00fcstungen, die in der Bauindustrie verwendet werden, und gew\u00e4hrleisten die Einhaltung aller relevanten Qualit\u00e4tsstandards und Vorschriften.<\/p>\n<p>Unabh\u00e4ngig davon, in welchem Bereich Sie t\u00e4tig sind, entwickeln wir gemeinsam mit Ihnen ein ma\u00dfgeschneidertes Qualit\u00e4tssicherungsprogramm, das auf Ihre Lieferkettenstrategien abgestimmt ist.<\/p>\n<p><strong>Das Unternehmen f\u00fcr Qualit\u00e4tskontrolle, dem Sie vertrauen k\u00f6nnen<\/strong><\/p>\n<p>HQTS ist seit mehr als 25 Jahren im Bereich der Qualit\u00e4tssicherung t\u00e4tig. Mit unseren Dienstleistungen erhalten Sie die Informationen, die Sie beim Kauf von Ger\u00e4ten f\u00fcr die Installation in asiatischen Fabriken oder vor der Verschiffung an andere Standorte rund um den Globus ben\u00f6tigen. Nehmen Sie noch heute Kontakt auf.<\/p>\n<p>&nbsp;<\/p>\n","protected":false},"excerpt":{"rendered":"<p>Industrielle Qualit\u00e4tssicherungsdienste Unser Team f\u00fcr Industrieprodukte und Fertigungsdienstleistungen f\u00fchrt st\u00e4ndig neue Technologien und Dienstleistungsinnovationen ein und bietet gleichzeitig effiziente, strenge, unabh\u00e4ngige und unparteiische ma\u00dfgeschneiderte Dienstleistungen an. HQTS bietet eine Reihe von Qualit\u00e4tsdienstleistungen an, die den einschl\u00e4gigen nationalen und internationalen Vorschriften und Normen entsprechen. Energie &amp; Kraftwerk Asien ist ein wichtiger Markt f\u00fcr Kraftwerke zur Energieerzeugung [&hellip;]<\/p>\n","protected":false},"author":12,"featured_media":124530,"parent":124184,"menu_order":1,"comment_status":"closed","ping_status":"closed","template":"","meta":{"_acf_changed":false,"footnotes":""},"class_list":["post-124528","page","type-page","status-publish","has-post-thumbnail","hentry"],"acf":[],"_links":{"self":[{"href":"https:\/\/www.hqts.com\/de\/wp-json\/wp\/v2\/pages\/124528","targetHints":{"allow":["GET"]}}],"collection":[{"href":"https:\/\/www.hqts.com\/de\/wp-json\/wp\/v2\/pages"}],"about":[{"href":"https:\/\/www.hqts.com\/de\/wp-json\/wp\/v2\/types\/page"}],"author":[{"embeddable":true,"href":"https:\/\/www.hqts.com\/de\/wp-json\/wp\/v2\/users\/12"}],"replies":[{"embeddable":true,"href":"https:\/\/www.hqts.com\/de\/wp-json\/wp\/v2\/comments?post=124528"}],"version-history":[{"count":2,"href":"https:\/\/www.hqts.com\/de\/wp-json\/wp\/v2\/pages\/124528\/revisions"}],"predecessor-version":[{"id":124531,"href":"https:\/\/www.hqts.com\/de\/wp-json\/wp\/v2\/pages\/124528\/revisions\/124531"}],"up":[{"embeddable":true,"href":"https:\/\/www.hqts.com\/de\/wp-json\/wp\/v2\/pages\/124184"}],"wp:featuredmedia":[{"embeddable":true,"href":"https:\/\/www.hqts.com\/de\/wp-json\/wp\/v2\/media\/124530"}],"wp:attachment":[{"href":"https:\/\/www.hqts.com\/de\/wp-json\/wp\/v2\/media?parent=124528"}],"curies":[{"name":"wp","href":"https:\/\/api.w.org\/{rel}","templated":true}]}}