{"id":124532,"date":"2022-08-26T07:25:36","date_gmt":"2022-08-26T07:25:36","guid":{"rendered":"https:\/\/www.hqts.com\/?page_id=124532"},"modified":"2022-08-26T08:09:07","modified_gmt":"2022-08-26T08:09:07","slug":"qualitaetskontrolle-inspektionen-energie-kraftwerken","status":"publish","type":"page","link":"https:\/\/www.hqts.com\/de\/industries\/qualitaetskontrolle-inspektionen-energie-kraftwerken\/","title":{"rendered":"QUALIT\u00c4TSKONTROLLE &#038; INSPEKTIONEN IN ENERGIE- UND KRAFTWERKEN"},"content":{"rendered":"<h3><strong>Qualit\u00e4tskontrolle und Inspektionen in Energie- und Kraftwerken<\/strong><\/h3>\n<p><strong>Asien ist ein wichtiger Markt f\u00fcr Kraftwerke zur Energieerzeugung und die dazugeh\u00f6rige Infrastruktur. HQTS bietet eine Reihe von Qualit\u00e4tsdienstleistungen an, die den einschl\u00e4gigen nationalen und internationalen Vorschriften und Normen entsprechen.<\/strong><\/p>\n<p><strong>Einige der Produktkategorien, die wir abdecken, sind: Ausr\u00fcstung f\u00fcr die Energie\u00fcbertragung und -umwandlung, Ausr\u00fcstung f\u00fcr W\u00e4rmekraftwerke, Ausr\u00fcstung f\u00fcr Windkraftwerke, Ausr\u00fcstung f\u00fcr Fotovoltaik-Kraftwerke, Wasserkraftwerke und Metallkonstruktionen, usw.<\/strong><\/p>\n<p><strong>Unsere Dienstleistungen umfassen:<\/strong><\/p>\n<ul>\n<li>Beschaffungsberatung und Lieferkettenmanagement (Engineering Procurement Construction Management)<\/li>\n<\/ul>\n<p>Die Planungsphase umfasst Beratung und Risikobewertung des Projekts. Die Beschaffungsphase umfasst die Bewertung von Lieferanten, Werks- und Hafeninspektionen, und die Bauphase beinhaltet die Unterst\u00fctzung durch technisches Personal, das Qualit\u00e4ts- und Terminmanagement vor Ort, das HSE-Management, zerst\u00f6rungsfreie Pr\u00fcfungen und die Inspektion von Produktionsanlagen und Ausr\u00fcstung w\u00e4hrend der Inbetriebnahme.<\/p>\n<ul>\n<li>Technischer Dienst von TPI: \u00dcberwachung und Inspektion, Werksabfertigung, \u00dcberwachung der Hafen- und Containerverladung, Bohr- und Plattformdienste<\/li>\n<li>Zertifizierung, Personalschulung und Beratungsdienste EN10204-3.2-Zertifikat, Zertifizierung der Schwei\u00dfverfahrenspr\u00fcfung durch Dritte<\/li>\n<li>Technischer Dienst f\u00fcr Produktpr\u00fcfungen<\/li>\n<li>HR-Unterst\u00fctzungsdienst vor Ort<\/li>\n<\/ul>\n<p>&nbsp;<\/p>\n","protected":false},"excerpt":{"rendered":"<p>Qualit\u00e4tskontrolle und Inspektionen in Energie- und Kraftwerken Asien ist ein wichtiger Markt f\u00fcr Kraftwerke zur Energieerzeugung und die dazugeh\u00f6rige Infrastruktur. HQTS bietet eine Reihe von Qualit\u00e4tsdienstleistungen an, die den einschl\u00e4gigen nationalen und internationalen Vorschriften und Normen entsprechen. Einige der Produktkategorien, die wir abdecken, sind: Ausr\u00fcstung f\u00fcr die Energie\u00fcbertragung und -umwandlung, Ausr\u00fcstung f\u00fcr W\u00e4rmekraftwerke, Ausr\u00fcstung f\u00fcr [&hellip;]<\/p>\n","protected":false},"author":12,"featured_media":138906,"parent":124184,"menu_order":4,"comment_status":"closed","ping_status":"closed","template":"","meta":{"_acf_changed":false,"footnotes":""},"class_list":["post-124532","page","type-page","status-publish","has-post-thumbnail","hentry"],"acf":[],"_links":{"self":[{"href":"https:\/\/www.hqts.com\/de\/wp-json\/wp\/v2\/pages\/124532","targetHints":{"allow":["GET"]}}],"collection":[{"href":"https:\/\/www.hqts.com\/de\/wp-json\/wp\/v2\/pages"}],"about":[{"href":"https:\/\/www.hqts.com\/de\/wp-json\/wp\/v2\/types\/page"}],"author":[{"embeddable":true,"href":"https:\/\/www.hqts.com\/de\/wp-json\/wp\/v2\/users\/12"}],"replies":[{"embeddable":true,"href":"https:\/\/www.hqts.com\/de\/wp-json\/wp\/v2\/comments?post=124532"}],"version-history":[{"count":2,"href":"https:\/\/www.hqts.com\/de\/wp-json\/wp\/v2\/pages\/124532\/revisions"}],"predecessor-version":[{"id":124541,"href":"https:\/\/www.hqts.com\/de\/wp-json\/wp\/v2\/pages\/124532\/revisions\/124541"}],"up":[{"embeddable":true,"href":"https:\/\/www.hqts.com\/de\/wp-json\/wp\/v2\/pages\/124184"}],"wp:featuredmedia":[{"embeddable":true,"href":"https:\/\/www.hqts.com\/de\/wp-json\/wp\/v2\/media\/138906"}],"wp:attachment":[{"href":"https:\/\/www.hqts.com\/de\/wp-json\/wp\/v2\/media?parent=124532"}],"curies":[{"name":"wp","href":"https:\/\/api.w.org\/{rel}","templated":true}]}}