{"id":124621,"date":"2022-08-29T22:41:16","date_gmt":"2022-08-29T22:41:16","guid":{"rendered":"https:\/\/www.hqts.com\/?page_id=124621"},"modified":"2022-08-29T22:42:15","modified_gmt":"2022-08-29T22:42:15","slug":"inspektionen-von-maschinen-anlagen","status":"publish","type":"page","link":"https:\/\/www.hqts.com\/de\/industries\/inspektionen-von-maschinen-anlagen\/","title":{"rendered":"Inspektionen von Maschinen &#038; Anlagen"},"content":{"rendered":"<h3><strong>Inspektionen von Maschinen &amp; Anlagen<\/strong><\/h3>\n<p><strong>Die Qualit\u00e4tskontrolle von Maschinen und Anlagen ist entscheidend f\u00fcr die Optimierung der Effizienz und die Verbesserung Ihres Endergebnisses. Die Inspektion von Maschinen und Anlagen kann von einer einfachen Checkliste bis hin zu einmaligen kundenspezifischen Inspektionen, Tests und Checklisten zur \u00dcberpr\u00fcfung der Einhaltung technischer Anforderungen reichen.<\/strong><\/p>\n<p>Die Ingenieure und Techniker von HQTS f\u00fcr die Qualit\u00e4tskontrolle von Maschinen verf\u00fcgen \u00fcber langj\u00e4hrige Erfahrung in der Qualit\u00e4tskontrolle von Maschinen, einschlie\u00dflich der Inspektion und Pr\u00fcfung von Maschinen, schweren Ausr\u00fcstungen, Anlagen, Bergbau, Transport und Schwerbau. Unsere qualifizierten Mitarbeiter sind in allen Aspekten der Qualit\u00e4tskontrolle f\u00fcr Maschinenproduktion, Sicherheit, Betrieb, Wartung und Versand erfahren.<\/p>\n<p><strong>Unsere Inspektionsdienste<\/strong><\/p>\n<p><strong>Zubeh\u00f6r f\u00fcr Maschinen<\/strong><\/p>\n<ul>\n<li>Fabrik-Audit<\/li>\n<li>Live-Inspektion<\/li>\n<li>Pr\u00fcfung<\/li>\n<li>Beladungsinspektion<\/li>\n<\/ul>\n<p><strong>Inspektionen von Maschinen und Anlagen<\/strong><\/p>\n<ul>\n<li>Fabrik-Audit<\/li>\n<li>Live-Inspektion und Produktions\u00fcberwachung<\/li>\n<li>Zeugenbeobachtung<\/li>\n<li>Be-\/Entlade\u00fcberwachung<\/li>\n<\/ul>\n<p><strong>Inspektionen von Maschinenteilen und -zubeh\u00f6r<\/strong><\/p>\n<p>Die Verarbeitungstechnik und die Qualit\u00e4t der Maschinenkomponenten und des Zubeh\u00f6rs bestimmen die Leistung und Sicherheit der Produktionsmaschinen.<\/p>\n<p>HQTS verf\u00fcgt \u00fcber umfangreiche Erfahrungen in der Branche. Wir f\u00fchren technische Inspektionen der Materialien, des Aussehens, der Verwendung, des Betriebszustands und der Funktion gem\u00e4\u00df den Produktionsanforderungen durch.<\/p>\n<p>Zu den von uns gewarteten Maschinenkomponenten geh\u00f6ren Rohre, Ventile, Armaturen, Guss- und Schmiedeteile.<\/p>\n<p><strong>Die Inspektionsdienste f\u00fcr Maschinenzubeh\u00f6r umfassen<\/strong><\/p>\n<ul>\n<li>Fabrik-Audits: \u00dcberpr\u00fcfung der gesch\u00e4ftlichen, technischen und produktiven F\u00e4higkeiten der Zulieferer, der Qualit\u00e4tssysteme und -verfahren sowie der vorgelagerten Lieferkette.<\/li>\n<li>Live-Inspektion: Material\u00fcberwachung, \u00dcberwachung der Materialverfolgung, Schwei\u00dfpr\u00fcfung, zerst\u00f6rungsfreie Pr\u00fcfung, Gr\u00f6\u00dfenpr\u00fcfung, Beschichtungspr\u00fcfung, Verpackungspr\u00fcfung, Verladepr\u00fcfung.<\/li>\n<li>Pr\u00fcfung: Pr\u00fcfung von Metallwerkstoffen, chemische Analyse, Zugfestigkeitspr\u00fcfung, zerst\u00f6rende Pr\u00fcfung, Korrosionsanalyse.<\/li>\n<li>\u00dcberwachung der Beladung: von der Containerbeladung im Werk bis hin zu Fracht- und Hafenbeladungsdiensten zur \u00dcberwachung der Prozesse gem\u00e4\u00df den Versandanforderungen.<\/li>\n<\/ul>\n<p><strong>Inspektionen von Maschinen und Anlagen<\/strong><\/p>\n<p>Die Komplexit\u00e4t von Maschinenkonfigurationen und Funktionsprinzipien ist sehr unterschiedlich. Unsere erfahrenen Techniker k\u00f6nnen Ihre Maschinen auf der Grundlage anerkannter Branchenfaktoren und Ihrer Anforderungen bewerten, um die ordnungsgem\u00e4\u00dfe Funktionalit\u00e4t, die Zuverl\u00e4ssigkeit von Komponenten und Zubeh\u00f6r, die Qualit\u00e4t der Montage und die Produktionsergebnisse zu ermitteln.<\/p>\n<ul>\n<li><a href=\"https:\/\/www.hqts.com\/manufacturing\/\">Inspektionen von Produktionsanlagen<\/a><\/li>\n<li><a href=\"https:\/\/www.hqts.com\/your-industries\/machinery-quality-control\/industrial-plants-machinery\/\">Inspektionen von Industrieanlagen<\/a><\/li>\n<li><a href=\"https:\/\/www.hqts.com\/construction-equipment\/\">Inspektionen der Bauausr\u00fcstung<\/a><\/li>\n<\/ul>\n<p><strong>Inspektionen von Maschinen und Anlagen Dienstleistungen<\/strong><\/p>\n<ul>\n<li>Druckbeh\u00e4lter f\u00fcr die Chemie- und Lebensmittelindustrie<\/li>\n<li>Technische Ausr\u00fcstungen wie Kr\u00e4ne, Aufz\u00fcge, Bagger, F\u00f6rderb\u00e4nder, Eimer, Muldenkipper<\/li>\n<li>Bergbau- und Zementmaschinen, einschlie\u00dflich Stapler-Kippvorrichtung, Zementofen, M\u00fchle, Be- und Entlademaschinen<\/li>\n<\/ul>\n<p><strong>Wir bieten unter anderem folgende Dienstleistungen an<\/strong><\/p>\n<ul>\n<li>Fabrikaudit und -bewertung: \u00dcberpr\u00fcfung der Gesch\u00e4ftst\u00e4tigkeit, der technischen und produktionstechnischen F\u00e4higkeiten, der Qualit\u00e4tskontrollsysteme und -verfahren sowie der vorgelagerten Lieferkette des Lieferanten.<\/li>\n<li>Live-Inspektion und Produktions\u00fcberwachung: Inspektion und \u00dcberwachung beziehen sich auf Schwei\u00dfen, zerst\u00f6rungsfreie Pr\u00fcfung, Maschinen, Elektrik, Material, Struktur, Chemie, Sicherheit.<\/li>\n<li>Physische Inspektion: aktueller Zustand, Ma\u00dfangaben, Etiketten, Anweisungen, Dokumentation.<\/li>\n<li>Funktionspr\u00fcfung: Sicherheit und Unversehrtheit der Teile und der Maschine sowie die Auslegung der Leitungen.<\/li>\n<li>Leistungsbewertung: ob die Leistungsindikatoren den Entwurfsspezifikationen entsprechen.<\/li>\n<li>Sicherheitsbewertung: Zuverl\u00e4ssigkeit der Sicherheitsmerkmale und -funktionen, \u00dcberpr\u00fcfung der Spezifikationen.<\/li>\n<li>Zertifizierungs\u00fcberpr\u00fcfung: \u00dcberpr\u00fcfung der Einhaltung der Anforderungen der Branche, der Beh\u00f6rden und der Zertifizierungsstelle.<\/li>\n<li>Verladekontrolle: im Werk oder im Hafen zur \u00dcberwachung und \u00dcberpr\u00fcfung der Techniken, um die Einhaltung der Versand- und Handhabungsvorschriften zu gew\u00e4hrleisten.<\/li>\n<\/ul>\n<p><strong>Inspektionen von Schwermaschinen und -anlagen<\/strong><\/p>\n<p>Unsere erfahrenen Ingenieure und Techniker bewerten und pr\u00fcfen Maschinen auf der Grundlage anerkannter Industriestandards, der Einhaltung von Vorschriften, der \u00dcberpr\u00fcfung von Zertifizierungen, Sicherheitsvorschriften und Gesch\u00e4ftsanforderungen. Dazu geh\u00f6ren die Zulieferer in der vorgelagerten Lieferkette, die Leistungsf\u00e4higkeit von Komponenten und Zubeh\u00f6r, die Qualit\u00e4t der Montage und die Produktionsergebnisse.<\/p>\n<p><strong>Maschinen und Anlagen wir bieten Qualit\u00e4tskontrolle f\u00fcr<\/strong><\/p>\n<ul>\n<li>Stra\u00dfenbaumaschinen und andere schwere gewerbliche Baumaschinen und -ger\u00e4te wie Grader und Erdbewegungsmaschinen<\/li>\n<li>Landwirtschafts-, Aquakultur- und Forstwirtschaftsbetriebe aller Art<\/li>\n<li>Transport und Logistik, einschlie\u00dflich Seeverkehr, Schienenverkehr und Frachtumschlagger\u00e4te<\/li>\n<li>Bergbau, Chemieanlagen, Zementwerke, Stahlproduktion und andere schwere Produktionsmaschinen<\/li>\n<\/ul>\n<p><strong>Wir bieten unter anderem folgende Dienstleistungen an<\/strong><\/p>\n<ul>\n<li>Fabrik-Audit und -Bewertung: \u00dcberpr\u00fcfung der Gesch\u00e4ftst\u00e4tigkeit, der technischen und produktiven F\u00e4higkeiten, der Qualit\u00e4tskontrollsysteme und -prozesse sowie der vorgelagerten Lieferkette des Lieferanten<\/li>\n<li>Live-Inspektion und Produktions\u00fcberwachung: Inspektion und \u00dcberwachung beziehen sich auf Schwei\u00dfen, zerst\u00f6rungsfreie Pr\u00fcfung, Maschinen, Elektrik, Material, Struktur, Chemie, Sicherheit<\/li>\n<li>Physische Inspektion: aktueller Zustand, Ma\u00dfangaben, Etiketten, Anweisungen, Dokumentation,<\/li>\n<li>Funktionspr\u00fcfung: Sicherheit und Unversehrtheit von Teilen und Maschinen, Anordnung der Leitungen usw.<\/li>\n<li>Leistungsbewertung: ob die Leistungsindikatoren den Entwurfsspezifikationen entsprechen<\/li>\n<li>Sicherheitsbewertung: Zuverl\u00e4ssigkeit von Sicherheitsmerkmalen und -funktionen, \u00dcberpr\u00fcfung der Spezifikationen<\/li>\n<li>Zertifizierungs\u00fcberpr\u00fcfung: \u00dcberpr\u00fcfung der Einhaltung von Anforderungen der Branche, der Beh\u00f6rden und der Zertifizierungsstellen<\/li>\n<li>Verladekontrolle: in der Fabrik oder im Hafen zur \u00dcberwachung und \u00dcberpr\u00fcfung der Techniken, um die Einhaltung der Versand- und Handhabungsvorschriften zu gew\u00e4hrleisten<\/li>\n<\/ul>\n<p><strong>Maschinen und Ausr\u00fcstung in China<\/strong><\/p>\n<p>HQTS bietet lokale Qualit\u00e4tssicherungsdienste in China an, die sich sowohl auf die Sicherheit, die Einhaltung von Vorschriften als auch auf die Qualit\u00e4tsoptimierung von Fabriksystemen und -prozessen konzentrieren. Wir erbringen Qualit\u00e4tssicherungsdienstleistungen gem\u00e4\u00df den Anforderungen von Beh\u00f6rden, Markt und Kunden.<\/p>\n<p><strong>Wie oft sollten Ger\u00e4te und Maschinen \u00fcberpr\u00fcft werden?<\/strong><\/p>\n<p>Die Antwort ist je nach Art und Verwendung des Ger\u00e4ts sehr unterschiedlich. Zumindest sollten die Inspektionen auf der Grundlage der Herstellerangaben durchgef\u00fchrt werden.<\/p>\n<p><strong>Was sind die Vorteile der Inspektion von Maschinen und Anlagen?<\/strong><\/p>\n<p>Regelm\u00e4\u00dfige Inspektionen von Ger\u00e4ten und Maschinen tragen dazu bei, die Produktivit\u00e4t zu gew\u00e4hrleisten, was f\u00fcr Ihr Endergebnis entscheidend ist. Wenn die Ger\u00e4te in gutem Zustand sind, mit h\u00f6chster Leistung laufen und mit den entsprechenden Sicherheitsprotokollen arbeiten, wird die Effizienz maximiert und der Verlust reduziert.<\/p>\n<p><strong>Das Unternehmen f\u00fcr Qualit\u00e4tskontrolle, dem Sie vertrauen k\u00f6nnen<\/strong><\/p>\n<p>HQTS ist seit mehr als 20 Jahren im Bereich der Qualit\u00e4tssicherung t\u00e4tig. Unsere Dienstleistungen geben Ihnen die Informationen an die Hand, die Sie beim Kauf von Ger\u00e4ten f\u00fcr die Installation in asiatischen Fabriken oder vor der Verschiffung an andere Standorte rund um den Globus ben\u00f6tigen.<\/p>\n<p>&nbsp;<\/p>\n<p>&nbsp;<\/p>\n","protected":false},"excerpt":{"rendered":"<p>Inspektionen von Maschinen &amp; Anlagen Die Qualit\u00e4tskontrolle von Maschinen und Anlagen ist entscheidend f\u00fcr die Optimierung der Effizienz und die Verbesserung Ihres Endergebnisses. Die Inspektion von Maschinen und Anlagen kann von einer einfachen Checkliste bis hin zu einmaligen kundenspezifischen Inspektionen, Tests und Checklisten zur \u00dcberpr\u00fcfung der Einhaltung technischer Anforderungen reichen. Die Ingenieure und Techniker von [&hellip;]<\/p>\n","protected":false},"author":12,"featured_media":124623,"parent":124184,"menu_order":18,"comment_status":"closed","ping_status":"closed","template":"","meta":{"_acf_changed":false,"footnotes":""},"class_list":["post-124621","page","type-page","status-publish","has-post-thumbnail","hentry"],"acf":[],"_links":{"self":[{"href":"https:\/\/www.hqts.com\/de\/wp-json\/wp\/v2\/pages\/124621","targetHints":{"allow":["GET"]}}],"collection":[{"href":"https:\/\/www.hqts.com\/de\/wp-json\/wp\/v2\/pages"}],"about":[{"href":"https:\/\/www.hqts.com\/de\/wp-json\/wp\/v2\/types\/page"}],"author":[{"embeddable":true,"href":"https:\/\/www.hqts.com\/de\/wp-json\/wp\/v2\/users\/12"}],"replies":[{"embeddable":true,"href":"https:\/\/www.hqts.com\/de\/wp-json\/wp\/v2\/comments?post=124621"}],"version-history":[{"count":2,"href":"https:\/\/www.hqts.com\/de\/wp-json\/wp\/v2\/pages\/124621\/revisions"}],"predecessor-version":[{"id":124624,"href":"https:\/\/www.hqts.com\/de\/wp-json\/wp\/v2\/pages\/124621\/revisions\/124624"}],"up":[{"embeddable":true,"href":"https:\/\/www.hqts.com\/de\/wp-json\/wp\/v2\/pages\/124184"}],"wp:featuredmedia":[{"embeddable":true,"href":"https:\/\/www.hqts.com\/de\/wp-json\/wp\/v2\/media\/124623"}],"wp:attachment":[{"href":"https:\/\/www.hqts.com\/de\/wp-json\/wp\/v2\/media?parent=124621"}],"curies":[{"name":"wp","href":"https:\/\/api.w.org\/{rel}","templated":true}]}}