{"id":124625,"date":"2022-08-29T22:43:35","date_gmt":"2022-08-29T22:43:35","guid":{"rendered":"https:\/\/www.hqts.com\/?page_id=124625"},"modified":"2022-08-29T22:44:36","modified_gmt":"2022-08-29T22:44:36","slug":"inspektion-pruefung-von-baumaschinen-und-materialien","status":"publish","type":"page","link":"https:\/\/www.hqts.com\/de\/industries\/inspektion-pruefung-von-baumaschinen-und-materialien\/","title":{"rendered":"INSPEKTION &#038; PR\u00dcFUNG VON BAUMASCHINEN UND MATERIALIEN"},"content":{"rendered":"<h3><strong>Inspektionen von Baumaschinen und -materialien<\/strong><\/h3>\n<p><strong>Die Qualit\u00e4tssicherungs- und Qualit\u00e4tskontrolldienste von HQTS geben Ihnen Vertrauen in die Qualit\u00e4t aller Materialien, Komponenten und Ger\u00e4te, die in der Bauindustrie verwendet werden, und stellen sicher, dass sie alle relevanten Qualit\u00e4tsstandards und Vorschriften erf\u00fcllen.<\/strong><\/p>\n<p>Unsere Dienstleistungen f\u00fcr die Industrie umfassen Qualit\u00e4tskontrollen und Pr\u00fcfungen von Teilen, Materialien und Endprodukten durch unabh\u00e4ngige Kontrollen, Audits von Zulieferern und Herstellern, Inspektionen und Funktionstests, technische Dokumentation, Dimensionsmessungen, \u00dcberpr\u00fcfung der CE-Kennzeichnung, \u00dcberwachung der Beladung und einschl\u00e4gige chemische Tests, wenn dies gem\u00e4\u00df den gesetzlichen Richtlinien erforderlich ist.<\/p>\n<p>HLK-B\u00e4der, Baubeschl\u00e4ge, Verkleidungen und Bauteile, T\u00fcren, Fenster und Glas sowie verschiedene Arten von Baumaterialien<\/p>\n<p><strong>Unsere Dienstleistungen umfassen:<\/strong><\/p>\n<p><strong>Projektinspektion und Pr\u00fcfdienste<\/strong><\/p>\n<p>&#8211; Rohstoffe und Komponenten<br \/>\n&#8211; Statische Bewertung<br \/>\n&#8211; Montage von Stahlkonstruktionen<br \/>\n&#8211; Umweltfreundliche Innenr\u00e4ume<br \/>\n&#8211; Wandstrukturen<br \/>\n&#8211; Au\u00dfenwandstrukturen<\/p>\n<p><strong>\u00dcberwachung von Bauprojekten<\/strong><\/p>\n<p>&#8211; Grundlegendes Projekt<br \/>\n&#8211; Hauptstrukturen<br \/>\n&#8211; Hauptteil<br \/>\n&#8211; Hauptverfahren<br \/>\n&#8211; \u00dcberwachung der Arbeiter<br \/>\n&#8211; Verwaltung von Pl\u00e4nen und Dokumenten &#8211; Leistungen<\/p>\n<p>&nbsp;<\/p>\n","protected":false},"excerpt":{"rendered":"<p>Inspektionen von Baumaschinen und -materialien Die Qualit\u00e4tssicherungs- und Qualit\u00e4tskontrolldienste von HQTS geben Ihnen Vertrauen in die Qualit\u00e4t aller Materialien, Komponenten und Ger\u00e4te, die in der Bauindustrie verwendet werden, und stellen sicher, dass sie alle relevanten Qualit\u00e4tsstandards und Vorschriften erf\u00fcllen. Unsere Dienstleistungen f\u00fcr die Industrie umfassen Qualit\u00e4tskontrollen und Pr\u00fcfungen von Teilen, Materialien und Endprodukten durch unabh\u00e4ngige [&hellip;]<\/p>\n","protected":false},"author":12,"featured_media":124629,"parent":124184,"menu_order":20,"comment_status":"closed","ping_status":"closed","template":"","meta":{"_acf_changed":false,"footnotes":""},"class_list":["post-124625","page","type-page","status-publish","has-post-thumbnail","hentry"],"acf":[],"_links":{"self":[{"href":"https:\/\/www.hqts.com\/de\/wp-json\/wp\/v2\/pages\/124625","targetHints":{"allow":["GET"]}}],"collection":[{"href":"https:\/\/www.hqts.com\/de\/wp-json\/wp\/v2\/pages"}],"about":[{"href":"https:\/\/www.hqts.com\/de\/wp-json\/wp\/v2\/types\/page"}],"author":[{"embeddable":true,"href":"https:\/\/www.hqts.com\/de\/wp-json\/wp\/v2\/users\/12"}],"replies":[{"embeddable":true,"href":"https:\/\/www.hqts.com\/de\/wp-json\/wp\/v2\/comments?post=124625"}],"version-history":[{"count":2,"href":"https:\/\/www.hqts.com\/de\/wp-json\/wp\/v2\/pages\/124625\/revisions"}],"predecessor-version":[{"id":124630,"href":"https:\/\/www.hqts.com\/de\/wp-json\/wp\/v2\/pages\/124625\/revisions\/124630"}],"up":[{"embeddable":true,"href":"https:\/\/www.hqts.com\/de\/wp-json\/wp\/v2\/pages\/124184"}],"wp:featuredmedia":[{"embeddable":true,"href":"https:\/\/www.hqts.com\/de\/wp-json\/wp\/v2\/media\/124629"}],"wp:attachment":[{"href":"https:\/\/www.hqts.com\/de\/wp-json\/wp\/v2\/media?parent=124625"}],"curies":[{"name":"wp","href":"https:\/\/api.w.org\/{rel}","templated":true}]}}