{"id":124631,"date":"2022-08-29T22:46:17","date_gmt":"2022-08-29T22:46:17","guid":{"rendered":"https:\/\/www.hqts.com\/?page_id=124631"},"modified":"2022-08-29T22:46:54","modified_gmt":"2022-08-29T22:46:54","slug":"transport-supply-chain-dienstleistungen","status":"publish","type":"page","link":"https:\/\/www.hqts.com\/de\/industries\/transport-supply-chain-dienstleistungen\/","title":{"rendered":"Transport-Supply-Chain-Dienstleistungen"},"content":{"rendered":"<h3><strong>Transport-Supply-Chain-Dienstleistungen<\/strong><\/h3>\n<p><strong>Ganz gleich, ob Sie in der Eisenbahn-, Automobil-, LKW- oder Luft- und Raumfahrtindustrie t\u00e4tig sind, HQTS hat die L\u00f6sung f\u00fcr Ihre Qualit\u00e4tsanforderungen. Wir verf\u00fcgen \u00fcber langj\u00e4hrige Erfahrung und ein breites Spektrum an Dienstleistungen, um die Qualit\u00e4t der Ausr\u00fcstung, Materialien und Produkte in Ihrer Transportlieferkette zu gew\u00e4hrleisten.<\/strong><\/p>\n<p><strong>Automobilteile<\/strong><\/p>\n<p>Die Qualit\u00e4t von Kfz-Teilen steht in direktem Zusammenhang mit der Sicherheit und Leistung eines Fahrzeugs. Es ist von entscheidender Bedeutung, der Qualit\u00e4t von Autoteilen mehr Aufmerksamkeit zu widmen, um die Sicherheit und Benutzerfreundlichkeit zu verbessern und damit den Wert Ihrer Marke zu steigern.<\/p>\n<p>Der Beschaffungsprozess f\u00fcr Automobilteile kann aufgrund der unterschiedlichen Spezifikationen, der F\u00e4higkeiten der Zulieferer und der verschiedenen Standorte sehr komplex sein. HQTS f\u00fchrt seit mehreren Jahren Qualit\u00e4tssicherungsdienstleistungen f\u00fcr die Automobilindustrie durch, und zwar \u00fcber unsere weltweiten Servicestandorte.<\/p>\n<p>Wir sind bereit und in der Lage, Ihre Anforderungen an Qualit\u00e4t, Zuverl\u00e4ssigkeit und Sicherheit Ihrer Automobilprodukte zu erf\u00fcllen und dadurch Ihre Wettbewerbsf\u00e4higkeit auf dem Markt zu verbessern. Unsere erfahrenen Inspektoren f\u00fchren die PPAP-Verfahren durch und k\u00f6nnen Ihnen helfen, die Qualit\u00e4t Ihrer Produkte in jeder Phase des Produktionsprozesses zu kontrollieren.<\/p>\n<p><strong>Wir k\u00f6nnen unter anderem folgende Autoteile warten:<\/strong><\/p>\n<p>Motorenteile, Innenausstattung von Kraftfahrzeugen, Au\u00dfenausstattung von Kraftfahrzeugen, Zubeh\u00f6r f\u00fcr den Antriebsstrang, Bremsen, Lenkung, R\u00e4der, Fahrwerk, Karosserie, Lenkung, Reisezubeh\u00f6r, elektrische Instrumente, Fahrzeugumbau, Sicherheitssysteme, umfassendes Zubeh\u00f6r, Audio- und Videoger\u00e4te, chemische Pflege, Wartungsger\u00e4te, Elektrowerkzeuge usw.<\/p>\n<p><strong>Unser Service<\/strong><\/p>\n<ul>\n<li>Fabrik-Audit<\/li>\n<li>Inspektionsdienst<\/li>\n<li>Inspektion vor der Produktion<\/li>\n<li>PPAP-Verfahren<\/li>\n<li>Inspektion vor dem Versand<\/li>\n<li>Auswahl und Reparatur<\/li>\n<li>Pr\u00fcfung<\/li>\n<li>Kontrolle des Ladens\/Uploads<\/li>\n<\/ul>\n<p><strong>Inspektionsdienste<\/strong><\/p>\n<p>Unser erfahrenes Team bewertet auf der Grundlage der PPAP-Verfahren folgende Punkte:<\/p>\n<ul>\n<li>Inspektion vor der Produktion<\/li>\n<li>Allgemeine Inspektion des Aussehens, der Leistung und der Funktion, um vor der PPAP-Serienproduktion Teile zu entdecken, die nicht den Anforderungen entsprechen.<\/li>\n<li>PPAP-Verfahren<\/li>\n<li>Um die Anzahl der nicht konformen Teile zu reduzieren, \u00fcberwachen wir die Indikatoren des Ger\u00e4ts w\u00e4hrend der Produktion, einschlie\u00dflich:\n<ul>\n<li>\u00dcberpr\u00fcfen Sie vor der Produktion die Qualit\u00e4t und Quantit\u00e4t des Materials, um zu sehen, ob es den Anforderungen des Einkaufsplans entspricht;<\/li>\n<li>F\u00fchren Sie w\u00e4hrend der Produktion eine Pr\u00fcfung auf Gr\u00f6\u00dfe, Aussehen und Funktion gem\u00e4\u00df den Anforderungen durch;<\/li>\n<li>Erfassen Sie die wichtigsten Prozessparameter der Fabrik, um festzustellen, ob sie planm\u00e4\u00dfig l\u00e4uft;<\/li>\n<li>\u00dcberpr\u00fcfen Sie die Funktionalit\u00e4t des Ger\u00e4ts, um einen ordnungsgem\u00e4\u00dfen Betrieb sicherzustellen;<\/li>\n<li>Reduzieren Sie nicht konforme Produkte: Pr\u00fcfen Sie, ob sie bei Arbeit und Material schummeln, ob die Handarbeit qualifiziert ist und ob die Umgebung f\u00fcr die Produktion geeignet ist.<\/li>\n<\/ul>\n<\/li>\n<li>Inspektion vor dem Versand<\/li>\n<li>F\u00fchren Sie eine Stichprobenpr\u00fcfung auf Menge, Gr\u00f6\u00dfe, Aussehen, Funktion und Verpackung vor dem Versand gem\u00e4\u00df Bauplan und Bestellung durch.<\/li>\n<li>Probe und Nacharbeit oder Reparatur<\/li>\n<li>Wenn w\u00e4hrend der Produktion Produkte gefunden werden, die nicht den Vorschriften entsprechen, k\u00f6nnen wir eine Notauswahl von nicht qualifizierten Produkten zum Ausrangieren oder zur Nacharbeit bereitstellen.<\/li>\n<\/ul>\n<p><strong>Pr\u00fcfung<\/strong><\/p>\n<p>HQTS bietet einen Pr\u00fcfservice f\u00fcr Automobilteile an, der Ihnen hilft, die Anforderungen f\u00fcr jede Produktionsphase zu erf\u00fcllen, Ihr Risiko zu verringern und Ihre Marktposition zu verbessern.<\/p>\n<p><strong>Einige der von uns angebotenen Pr\u00fcfdienste:<\/strong><\/p>\n<p>Analyse der chemischen Zusammensetzung, metallographische Analyse, H\u00e4rtepr\u00fcfung, Zugfestigkeit, Streckgrenze, Dehnbarkeit, Oberfl\u00e4chenrauhigkeit, Schichtdicke, Magnetpulverpr\u00fcfung, Ultraschall-Fehlererkennung, R\u00f6ntgen-Druckfestigkeitspr\u00fcfung, Luftdichtheitspr\u00fcfung, Pr\u00fcfung von flammhemmenden Materialien im Fahrzeug, Pr\u00fcfung von gef\u00e4hrlichen Stoffen im Fahrzeuginneren, Materialalterungstest, Konditionierungspr\u00fcfung, Temperatur- und Feuchtigkeitspr\u00fcfung, Wasserdichtigkeits- und Alterungspr\u00fcfung, Schlagpr\u00fcfung, Biegepr\u00fcfung, \u00dcberdruckpr\u00fcfung, Z\u00fcndimpulspr\u00fcfung, Isolationswiderstandspr\u00fcfung, Kurzschlusspr\u00fcfung, Fallpr\u00fcfung, Steifigkeitspr\u00fcfung, Crash-Pr\u00fcfung, mechanische Schockpr\u00fcfung, Gas-Korrosionsbest\u00e4ndigkeitspr\u00fcfung, Best\u00e4ndigkeitspr\u00fcfung gegen chemische Reagenzien, Hochbeschleunigungspr\u00fcfung, Arbeitsspannungspr\u00fcfung, Strompr\u00fcfung.<\/p>\n<p><strong>Wir beobachten und best\u00e4tigen unabh\u00e4ngig die Ergebnisse von Werkspr\u00fcfungen, wie z. B.:<\/strong><\/p>\n<p>Niederschlag, Wassereintritt und Leckagen, Intermodulation, Vibration, Salznebel, Reaktion auf Umweltbedingungen, werksinterne Pr\u00fcfsysteme und -verfahren, Zustand und Kalibrierung der Pr\u00fcfger\u00e4te.<\/p>\n<p><strong>Bahn<\/strong><\/p>\n<p>Unabh\u00e4ngig davon, ob Sie Komponentenhersteller oder Zulieferer f\u00fcr die Schienenfahrzeugindustrie sind, m\u00fcssen Sie eine Vielzahl von Sicherheits- und Regulierungsanforderungen erf\u00fcllen. Wir bieten ein umfassendes Angebot an Eisenbahndienstleistungen zur Unterst\u00fctzung Ihrer Lieferkette.<\/p>\n<p><strong>Unser Angebot an Dienstleistungen<\/strong><\/p>\n<ul>\n<li>Vorbereitung auf die Zertifizierung zur Lieferung von Rollmaterial an die Industrie<\/li>\n<li>Unabh\u00e4ngige Kontrolle und Pr\u00fcfung von Fahrzeugen oder Komponenten<\/li>\n<li>Best\u00e4tigen Sie die Qualit\u00e4t und Leistung von Materialien und Komponenten<\/li>\n<li>Gew\u00e4hrleistung der Einhaltung der geltenden Vorschriften<\/li>\n<li>Auslagerung von F\u00e4higkeiten und Fachwissen, die Sie f\u00fcr bestimmte Projekte ben\u00f6tigen<\/li>\n<\/ul>\n<p><strong>Luft- und Raumfahrt<\/strong><\/p>\n<p>Produkte, die f\u00fcr die Luft- und Raumfahrtindustrie hergestellt und verkauft werden, m\u00fcssen strenge Vorschriften und Normen einhalten. Von Herstellern und Zulieferern bis hin zu Einzelhandelsunternehmen f\u00fcr den Anschlussmarkt bietet Ihnen HQTS eine breite Palette spezialisierter Dienstleistungen, um sicherzustellen, dass Ihre Produkte die gesetzlichen und technischen Normen sowie Ihre anspruchsvollen Anforderungen erf\u00fcllen.<\/p>\n<p><strong>Unser Angebot an Dienstleistungen<\/strong><\/p>\n<ul>\n<li>Inspektion vor der Produktion<\/li>\n<li>W\u00e4hrend der Produktionsinspektion<\/li>\n<li>Inspektion vor der Verschiffung<\/li>\n<li>Produktmanagement<\/li>\n<\/ul>\n<p>&nbsp;<\/p>\n","protected":false},"excerpt":{"rendered":"<p>Transport-Supply-Chain-Dienstleistungen Ganz gleich, ob Sie in der Eisenbahn-, Automobil-, LKW- oder Luft- und Raumfahrtindustrie t\u00e4tig sind, HQTS hat die L\u00f6sung f\u00fcr Ihre Qualit\u00e4tsanforderungen. Wir verf\u00fcgen \u00fcber langj\u00e4hrige Erfahrung und ein breites Spektrum an Dienstleistungen, um die Qualit\u00e4t der Ausr\u00fcstung, Materialien und Produkte in Ihrer Transportlieferkette zu gew\u00e4hrleisten. Automobilteile Die Qualit\u00e4t von Kfz-Teilen steht in direktem [&hellip;]<\/p>\n","protected":false},"author":12,"featured_media":124633,"parent":124184,"menu_order":3,"comment_status":"closed","ping_status":"closed","template":"","meta":{"_acf_changed":false,"footnotes":""},"class_list":["post-124631","page","type-page","status-publish","has-post-thumbnail","hentry"],"acf":[],"_links":{"self":[{"href":"https:\/\/www.hqts.com\/de\/wp-json\/wp\/v2\/pages\/124631","targetHints":{"allow":["GET"]}}],"collection":[{"href":"https:\/\/www.hqts.com\/de\/wp-json\/wp\/v2\/pages"}],"about":[{"href":"https:\/\/www.hqts.com\/de\/wp-json\/wp\/v2\/types\/page"}],"author":[{"embeddable":true,"href":"https:\/\/www.hqts.com\/de\/wp-json\/wp\/v2\/users\/12"}],"replies":[{"embeddable":true,"href":"https:\/\/www.hqts.com\/de\/wp-json\/wp\/v2\/comments?post=124631"}],"version-history":[{"count":2,"href":"https:\/\/www.hqts.com\/de\/wp-json\/wp\/v2\/pages\/124631\/revisions"}],"predecessor-version":[{"id":124635,"href":"https:\/\/www.hqts.com\/de\/wp-json\/wp\/v2\/pages\/124631\/revisions\/124635"}],"up":[{"embeddable":true,"href":"https:\/\/www.hqts.com\/de\/wp-json\/wp\/v2\/pages\/124184"}],"wp:featuredmedia":[{"embeddable":true,"href":"https:\/\/www.hqts.com\/de\/wp-json\/wp\/v2\/media\/124633"}],"wp:attachment":[{"href":"https:\/\/www.hqts.com\/de\/wp-json\/wp\/v2\/media?parent=124631"}],"curies":[{"name":"wp","href":"https:\/\/api.w.org\/{rel}","templated":true}]}}