{"id":124636,"date":"2022-08-29T22:48:53","date_gmt":"2022-08-29T22:48:53","guid":{"rendered":"https:\/\/www.hqts.com\/?page_id=124636"},"modified":"2022-08-29T22:49:54","modified_gmt":"2022-08-29T22:49:54","slug":"kfz-teile-inspektionen-und-qualitaetskontrolle","status":"publish","type":"page","link":"https:\/\/www.hqts.com\/de\/industries\/kfz-teile-inspektionen-und-qualitaetskontrolle\/","title":{"rendered":"Kfz-Teile-Inspektionen und Qualit\u00e4tskontrolle"},"content":{"rendered":"<h3>Kfz-Teile-Inspektionen und Qualit\u00e4tskontrolle<\/h3>\n<p>Die Qualit\u00e4t von Autoteilen ist direkt proportional zur Sicherheit und Leistung eines Autos. Es ist entscheidend, der Qualit\u00e4t von Autoteilen mehr Aufmerksamkeit zu widmen, um die Sicherheit und Benutzerfreundlichkeit zu verbessern und dadurch Ihren Markenwert zu steigern. Der Einkaufsprozess f\u00fcr Automobilteile kann aufgrund der unterschiedlichen Spezifikationen, Lieferantenkapazit\u00e4ten und unterschiedlichen Standorte komplex sein.<\/p>\n<p>HQTS f\u00fchrt \u00fcber unsere weltweiten Servicestandorte seit mehreren Jahren Qualit\u00e4tssicherungsdienste f\u00fcr die Automobilindustrie durch. Wir sind bereit und in der Lage, Ihre Anforderungen an Qualit\u00e4t, Zuverl\u00e4ssigkeit und Sicherheit Ihrer Automobilprodukte zu erf\u00fcllen und so Ihre Wettbewerbsf\u00e4higkeit auf dem Markt zu verbessern. Unsere erfahrenen Inspektoren f\u00fchren gem\u00e4\u00df PPAP-Verfahren (Production Part Approval Process) durch und k\u00f6nnen Ihnen dabei helfen, Ihre Produktqualit\u00e4t in jeder Phase des Produktionsprozesses zu kontrollieren.<\/p>\n<p><strong>Zu den von uns gewarteten Autoteilen geh\u00f6ren:<\/strong><br \/>\nMotorteile, Fahrzeuginnenraum, Fahrzeugau\u00dfenbereich, Antriebsstrangzubeh\u00f6r, Bremsbeschl\u00e4ge, Lenkungszubeh\u00f6r, Radsysteme, Fahrwerkssysteme, Karosseriezubeh\u00f6r, Lenksysteme, Reisezubeh\u00f6r, elektrische Instrumentierung, Zubeh\u00f6r, Fahrzeugumbau, Sicherheitssysteme, umfassendes Zubeh\u00f6r, Audio und Video Haushaltsger\u00e4te, chemische Pflege, Wartungsger\u00e4te, Elektrowerkzeuge und vieles mehr.<\/p>\n<p>Unsere Dienstleistungen umfassen:<\/p>\n<p><strong>Werkspr\u00fcfung<\/strong><\/p>\n<p><strong>Testen<\/strong><\/p>\n<p><strong>Inspektionsdienste<\/strong><\/p>\n<p>Inspektion vor der Produktion<br \/>\nPPAP-Verfahren<br \/>\nInspektion vor dem Versand<br \/>\nLade-\/Upload-Inspektion<br \/>\nProduktions\u00fcberwachung<br \/>\nMusterpr\u00fcfung<br \/>\nAuswahl und Reparatur<\/p>\n","protected":false},"excerpt":{"rendered":"<p>Kfz-Teile-Inspektionen und Qualit\u00e4tskontrolle Die Qualit\u00e4t von Autoteilen ist direkt proportional zur Sicherheit und Leistung eines Autos. Es ist entscheidend, der Qualit\u00e4t von Autoteilen mehr Aufmerksamkeit zu widmen, um die Sicherheit und Benutzerfreundlichkeit zu verbessern und dadurch Ihren Markenwert zu steigern. Der Einkaufsprozess f\u00fcr Automobilteile kann aufgrund der unterschiedlichen Spezifikationen, Lieferantenkapazit\u00e4ten und unterschiedlichen Standorte komplex sein. [&hellip;]<\/p>\n","protected":false},"author":12,"featured_media":124640,"parent":124184,"menu_order":21,"comment_status":"closed","ping_status":"closed","template":"","meta":{"_acf_changed":false,"footnotes":""},"class_list":["post-124636","page","type-page","status-publish","has-post-thumbnail","hentry"],"acf":[],"_links":{"self":[{"href":"https:\/\/www.hqts.com\/de\/wp-json\/wp\/v2\/pages\/124636","targetHints":{"allow":["GET"]}}],"collection":[{"href":"https:\/\/www.hqts.com\/de\/wp-json\/wp\/v2\/pages"}],"about":[{"href":"https:\/\/www.hqts.com\/de\/wp-json\/wp\/v2\/types\/page"}],"author":[{"embeddable":true,"href":"https:\/\/www.hqts.com\/de\/wp-json\/wp\/v2\/users\/12"}],"replies":[{"embeddable":true,"href":"https:\/\/www.hqts.com\/de\/wp-json\/wp\/v2\/comments?post=124636"}],"version-history":[{"count":3,"href":"https:\/\/www.hqts.com\/de\/wp-json\/wp\/v2\/pages\/124636\/revisions"}],"predecessor-version":[{"id":124642,"href":"https:\/\/www.hqts.com\/de\/wp-json\/wp\/v2\/pages\/124636\/revisions\/124642"}],"up":[{"embeddable":true,"href":"https:\/\/www.hqts.com\/de\/wp-json\/wp\/v2\/pages\/124184"}],"wp:featuredmedia":[{"embeddable":true,"href":"https:\/\/www.hqts.com\/de\/wp-json\/wp\/v2\/media\/124640"}],"wp:attachment":[{"href":"https:\/\/www.hqts.com\/de\/wp-json\/wp\/v2\/media?parent=124636"}],"curies":[{"name":"wp","href":"https:\/\/api.w.org\/{rel}","templated":true}]}}