{"id":124643,"date":"2022-08-29T22:54:41","date_gmt":"2022-08-29T22:54:41","guid":{"rendered":"https:\/\/www.hqts.com\/?page_id=124643"},"modified":"2022-08-29T22:56:56","modified_gmt":"2022-08-29T22:56:56","slug":"qualitaetskontrolle-im-bereich-lebensmittel-und-landwirtschaft","status":"publish","type":"page","link":"https:\/\/www.hqts.com\/de\/industries\/qualitaetskontrolle-im-bereich-lebensmittel-und-landwirtschaft\/","title":{"rendered":"QUALIT\u00c4TSKONTROLLE IM BEREICH LEBENSMITTEL UND LANDWIRTSCHAFT"},"content":{"rendered":"\t\t<div data-elementor-type=\"wp-page\" data-elementor-id=\"124643\" class=\"elementor elementor-124643 elementor-1516\" data-elementor-post-type=\"page\">\n\t\t\t\t\t\t<section class=\"elementor-section elementor-top-section elementor-element elementor-element-625cc796 elementor-section-boxed elementor-section-height-default elementor-section-height-default\" data-id=\"625cc796\" data-element_type=\"section\">\n\t\t\t\t\t\t<div class=\"elementor-container elementor-column-gap-default\">\n\t\t\t\t\t<div class=\"elementor-column elementor-col-100 elementor-top-column elementor-element elementor-element-2f12ee33\" data-id=\"2f12ee33\" data-element_type=\"column\">\n\t\t\t<div class=\"elementor-widget-wrap elementor-element-populated\">\n\t\t\t\t\t\t<div class=\"elementor-element elementor-element-e4fae23 elementor-widget elementor-widget-text-editor\" data-id=\"e4fae23\" data-element_type=\"widget\" data-widget_type=\"text-editor.default\">\n\t\t\t\t<div class=\"elementor-widget-container\">\n\t\t\t\t\t\t\t\t\t<h3><strong>Lebensmittel und Landwirtschaft Qualit\u00e4tskontrolle<\/strong><\/h3><p><strong>Unf\u00e4lle im Bereich der Lebensmittelsicherheit sind heutzutage eine reale M\u00f6glichkeit, was eine verst\u00e4rkte Kontrolle und strenge Tests in der Produktion und anderen Bereichen bedeutet. Vom Acker bis zum Esstisch ist jede Stufe der gesamten Lebensmittelversorgungskette eine Herausforderung f\u00fcr die Produktsicherheit, -qualit\u00e4t und -wirksamkeit. Qualit\u00e4tsstandards f\u00fcr Lebensmittel und Landwirtschaft sind von gr\u00f6\u00dfter Bedeutung und stehen im Mittelpunkt des Interesses von Beh\u00f6rden und Verbrauchern.<\/strong><\/p><p>Ganz gleich, ob Sie ein Erzeuger oder ein Lebensmittelverpacker sind oder eine andere wichtige Rolle in der Lebensmittelversorgungskette innehaben, es ist Ihre Pflicht, Integrit\u00e4t zu demonstrieren und Sicherheit von der Quelle an zu f\u00f6rdern. Diese Sicherheit kann jedoch nur gew\u00e4hrleistet werden, wenn der Anbau, die Verarbeitung, die Beschaffung und der Versand regelm\u00e4\u00dfig von Fachpersonal \u00fcberwacht und gepr\u00fcft werden.<\/p><h4><strong>Dienstleistungen zur Qualit\u00e4tssicherung von Lebensmitteln<\/strong><\/h4><p><strong>Zu den von uns angebotenen Lebensmitteldienstleistungen geh\u00f6ren unter anderem:<\/strong><\/p><ul><li>Landwirtschaft: <a href=\"https:\/\/www.hqts.com\/your-industries\/food-and-agriculture\/grain-quality-control\/\">Getreide<\/a>, <a href=\"https:\/\/www.hqts.com\/your-industries\/food-and-agriculture\/fruits-and-vegetables-quality-control\/\">Gem\u00fcse und Obst<\/a><\/li><li><a href=\"https:\/\/www.hqts.com\/your-industries\/food-and-agriculture\/seafood-inspections\/\">Meeresfr\u00fcchte<\/a>: gefrorene Meeresfr\u00fcchte, gek\u00fchlte Meeresfr\u00fcchte und getrocknete Meeresfr\u00fcchte.<\/li><li>K\u00fcnstliche Lebensmittel: verarbeitetes Getreide, Molkereiprodukte, <a href=\"https:\/\/www.hqts.com\/your-industries\/food-and-agriculture\/meat-and-poultry-quality-control\/\">Fleischprodukte<\/a>, Meeresfr\u00fcchte, Fertiggerichte, Tiefk\u00fchlgetr\u00e4nke, Tiefk\u00fchlkost, Kartoffelchips und extrudierte Snacks, S\u00fc\u00dfigkeiten, Gem\u00fcse, Obst, Backwaren, Speise\u00f6l, Aromen usw.<\/li><\/ul><p>Wir halten die nationalen Gesetze und Vorschriften ein und erbringen Qualit\u00e4tsdienstleistungen auf der Grundlage der folgenden Standards:<\/p><ul><li><strong>Normen f\u00fcr die Inspektion von Lebensmittelproben:<\/strong> CAC\/GL 50-2004, ISO 8423:1991, GB\/T 30642, usw.<\/li><li><strong>Normen f\u00fcr die sensorische Bewertung von Lebensmitteln:<\/strong> CODEX, ISO, GB und andere Klassifizierungsnormen.<\/li><\/ul><p>Normen f\u00fcr Lebensmitteluntersuchungen und -analysen: nationale und internationale Normen, eine Reihe von Normen f\u00fcr den mikrobiologischen Nachweis, den Nachweis von Pestizidr\u00fcckst\u00e4nden, physikalisch-chemische Analysen usw.<\/p><p>Fabrik-\/Lager-Audit-Normen: ISO9000, ISO14000, ISO22000, HACCP.<\/p><p><strong>Die Dienstleistungen von HQTS zur Qualit\u00e4tssicherung von Lebensmitteln umfassen:<\/strong><\/p><ul><li><strong>Fabrik-\/Lager-Audit<\/strong><\/li><li><strong>Inspektion<\/strong><\/li><li>Vor-Produktionskontrolle (PPI)<\/li><li>Pr\u00fcfung w\u00e4hrend der Produktion (DPI)<\/li><li>Vorversandkontrolle (PSI)<\/li><li>Be-\/Entlade\u00fcberwachung (LS\/US)<\/li><li>\u00dcberwachung der Produktion<\/li><li>Umfrage<\/li><li>Produktpr\u00fcfung<\/li><\/ul><h4><strong>Lebensmittel- und Landwirtschaftsinspektion<\/strong><\/h4><p><strong>Zu unseren Inspektionsobjekten im Bereich Lebensmittel und Landwirtschaft geh\u00f6ren unter anderem:<\/strong><\/p><ul><li>Visuelle Kontrolle<\/li><li>Messung des Gewichts<\/li><li>Temperaturkontrolle<\/li><li>Paketkontrolle<\/li><li>Pr\u00fcfung der Zuckerkonzentration<\/li><li>Erkennung des Salzgehalts<\/li><li>Kontrolle der Eisgl\u00e4tte<\/li><li>Pr\u00fcfung der chromatischen Aberration<\/li><\/ul><p><strong>Zu unseren Dienstleistungen im Bereich der Lebensmittel- und Landwirtschaftssicherheit geh\u00f6ren unter anderem:<\/strong><\/p><ul><li>Erkennung von Verschmutzungen<\/li><li>Nachweis von R\u00fcckst\u00e4nden<\/li><li>Nachweis von Mikroorganismen<\/li><li>Physikalisch-chemische Analyse<\/li><li>Nachweis von Schwermetallen<\/li><li>Farbstoff-Nachweis<\/li><li>Messung der Wasserqualit\u00e4t<\/li><li>Analyse der N\u00e4hrwertkennzeichnung von Lebensmitteln<\/li><li>Pr\u00fcfung von Materialien mit Lebensmittelkontakt<\/li><\/ul>\t\t\t\t\t\t\t\t<\/div>\n\t\t\t\t<\/div>\n\t\t\t\t\t<\/div>\n\t\t<\/div>\n\t\t\t\t\t<\/div>\n\t\t<\/section>\n\t\t\t\t<\/div>\n\t\t","protected":false},"excerpt":{"rendered":"<p>Lebensmittel und Landwirtschaft Qualit\u00e4tskontrolle Unf\u00e4lle im Bereich der Lebensmittelsicherheit sind heutzutage eine reale M\u00f6glichkeit, was eine verst\u00e4rkte Kontrolle und strenge Tests in der Produktion und anderen Bereichen bedeutet. Vom Acker bis zum Esstisch ist jede Stufe der gesamten Lebensmittelversorgungskette eine Herausforderung f\u00fcr die Produktsicherheit, -qualit\u00e4t und -wirksamkeit. Qualit\u00e4tsstandards f\u00fcr Lebensmittel und Landwirtschaft sind von gr\u00f6\u00dfter [&hellip;]<\/p>\n","protected":false},"author":12,"featured_media":124647,"parent":124184,"menu_order":2,"comment_status":"closed","ping_status":"closed","template":"","meta":{"_acf_changed":false,"footnotes":""},"class_list":["post-124643","page","type-page","status-publish","has-post-thumbnail","hentry"],"acf":[],"_links":{"self":[{"href":"https:\/\/www.hqts.com\/de\/wp-json\/wp\/v2\/pages\/124643","targetHints":{"allow":["GET"]}}],"collection":[{"href":"https:\/\/www.hqts.com\/de\/wp-json\/wp\/v2\/pages"}],"about":[{"href":"https:\/\/www.hqts.com\/de\/wp-json\/wp\/v2\/types\/page"}],"author":[{"embeddable":true,"href":"https:\/\/www.hqts.com\/de\/wp-json\/wp\/v2\/users\/12"}],"replies":[{"embeddable":true,"href":"https:\/\/www.hqts.com\/de\/wp-json\/wp\/v2\/comments?post=124643"}],"version-history":[{"count":5,"href":"https:\/\/www.hqts.com\/de\/wp-json\/wp\/v2\/pages\/124643\/revisions"}],"predecessor-version":[{"id":124658,"href":"https:\/\/www.hqts.com\/de\/wp-json\/wp\/v2\/pages\/124643\/revisions\/124658"}],"up":[{"embeddable":true,"href":"https:\/\/www.hqts.com\/de\/wp-json\/wp\/v2\/pages\/124184"}],"wp:featuredmedia":[{"embeddable":true,"href":"https:\/\/www.hqts.com\/de\/wp-json\/wp\/v2\/media\/124647"}],"wp:attachment":[{"href":"https:\/\/www.hqts.com\/de\/wp-json\/wp\/v2\/media?parent=124643"}],"curies":[{"name":"wp","href":"https:\/\/api.w.org\/{rel}","templated":true}]}}