{"id":124659,"date":"2022-08-29T22:58:37","date_gmt":"2022-08-29T22:58:37","guid":{"rendered":"https:\/\/www.hqts.com\/?page_id=124659"},"modified":"2022-08-29T22:59:02","modified_gmt":"2022-08-29T22:59:02","slug":"qualitaetssicherungsdienste-fuer-lebensmittel-und-landwirtschaft","status":"publish","type":"page","link":"https:\/\/www.hqts.com\/de\/industries\/qualitaetskontrolle-im-bereich-lebensmittel-und-landwirtschaft\/qualitaetssicherungsdienste-fuer-lebensmittel-und-landwirtschaft\/","title":{"rendered":"Qualit\u00e4tssicherungsdienste f\u00fcr Lebensmittel und Landwirtschaft"},"content":{"rendered":"<h3><strong>Qualit\u00e4tssicherungsdienste f\u00fcr Lebensmittel und Landwirtschaft<\/strong><\/h3>\n<p><strong>Als GAFTA-zertifiziertes Mitglied ist HQTS ein weltweit f\u00fchrendes Qualit\u00e4tssicherungsunternehmen, das Qualit\u00e4tsl\u00f6sungen f\u00fcr Verbraucher- und Industrieprodukte anbietet und von CNAS nach ISO17020 und ISO17025 akkreditiert ist. Wir bieten erstklassige Inspektions-, Audit-, Pr\u00fcf- und Beratungsdienstleistungen in ganz Asien an.<\/strong><\/p>\n<p>Durch den Einsatz des umfangreichen Wissens und der Branchenerfahrung unserer Spezialisten helfen wir Ihnen, die Qualit\u00e4ts-, Sicherheits- und Ethikstandards zu erf\u00fcllen, die Ihre Lieferkette erfordert. Wir sind bereit, Ihnen zu helfen, Ihre Wettbewerbsf\u00e4higkeit und Effizienz auf dem Weltmarkt zu verbessern.<\/p>\n<p>Unf\u00e4lle im Bereich der Lebensmittelsicherheit haben sich h\u00e4ufig ereignet, was eine verst\u00e4rkte Kontrolle und strenge Tests bei der Produktion und dar\u00fcber hinaus bedeutet. Vom Acker bis zum Esstisch ist jede Stufe der gesamten Lebensmittelversorgungskette eine Herausforderung in Bezug auf Produktsicherheit, Qualit\u00e4t und Wirksamkeit. Qualit\u00e4tsstandards f\u00fcr Lebensmittel und Landwirtschaft sind von gr\u00f6\u00dfter Bedeutung und stehen im Mittelpunkt des Interesses von Beh\u00f6rden und Verbrauchern.<\/p>\n<p>Als Erzeuger, Verpacker oder in einer anderen wichtigen Funktion in der Lebensmittelversorgungskette ist es Ihre Pflicht, Integrit\u00e4t zu demonstrieren und die Sicherheit von der Quelle an zu f\u00f6rdern. Diese Sicherheit kann jedoch nur gew\u00e4hrleistet werden, wenn der Anbau, die Verarbeitung, die Beschaffung und der Versand regelm\u00e4\u00dfig von Fachpersonal \u00fcberwacht und gepr\u00fcft werden.<\/p>\n<p><strong>Produkt-Kategorien<\/strong><\/p>\n<p><strong>Zu den von uns angebotenen Lebensmitteldienstleistungen geh\u00f6ren unter anderem:<\/strong><\/p>\n<ul>\n<li><strong>Landwirtschaft: <\/strong><a href=\"https:\/\/www.hqts.com\/your-industries\/food-and-agriculture\/fruits-and-vegetables-quality-control\/\">Obst und Gem\u00fcse<\/a>, Sojabohnen, Weizen, Reis und K\u00f6rner<\/li>\n<li><a href=\"https:\/\/www.hqts.com\/your-industries\/food-and-agriculture\/seafood-inspections\/\"><strong>Meeresfr\u00fcchte<\/strong><\/a><strong>: <\/strong>gefrorene Meeresfr\u00fcchte, gek\u00fchlte Meeresfr\u00fcchte und getrocknete Meeresfr\u00fcchte<\/li>\n<li><strong>K\u00fcnstliche Lebensmittel: <\/strong><a href=\"https:\/\/www.hqts.com\/your-industries\/food-and-agriculture\/grain-quality-control\/\">verarbeitetes Getreide<\/a>, Molkereiprodukte, <a href=\"https:\/\/www.hqts.com\/your-industries\/food-and-agriculture\/meat-and-poultry-quality-control\/\">Fleischprodukte<\/a>, Meeresfr\u00fcchte, Fertiggerichte, Tiefk\u00fchlgetr\u00e4nke, Tiefk\u00fchlkost, Kartoffelchips und extrudierte Snacks, S\u00fc\u00dfigkeiten, Gem\u00fcse, Obst, Backwaren, Speise\u00f6l, Aromen usw.<\/li>\n<\/ul>\n<p><strong>Inspektionsstandards<\/strong><\/p>\n<p>Wir halten die nationalen Gesetze und Vorschriften ein und erbringen Qualit\u00e4tsdienstleistungen auf der Grundlage der folgenden Standards:<\/p>\n<ul>\n<li><strong>Normen f\u00fcr die Inspektion von Lebensmittelproben:<\/strong> CAC\/GL 50-2004, ISO 8423:1991, GB\/T 30642, usw.<\/li>\n<li><strong>Normen f\u00fcr die sensorische Bewertung von Lebensmitteln: <\/strong>CODEX, ISO, GB und andere Klassifizierungsnormen<\/li>\n<li><strong>Normen f\u00fcr Lebensmitteluntersuchungen und -analysen: <\/strong>nationale und internationale Normen, eine Reihe von Normen f\u00fcr den mikrobiologischen Nachweis, den Nachweis von Pestizidr\u00fcckst\u00e4nden, physikalisch-chemische Analysen usw.<\/li>\n<li><strong>Fabrik-\/Laden-Audit-Normen:<\/strong> ISO9000, ISO14000, ISO22000, HACCP<\/li>\n<\/ul>\n<p><strong>Qualit\u00e4tssicherungsdienste f\u00fcr Lebensmittel und Landwirtschaft<\/strong><\/p>\n<p><strong>Die Dienstleistungen von HQTS zur Qualit\u00e4tssicherung von Lebensmitteln umfassen:<\/strong><\/p>\n<ul>\n<li><strong>Fabrik-\/Lager-Audit<\/strong><\/li>\n<\/ul>\n<ul>\n<li><strong>Inspektion<\/strong><\/li>\n<\/ul>\n<p>Mengen- und Gewichtskontrolle mit Hilfe von Wasserstandsanzeigern und Maschinenwaagen<\/p>\n<p>&#8211; Probenahme, Qualit\u00e4tskontrolle und Pr\u00fcfung<\/p>\n<p>&#8211; Schiffstransportf\u00e4higkeit<\/p>\n<p>&#8211; Schadensermittlung einschlie\u00dflich Warenmangel und Besch\u00e4digung<\/p>\n<p>Zu unseren Inspektionsobjekten im Bereich Lebensmittel und Landwirtschaft geh\u00f6ren unter anderem:<\/p>\n<p>Sichtpr\u00fcfung, Gewichtsmessung, Temperaturkontrolle, Verpackungskontrolle, Pr\u00fcfung der Zuckerkonzentration, Feststellung des Salzgehalts, Kontrolle der Eisbildung, Pr\u00fcfung der chromatischen Aberration<\/p>\n<ul>\n<li><strong>Produktpr\u00fcfung<\/strong><\/li>\n<\/ul>\n<p>Zu unseren Dienstleistungen im Bereich der Lebensmittel- und Landwirtschaftssicherheit geh\u00f6ren unter anderem:<\/p>\n<p>Nachweis von Verunreinigungen, R\u00fcckst\u00e4nden, Mikroorganismen, physikalisch-chemischen Analysen, Schwermetallen, Farbstoffen, Wasserqualit\u00e4tsmessungen, Analyse von Lebensmittelkennzeichnungen, Pr\u00fcfung von Materialien mit Lebensmittelkontakt<\/p>\n<p>&nbsp;<\/p>\n","protected":false},"excerpt":{"rendered":"<p>Qualit\u00e4tssicherungsdienste f\u00fcr Lebensmittel und Landwirtschaft Als GAFTA-zertifiziertes Mitglied ist HQTS ein weltweit f\u00fchrendes Qualit\u00e4tssicherungsunternehmen, das Qualit\u00e4tsl\u00f6sungen f\u00fcr Verbraucher- und Industrieprodukte anbietet und von CNAS nach ISO17020 und ISO17025 akkreditiert ist. Wir bieten erstklassige Inspektions-, Audit-, Pr\u00fcf- und Beratungsdienstleistungen in ganz Asien an. Durch den Einsatz des umfangreichen Wissens und der Branchenerfahrung unserer Spezialisten helfen wir [&hellip;]<\/p>\n","protected":false},"author":12,"featured_media":124661,"parent":124643,"menu_order":16,"comment_status":"closed","ping_status":"closed","template":"","meta":{"_acf_changed":false,"footnotes":""},"class_list":["post-124659","page","type-page","status-publish","has-post-thumbnail","hentry"],"acf":[],"_links":{"self":[{"href":"https:\/\/www.hqts.com\/de\/wp-json\/wp\/v2\/pages\/124659","targetHints":{"allow":["GET"]}}],"collection":[{"href":"https:\/\/www.hqts.com\/de\/wp-json\/wp\/v2\/pages"}],"about":[{"href":"https:\/\/www.hqts.com\/de\/wp-json\/wp\/v2\/types\/page"}],"author":[{"embeddable":true,"href":"https:\/\/www.hqts.com\/de\/wp-json\/wp\/v2\/users\/12"}],"replies":[{"embeddable":true,"href":"https:\/\/www.hqts.com\/de\/wp-json\/wp\/v2\/comments?post=124659"}],"version-history":[{"count":2,"href":"https:\/\/www.hqts.com\/de\/wp-json\/wp\/v2\/pages\/124659\/revisions"}],"predecessor-version":[{"id":124662,"href":"https:\/\/www.hqts.com\/de\/wp-json\/wp\/v2\/pages\/124659\/revisions\/124662"}],"up":[{"embeddable":true,"href":"https:\/\/www.hqts.com\/de\/wp-json\/wp\/v2\/pages\/124643"}],"wp:featuredmedia":[{"embeddable":true,"href":"https:\/\/www.hqts.com\/de\/wp-json\/wp\/v2\/media\/124661"}],"wp:attachment":[{"href":"https:\/\/www.hqts.com\/de\/wp-json\/wp\/v2\/media?parent=124659"}],"curies":[{"name":"wp","href":"https:\/\/api.w.org\/{rel}","templated":true}]}}