{"id":124663,"date":"2022-08-29T23:00:14","date_gmt":"2022-08-29T23:00:14","guid":{"rendered":"https:\/\/www.hqts.com\/?page_id=124663"},"modified":"2022-08-29T23:03:46","modified_gmt":"2022-08-29T23:03:46","slug":"hqts-ihr-unternehmen-fuer-qualitaetskontrolle","status":"publish","type":"page","link":"https:\/\/www.hqts.com\/de\/hqts\/hqts-ihr-unternehmen-fuer-qualitaetskontrolle\/","title":{"rendered":"HQTS &#8211; Ihr Unternehmen f\u00fcr Qualit\u00e4tskontrolle"},"content":{"rendered":"\t\t<div data-elementor-type=\"wp-page\" data-elementor-id=\"124663\" class=\"elementor elementor-124663 elementor-377\" data-elementor-post-type=\"page\">\n\t\t\t\t\t\t<section class=\"elementor-section elementor-top-section elementor-element elementor-element-6f6cd97c elementor-section-boxed elementor-section-height-default elementor-section-height-default\" data-id=\"6f6cd97c\" data-element_type=\"section\">\n\t\t\t\t\t\t<div class=\"elementor-container elementor-column-gap-no\">\n\t\t\t\t\t<div class=\"elementor-column elementor-col-100 elementor-top-column elementor-element elementor-element-34e26fb1\" data-id=\"34e26fb1\" data-element_type=\"column\">\n\t\t\t<div class=\"elementor-widget-wrap elementor-element-populated\">\n\t\t\t\t\t\t<div class=\"elementor-element elementor-element-23f7fad elementor-widget elementor-widget-image\" data-id=\"23f7fad\" data-element_type=\"widget\" data-widget_type=\"image.default\">\n\t\t\t\t<div class=\"elementor-widget-container\">\n\t\t\t\t\t\t\t\t\t\t\t\t\t\t\t<img fetchpriority=\"high\" decoding=\"async\" width=\"2035\" height=\"1151\" src=\"https:\/\/www.hqts.com\/wp-content\/uploads\/2022\/03\/map-no-russia.png\" class=\"attachment-full size-full wp-image-124677\" alt=\"\" srcset=\"https:\/\/www.hqts.com\/wp-content\/uploads\/2022\/03\/map-no-russia.png 2035w, https:\/\/www.hqts.com\/wp-content\/uploads\/2022\/03\/map-no-russia-300x170.png 300w, https:\/\/www.hqts.com\/wp-content\/uploads\/2022\/03\/map-no-russia-1024x579.png 1024w, https:\/\/www.hqts.com\/wp-content\/uploads\/2022\/03\/map-no-russia-768x434.png 768w, https:\/\/www.hqts.com\/wp-content\/uploads\/2022\/03\/map-no-russia-1536x869.png 1536w\" sizes=\"(max-width: 2035px) 100vw, 2035px\" \/>\t\t\t\t\t\t\t\t\t\t\t\t\t\t\t<\/div>\n\t\t\t\t<\/div>\n\t\t\t\t<div class=\"elementor-element elementor-element-6018cf30 elementor-widget elementor-widget-text-editor\" data-id=\"6018cf30\" data-element_type=\"widget\" data-widget_type=\"text-editor.default\">\n\t\t\t\t<div class=\"elementor-widget-container\">\n\t\t\t\t\t\t\t\t\t<h3><strong>HQTS &#8211; Ihr Unternehmen f\u00fcr Qualit\u00e4tskontrolle<\/strong><\/h3><p><strong>HQTS bietet im gesamten asiatischen Raum <\/strong><a href=\"https:\/\/www.hqts.com\/our-services\/quality-control-inspections\/\"><strong>Qualit\u00e4tskontrollinspektionen<\/strong><\/a><strong>, <\/strong><a href=\"https:\/\/www.hqts.com\/our-services\/factory-audits\/\"><strong>Betriebspr\u00fcfungen<\/strong><\/a><strong>, Lieferantenbewertungen, <\/strong><a href=\"https:\/\/www.hqts.com\/our-services\/consumer-product-testing\/\"><strong>Pr\u00fcfungen von Konsumg\u00fctern<\/strong><\/a><strong>, Produktionskontrolle und -management sowie <\/strong><a href=\"https:\/\/www.hqts.com\/our-services\/quality-control-services\/\"><strong>Qualit\u00e4tskontrollberatung<\/strong><\/a><strong> an.<\/strong><\/p><p>Wir st\u00fctzen uns auf das Branchenwissen und die Erfahrung von Tausenden von Fachleuten rund um den Globus. HQTS ist bestens geeignet, um Ihr Partner f\u00fcr Qualit\u00e4t zu sein.<\/p><p>Es hei\u00dft, dass Vertrauen schwer zu verdienen und leicht zu verlieren ist. Dies war noch nie so wahr wie auf dem heutigen Konsumg\u00fctermarkt. Wenn ein Verbraucher Ihr Produkt kauft, gibt er ein Versprechen in Bezug auf Form, Funktion und Benutzerfreundlichkeit ab. Die Einhaltung dieses Versprechens ist der Grundstein f\u00fcr Ihren Erfolg.<\/p><p>HQTS kann Ihnen helfen, sich von der Masse abzuheben, indem wir mit unseren umfassenden Qualit\u00e4tskontrolll\u00f6sungen daf\u00fcr sorgen, dass Sie dieses Versprechen einhalten.<\/p><p>HQTS ist in der Branche f\u00fcr seine erstklassigen Schulungen und soliden ethischen Standards bekannt. Unsere L\u00f6sungen f\u00fcr die Qualit\u00e4tssicherung, Pr\u00fcfung und Inspektion geben Ihnen die Gewissheit, dass Ihre Produkte Ihre anspruchsvollen Qualit\u00e4tsstandards erf\u00fcllen und mit den Erwartungen Ihrer Kunden \u00fcbereinstimmen.<\/p><h4><strong><br \/>\u00a0Abteilungen<\/strong><\/h4><p>HQTS setzt sich aus vier gesch\u00e4ftsspezifischen Abteilungen und Regionen zusammen.<\/p><p><strong>Inspektionen &#8211; <\/strong>Unternehmen f\u00fcr Qualit\u00e4tskontrollpr\u00fcfungen, Tests und Beratung mit Sitz in Fuzhou, China, und Niederlassungen in Shanghai, Neu-Delhi, Indien, Brasilien, Deutschland, Polen, Russland und den USA.<\/p><p><strong>Testing &#8211; <\/strong>Testlabor f\u00fcr Verbraucherprodukte mit Sitz in Hangzhou. Dieses Unternehmen wurde als Joint Venture mit der in den USA ans\u00e4ssigen QA International Inc. gegr\u00fcndet. In unserem 80.000 m\u00b2 gro\u00dfen Labor f\u00fchren wir chemische, funktionelle, Sicherheits- und Verpackungstests f\u00fcr Konsumg\u00fcter durch. Au\u00dferdem verf\u00fcgen wir \u00fcber ein eigenes Labor f\u00fcr die Pr\u00fcfung von Schuhen in Dongguan, China.<\/p><p><strong>Sortierinspektionen <\/strong>&#8211; Durchf\u00fchrung von St\u00fcck-f\u00fcr-St\u00fcck-Sortierinspektionen, Metalldetektion und Umpacken f\u00fcr Kunden, die hochwertige Produkte herstellen, die keine Fehler aufweisen d\u00fcrfen. Wir betreiben unsere eigenen Anlagen in Shanghai und Jinjiang China sowie in Kambodscha. Wir k\u00f6nnen auch Dienstleistungen in der Fabrik anbieten.<\/p><p><a href=\"https:\/\/www.hqts.com\/quality-control-company-china\/\"><strong>Inlandsmarkt<\/strong><\/a> &#8211; ausschlie\u00dflich auf die Bereitstellung von Qualit\u00e4tskontrolldiensten f\u00fcr chinesische Hersteller, Lieferanten und K\u00e4ufer ausgerichtet. Wir unterst\u00fctzen die wachsende Nachfrage nach Qualit\u00e4tsprodukten auf dem chinesischen Markt mit technischen Dienstleistungen, die den Herstellern helfen, Qualit\u00e4tsprodukte zu liefern.<\/p><h4><strong>Geschichte<\/strong><\/h4><p>HQTS wurde 1987 als eine Abteilung des <em>Fujian Inspection and Research Institute <\/em>(FCII) f\u00fcr Produktqualit\u00e4t gegr\u00fcndet. Das FCII war eine Forschungs- und Pr\u00fcfeinrichtung, die f\u00fcr die Pr\u00fcfung von mehr als 2.000 Produkttypen akkreditiert war. Diese Abteilung \u00fcbernahm f\u00fcr das FCII alle vertraglich vereinbarten Qualit\u00e4tskontrollpr\u00fcfungen im In- und Ausland.<\/p><p>Bevor China der WTO beitrat, durften ausl\u00e4ndische Unternehmen nicht in China t\u00e4tig werden. Daher vergaben sie ihre Qualit\u00e4tskontrollen an lokale Unternehmen in China, von denen HQTS eines der gr\u00f6\u00dften wurde. Dies f\u00fchrte dazu, dass HQTS 1995 als eigenst\u00e4ndiges, hundertprozentiges Unternehmen ausgegliedert wurde, um sich ausschlie\u00dflich auf Inspektionsdienstleistungen f\u00fcr internationale Unternehmen im Unterauftrag zu konzentrieren.<\/p><p>Im Jahr 2003 begannen wichtige F\u00fchrungskr\u00e4fte mit dem \u00dcbergang von der Vergabe von Dienstleistungen an Subunternehmer zu einem direkten Anbieter. Zu dieser Zeit gr\u00fcndeten wir auch unser Labor f\u00fcr die Pr\u00fcfung von Konsumg\u00fctern als Joint Venture mit dem in den USA ans\u00e4ssigen Unternehmen QA International.<\/p><p>Bis 2010 f\u00fchrte HQTS monatlich Tausende von Qualit\u00e4tskontrollpr\u00fcfungen durch. Dar\u00fcber hinaus expandierte unser Pr\u00fcfgesch\u00e4ft rasch und wurde f\u00fcr die Pr\u00fcfung aller wichtigen globalen Importvorschriften und ISTA-Verpackungspr\u00fcfungen akkreditiert. Seitdem ist unser Wachstum explosionsartig, und wir haben unsere Qualit\u00e4tskontrollt\u00e4tigkeit auf ganz Asien ausgeweitet. Heute sind wir stolz darauf, Qualit\u00e4tskontrolldienste f\u00fcr einige der bekanntesten Marken der Welt anzubieten.<\/p><h4><strong>Unser Auftrag, unsere Vision und unsere Werte<\/strong><\/h4><p>Unser Ziel ist es, der wettbewerbsf\u00e4higste und vertrauensw\u00fcrdigste Anbieter von Qualit\u00e4tskontrollen in der Welt zu sein.<\/p><p>Unsere Kernkompetenzen in den Bereichen <a href=\"https:\/\/www.hqts.com\/our-services\/quality-control-inspections\/\">Qualit\u00e4tskontrollpr\u00fcfungen<\/a>, <a href=\"https:\/\/www.hqts.com\/our-services\/factory-audits\/\">Fabrikaudits und Lieferantenbewertungen<\/a> sowie <a href=\"https:\/\/www.hqts.com\/our-services\/consumer-product-testing\/\">Verbraucherproduktpr\u00fcfungen<\/a> werden st\u00e4ndig verbessert, um sicherzustellen, dass wir Ihnen die bestm\u00f6glichen Dienstleistungen anbieten. Unsere Leidenschaft, stets die h\u00f6chsten Dienstleistungsstandards zu erf\u00fcllen, macht uns aus.<\/p><p>Integrit\u00e4t, Leidenschaft und Innovation geh\u00f6ren zu den Grundwerten, nach denen wir st\u00e4ndig streben und die alle Aspekte unseres Gesch\u00e4fts bestimmen.<\/p><p>\u00a0<\/p>\t\t\t\t\t\t\t\t<\/div>\n\t\t\t\t<\/div>\n\t\t\t\t\t<\/div>\n\t\t<\/div>\n\t\t\t\t\t<\/div>\n\t\t<\/section>\n\t\t\t\t<\/div>\n\t\t","protected":false},"excerpt":{"rendered":"<p>HQTS &#8211; Ihr Unternehmen f\u00fcr Qualit\u00e4tskontrolle HQTS bietet im gesamten asiatischen Raum Qualit\u00e4tskontrollinspektionen, Betriebspr\u00fcfungen, Lieferantenbewertungen, Pr\u00fcfungen von Konsumg\u00fctern, Produktionskontrolle und -management sowie Qualit\u00e4tskontrollberatung an. Wir st\u00fctzen uns auf das Branchenwissen und die Erfahrung von Tausenden von Fachleuten rund um den Globus. HQTS ist bestens geeignet, um Ihr Partner f\u00fcr Qualit\u00e4t zu sein. Es hei\u00dft, dass [&hellip;]<\/p>\n","protected":false},"author":12,"featured_media":124668,"parent":124681,"menu_order":79,"comment_status":"closed","ping_status":"closed","template":"","meta":{"_acf_changed":false,"footnotes":""},"class_list":["post-124663","page","type-page","status-publish","has-post-thumbnail","hentry"],"acf":[],"_links":{"self":[{"href":"https:\/\/www.hqts.com\/de\/wp-json\/wp\/v2\/pages\/124663","targetHints":{"allow":["GET"]}}],"collection":[{"href":"https:\/\/www.hqts.com\/de\/wp-json\/wp\/v2\/pages"}],"about":[{"href":"https:\/\/www.hqts.com\/de\/wp-json\/wp\/v2\/types\/page"}],"author":[{"embeddable":true,"href":"https:\/\/www.hqts.com\/de\/wp-json\/wp\/v2\/users\/12"}],"replies":[{"embeddable":true,"href":"https:\/\/www.hqts.com\/de\/wp-json\/wp\/v2\/comments?post=124663"}],"version-history":[{"count":5,"href":"https:\/\/www.hqts.com\/de\/wp-json\/wp\/v2\/pages\/124663\/revisions"}],"predecessor-version":[{"id":124683,"href":"https:\/\/www.hqts.com\/de\/wp-json\/wp\/v2\/pages\/124663\/revisions\/124683"}],"up":[{"embeddable":true,"href":"https:\/\/www.hqts.com\/de\/wp-json\/wp\/v2\/pages\/124681"}],"wp:featuredmedia":[{"embeddable":true,"href":"https:\/\/www.hqts.com\/de\/wp-json\/wp\/v2\/media\/124668"}],"wp:attachment":[{"href":"https:\/\/www.hqts.com\/de\/wp-json\/wp\/v2\/media?parent=124663"}],"curies":[{"name":"wp","href":"https:\/\/api.w.org\/{rel}","templated":true}]}}