{"id":124684,"date":"2022-08-29T23:08:10","date_gmt":"2022-08-29T23:08:10","guid":{"rendered":"https:\/\/www.hqts.com\/?page_id=124684"},"modified":"2022-08-30T16:55:04","modified_gmt":"2022-08-30T16:55:04","slug":"qualitaetskontrolle-in-china","status":"publish","type":"page","link":"https:\/\/www.hqts.com\/de\/hqts\/qualitaetskontrolle-in-china\/","title":{"rendered":"QUALIT\u00c4TSKONTROLLE IN CHINA"},"content":{"rendered":"<h3><strong>HQTS ist Ihr Qualit\u00e4tskontrollunternehmen f\u00fcr den chinesischen Markt<\/strong><\/h3>\n<p><strong>China hat eine der am schnellsten wachsenden Volkswirtschaften der Welt und ist das bev\u00f6lkerungsreichste Land. Das Land entwickelt sich weiterhin rasant, und die verarbeitende Industrie und der internationale Handel sind f\u00fcr dieses anhaltende Wachstum von entscheidender Bedeutung. Die Beziehungen des Landes zum Rest der Welt sind ebenfalls entscheidend f\u00fcr seine Entwicklung, weshalb der Export im Jahr 2021 so wichtig ist.<\/strong><\/p>\n<h4><strong>Unsere Qualit\u00e4tskontrolldienste in China<\/strong><\/h4>\n<p>HQTS ist eines der f\u00fchrenden Unternehmen f\u00fcr Qualit\u00e4tskontrollen in China, das Inspektionen im Werk, Inspektionen vor Ort, Qualit\u00e4tskontrollen, Pr\u00fcfungen von Konsumg\u00fctern, Produktionskontrolle und -management sowie Qualit\u00e4tskontrollberatung in China anbietet.<\/p>\n<p>Das Unternehmen bietet umfassende Qualit\u00e4tssicherungsdienste aus einer Hand f\u00fcr Kunden in aller Welt. Die Dienstleistungen umfassen unter anderem Qualit\u00e4tskontrollinspektionen, Betriebs-\/Lieferantenaudits, Konsumg\u00fcterpr\u00fcfungen, Produktionskontrolle und -management, Qualit\u00e4tskontrollberatung, Schulungen, Regierungs-\/Handelsdienstleistungen, spezialisierte Unternehmensdienstleistungen, Verlade\u00fcberwachung, \u00dcberwachung von Hafenladungen und Abnahme von Industrieanlagen\/Bauten in ganz Asien.<\/p>\n<h4><strong>Qualit\u00e4tskontrollpr\u00fcfungen<\/strong><\/h4>\n<p>Qualit\u00e4tskontrollpr\u00fcfungen in den verschiedenen Phasen des Produktionsprozesses k\u00f6nnen Ihnen helfen, die Produktqualit\u00e4t zu \u00fcberwachen, um sicherzustellen, dass die Anforderungen erf\u00fcllt werden, und um die rechtzeitige Lieferung zu unterst\u00fctzen. HQTS bietet sowohl Inspektionen im Werk als auch Verladekontrollen an, um sicherzustellen, dass Ihre Produkte die Anforderungen erf\u00fcllen. Wir bieten die folgenden Arten von QC-Inspektionen f\u00fcr China an:<\/p>\n<ul>\n<li><a href=\"https:\/\/www.hqts.com\/our-services\/quality-control-inspections\/pre-production-inspection\/\">Inspektionen vor der Produktion<\/a><\/li>\n<li><a href=\"https:\/\/www.hqts.com\/our-services\/inspections\/pre-shipment-inspection\/\">Inspektionen vor der Verschiffung <\/a><\/li>\n<li><a href=\"https:\/\/www.hqts.com\/our-services\/inspections\/during-production-inspection\/\">Fertigungsbegleitende Pr\u00fcfung <\/a><\/li>\n<li><a href=\"https:\/\/www.hqts.com\/our-services\/piece-by-piece\/\">St\u00fcck f\u00fcr St\u00fcck Inspektionen<\/a><\/li>\n<li><a href=\"https:\/\/www.hqts.com\/our-services\/quality-control-inspections\/container-loading-inspection\/\">Inspektionen der Containerverladung<\/a><\/li>\n<li><a href=\"https:\/\/www.hqts.com\/our-services\/sample-checking\/\">Musterpr\u00fcfung<\/a><\/li>\n<li><a href=\"https:\/\/www.hqts.com\/our-services\/metal-detection\/\">Metalldetektion<\/a><\/li>\n<li><a href=\"https:\/\/www.hqts.com\/our-services\/inspections\/loading-and-unloading-supervision\/\">Be-\/Entlade-Inspektion<\/a><\/li>\n<\/ul>\n<h4><strong>Pr\u00fcfung von Verbraucherprodukten<\/strong><\/h4>\n<p>HQTS ist akkreditiert, alle wichtigen Normen f\u00fcr die Einfuhr von Konsumg\u00fctern zu pr\u00fcfen. Wir gew\u00e4hrleisten die Konformit\u00e4t und Sicherheit Ihrer Produkte, indem wir sie in unserem zentral gelegenen Labor in Hangzhou pr\u00fcfen. Wir f\u00fchren die folgenden Pr\u00fcfdienstleistungen in China durch:<\/p>\n<ul>\n<li><a href=\"https:\/\/www.hqts.com\/our-services\/chemical-testing\/\">Chemische Tests<\/a><\/li>\n<li><a href=\"https:\/\/www.hqts.com\/our-services\/reach-testing\/\">REACH-Tests<\/a><\/li>\n<li><a href=\"https:\/\/www.hqts.com\/our-services\/rohs-testing\/\">RoHS-Pr\u00fcfung<\/a><\/li>\n<li><a href=\"https:\/\/www.hqts.com\/our-services\/cpsia-testing\/\">CPSIA-Pr\u00fcfung<\/a><\/li>\n<li><a href=\"https:\/\/www.hqts.com\/our-services\/ista-package-test\/\">ISTA-Verpackungspr\u00fcfung<\/a><\/li>\n<\/ul>\n<h4><strong>Fabrik-Audits &amp; Lieferanten-Audits<\/strong><\/h4>\n<p>Die Qualit\u00e4tskontrolle in chinesischen Produktionsst\u00e4tten beginnt mit HQTS-Fabrik- und Lieferantenaudits, um die F\u00e4higkeiten, Leistungen und Qualit\u00e4tsstandards der Lieferanten zu bewerten. Wir bewerten die Einrichtungen, Richtlinien, Verfahren und Aufzeichnungen, die die F\u00e4higkeit eines Werks belegen, \u00fcber einen l\u00e4ngeren Zeitraum hinweg gleichbleibende Qualit\u00e4tsprodukte zu liefern, und nicht nur zu einem bestimmten Zeitpunkt oder nur f\u00fcr bestimmte Produkte.<\/p>\n<p>Unsere Betriebs- und Lieferantenaudits bieten Ihnen eine detaillierte Analyse des Zustands, der St\u00e4rken und Schw\u00e4chen Ihres Lieferanten. Der Service kann den Fabriken auch dabei helfen, Bereiche zu erkennen, die verbessert werden m\u00fcssen, damit sie die Anforderungen der K\u00e4ufer besser erf\u00fcllen k\u00f6nnen.<\/p>\n<p>Bei der Auswahl neuer Lieferanten und der Verbesserung der Gesamtleistung bieten unsere Fabrik- und Lieferantenaudits eine effektive M\u00f6glichkeit, diesen Prozess zu geringeren Kosten zu verbessern. Wir f\u00fchren die folgenden Arten von Fabrik-Audits durch:<\/p>\n<ul>\n<li><a href=\"https:\/\/www.hqts.com\/our-services\/environmental-audits\/\">Umwelt-Audits<\/a><\/li>\n<li><a href=\"https:\/\/www.hqts.com\/our-services\/social-compliance-audits\/\">Audits zur Einhaltung sozialer Standards<\/a><\/li>\n<li><a href=\"https:\/\/www.hqts.com\/our-services\/manufacturer-audits\/\">Hersteller-Audits<\/a><\/li>\n<li><a href=\"https:\/\/www.hqts.com\/our-services\/building-safety-audits\/\">Audit der Geb\u00e4udesicherheit<\/a><\/li>\n<li><a href=\"https:\/\/www.hqts.com\/our-services\/energy-audits\/\">Energie-Audit<\/a><\/li>\n<li><a href=\"https:\/\/www.hqts.com\/factory-production-control\/\">Werkseigene Produktionskontrolle<\/a><\/li>\n<\/ul>\n<h4><strong>Qualit\u00e4tssicherung f\u00fcr den E-Commerce<\/strong><\/h4>\n<p>In den letzten Jahren haben sich der elektronische Handel und das Online-Shopping zu den neuesten und beliebtesten Konsumformen entwickelt. Mit der zunehmenden \u00dcberwachung des Online-Shopping-Marktes durch die Regierung haben immer mehr E-Commerce-Plattformen ihre eigenen Regeln aufgestellt, um die Qualit\u00e4t ihrer Online-Verk\u00e4ufe systematisch zu kontrollieren. HQTS ist die offiziell benannte kooperative Qualit\u00e4tspr\u00fcfungsorganisation f\u00fcr viele chinesische E-Commerce-Plattformen wie Taobao, Tmall, Juhuasuan, Vipshop, Mushroom Street, etc. Mit unseren Qualit\u00e4tskontrolldiensten f\u00fcr die gesamte Lieferkette k\u00f6nnen wir sicherstellen, dass die Produkte erfolgreich auf den Markt gebracht werden und die entsprechenden Qualit\u00e4tsanforderungen erf\u00fcllen.<\/p>\n<h4><strong>Andere Qualit\u00e4tskontrolldienste f\u00fcr China<\/strong><\/h4>\n<p>Zus\u00e4tzlich zu den oben genannten Dienstleistungen k\u00f6nnen wir Ihnen mit folgendem helfen:<\/p>\n<ul>\n<li><a href=\"https:\/\/www.hqts.com\/de\/what-is-production-monitoring-in-quality-control\/production-monitoring\/\">\u00dcberwachung der Produktion<\/a><\/li>\n<li><a href=\"https:\/\/www.hqts.com\/de\/our-services\/beratung-zur-qualitaetskontrolle\/ausbildung-zum-qualitaetsmanagement\/\">Ausbildung<\/a><\/li>\n<li><a href=\"https:\/\/www.hqts.com\/services\/quality-control-services\/\">Beratung<\/a><\/li>\n<li><a href=\"https:\/\/www.hqts.com\/services\/government-and-trade-services\/\">Regierung und Handel<\/a><\/li>\n<\/ul>\n<h4><strong>Unsere Qualit\u00e4tskontrolldienste in China decken die folgenden Branchen ab:<\/strong><\/h4>\n<h4><strong>Qualit\u00e4tskontrolle von Lebensmitteln und Landwirtschaft in China<\/strong><\/h4>\n<p>Angesichts der h\u00e4ufigen Unf\u00e4lle im Bereich der Lebensmittelsicherheit wird die Lebensmittelsicherheit in China immer genauer unter die Lupe genommen. Unabh\u00e4ngig davon, ob es sich bei den Produkten um Feldfr\u00fcchte oder verpackte Lebensmittel handelt, kann HQTS eine umfassende Qualit\u00e4tskontrolle \u00fcber die gesamte Lebensmittelversorgungskette aus einer Hand anbieten. Unsere Dienstleistungen umfassen den Anbau, die Verarbeitung, den Erwerb und den Transport, um die Lebensmittelsicherheit durch genaue \u00dcberwachung und Tests zu gew\u00e4hrleisten.<\/p>\n<h4><strong>Qualit\u00e4tsinspektionen f\u00fcr Konsumg\u00fcter in China<\/strong><\/h4>\n<p>Wir verf\u00fcgen \u00fcber ein professionelles Pr\u00fcflabor f\u00fcr Konsumg\u00fcter mit Pr\u00fcfstellen in mehr als 60 St\u00e4dten in China und S\u00fcdasien, das Ihnen effiziente, bequeme, professionelle und genaue Qualit\u00e4tssicherungsdienste bieten und den Ruf Ihrer Produktmarke sch\u00fctzen kann.<\/p>\n<h4><strong>Qualit\u00e4tskontrolle von Industrieg\u00fctern in China<\/strong><\/h4>\n<p>HQTS verfolgt den Prozess der industriellen Modernisierung Chinas und engagiert sich f\u00fcr die Bereitstellung von Produktqualit\u00e4tsdiensten f\u00fcr die inl\u00e4ndische industrielle Fertigung. Das Unternehmen bietet Sicherheits- und Funktionsoptimierungsdienste f\u00fcr Fabriken und Industrien an. Wir sind in der Lage, Qualit\u00e4tsdienstleistungen f\u00fcr Produkte entsprechend den Anforderungen an Produktqualit\u00e4t und Funktionalit\u00e4t zu erbringen, damit die Produkte unserer Kunden reibungslos auf den Markt kommen.<\/p>\n<h4><strong>Qualit\u00e4tskontrolle von Elektronik in China<\/strong><\/h4>\n<p>HQTS verf\u00fcgt \u00fcber fortschrittliche Pr\u00fcf- und Analyseger\u00e4te und jahrzehntelange Erfahrung im Pr\u00fcfwesen. Die Pr\u00fcfnetze der Gruppe befinden sich in mehr als 60 St\u00e4dten in China und S\u00fcdostasien. Dank unserer langj\u00e4hrigen Erfahrung sind wir mit den Gesetzen und Vorschriften verschiedener L\u00e4nder und den Bed\u00fcrfnissen unterschiedlicher Kunden bestens vertraut. So k\u00f6nnen wir Ihnen helfen, ein breites Spektrum an Problemen bei der Qualit\u00e4tskontrolle zu l\u00f6sen, die Anforderungen des Umweltschutzes und des globalen Marktzugangs zu erf\u00fcllen und das Vertrauen der Kunden zu gewinnen.<\/p>\n<h4><strong>Qualit\u00e4tskontrolle von Spielzeug und Babyartikeln in China<\/strong><\/h4>\n<p>Im Laufe der Jahre hat sich HQTS dazu verpflichtet, in- und ausl\u00e4ndischen Kunden die Pr\u00fcfung internationaler Sicherheitsstandards und damit verbundener Vorschriften aus einer Hand anzubieten. Dies zeigt sich in unseren Zertifizierungen f\u00fcr Spielzeugpr\u00fcfungen wie CNAS, CMA und CPSC Qualifikationen.<\/p>\n<h4><strong>Qualit\u00e4tskontrolle von Autoteilen in China<\/strong><\/h4>\n<p>Wir verf\u00fcgen \u00fcber ein erfahrenes Team, das mit PPAP-Programmdateien vertraut ist und Ihnen helfen kann, Ihre gesamte Lieferkette zu kontrollieren, die hohen Anforderungen an die Produktqualit\u00e4t und -sicherheit zu erf\u00fcllen und die Wettbewerbsf\u00e4higkeit Ihrer Produkte zu verbessern.<\/p>\n<h4><strong>Qualit\u00e4tskontrolle von Bauvorhaben in China<\/strong><\/h4>\n<p>HQTS Construction Engineering Services Dept ist seit mehr als f\u00fcnf Jahren auf dem chinesischen Markt verwurzelt. Sie hat sich verpflichtet, die Qualit\u00e4t und Sicherheit von Bauprodukten und Technik zu gew\u00e4hrleisten, einschlie\u00dflich, aber nicht beschr\u00e4nkt auf HLK-Sanit\u00e4rkeramik, architektonische Beschl\u00e4ge, architektonische Dekoration und Komponenten, T\u00fcren und Fenster, Baumaterialien, gr\u00fcne Geb\u00e4ude und andere Bauprodukte, die umfassende Pr\u00fcf-, Inspektions-, \u00dcberwachungs-, Zertifizierungs- und Qualit\u00e4tssicherungsl\u00f6sungen bieten.<\/p>\n<h4><strong>Sicherstellung der Qualit\u00e4tskontrolle bei der Herstellung in China<\/strong><\/h4>\n<p>HQTS bietet Qualit\u00e4tskontroll- und Inspektionsdienste f\u00fcr Ihren gesamten Produktionsbedarf in China. Innerhalb von 24 Stunden nach Ihrer Buchung k\u00f6nnen wir Vor-Ort-Inspektionen in Ihrem Werk in China durchf\u00fchren. Dar\u00fcber hinaus k\u00f6nnen wir die Qualit\u00e4tskontrolle Ihrer Produkte in jedem Schritt des Herstellungsprozesses durchf\u00fchren. Wenn die Produkte in den Container verladen werden m\u00fcssen, kann die Verlade\u00fcberwachung Ihnen dabei helfen, sicherzustellen, dass die Bedingungen vor dem Versand geeignet sind.<\/p>\n<p>Die HQTS-Experten und -Teams f\u00fcr Qualit\u00e4tskontrolle sind professionell und in den wichtigsten Produktionszentren in ganz China im Einsatz. Sie k\u00f6nnen die Fabrik oder den Lieferanten bewerten, um die Bedingungen und die Qualifikation zu \u00fcberpr\u00fcfen. Sie k\u00f6nnen Qualit\u00e4tskontrollen vom Rohmaterial bis zum fertigen Artikel durchf\u00fchren.<\/p>\n<h4><strong>Qualit\u00e4tskontrollzertifikate und Standards f\u00fcr unsere Dienstleistungen in China<\/strong><\/h4>\n<p>HQTS Qualit\u00e4tskontrollinspektionen und L\u00f6sungen f\u00fcr die Pr\u00fcfung von Konsumg\u00fctern k\u00f6nnen Ihnen dabei helfen, sicherzustellen, dass Ihre Produkte die erforderlichen Normen erf\u00fcllen. Wir sind ein CNAS-ISO-akkreditiertes Unternehmen, das f\u00fcr die Durchf\u00fchrung von Qualit\u00e4tskontrollinspektionen und ISTA-Pr\u00fcfungen sowie f\u00fcr Pr\u00fcfungen gem\u00e4\u00df RoHS, REACH, CPSIA, DMF, Cl Prop 65, GB und vielen anderen globalen Normen zertifiziert ist.<\/p>\n<p><strong>Akkreditiert durch:<\/strong><\/p>\n<p>CNAS gegen ISO 17020&amp;17025;<br \/>\nCMA-Zertifikat<br \/>\nQualifikationszertifikat f\u00fcr die Institution der Import- und Exportwareninspektion und -\u00fcberwachung<br \/>\nChina Entry-Exit Inspection and Quantine Association Import- und Export Commodity Inspection and Survey Organization Branch Member Zertifikat<br \/>\nHangzhou High-Tech-Unternehmen Zertifikat<br \/>\nKanton Provinz E- Commerce Association Council Member Zertifikat<br \/>\nZhejiang Provinz Medical Device Industry Association Member Zertifikat<br \/>\nShenzhen Cross-border E-Commerce Association Member Zertifikat<br \/>\nTechnical Committee Member for Standardization of Textile Industry Federation<\/p>\n<p>&nbsp;<\/p>\n","protected":false},"excerpt":{"rendered":"<p>HQTS ist Ihr Qualit\u00e4tskontrollunternehmen f\u00fcr den chinesischen Markt China hat eine der am schnellsten wachsenden Volkswirtschaften der Welt und ist das bev\u00f6lkerungsreichste Land. Das Land entwickelt sich weiterhin rasant, und die verarbeitende Industrie und der internationale Handel sind f\u00fcr dieses anhaltende Wachstum von entscheidender Bedeutung. Die Beziehungen des Landes zum Rest der Welt sind ebenfalls [&hellip;]<\/p>\n","protected":false},"author":12,"featured_media":124686,"parent":124681,"menu_order":0,"comment_status":"closed","ping_status":"closed","template":"","meta":{"_acf_changed":false,"footnotes":""},"class_list":["post-124684","page","type-page","status-publish","has-post-thumbnail","hentry"],"acf":[],"_links":{"self":[{"href":"https:\/\/www.hqts.com\/de\/wp-json\/wp\/v2\/pages\/124684","targetHints":{"allow":["GET"]}}],"collection":[{"href":"https:\/\/www.hqts.com\/de\/wp-json\/wp\/v2\/pages"}],"about":[{"href":"https:\/\/www.hqts.com\/de\/wp-json\/wp\/v2\/types\/page"}],"author":[{"embeddable":true,"href":"https:\/\/www.hqts.com\/de\/wp-json\/wp\/v2\/users\/12"}],"replies":[{"embeddable":true,"href":"https:\/\/www.hqts.com\/de\/wp-json\/wp\/v2\/comments?post=124684"}],"version-history":[{"count":2,"href":"https:\/\/www.hqts.com\/de\/wp-json\/wp\/v2\/pages\/124684\/revisions"}],"predecessor-version":[{"id":124687,"href":"https:\/\/www.hqts.com\/de\/wp-json\/wp\/v2\/pages\/124684\/revisions\/124687"}],"up":[{"embeddable":true,"href":"https:\/\/www.hqts.com\/de\/wp-json\/wp\/v2\/pages\/124681"}],"wp:featuredmedia":[{"embeddable":true,"href":"https:\/\/www.hqts.com\/de\/wp-json\/wp\/v2\/media\/124686"}],"wp:attachment":[{"href":"https:\/\/www.hqts.com\/de\/wp-json\/wp\/v2\/media?parent=124684"}],"curies":[{"name":"wp","href":"https:\/\/api.w.org\/{rel}","templated":true}]}}