{"id":124688,"date":"2022-08-29T23:10:54","date_gmt":"2022-08-29T23:10:54","guid":{"rendered":"https:\/\/www.hqts.com\/?page_id=124688"},"modified":"2022-08-29T23:11:23","modified_gmt":"2022-08-29T23:11:23","slug":"qualitaetskontrolle-in-indien","status":"publish","type":"page","link":"https:\/\/www.hqts.com\/de\/hqts\/qualitaetskontrolle-in-indien\/","title":{"rendered":"QUALIT\u00c4TSKONTROLLE IN INDIEN"},"content":{"rendered":"<h3><strong>HQTS ist Ihr Qualit\u00e4tskontrollunternehmen f\u00fcr den indischen Markt<\/strong><\/h3>\n<p><strong>Zwischen 2014 und 2018 war Indien die am schnellsten wachsende gro\u00dfe Volkswirtschaft der Welt und \u00fcbertraf damit China. F\u00fcr Kenner der indischen Geschichte ist das keine \u00dcberraschung: Indien war fast zwei Jahrtausende lang, vom 1. bis zum 19. Jahrhundert, die gr\u00f6\u00dfte Volkswirtschaft der Welt. Im Jahr 2020 wird es weiterhin ein wichtiger internationaler Akteur in Asien und dar\u00fcber hinaus sein, da es seine Integration in die Weltwirtschaft verst\u00e4rkt.<\/strong><\/p>\n<h4><strong>Unsere Qualit\u00e4tskontrolldienste in Indien<\/strong><\/h4>\n<p>HQTS ist eines der f\u00fchrenden Unternehmen f\u00fcr Qualit\u00e4tskontrollen in Indien, das Inspektionen in der Fabrik, Inspektionen vor Ort, Qualit\u00e4tskontrollen und Audits anbietet.<\/p>\n<p>Das Unternehmen bietet umfassende Qualit\u00e4tssicherungsdienste aus einer Hand f\u00fcr Kunden in aller Welt. Die Dienstleistungen umfassen unter anderem Qualit\u00e4tskontrollinspektionen, Fabrik-\/Lieferantenaudits, Konsumg\u00fcterpr\u00fcfungen, Produktionskontrolle und -management, Qualit\u00e4tskontrollberatung, Schulungen, Regierungs-\/Handelsdienstleistungen, spezialisierte Unternehmensdienstleistungen, Verlade\u00fcberwachung, \u00dcberwachung von Hafenladungen und Abnahme von Industrieanlagen\/Geb\u00e4uden in ganz Asien.<\/p>\n<h4><strong>Fabrik- und Lieferanten-Audits<\/strong><\/h4>\n<p>Die wichtigsten Kriterien, die bei einem <a href=\"https:\/\/www.hqts.com\/de\/factory-supplier-audits\/\">HQTS-Audit von <\/a><a href=\"https:\/\/www.hqts.com\/de\/factory-supplier-audits\/\">Fabriken und Zulieferern<\/a> bewertet werden, sind Einrichtungen, Richtlinien, Verfahren und Aufzeichnungen, die die F\u00e4higkeit einer Fabrik \u00fcberpr\u00fcfen, \u00fcber einen l\u00e4ngeren Zeitraum hinweg Produkte von gleichbleibender Qualit\u00e4t zu liefern, und nicht nur an einem bestimmten Tag oder f\u00fcr bestimmte Produkte.<\/p>\n<p>Zu den wichtigsten Kontrollpunkten eines Lieferantenaudits geh\u00f6ren:<\/p>\n<ul>\n<li>Informationen zur Rechtm\u00e4\u00dfigkeit des Unternehmens<\/li>\n<li>Bankverbindung<\/li>\n<li>Humanressourcen<\/li>\n<li>Exportierbarkeit<\/li>\n<li>Verwaltung der Auftr\u00e4ge<\/li>\n<\/ul>\n<p>Das Standard-Fabrik-Audit umfasst:<\/p>\n<ul>\n<li>Hintergrund des Herstellers<\/li>\n<li>Arbeitskr\u00e4fte<\/li>\n<li>Produktionsf\u00e4higkeit<\/li>\n<li>Maschine, Einrichtungen und Ausr\u00fcstung<\/li>\n<li>Herstellungsverfahren und Produktionslinie<\/li>\n<li>Internes Qualit\u00e4tssystem wie Pr\u00fcfung und Inspektion<\/li>\n<li>Managementsystem und -f\u00e4higkeit<\/li>\n<li>Umwelt<\/li>\n<\/ul>\n<h4><strong>Qualit\u00e4tskontrollpr\u00fcfungen<\/strong><\/h4>\n<p>Die Verk\u00fcrzung der Produktlebenszyklen und der Zeit bis zur Markteinf\u00fchrung erh\u00f6ht die Herausforderung, Qualit\u00e4tsprodukte rechtzeitig zu liefern. Wenn Ihr Produkt die Qualit\u00e4tsanforderungen f\u00fcr die Marktakzeptanz nicht erf\u00fcllt, kann dies zu einem Verlust an Wohlwollen, Produkten und Einnahmen, versp\u00e4teten Lieferungen, Materialverschwendung und dem potenziellen Risiko eines Produktr\u00fcckrufs f\u00fchren. Typische Inspektionen, die wir in Indien durchf\u00fchren, sind:<\/p>\n<ul>\n<li><a href=\"https:\/\/www.hqts.com\/de\/pre-production-inspection\/\">Inspektion vor der Produktion<\/a><\/li>\n<li>Fertigungsbegleitende Inspektion<\/li>\n<li><a href=\"https:\/\/www.hqts.com\/our-services\/inspections\/pre-shipment-inspection\/\">Inspektion vor der Verschiffung<\/a><\/li>\n<li><a href=\"https:\/\/www.hqts.com\/our-services\/piece-by-piece\/\">St\u00fcck f\u00fcr St\u00fcck Inspektion<\/a><\/li>\n<li><a href=\"https:\/\/www.hqts.com\/container-loading-inspection\/\">Inspektion der Containerbeladung<\/a><\/li>\n<\/ul>\n<h4><strong>Qualit\u00e4tskontrollzertifikate und Standards f\u00fcr unsere Dienstleistungen in Indien<\/strong><\/h4>\n<p>HQTS Qualit\u00e4tskontrollinspektionen und L\u00f6sungen f\u00fcr die Pr\u00fcfung von Konsumg\u00fctern k\u00f6nnen Ihnen dabei helfen, sicherzustellen, dass Ihre Produkte die erforderlichen Normen erf\u00fcllen. Wir sind ein CNAS-ISO-akkreditiertes Unternehmen, das f\u00fcr die Durchf\u00fchrung von Qualit\u00e4tskontrollinspektionen und ISTA-Pr\u00fcfungen sowie f\u00fcr Pr\u00fcfungen gem\u00e4\u00df RoHS, REACH, CPSIA, DMF, Cl Prop 65, GB und vielen anderen globalen Normen zertifiziert ist.<\/p>\n<p><strong>Akkreditiert durch:<\/strong><\/p>\n<p>CNAS gegen ISO 17020&amp;17025;<br \/>\nCMA-Zertifikat<br \/>\nQualifikationszertifikat f\u00fcr die Institution der Einfuhr- und Ausfuhrwareninspektion und -begutachtung<br \/>\nChina Entry-Exit Inspection And Quarantine Association Import And Export Commodity Inspection And Survey Organization Branch Member Zertifikat<br \/>\nHangzhou High-tech Enterprises Zertifikat<br \/>\nKanton Province E- Commerce Association Council Member Zertifikat<br \/>\nZhejiang Province Medizinische Ger\u00e4teindustrie Association Member Zertifikat<br \/>\nShenzhen Cross-border E-Commerce Association Member Zertifikat<br \/>\nTechnical Committee Member for Standardization of Textile Industry Federation<\/p>\n<p>&nbsp;<\/p>\n","protected":false},"excerpt":{"rendered":"<p>HQTS ist Ihr Qualit\u00e4tskontrollunternehmen f\u00fcr den indischen Markt Zwischen 2014 und 2018 war Indien die am schnellsten wachsende gro\u00dfe Volkswirtschaft der Welt und \u00fcbertraf damit China. F\u00fcr Kenner der indischen Geschichte ist das keine \u00dcberraschung: Indien war fast zwei Jahrtausende lang, vom 1. bis zum 19. Jahrhundert, die gr\u00f6\u00dfte Volkswirtschaft der Welt. Im Jahr 2020 [&hellip;]<\/p>\n","protected":false},"author":12,"featured_media":124691,"parent":124681,"menu_order":0,"comment_status":"closed","ping_status":"closed","template":"","meta":{"_acf_changed":false,"footnotes":""},"class_list":["post-124688","page","type-page","status-publish","has-post-thumbnail","hentry"],"acf":[],"_links":{"self":[{"href":"https:\/\/www.hqts.com\/de\/wp-json\/wp\/v2\/pages\/124688","targetHints":{"allow":["GET"]}}],"collection":[{"href":"https:\/\/www.hqts.com\/de\/wp-json\/wp\/v2\/pages"}],"about":[{"href":"https:\/\/www.hqts.com\/de\/wp-json\/wp\/v2\/types\/page"}],"author":[{"embeddable":true,"href":"https:\/\/www.hqts.com\/de\/wp-json\/wp\/v2\/users\/12"}],"replies":[{"embeddable":true,"href":"https:\/\/www.hqts.com\/de\/wp-json\/wp\/v2\/comments?post=124688"}],"version-history":[{"count":2,"href":"https:\/\/www.hqts.com\/de\/wp-json\/wp\/v2\/pages\/124688\/revisions"}],"predecessor-version":[{"id":124692,"href":"https:\/\/www.hqts.com\/de\/wp-json\/wp\/v2\/pages\/124688\/revisions\/124692"}],"up":[{"embeddable":true,"href":"https:\/\/www.hqts.com\/de\/wp-json\/wp\/v2\/pages\/124681"}],"wp:featuredmedia":[{"embeddable":true,"href":"https:\/\/www.hqts.com\/de\/wp-json\/wp\/v2\/media\/124691"}],"wp:attachment":[{"href":"https:\/\/www.hqts.com\/de\/wp-json\/wp\/v2\/media?parent=124688"}],"curies":[{"name":"wp","href":"https:\/\/api.w.org\/{rel}","templated":true}]}}