{"id":124693,"date":"2022-08-29T23:13:37","date_gmt":"2022-08-29T23:13:37","guid":{"rendered":"https:\/\/www.hqts.com\/?page_id=124693"},"modified":"2022-08-29T23:14:06","modified_gmt":"2022-08-29T23:14:06","slug":"qualitaetskontrolle-in-bangladesch","status":"publish","type":"page","link":"https:\/\/www.hqts.com\/de\/hqts\/qualitaetskontrolle-in-bangladesch\/","title":{"rendered":"QUALIT\u00c4TSKONTROLLE IN BANGLADESCH"},"content":{"rendered":"<h3><strong>HQTS ist Ihr Qualit\u00e4tskontrollunternehmen f\u00fcr den bangladeschischen Markt<\/strong><\/h3>\n<p><strong>Bangladesch ist mit \u00fcber 165 Millionen Einwohnern das achtbev\u00f6lkerungsreichste Land der Welt. Au\u00dferdem geh\u00f6rt es zu den Next Eleven (N-11) &#8211; einer Gruppe von 11 L\u00e4ndern au\u00dferhalb der BRIC-Staaten (Brasilien, Russland, Indien und China), die Prognosen zufolge zu den gr\u00f6\u00dften Volkswirtschaften der Welt aufsteigen werden. Das bedeutet, dass Konsum und Verbrauch ganz oben auf der Tagesordnung stehen, was eine hohe Nachfrage nach Qualit\u00e4tsprodukten bedeutet.<\/strong><\/p>\n<h4><strong>Unsere Qualit\u00e4tskontrolldienste in Bangladesch<\/strong><\/h4>\n<p>HQTS ist eines der f\u00fchrenden Unternehmen f\u00fcr Qualit\u00e4tskontrollen in Bangladesch, das Inspektionen in der Fabrik, Inspektionen vor Ort, Qualit\u00e4tskontrollen, Audits, Produktionskontrolle und -management, Qualit\u00e4tskontrollen in Geb\u00e4uden, Qualit\u00e4tskontrollberatung, Dienstleistungen f\u00fcr Regierung und Handel usw. in Bangladesch anbietet.<\/p>\n<p>Das Unternehmen bietet umfassende Qualit\u00e4tssicherungsdienste aus einer Hand f\u00fcr Kunden in aller Welt. Die Dienstleistungen umfassen unter anderem Qualit\u00e4tskontrollinspektionen, Fabrik-\/Lieferantenaudits, Konsumg\u00fcterpr\u00fcfungen, Produktionskontrolle und -management, Qualit\u00e4tskontrollberatung, Schulungen, Regierungs-\/Handelsdienstleistungen, spezialisierte Unternehmensdienstleistungen, Verlade\u00fcberwachung, \u00dcberwachung von Hafenladungen und Abnahme von Industrieanlagen\/Bauten in ganz Asien.<\/p>\n<h4><strong>Qualit\u00e4tskontrollpr\u00fcfungen<\/strong><\/h4>\n<p>Die Verk\u00fcrzung der Produktlebenszyklen und der Zeit bis zur Markteinf\u00fchrung erh\u00f6ht die Herausforderung, Qualit\u00e4tsprodukte rechtzeitig zu liefern. Wenn Ihr Produkt nicht den Qualit\u00e4tsvorgaben f\u00fcr die Marktakzeptanz entspricht, kann dies zu einem Verlust von Wohlwollen, Produkten und Einnahmen, versp\u00e4teten Lieferungen, Materialverschwendung und dem potenziellen Risiko eines Produktr\u00fcckrufs f\u00fchren. Typische QC-Inspektionen, die wir in Bangladesch durchf\u00fchren, umfassen:<\/p>\n<ul>\n<li>Zeuge der Werksabnahme<\/li>\n<li>Inspektion vor der Produktion<\/li>\n<li>Fertigungsbegleitende Pr\u00fcfung<\/li>\n<li>Inspektion vor der Verschiffung<\/li>\n<li>Inspektion nach der Landung<\/li>\n<li>St\u00fcck f\u00fcr St\u00fcck Inspektion<\/li>\n<\/ul>\n<h4><strong>Fabrik- und Lieferanten-Audits<\/strong><\/h4>\n<p>Die wichtigsten Kriterien, die bei einem HQTS-Audit von Fabriken und Zulieferern bewertet werden, sind Einrichtungen, Richtlinien, Verfahren und Aufzeichnungen, die die F\u00e4higkeit einer Fabrik \u00fcberpr\u00fcfen, \u00fcber einen l\u00e4ngeren Zeitraum hinweg Produkte von gleichbleibender Qualit\u00e4t zu liefern, und nicht nur an einem bestimmten Tag oder f\u00fcr bestimmte Produkte.<\/p>\n<p>Zu den wichtigsten Kontrollpunkten eines Lieferantenaudits geh\u00f6ren:<\/p>\n<ul>\n<li>Informationen zur Rechtm\u00e4\u00dfigkeit des Unternehmens<\/li>\n<li>Bankverbindung<\/li>\n<li>Humanressourcen<\/li>\n<\/ul>\n<p>Das Standard-Fabrik-Audit umfasst:<\/p>\n<ul>\n<li>Hintergrund des Herstellers<\/li>\n<li>Arbeitskr\u00e4fte<\/li>\n<li>Produktionsf\u00e4higkeit<\/li>\n<li>Maschine, Einrichtungen und Ausr\u00fcstung<\/li>\n<li>Herstellungsverfahren und Produktionslinie<\/li>\n<li>Internes Qualit\u00e4tssystem wie Pr\u00fcfung und Inspektion<\/li>\n<li>Managementsystem und -f\u00e4higkeit<\/li>\n<li>Umwelt<\/li>\n<\/ul>\n<h4><strong>Qualit\u00e4tskontrolle im Bauwesen<\/strong><\/h4>\n<p>HQTS Bangladesh ist seit mehr als zehn Jahren auf dem bangladeschischen Markt verwurzelt. Es hat sich verpflichtet, die Qualit\u00e4t und Sicherheit von Geb\u00e4uden\/Fabriken (elektrische, Brand- und strukturelle Sicherheitsinspektion nach geltendem Standard), sichere Arbeitspl\u00e4tze, Arbeiter, sichere Evakuierung und Sicherheitsrisiken in Fabriken usw. sowie sichere Energie zu gew\u00e4hrleisten.<\/p>\n<ul>\n<li>Audit der Geb\u00e4udesicherheit (elektrische, brandtechnische und bauliche Sicherheit)<\/li>\n<li>Energie-Audit<\/li>\n<li>Dienstleistungen im Bereich der Immobilienbewertung<\/li>\n<\/ul>\n<h4><strong>Qualit\u00e4tskontrollzertifikate und -standards f\u00fcr unsere Dienstleistungen in Bangladesch<\/strong><\/h4>\n<p>HQTS Qualit\u00e4tskontrollinspektionen und L\u00f6sungen f\u00fcr die Pr\u00fcfung von Konsumg\u00fctern k\u00f6nnen Ihnen dabei helfen, sicherzustellen, dass Ihre Produkte die erforderlichen Normen erf\u00fcllen. Wir sind ein CNAS-ISO-akkreditiertes Unternehmen, das f\u00fcr die Durchf\u00fchrung von Qualit\u00e4tskontrollinspektionen und ISTA-Pr\u00fcfungen sowie f\u00fcr Pr\u00fcfungen gem\u00e4\u00df RoHS, REACH, CPSIA, DMF, Cl Prop 65, GB und vielen anderen globalen Normen zertifiziert ist.<\/p>\n<p>&nbsp;<\/p>\n","protected":false},"excerpt":{"rendered":"<p>HQTS ist Ihr Qualit\u00e4tskontrollunternehmen f\u00fcr den bangladeschischen Markt Bangladesch ist mit \u00fcber 165 Millionen Einwohnern das achtbev\u00f6lkerungsreichste Land der Welt. Au\u00dferdem geh\u00f6rt es zu den Next Eleven (N-11) &#8211; einer Gruppe von 11 L\u00e4ndern au\u00dferhalb der BRIC-Staaten (Brasilien, Russland, Indien und China), die Prognosen zufolge zu den gr\u00f6\u00dften Volkswirtschaften der Welt aufsteigen werden. Das bedeutet, [&hellip;]<\/p>\n","protected":false},"author":12,"featured_media":124691,"parent":124681,"menu_order":0,"comment_status":"closed","ping_status":"closed","template":"","meta":{"_acf_changed":false,"footnotes":""},"class_list":["post-124693","page","type-page","status-publish","has-post-thumbnail","hentry"],"acf":[],"_links":{"self":[{"href":"https:\/\/www.hqts.com\/de\/wp-json\/wp\/v2\/pages\/124693","targetHints":{"allow":["GET"]}}],"collection":[{"href":"https:\/\/www.hqts.com\/de\/wp-json\/wp\/v2\/pages"}],"about":[{"href":"https:\/\/www.hqts.com\/de\/wp-json\/wp\/v2\/types\/page"}],"author":[{"embeddable":true,"href":"https:\/\/www.hqts.com\/de\/wp-json\/wp\/v2\/users\/12"}],"replies":[{"embeddable":true,"href":"https:\/\/www.hqts.com\/de\/wp-json\/wp\/v2\/comments?post=124693"}],"version-history":[{"count":2,"href":"https:\/\/www.hqts.com\/de\/wp-json\/wp\/v2\/pages\/124693\/revisions"}],"predecessor-version":[{"id":124695,"href":"https:\/\/www.hqts.com\/de\/wp-json\/wp\/v2\/pages\/124693\/revisions\/124695"}],"up":[{"embeddable":true,"href":"https:\/\/www.hqts.com\/de\/wp-json\/wp\/v2\/pages\/124681"}],"wp:featuredmedia":[{"embeddable":true,"href":"https:\/\/www.hqts.com\/de\/wp-json\/wp\/v2\/media\/124691"}],"wp:attachment":[{"href":"https:\/\/www.hqts.com\/de\/wp-json\/wp\/v2\/media?parent=124693"}],"curies":[{"name":"wp","href":"https:\/\/api.w.org\/{rel}","templated":true}]}}