{"id":124696,"date":"2022-08-29T23:15:25","date_gmt":"2022-08-29T23:15:25","guid":{"rendered":"https:\/\/www.hqts.com\/?page_id=124696"},"modified":"2022-08-29T23:16:02","modified_gmt":"2022-08-29T23:16:02","slug":"compliance-und-integritaet","status":"publish","type":"page","link":"https:\/\/www.hqts.com\/de\/hqts\/compliance-und-integritaet\/","title":{"rendered":"Compliance UND INTEGRIT\u00c4T"},"content":{"rendered":"<h3><strong>Verhaltenskodex:<\/strong><\/h3>\n<p><strong>Wir sind bestrebt, die h\u00f6chsten ethischen und rechtlichen Standards einzuhalten, um unser Wachstum fortzusetzen.<\/strong><\/p>\n<p>Dieser Verhaltenskodex (im Folgenden &#8222;der Kodex&#8220;) soll den Mitarbeitern klare Anweisungen f\u00fcr ihre t\u00e4glichen Gesch\u00e4ftsaktivit\u00e4ten geben.<\/p>\n<p>HQTS arbeitet nach den Grunds\u00e4tzen der Integrit\u00e4t, Ehrlichkeit und Professionalit\u00e4t.<\/p>\n<p>&#8211; Unsere Arbeit muss ehrlich, professionell, unabh\u00e4ngig und unparteiisch durchgef\u00fchrt werden, wobei keinerlei Einflussnahme auf die Abweichung von unseren eigenen genehmigten Methoden und Verfahren oder auf die Berichterstattung \u00fcber genaue Ergebnisse geduldet wird.<\/p>\n<p>&#8211; Unsere Berichte und Bescheinigungen m\u00fcssen die tats\u00e4chlichen Feststellungen, fachlichen Stellungnahmen oder erzielten Ergebnisse korrekt wiedergeben.<\/p>\n<p>&#8211; Daten, Testergebnisse und andere wesentliche Fakten sind nach Treu und Glauben zu melden und d\u00fcrfen nicht unzul\u00e4ssig ver\u00e4ndert werden.<\/p>\n<p>&#8211; Alle Mitarbeiter m\u00fcssen jedoch alle Situationen vermeiden, die zu einem Interessenkonflikt bei unseren gesch\u00e4ftlichen Transaktionen und Dienstleistungen f\u00fchren k\u00f6nnten.<\/p>\n<p>&#8211; Unter keinen Umst\u00e4nden d\u00fcrfen Mitarbeiter ihre Position, das Eigentum des Unternehmens oder Informationen zum pers\u00f6nlichen Vorteil nutzen.<\/p>\n<p>Wir setzen uns f\u00fcr ein faires und gesundes Gesch\u00e4ftsumfeld ein und akzeptieren keinerlei Verhalten, das gegen die geltenden Gesetze und Vorschriften zur Bek\u00e4mpfung von Bestechung und Korruption verst\u00f6\u00dft.<\/p>\n<p><strong>Unsere Regeln sind:<\/strong><\/p>\n<p>&#8211; Verbot des Anbietens, Schenkens oder Annehmens von Bestechungsgeldern in jeglicher Form, direkt oder indirekt, einschlie\u00dflich Schmiergeldern f\u00fcr jeden Teil einer Vertragszahlung.<\/p>\n<p>&#8211; Keine Gelder oder Verm\u00f6genswerte f\u00fcr unethische Zwecke zu verwenden, um die Nutzung anderer Wege oder Kan\u00e4le f\u00fcr die Gew\u00e4hrung unzul\u00e4ssiger Vorteile an oder den Erhalt von unzul\u00e4ssigen Vorteilen von Kunden, Vertretern, Auftragnehmern, Lieferanten oder Mitarbeitern dieser Parteien oder Regierungsbeamten zu verhindern.<\/p>\n<p><strong>Wir sind dazu verpflichtet:<\/strong><\/p>\n<p>&#8211; Einhaltung mindestens des Mindestlohngesetzes und anderer geltender Lohn- und Arbeitszeitgesetze.<\/p>\n<p>&#8211; Verbot von Kinderarbeit &#8211; striktes Verbot der Kinderarbeit.<\/p>\n<p>&#8211; Verbot von Zwangs- und Pflichtarbeit.<\/p>\n<p>&#8211; Verbot aller Formen von Zwangsarbeit, sei es in Form von Gef\u00e4ngnisarbeit, Zwangsarbeit, Schuldknechtschaft, Sklavenarbeit oder jeder anderen Form von unfreiwilliger Arbeit.<\/p>\n<p>&#8211; Wahrung der Chancengleichheit am Arbeitsplatz<\/p>\n<p>&#8211; Keine Toleranz gegen\u00fcber Missbrauch, Mobbing oder Bel\u00e4stigung am Arbeitsplatz.<\/p>\n<p>&#8211; Alle Informationen, die wir im Rahmen der Erbringung unserer Dienstleistungen erhalten, sind als Gesch\u00e4ftsgeheimnis zu behandeln, soweit sie nicht bereits ver\u00f6ffentlicht, f\u00fcr Dritte allgemein zug\u00e4nglich oder anderweitig allgemein bekannt sind.<\/p>\n<p>&#8211; Alle Mitarbeiter sind durch die Unterzeichnung einer Vertraulichkeitsvereinbarung pers\u00f6nlich verpflichtet, keine vertraulichen Informationen \u00fcber einen Kunden an einen anderen Kunden weiterzugeben, nicht zu versuchen, aus Informationen, die sie im Rahmen ihres Arbeitsvertrags bei HQTS erhalten haben, pers\u00f6nlichen Gewinn zu ziehen und Unbefugten keinen Zutritt zu ihren R\u00e4umlichkeiten zu gew\u00e4hren oder zu erm\u00f6glichen.<\/p>\n<p>HQTS achtet auf faire Werbe- und Wettbewerbsstandards und h\u00e4lt sich an das Verhalten gegen unlauteren Wettbewerb, einschlie\u00dflich, aber nicht beschr\u00e4nkt auf: Monopol, Zwangshandel, illegale Kopplungsbedingungen von Waren, kommerzielle Bestechung, falsche Propaganda, Dumping, Verleumdung, Absprachen, Wirtschaftsspionage und\/oder Datendiebstahl.<\/p>\n<p>&#8211; Wir streben keine Wettbewerbsvorteile durch illegale oder unethische Gesch\u00e4ftspraktiken an.<\/p>\n<p>&#8211; Alle Mitarbeiter sollten sich um einen fairen Umgang mit den Kunden, Klienten, Dienstleistern, Lieferanten, Wettbewerbern und Mitarbeitern des Unternehmens bem\u00fchen.<\/p>\n<p>&#8211; Niemand darf jemanden durch Manipulation, Verheimlichung, Missbrauch von privilegierten Informationen, falsche Darstellung wesentlicher Tatsachen oder andere unlautere Gesch\u00e4ftspraktiken in unlauterer Weise ausnutzen.<\/p>\n<p>Gesundheit, Sicherheit und Wohlbefinden sind f\u00fcr HQTS wichtig.<\/p>\n<p>&#8211; Wir verpflichten uns, eine saubere, sichere und gesunde Arbeitsumgebung zu schaffen.<\/p>\n<p>&#8211; Wir stellen sicher, dass unsere Mitarbeiter eine angemessene Sicherheitsschulung und -information erhalten haben und sich an die festgelegten Sicherheitspraktiken und -anforderungen halten.<\/p>\n<p>&#8211; Jeder Mitarbeiter ist f\u00fcr die Aufrechterhaltung eines sicheren und gesunden Arbeitsplatzes verantwortlich, indem er die Sicherheits- und Gesundheitsvorschriften und -praktiken befolgt und Unf\u00e4lle, Verletzungen und unsichere Bedingungen, Verfahren oder Verhaltensweisen meldet.<\/p>\n<p>Alle Mitarbeiter sind daf\u00fcr verantwortlich, dass die Einhaltung des Kodexes ein wesentlicher Bestandteil unserer Gesch\u00e4ftsprozesse und unseres k\u00fcnftigen Erfolgs ist, und es wird von ihnen erwartet, dass sie den Kodex einhalten, um sich selbst und das Unternehmen zu sch\u00fctzen.<\/p>\n<p>Kein Mitarbeiter wird jemals wegen der strikten Umsetzung des Kodex degradiert, bestraft oder anderweitig benachteiligt, selbst wenn dies zu Gesch\u00e4ftseinbu\u00dfen f\u00fchren kann.<\/p>\n<p>Wir werden jedoch bei Verst\u00f6\u00dfen gegen den Kodex oder sonstigem Fehlverhalten angemessene Disziplinarma\u00dfnahmen ergreifen, die in den schwerwiegendsten F\u00e4llen eine K\u00fcndigung und m\u00f6glicherweise rechtliche Schritte umfassen k\u00f6nnen.<\/p>\n<p>Wir alle sind daf\u00fcr verantwortlich, tats\u00e4chliche oder vermutete Verst\u00f6\u00dfe gegen diesen Kodex zu melden. Jeder von uns muss sich sicher f\u00fchlen, Bedenken zu \u00e4u\u00dfern, ohne Vergeltungsma\u00dfnahmen bef\u00fcrchten zu m\u00fcssen. HQTS duldet keine Vergeltungsma\u00dfnahmen gegen Personen, die in gutem Glauben ein tats\u00e4chliches oder vermutetes Fehlverhalten melden.<\/p>\n<p>Wenn Sie Fragen oder Bedenken zu einem Aspekt dieses Kodex haben, sollten Sie diese mit Ihrem Vorgesetzten oder unserer Compliance-Abteilung besprechen.<\/p>\n<p><strong>Compliance Kontakt:<\/strong><\/p>\n<p>Globale Compliance-Hotline:\uff08+86\uff09400-655-9659<\/p>\n<p>Globale Einhaltung der Vorschriften E-Mail: <a href=\"mailto:compliance@hqts.com\">compliance@hqts.com<\/a><\/p>\n<p>&nbsp;<\/p>\n","protected":false},"excerpt":{"rendered":"<p>Verhaltenskodex: Wir sind bestrebt, die h\u00f6chsten ethischen und rechtlichen Standards einzuhalten, um unser Wachstum fortzusetzen. Dieser Verhaltenskodex (im Folgenden &#8222;der Kodex&#8220;) soll den Mitarbeitern klare Anweisungen f\u00fcr ihre t\u00e4glichen Gesch\u00e4ftsaktivit\u00e4ten geben. HQTS arbeitet nach den Grunds\u00e4tzen der Integrit\u00e4t, Ehrlichkeit und Professionalit\u00e4t. &#8211; Unsere Arbeit muss ehrlich, professionell, unabh\u00e4ngig und unparteiisch durchgef\u00fchrt werden, wobei keinerlei Einflussnahme [&hellip;]<\/p>\n","protected":false},"author":12,"featured_media":124702,"parent":124681,"menu_order":80,"comment_status":"closed","ping_status":"closed","template":"","meta":{"_acf_changed":false,"footnotes":""},"class_list":["post-124696","page","type-page","status-publish","has-post-thumbnail","hentry"],"acf":[],"_links":{"self":[{"href":"https:\/\/www.hqts.com\/de\/wp-json\/wp\/v2\/pages\/124696","targetHints":{"allow":["GET"]}}],"collection":[{"href":"https:\/\/www.hqts.com\/de\/wp-json\/wp\/v2\/pages"}],"about":[{"href":"https:\/\/www.hqts.com\/de\/wp-json\/wp\/v2\/types\/page"}],"author":[{"embeddable":true,"href":"https:\/\/www.hqts.com\/de\/wp-json\/wp\/v2\/users\/12"}],"replies":[{"embeddable":true,"href":"https:\/\/www.hqts.com\/de\/wp-json\/wp\/v2\/comments?post=124696"}],"version-history":[{"count":2,"href":"https:\/\/www.hqts.com\/de\/wp-json\/wp\/v2\/pages\/124696\/revisions"}],"predecessor-version":[{"id":124703,"href":"https:\/\/www.hqts.com\/de\/wp-json\/wp\/v2\/pages\/124696\/revisions\/124703"}],"up":[{"embeddable":true,"href":"https:\/\/www.hqts.com\/de\/wp-json\/wp\/v2\/pages\/124681"}],"wp:featuredmedia":[{"embeddable":true,"href":"https:\/\/www.hqts.com\/de\/wp-json\/wp\/v2\/media\/124702"}],"wp:attachment":[{"href":"https:\/\/www.hqts.com\/de\/wp-json\/wp\/v2\/media?parent=124696"}],"curies":[{"name":"wp","href":"https:\/\/api.w.org\/{rel}","templated":true}]}}