{"id":124705,"date":"2022-08-29T23:18:18","date_gmt":"2022-08-29T23:18:18","guid":{"rendered":"https:\/\/www.hqts.com\/?page_id=124705"},"modified":"2024-09-02T14:51:46","modified_gmt":"2024-09-02T14:51:46","slug":"aql-calculator","status":"publish","type":"page","link":"https:\/\/www.hqts.com\/de\/aql-calculator\/","title":{"rendered":"AQL-Rechner"},"content":{"rendered":"\t\t<div data-elementor-type=\"wp-page\" data-elementor-id=\"124705\" class=\"elementor elementor-124705 elementor-70889\" data-elementor-post-type=\"page\">\n\t\t\t\t\t\t<section class=\"elementor-section elementor-top-section elementor-element elementor-element-ac39b3e elementor-section-full_width elementor-section-height-default elementor-section-height-default\" data-id=\"ac39b3e\" data-element_type=\"section\" data-settings=\"{&quot;background_background&quot;:&quot;classic&quot;}\">\n\t\t\t\t\t\t\t<div class=\"elementor-background-overlay\"><\/div>\n\t\t\t\t\t\t\t<div class=\"elementor-container elementor-column-gap-no\">\n\t\t\t\t\t<div class=\"elementor-column elementor-col-100 elementor-top-column elementor-element elementor-element-edcc95b\" data-id=\"edcc95b\" data-element_type=\"column\">\n\t\t\t<div class=\"elementor-widget-wrap elementor-element-populated\">\n\t\t\t\t\t\t<div class=\"elementor-element elementor-element-f959f57 elementor-widget elementor-widget-breadcrumbs\" data-id=\"f959f57\" data-element_type=\"widget\" data-widget_type=\"breadcrumbs.default\">\n\t\t\t\t<div class=\"elementor-widget-container\">\n\t\t\t\t\t<p id=\"breadcrumbs\"><span><span><a href=\"https:\/\/www.hqts.com\/de\/\">Home<\/a><\/span><\/span><\/p>\t\t\t\t<\/div>\n\t\t\t\t<\/div>\n\t\t\t\t<section class=\"elementor-section elementor-inner-section elementor-element elementor-element-e8645df elementor-section-boxed elementor-section-height-default elementor-section-height-default\" data-id=\"e8645df\" data-element_type=\"section\">\n\t\t\t\t\t\t<div class=\"elementor-container elementor-column-gap-no\">\n\t\t\t\t\t<div class=\"elementor-column elementor-col-66 elementor-inner-column elementor-element elementor-element-0785242\" data-id=\"0785242\" data-element_type=\"column\">\n\t\t\t<div class=\"elementor-widget-wrap elementor-element-populated\">\n\t\t\t\t\t\t<div class=\"elementor-element elementor-element-a3de109 elementor-widget elementor-widget-heading\" data-id=\"a3de109\" data-element_type=\"widget\" data-widget_type=\"heading.default\">\n\t\t\t\t<div class=\"elementor-widget-container\">\n\t\t\t\t\t<h1 class=\"elementor-heading-title elementor-size-default\">AQL-Rechner<\/h1>\t\t\t\t<\/div>\n\t\t\t\t<\/div>\n\t\t\t\t\t<\/div>\n\t\t<\/div>\n\t\t\t\t<div class=\"elementor-column elementor-col-33 elementor-inner-column elementor-element elementor-element-a2c0120\" data-id=\"a2c0120\" data-element_type=\"column\">\n\t\t\t<div class=\"elementor-widget-wrap\">\n\t\t\t\t\t\t\t<\/div>\n\t\t<\/div>\n\t\t\t\t\t<\/div>\n\t\t<\/section>\n\t\t\t\t\t<\/div>\n\t\t<\/div>\n\t\t\t\t\t<\/div>\n\t\t<\/section>\n\t\t\t\t<section class=\"elementor-section elementor-top-section elementor-element elementor-element-4a03814 elementor-section-boxed elementor-section-height-default elementor-section-height-default\" data-id=\"4a03814\" data-element_type=\"section\">\n\t\t\t\t\t\t<div class=\"elementor-container elementor-column-gap-default\">\n\t\t\t\t\t<div class=\"elementor-column elementor-col-100 elementor-top-column elementor-element elementor-element-bcc73d4\" data-id=\"bcc73d4\" data-element_type=\"column\">\n\t\t\t<div class=\"elementor-widget-wrap elementor-element-populated\">\n\t\t\t\t\t\t<div class=\"elementor-element elementor-element-db86fbb elementor-widget elementor-widget-text-editor\" data-id=\"db86fbb\" data-element_type=\"widget\" data-widget_type=\"text-editor.default\">\n\t\t\t\t<div class=\"elementor-widget-container\">\n\t\t\t\t\t\t\t\t\t<p><strong>Es ist wichtig, dass es ein bestimmtes Niveau der Produktqualit\u00e4t gibt und eine effiziente Methode, um diese Standards zu erkennen. Die Qualit\u00e4tskontrolle ist wichtig, da sie Risiken minimieren, Geld und Zeit in der Produktion sparen kann. Au\u00dferdem lassen sich die Zulieferer leichter verwalten, und als Unternehmen hat man eine bessere Verhandlungsposition und einen besseren Markenschutz, wenn man einen entsprechenden Plan hat.<\/strong><\/p><p>Die AQL-Probenahme (Acceptable Quality Limit) ist ein praktisches und wirksames Verfahren zur Qualit\u00e4tssicherung eines Auftrags f\u00fcr hergestellte Waren, um Risiken vor der offiziellen Abnahme zu verringern. Es gibt drei AQL-Stufen, nach denen ein Produkt klassifiziert werden kann. Jedes dieser Niveaus beschreibt eine Fehlerstufe: kritische Fehler, schwere Fehler oder leichte Fehler. Wir k\u00f6nnen ein Produkt klassifizieren, um zu bestimmen, in welche Stufe es f\u00e4llt, indem wir einen AQL-Rechner anstelle von Tabellen verwenden, um Stichprobengr\u00f6\u00dfen und Fehlerzahlen schneller zu ermitteln.<\/p>\t\t\t\t\t\t\t\t<\/div>\n\t\t\t\t<\/div>\n\t\t\t\t<div class=\"elementor-element elementor-element-7c5c136 elementor-widget elementor-widget-heading\" data-id=\"7c5c136\" data-element_type=\"widget\" data-widget_type=\"heading.default\">\n\t\t\t\t<div class=\"elementor-widget-container\">\n\t\t\t\t\t<h2 class=\"elementor-heading-title elementor-size-large\">HQTS Qualit\u00e4tskontrollen AQL-Rechner<\/h2>\t\t\t\t<\/div>\n\t\t\t\t<\/div>\n\t\t\t\t<div class=\"elementor-element elementor-element-4a0ca37 elementor-widget elementor-widget-shortcode\" data-id=\"4a0ca37\" data-element_type=\"widget\" data-widget_type=\"shortcode.default\">\n\t\t\t\t<div class=\"elementor-widget-container\">\n\t\t\t\t\t\t\t<div class=\"elementor-shortcode\"><div id=\"aql-calculator\"><div class=\"aql-row\" style=\"background-color: #b8373a;color: white;border-bottom: 3px solid #6B0104;\"><div class=\"aql-col\" style=\"font-weight: 600;text-align: center;\">Order Quantity:<\/div><div class=\"aql-col\"><input type=\"number\" id=\"aql-input-quantity\" value=\"4000\" min=\"1\"><\/div><div class=\"aql-col\" style=\"font-weight: 600;text-align: center;\">Inspection Level:<\/div><div class=\"aql-col\"><select id=\"aql-input-inspection-level\"><option value=\"I\">I<\/option><option value=\"II\" selected=\"selected\">II<\/option><option value=\"III\">III<\/option><option value=\"S1\">S1<\/option><option value=\"S2\">S2<\/option><option value=\"S3\">S3<\/option><option value=\"S4\">S4<\/option><\/select><\/div><\/div><div class=\"aql-row\"><div class=\"aql-col\" style=\"background-color: #f1f1f1;padding: 0;\"><div class=\"aql-col\" style=\"background-color: #6B0104;color: white;font-weight: 600; border-right: 1px solid #6B0104;\">Critical Defects<\/div><div class=\"aql-col\" style=\"border-right: 1px solid #6B0104;\"><div class=\"aql-row\"><div class=\"aql-col\">Select AQL:<\/div><div class=\"aql-col\"><select id=\"aql-input-critical-aql\"><option value=\"0\" selected=\"selected\">Not allowed<\/option><option value=\"0.065\">0.065<\/option><option value=\"0.10\">0.10<\/option><option value=\"0.15\">0.15<\/option><option value=\"0.25\">0.25<\/option><option value=\"0.40\">0.40<\/option><option value=\"0.65\">0.65<\/option><option value=\"1.0\">1.0<\/option><option value=\"1.5\">1.5<\/option><option value=\"2.5\">2.5<\/option><option value=\"4.0\">4.0<\/option><option value=\"6.5\">6.5<\/option><\/select><\/div><\/div><\/div><div class=\"aql-col\" style=\"border-right: 1px solid #6B0104;\"><div class=\"aql-row\"><div class=\"aql-col\">Sample Size:<\/div><div class=\"aql-col aql-col-left\" id=\"critical-sample-size\">200<\/div><\/div><\/div><div class=\"aql-col\" style=\"border-right: 1px solid #6B0104;\"><div class=\"aql-row\"><div class=\"aql-col\">Accept Point:<\/div><div class=\"aql-col aql-col-left\" style=\"color: #389133;\" id=\"critical-accept-point\">0<\/div><\/div><\/div><div class=\"aql-col\" style=\"border-right: 1px solid #6B0104;\"><div class=\"aql-row\"><div class=\"aql-col\">Reject Point:<\/div><div class=\"aql-col aql-col-left\" style=\"color: #B43F3F;\" id=\"critical-reject-point\">0<\/div><\/div><\/div><\/div><div class=\"aql-col\" style=\"background-color: #f1f1f1;padding: 0;\"><div class=\"aql-col\" style=\"background-color: #961A1D;color: white;font-weight: 600; border-right: 1px solid #6B0104;\">Major Defects<\/div><div class=\"aql-col\" style=\"border-right: 1px solid #6B0104;\"><div class=\"aql-row\"><div class=\"aql-col\">Select AQL:<\/div><div class=\"aql-col\"><select id=\"aql-input-major-aql\"><option value=\"0\">Not allowed<\/option><option value=\"0.065\">0.065<\/option><option value=\"0.10\">0.10<\/option><option value=\"0.15\">0.15<\/option><option value=\"0.25\">0.25<\/option><option value=\"0.40\">0.40<\/option><option value=\"0.65\">0.65<\/option><option value=\"1.0\">1.0<\/option><option value=\"1.5\">1.5<\/option><option value=\"2.5\" selected=\"selected\">2.5<\/option><option value=\"4.0\">4.0<\/option><option value=\"6.5\">6.5<\/option><\/select><\/div><\/div><\/div><div class=\"aql-col\" style=\"border-right: 1px solid #6B0104;\"><div class=\"aql-row\"><div class=\"aql-col\">Sample Size:<\/div><div class=\"aql-col aql-col-left\" id=\"major-sample-size\">200<\/div><\/div><\/div><div class=\"aql-col\" style=\"border-right: 1px solid #6B0104;\"><div class=\"aql-row\"><div class=\"aql-col\">Accept Point:<\/div><div class=\"aql-col aql-col-left\" style=\"color: #389133;\" id=\"major-accept-point\">10<\/div><\/div><\/div><div class=\"aql-col\" style=\"border-right: 1px solid #6B0104;\"><div class=\"aql-row\"><div class=\"aql-col\">Reject Point:<\/div><div class=\"aql-col aql-col-left\" style=\"color: #B43F3F;\" id=\"major-reject-point\">11<\/div><\/div><\/div><\/div><div class=\"aql-col\" style=\"background-color: #f1f1f1;padding: 0;\"><div class=\"aql-col\" style=\"background-color: #D95E61;color: white;font-weight: 600;\">Minor Defects<\/div><div class=\"aql-col\"><div class=\"aql-row\"><div class=\"aql-col\">Select AQL:<\/div><div class=\"aql-col\"><select id=\"aql-input-minor-aql\"><option value=\"0\">Not allowed<\/option><option value=\"0.065\">0.065<\/option><option value=\"0.10\">0.10<\/option><option value=\"0.15\">0.15<\/option><option value=\"0.25\">0.25<\/option><option value=\"0.40\">0.40<\/option><option value=\"0.65\">0.65<\/option><option value=\"1.0\">1.0<\/option><option value=\"1.5\">1.5<\/option><option value=\"2.5\">2.5<\/option><option value=\"4.0\" selected=\"selected\">4.0<\/option><option value=\"6.5\">6.5<\/option><\/select><\/div><\/div><\/div><div class=\"aql-col\"><div class=\"aql-row\"><div class=\"aql-col\">Sample Size:<\/div><div class=\"aql-col aql-col-left\" id=\"minor-sample-size\">200<\/div><\/div><\/div><div class=\"aql-col\"><div class=\"aql-row\"><div class=\"aql-col\">Accept Point:<\/div><div class=\"aql-col aql-col-left\" style=\"color: #389133;\" id=\"minor-accept-point\">14<\/div><\/div><\/div><div class=\"aql-col\"><div class=\"aql-row\"><div class=\"aql-col\">Reject Point:<\/div><div class=\"aql-col aql-col-left\" style=\"color: #B43F3F;\" id=\"minor-reject-point\">15<\/div><\/div><\/div><\/div><\/div><\/div><\/div>\n\t\t\t\t\t\t<\/div>\n\t\t\t\t<\/div>\n\t\t\t\t<div class=\"elementor-element elementor-element-2b46caa elementor-widget elementor-widget-spacer\" data-id=\"2b46caa\" data-element_type=\"widget\" data-widget_type=\"spacer.default\">\n\t\t\t\t<div class=\"elementor-widget-container\">\n\t\t\t\t\t\t\t<div class=\"elementor-spacer\">\n\t\t\t<div class=\"elementor-spacer-inner\"><\/div>\n\t\t<\/div>\n\t\t\t\t\t\t<\/div>\n\t\t\t\t<\/div>\n\t\t\t\t<div class=\"elementor-element elementor-element-f3cf083 elementor-widget elementor-widget-heading\" data-id=\"f3cf083\" data-element_type=\"widget\" data-widget_type=\"heading.default\">\n\t\t\t\t<div class=\"elementor-widget-container\">\n\t\t\t\t\t<h2 class=\"elementor-heading-title elementor-size-large\">AQL-Probenahme erkl\u00e4rt - HQTS Video<\/h2>\t\t\t\t<\/div>\n\t\t\t\t<\/div>\n\t\t\t\t<div class=\"elementor-element elementor-element-651fc11 elementor-widget elementor-widget-video\" data-id=\"651fc11\" data-element_type=\"widget\" data-settings=\"{&quot;youtube_url&quot;:&quot;https:\\\/\\\/www.youtube.com\\\/watch?v=PWH2wdi6xA0&quot;,&quot;video_type&quot;:&quot;youtube&quot;,&quot;controls&quot;:&quot;yes&quot;}\" data-widget_type=\"video.default\">\n\t\t\t\t<div class=\"elementor-widget-container\">\n\t\t\t\t\t\t\t<div class=\"elementor-wrapper elementor-open-inline\">\n\t\t\t<div class=\"elementor-video\"><\/div>\t\t<\/div>\n\t\t\t\t\t\t<\/div>\n\t\t\t\t<\/div>\n\t\t\t\t<div class=\"elementor-element elementor-element-9e56d8b elementor-widget elementor-widget-text-editor\" data-id=\"9e56d8b\" data-element_type=\"widget\" data-widget_type=\"text-editor.default\">\n\t\t\t\t<div class=\"elementor-widget-container\">\n\t\t\t\t\t\t\t\t\t<h3><strong>Wie wird der AQL berechnet?<\/strong><\/h3><p>Es gibt zwei Tabellen, die zur Bestimmung des AQL von Produkten verwendet werden. Beide werden verwendet, um den Stichprobenumfang f\u00fcr die Pr\u00fcfung und die zul\u00e4ssigen fehlerhaften Einheiten zu bestimmen. Die AQL-Stichprobentabelle bietet mehr M\u00f6glichkeiten, einschlie\u00dflich Pr\u00fcfniveaus und Standards f\u00fcr Einzelf\u00e4lle.<\/p><h4>Tabelle 1: Stichprobengr\u00f6\u00dfe Kennbuchstaben<\/h4><p>Die am weitesten verbreitete Norm ist die AQL-Tabelle 1 (siehe unten), die als grundlegendes Instrument bei der Durchf\u00fchrung von Qualit\u00e4tskontrollen verwendet wird. Die AQL-Tabelle macht es dem K\u00e4ufer, dem Hersteller und dem Qualit\u00e4tskontrolldienstleister leicht, sich auf Qualit\u00e4tskontrollstandards zu einigen. Tabelle 1 hilft auch bei der Angabe der Kennbuchstaben f\u00fcr den Stichprobenumfang.<\/p>\t\t\t\t\t\t\t\t<\/div>\n\t\t\t\t<\/div>\n\t\t\t\t<div class=\"elementor-element elementor-element-98f5c51 elementor-widget elementor-widget-image\" data-id=\"98f5c51\" data-element_type=\"widget\" data-widget_type=\"image.default\">\n\t\t\t\t<div class=\"elementor-widget-container\">\n\t\t\t\t\t\t\t\t\t\t\t\t\t\t\t<img fetchpriority=\"high\" decoding=\"async\" width=\"800\" height=\"605\" src=\"https:\/\/www.hqts.com\/wp-content\/uploads\/2021\/06\/table-1.jpg\" class=\"attachment-large size-large wp-image-124708\" alt=\"\" srcset=\"https:\/\/www.hqts.com\/wp-content\/uploads\/2021\/06\/table-1.jpg 842w, https:\/\/www.hqts.com\/wp-content\/uploads\/2021\/06\/table-1-300x227.jpg 300w, https:\/\/www.hqts.com\/wp-content\/uploads\/2021\/06\/table-1-768x581.jpg 768w\" sizes=\"(max-width: 800px) 100vw, 800px\" \/>\t\t\t\t\t\t\t\t\t\t\t\t\t\t\t<\/div>\n\t\t\t\t<\/div>\n\t\t\t\t<div class=\"elementor-element elementor-element-9c4d97e elementor-widget elementor-widget-text-editor\" data-id=\"9c4d97e\" data-element_type=\"widget\" data-widget_type=\"text-editor.default\">\n\t\t\t\t<div class=\"elementor-widget-container\">\n\t\t\t\t\t\t\t\t\t<h4>Tabelle 2: Einzelne Stichprobenpl\u00e4ne f\u00fcr normale Inspektionen<\/h4><p>Tabelle 2 enth\u00e4lt einzelne Stichprobenpl\u00e4ne f\u00fcr normale Inspektionen. Die H\u00e4kchen in der Tabelle zeigen an, wie viele Produkte bestanden wurden, w\u00e4hrend das Kreuz anzeigt, wie viele Produkte nicht bestanden wurden. Die Pfeile nach oben zeigen an, dass Sie den Stichprobenumfang \u00fcber dem Pfeil verwenden sollten. Wenn Sie einen Pfeil sehen, der dem Losumfang entspricht oder ihn \u00fcbersteigt, sollten Sie eine 100%ige Pr\u00fcfung oder eine St\u00fcck-f\u00fcr-St\u00fcck-Pr\u00fcfung durchf\u00fchren. Wenn Sie die Pfeile nach unten betrachten, sollten Sie den ersten Stichprobenplan unterhalb des ersten Pfeils nach unten verwenden.<\/p>\t\t\t\t\t\t\t\t<\/div>\n\t\t\t\t<\/div>\n\t\t\t\t<div class=\"elementor-element elementor-element-3f0a5a9 elementor-widget elementor-widget-image\" data-id=\"3f0a5a9\" data-element_type=\"widget\" data-widget_type=\"image.default\">\n\t\t\t\t<div class=\"elementor-widget-container\">\n\t\t\t\t\t\t\t\t\t\t\t\t\t\t\t<img decoding=\"async\" width=\"800\" height=\"605\" src=\"https:\/\/www.hqts.com\/wp-content\/uploads\/2021\/06\/AQL-Table-ii.jpg\" class=\"attachment-large size-large wp-image-124709\" alt=\"\" srcset=\"https:\/\/www.hqts.com\/wp-content\/uploads\/2021\/06\/AQL-Table-ii.jpg 842w, https:\/\/www.hqts.com\/wp-content\/uploads\/2021\/06\/AQL-Table-ii-300x227.jpg 300w, https:\/\/www.hqts.com\/wp-content\/uploads\/2021\/06\/AQL-Table-ii-768x581.jpg 768w\" sizes=\"(max-width: 800px) 100vw, 800px\" \/>\t\t\t\t\t\t\t\t\t\t\t\t\t\t\t<\/div>\n\t\t\t\t<\/div>\n\t\t\t\t<div class=\"elementor-element elementor-element-f67c3f5 elementor-widget elementor-widget-text-editor\" data-id=\"f67c3f5\" data-element_type=\"widget\" data-widget_type=\"text-editor.default\">\n\t\t\t\t<div class=\"elementor-widget-container\">\n\t\t\t\t\t\t\t\t\t<h3><strong>Was ist eine AQL-Inspektion?<\/strong><\/h3>\n<p>Der AQL ist ein grundlegendes Ma\u00df f\u00fcr die Standards, die bei der Durchf\u00fchrung von Produktkontrollen verwendet werden. In \u00dcbereinstimmung mit der ISO 2859-1 bezieht er sich auf die Untergrenzen der akzeptablen Standards f\u00fcr Verbraucherprodukte im Verlauf einer Reihe von Inspektionen. AQLs sollten verwendet werden, um festzustellen, ob ein Produkt den Spezifikationen eines Kunden entspricht oder nicht.<\/p>\n<p>AQLs k\u00f6nnen f\u00fcr einen Prozentsatz oder eine Anzahl von kritischen, gr\u00f6\u00dferen und kleineren Fehlern festgelegt werden. <br><\/p><h5>Kritische Fehler<\/h5><p>Normalerweise wird eine Rate kritischer Fehler von 0 % erwartet. Kritische M\u00e4ngel sind nicht akzeptabel, da der Endbenutzer gesch\u00e4digt werden k\u00f6nnte, was m\u00f6glicherweise dazu f\u00fchren k\u00f6nnte, dass das Produkt nicht den \u00f6rtlichen Vorschriften entspricht und\/oder zu einem Produktausfall f\u00fchrt. Kritische M\u00e4ngel sind die schwerwiegendsten der drei M\u00e4ngelarten. Diese Ausf\u00e4lle machen ein Produkt v\u00f6llig funktionsunf\u00e4hig und setzen Unternehmen vermeidbaren Risiken wie Produkthaftungsproblemen, rechtlichen Schritten und m\u00f6glichen R\u00fcckrufen aus.<\/p><p><br><\/p><h5>Erhebliche M\u00e4ngel<\/h5><p>Eine Hauptm\u00e4ngelquote von bis zu 2,5 % wird grunds\u00e4tzlich akzeptiert. Erhebliche M\u00e4ngel&nbsp;wirken sich negativ auf die Leistung, Funktionalit\u00e4t und das Erscheinungsbild des Produkts aus und stellen h\u00e4ufig erhebliche Probleme dar, die f\u00fcr den Endbenutzer leicht zu erkennen sind.<\/p><p><br><\/p><h5>Kleinere M\u00e4ngel<\/h5><p>Eine Bagatellm\u00e4ngelquote von bis zu 4 % wird grunds\u00e4tzlich akzeptiert. Bei diesen M\u00e4ngeln handelt es sich um geringf\u00fcgige Abweichungen von den Produktspezifikationen, die die meisten K\u00e4ufer dennoch tolerieren w\u00fcrden. Kleinere M\u00e4ngel beeintr\u00e4chtigen weder die Leistung noch die Funktionalit\u00e4t des Produkts und bleiben vom Endbenutzer oft unbemerkt.<\/p><p><br><\/p>\n<h4><strong>Was sind die Vorteile von AQL-Qualit\u00e4tskontrollinspektionen?<\/strong><\/h4>\n<p>AQL k\u00f6nnte eine bessere Methode sein, als jedes einzelne Produkt in einer Charge zu pr\u00fcfen. Wenn Sie Produkte nur in kleinen Mengen einkaufen, haben Sie wahrscheinlich die Ressourcen, um alles zu testen, aber wenn die Mengen steigen, wird es schwieriger, strenge Tests in Bezug auf Zeit und Kosten durchzuf\u00fchren.<\/p>\n<p>AQL ist ein robustes statistisches Modell, das seit vielen Jahren sehr erfolgreich eingesetzt wird. Eine AQL-Pr\u00fcfung ist jedoch keine Garantie f\u00fcr eine fehlerfreie Erfahrung, da einige Fehler unentdeckt bleiben werden. AQL erm\u00f6glicht es Ihnen lediglich, den Prozentsatz der Fehler auszuw\u00e4hlen, den Sie zu akzeptieren bereit sind, und kann eine sinnvolle Option sein, wenn es darum geht, wertvolle Erkenntnisse \u00fcber Ihre Produkte in Ihrer Lieferkette zu gewinnen.<\/p>\n<h4><strong>\u00dcber HQTS<\/strong><\/h4>\n<p>Die AQL-Probenahme ist ein praktischer und effektiver Weg, um die Qualit\u00e4tssicherung bei einer Bestellung von hergestellten Waren durchzuf\u00fchren, um das Risiko vor der Annahme eines Auftrags zu verringern. Unterst\u00fctzt durch das Branchenwissen und die Erfahrung von fast 1.500 Fachleuten in mehr als 20 L\u00e4ndern ist HQTS bestens geeignet, Ihr Partner in Sachen Qualit\u00e4t zu sein.<\/p>\n<p>Kombinieren Sie dies mit den Qualit\u00e4tsstandards und Dienstleistungen von HQTS und Sie haben ein starkes, profitables und produktives Gesch\u00e4ftsangebot. HQTS hilft Ihnen dabei, sicherzustellen, dass Ihre Verpackungen der Aufgabe gewachsen sind und dass Ihre Waren w\u00e4hrend des gesamten Transportprozesses effektiv gesichert und gesch\u00fctzt sind. Nehmen Sie noch heute Kontakt mit uns <a href=\"https:\/\/www.hqts.com\/contact\/\">auf<\/a>, wenn Sie weitere Informationen w\u00fcnschen oder Fragen haben.<\/p>\n<p><\/p>\t\t\t\t\t\t\t\t<\/div>\n\t\t\t\t<\/div>\n\t\t\t\t\t<\/div>\n\t\t<\/div>\n\t\t\t\t\t<\/div>\n\t\t<\/section>\n\t\t\t\t<\/div>\n\t\t","protected":false},"excerpt":{"rendered":"<p>Es ist wichtig, dass es ein bestimmtes Niveau der Produktqualit\u00e4t gibt und eine effiziente Methode, um diese Standards zu erkennen. Die Qualit\u00e4tskontrolle ist wichtig, da sie Risiken minimieren, Geld und Zeit in der Produktion sparen kann. Au\u00dferdem lassen sich die Zulieferer leichter verwalten, und als Unternehmen hat man eine bessere Verhandlungsposition und einen besseren Markenschutz, [&hellip;]<\/p>\n","protected":false},"author":12,"featured_media":124710,"parent":0,"menu_order":0,"comment_status":"closed","ping_status":"closed","template":"elementor_header_footer","meta":{"_acf_changed":false,"footnotes":""},"class_list":["post-124705","page","type-page","status-publish","has-post-thumbnail","hentry"],"acf":[],"_links":{"self":[{"href":"https:\/\/www.hqts.com\/de\/wp-json\/wp\/v2\/pages\/124705","targetHints":{"allow":["GET"]}}],"collection":[{"href":"https:\/\/www.hqts.com\/de\/wp-json\/wp\/v2\/pages"}],"about":[{"href":"https:\/\/www.hqts.com\/de\/wp-json\/wp\/v2\/types\/page"}],"author":[{"embeddable":true,"href":"https:\/\/www.hqts.com\/de\/wp-json\/wp\/v2\/users\/12"}],"replies":[{"embeddable":true,"href":"https:\/\/www.hqts.com\/de\/wp-json\/wp\/v2\/comments?post=124705"}],"version-history":[{"count":5,"href":"https:\/\/www.hqts.com\/de\/wp-json\/wp\/v2\/pages\/124705\/revisions"}],"predecessor-version":[{"id":168154,"href":"https:\/\/www.hqts.com\/de\/wp-json\/wp\/v2\/pages\/124705\/revisions\/168154"}],"wp:featuredmedia":[{"embeddable":true,"href":"https:\/\/www.hqts.com\/de\/wp-json\/wp\/v2\/media\/124710"}],"wp:attachment":[{"href":"https:\/\/www.hqts.com\/de\/wp-json\/wp\/v2\/media?parent=124705"}],"curies":[{"name":"wp","href":"https:\/\/api.w.org\/{rel}","templated":true}]}}