{"id":124834,"date":"2022-08-30T16:51:47","date_gmt":"2022-08-30T16:51:47","guid":{"rendered":"https:\/\/www.hqts.com\/?page_id=124834"},"modified":"2022-08-30T16:52:43","modified_gmt":"2022-08-30T16:52:43","slug":"qualitaetskontrolle-in-vietnam","status":"publish","type":"page","link":"https:\/\/www.hqts.com\/de\/hqts\/qualitaetskontrolle-in-vietnam\/","title":{"rendered":"QUALIT\u00c4TSKONTROLLE IN VIETNAM"},"content":{"rendered":"<p><strong>HQTS ist Ihr Qualit\u00e4tskontrollunternehmen f\u00fcr den vietnamesischen Markt<\/strong><\/p>\n<p><strong>Seit der Umstellung auf eine gemischte Wirtschaft Mitte der 1980er Jahre hat Vietnam ein schnelles Wachstum erlebt. Das Land hat sich zu einem f\u00fchrenden Agrarexporteur entwickelt und zieht weiterhin ausl\u00e4ndische Investitionen aus ganz S\u00fcdostasien an. Laut einer Prognose von PricewaterhouseCoopers vom Februar 2017 k\u00f6nnte Vietnam die am schnellsten wachsende Volkswirtschaft der Welt sein, mit einer potenziellen j\u00e4hrlichen BIP-Wachstumsrate von etwa 5,1 %, was das Land bis 2050 zur zwanziggr\u00f6\u00dften Volkswirtschaft der Welt machen w\u00fcrde.<\/strong><\/p>\n<h3><strong>Unsere Qualit\u00e4tskontrolldienste in Vietnam<\/strong><\/h3>\n<p>HQTS ist eines der f\u00fchrenden Unternehmen f\u00fcr Qualit\u00e4tskontrollen in Vietnam, das Inspektionen in der Fabrik, Inspektionen vor Ort, Qualit\u00e4tskontrollen, Produktions\u00fcberwachung und Beschaffung f\u00fcr Kunden anbietet.<\/p>\n<p>Das Unternehmen bietet eine Reihe umfassender Qualit\u00e4tssicherungsdienste f\u00fcr Kunden in aller Welt an. Dazu geh\u00f6ren u. a. Qualit\u00e4tskontrollinspektionen, Fabrik-\/Lieferantenaudits, Konsumg\u00fcterpr\u00fcfungen, Produktionskontrolle und -management, Qualit\u00e4tskontrollberatung, Schulungen, Regierungs-\/Handelsdienstleistungen, spezialisierte Unternehmensdienstleistungen, Verlade\u00fcberwachung, \u00dcberwachung von Hafenladungen und Abnahme von Industrieanlagen\/Bauten in ganz Asien.<\/p>\n<h3><strong>Fabrik- und Lieferanten-Audits<\/strong><\/h3>\n<p>Die wichtigsten Kriterien, die bei einem <a href=\"https:\/\/www.hqts.com\/de\/factory-supplier-audits\/\">HQTS-Audit von <\/a><a href=\"https:\/\/www.hqts.com\/de\/factory-supplier-audits\/\">Fabriken und Zulieferern<\/a> bewertet werden, sind Einrichtungen, Richtlinien, Verfahren und Aufzeichnungen, die die F\u00e4higkeit einer Fabrik \u00fcberpr\u00fcfen, \u00fcber einen l\u00e4ngeren Zeitraum hinweg Produkte von gleichbleibender Qualit\u00e4t zu liefern, und nicht nur an einem bestimmten Tag oder f\u00fcr bestimmte Produkte.<\/p>\n<p>Zu den wichtigsten Kontrollpunkten eines Lieferantenaudits geh\u00f6ren:<\/p>\n<ul>\n<li>Informationen zur Rechtm\u00e4\u00dfigkeit des Unternehmens<\/li>\n<li>Bankverbindung<\/li>\n<li>Humanressourcen<\/li>\n<li>Exportierbarkeit<\/li>\n<li>Verwaltung der Auftr\u00e4ge<\/li>\n<\/ul>\n<p>Das Standard-Fabrik-Audit umfasst:<\/p>\n<ul>\n<li>Hintergrund des Herstellers<\/li>\n<li>Arbeitskr\u00e4fte<\/li>\n<li>Produktionsf\u00e4higkeit<\/li>\n<li>Maschine, Einrichtungen und Ausr\u00fcstung<\/li>\n<li>Herstellungsverfahren und Produktionslinie<\/li>\n<li>Internes Qualit\u00e4tssystem wie Pr\u00fcfung und Inspektion<\/li>\n<li>Managementsystem und -f\u00e4higkeit<\/li>\n<li>Umwelt<\/li>\n<\/ul>\n<h3><strong>Qualit\u00e4tskontrollpr\u00fcfungen<\/strong><\/h3>\n<p>Die Verk\u00fcrzung der Produktlebenszyklen und der Zeit bis zur Markteinf\u00fchrung erh\u00f6ht die Herausforderung, Qualit\u00e4tsprodukte rechtzeitig zu liefern. Wenn Ihr Produkt die f\u00fcr die Marktakzeptanz erforderlichen Qualit\u00e4tsanforderungen nicht erf\u00fcllt, kann dies zu einem Verlust von Wohlwollen, Produkten und Einnahmen, versp\u00e4teten Lieferungen, Materialverschwendung und dem potenziellen Risiko eines Produktr\u00fcckrufs f\u00fchren. Typische Inspektionen, die wir in Vietnam durchf\u00fchren, sind:<\/p>\n<ul>\n<li><a href=\"https:\/\/www.hqts.com\/de\/pre-production-inspection\/\">Inspektion vor der Produktion<\/a><\/li>\n<li>Fertigungsbegleitende Pr\u00fcfung<\/li>\n<li><a href=\"https:\/\/www.hqts.com\/our-services\/inspections\/pre-shipment-inspection\/\">Inspektion vor der Verschiffung<\/a><\/li>\n<li><a href=\"https:\/\/www.hqts.com\/our-services\/piece-by-piece\/\">St\u00fcck f\u00fcr St\u00fcck Inspektion<\/a><\/li>\n<li><a href=\"https:\/\/www.hqts.com\/container-loading-inspection\/\">Inspektion der Containerbeladung<\/a><\/li>\n<\/ul>\n<h3><strong>Produktion-Monitoring<\/strong><\/h3>\n<p>Unser Produktions\u00fcberwachungsdienst hilft Ihnen, Ihre Lieferkette so effizient wie m\u00f6glich zu gestalten. Produktion Monitoring ist ein End-to-End-Service zur \u00dcberwachung des Produktionsprozesses. Er bietet den Kunden eine bessere Kontrolle und einen besseren Einblick in den gesamten Herstellungsprozess, ohne unliebsame \u00dcberraschungen.<\/p>\n<p>Wir bewerten:<\/p>\n<ul>\n<li>Materialien und Komponenten<\/li>\n<li>Produktionsf\u00e4higkeit<\/li>\n<li>Stand der Produktion<\/li>\n<li>Verf\u00fcgbarkeit der Betreiber<\/li>\n<li>F\u00e4higkeit zur Qualit\u00e4tskontrolle<\/li>\n<\/ul>\n<p><a href=\"https:\/\/www.hqts.com\/de\/what-is-production-monitoring-in-quality-control\/production-monitoring\/\"><strong>Erfahren Sie mehr<\/strong><\/a> \u00fcber unseren dreistufigen Ansatz vor Ort.<\/p>\n<h3><strong>Beschaffung<\/strong><\/h3>\n<p>Die Beschaffung in Asien ist f\u00fcr Unternehmen auf der ganzen Welt von entscheidender Bedeutung geworden. Die Gew\u00e4hrleistung einer effizienten Lieferkette bei gleichzeitig hoher Qualit\u00e4t und niedrigen Kosten ist f\u00fcr einige Unternehmen eine Frage des \u00dcberlebens. Aus diesem Grund expandieren viele Unternehmen oder verlagern ihre Aktivit\u00e4ten von China nach Vietnam und in andere ASEAN-L\u00e4nder. Die L\u00e4nder in dieser Region werden f\u00fcr Fachleute, die in Asien einkaufen, weiterhin eine zunehmende Rolle spielen.<\/p>\n<p>Die weltweite Nachfrage nach Textilien und Bekleidung w\u00e4chst mit dieser Verlagerung der Beschaffungsm\u00f6glichkeiten. Vietnam hat bewiesen, dass es in der Lage ist, arbeitsintensive Produkte, einschlie\u00dflich Textilien und Bekleidung, zu niedrigeren Kosten herzustellen. Es hat sich daher zu einem f\u00fchrenden Beschaffungsziel f\u00fcr Textilien und Bekleidung entwickelt.<\/p>\n<p>Delegieren Sie Ihre Beschaffungsaufgaben an unseren professionellen Supply-Chain-Assistenten und verschaffen Sie sich so Zeit, sich auf Ihre gesch\u00e4ftlichen Aktivit\u00e4ten zu konzentrieren. Werfen Sie <a href=\"https:\/\/www.hqts.com\/supplier-sourcing-lp\/\"><strong>einen Blick<\/strong><\/a> auf unsere Pakete und finden Sie heraus, was f\u00fcr Sie das Richtige ist.<\/p>\n<p><strong>Qualit\u00e4tskontrollzertifikate und Standards f\u00fcr unsere Dienstleistungen in Vietnam<\/strong><\/p>\n<p>HQTS Qualit\u00e4tskontrollinspektionen und L\u00f6sungen f\u00fcr die Pr\u00fcfung von Konsumg\u00fctern k\u00f6nnen Ihnen dabei helfen, sicherzustellen, dass Ihre Produkte die erforderlichen Normen erf\u00fcllen. Wir sind ein CNAS-ISO-akkreditiertes Unternehmen, das f\u00fcr die Durchf\u00fchrung von Qualit\u00e4tskontrollinspektionen und ISTA-Pr\u00fcfungen sowie f\u00fcr Pr\u00fcfungen gem\u00e4\u00df RoHS, REACH, CPSIA, DMF, Cl Prop 65, GB und vielen anderen globalen Normen zertifiziert ist.<\/p>\n","protected":false},"excerpt":{"rendered":"<p>HQTS ist Ihr Qualit\u00e4tskontrollunternehmen f\u00fcr den vietnamesischen Markt Seit der Umstellung auf eine gemischte Wirtschaft Mitte der 1980er Jahre hat Vietnam ein schnelles Wachstum erlebt. Das Land hat sich zu einem f\u00fchrenden Agrarexporteur entwickelt und zieht weiterhin ausl\u00e4ndische Investitionen aus ganz S\u00fcdostasien an. Laut einer Prognose von PricewaterhouseCoopers vom Februar 2017 k\u00f6nnte Vietnam die am [&hellip;]<\/p>\n","protected":false},"author":12,"featured_media":124836,"parent":124681,"menu_order":0,"comment_status":"closed","ping_status":"closed","template":"","meta":{"_acf_changed":false,"footnotes":""},"class_list":["post-124834","page","type-page","status-publish","has-post-thumbnail","hentry"],"acf":[],"_links":{"self":[{"href":"https:\/\/www.hqts.com\/de\/wp-json\/wp\/v2\/pages\/124834","targetHints":{"allow":["GET"]}}],"collection":[{"href":"https:\/\/www.hqts.com\/de\/wp-json\/wp\/v2\/pages"}],"about":[{"href":"https:\/\/www.hqts.com\/de\/wp-json\/wp\/v2\/types\/page"}],"author":[{"embeddable":true,"href":"https:\/\/www.hqts.com\/de\/wp-json\/wp\/v2\/users\/12"}],"replies":[{"embeddable":true,"href":"https:\/\/www.hqts.com\/de\/wp-json\/wp\/v2\/comments?post=124834"}],"version-history":[{"count":3,"href":"https:\/\/www.hqts.com\/de\/wp-json\/wp\/v2\/pages\/124834\/revisions"}],"predecessor-version":[{"id":124839,"href":"https:\/\/www.hqts.com\/de\/wp-json\/wp\/v2\/pages\/124834\/revisions\/124839"}],"up":[{"embeddable":true,"href":"https:\/\/www.hqts.com\/de\/wp-json\/wp\/v2\/pages\/124681"}],"wp:featuredmedia":[{"embeddable":true,"href":"https:\/\/www.hqts.com\/de\/wp-json\/wp\/v2\/media\/124836"}],"wp:attachment":[{"href":"https:\/\/www.hqts.com\/de\/wp-json\/wp\/v2\/media?parent=124834"}],"curies":[{"name":"wp","href":"https:\/\/api.w.org\/{rel}","templated":true}]}}