{"id":124878,"date":"2022-08-31T07:47:31","date_gmt":"2022-08-31T07:47:31","guid":{"rendered":"https:\/\/www.hqts.com\/?page_id=124878"},"modified":"2022-08-31T07:48:57","modified_gmt":"2022-08-31T07:48:57","slug":"qualitaetskontrolle-e-commerce","status":"publish","type":"page","link":"https:\/\/www.hqts.com\/de\/industries\/qualitaetskontrolle-e-commerce\/","title":{"rendered":"QUALIT\u00c4TSKONTROLLE UND -SICHERUNG F\u00dcR E-COMMERCE"},"content":{"rendered":"<h3><strong>Qualit\u00e4tskontrolle und -sicherung f\u00fcr E-Commerce<\/strong><\/h3>\n<p><strong>HQTS arbeitet mit verschiedenen eCommerce-Plattformen in Asien zusammen, um verschiedene Qualit\u00e4tskontroll- und -sicherungsdienste anzubieten, die die Sicherheit und Qualit\u00e4t der Produkte gew\u00e4hrleisten, die sie an inl\u00e4ndische Online-Kunden liefern.<\/strong><\/p>\n<p><strong>Was ist Qualit\u00e4tskontrolle im E-Commerce?<\/strong><\/p>\n<p>Die Qualit\u00e4tskontrolle im E-Commerce ist die Kontrolle der \u00fcber die durch E-Commerce verkauften Waren. E-Commerce gilt als eine hervorragende Alternative f\u00fcr Unternehmen, um neue Kunden und M\u00e4rkte zu erreichen.<\/p>\n<p>Qualit\u00e4t ist das zentrale Thema des E-Commerces, und die Bedeutung der Messung und \u00dcberwachung der Qualit\u00e4t ist bereits allgemein anerkannt. Die Qualit\u00e4tskontrolle im E-Commerce wird die Chancen, dass ein E-Commerce-Projekt die Leistungsanforderungen der Benutzer zum ersten Mal erf\u00fcllt, erheblich erh\u00f6hen.<\/p>\n<p><strong>Warum ist die Qualit\u00e4tssicherung im E-Commerce f\u00fcr Asien so wichtig?<\/strong><\/p>\n<p>Dies ist ein wachsendes Gesch\u00e4ft f\u00fcr HQTS, da die asiatischen Verbraucher zunehmend die gleiche Produktqualit\u00e4t und -sicherheit verlangen, wie sie auf den Exportm\u00e4rkten \u00fcblich ist. Die wachsende Mittelschicht verf\u00fcgt \u00fcber ein h\u00f6heres verf\u00fcgbares Einkommen und verlangt h\u00f6here Qualit\u00e4t und Sicherheit bei den Produkten, die sie kauft.<\/p>\n<p>Dies und die Ver\u00e4rgerung \u00fcber die Verbreitung von Produktf\u00e4lschungen und gef\u00e4hrlichen Stoffen tragen dazu bei, dass sich die Wahrnehmung und die Qualit\u00e4tserwartungen der chinesischen Verbraucher deutlich ver\u00e4ndern.<\/p>\n<h3><strong>Wie f\u00fchrt man eine Qualit\u00e4tskontrolle im E-Commerce durch?<\/strong><\/h3>\n<p><strong>Anforderungsentwicklung<\/strong><\/p>\n<p>Zun\u00e4chst hilft HQTS seinen Kunden dabei, zu bestimmen, welche Produkte getestet werden m\u00fcssen und welche Aspekte des Produkts gem\u00e4\u00df den Anforderungen der E-Commerce-Plattformen bewertet werden sollten.<\/p>\n<p><strong>Entwicklung von Testpl\u00e4nen<\/strong><\/p>\n<p>Als N\u00e4chstes erstellt HQTS einen Testplan, ein Dokument, in dem die Strategie f\u00fcr die Tests beschrieben wird. Dieser Plan enth\u00e4lt den Umfang der Tests, die zu verwendenden Techniken, die ben\u00f6tigten Ger\u00e4te und sonstigen Ressourcen sowie den Zeitplan f\u00fcr die Tests.<\/p>\n<p><strong>Pr\u00fcfung<\/strong><\/p>\n<p>Anschlie\u00dfend richtet HQTS die Testumgebung gem\u00e4\u00df den im Plan enthaltenen Richtlinien f\u00fcr Produkttests ein. Sobald die Testumgebung vorbereitet und die erforderliche Ausr\u00fcstung vorhanden ist, beginnen wir mit der Durchf\u00fchrung der Tests gem\u00e4\u00df der vorher festgelegten Strategie.<\/p>\n<p><strong>Auswertung der Ergebnisse<\/strong><\/p>\n<p>Nach der Pr\u00fcfung wertet HQTS die Testergebnisse aus und erstellt einen Bericht. Wir analysieren alle Fehler oder Leistungsprobleme, die bei dem Produkt aufgetreten sind, um deren Ursache zu ermitteln, und diskutieren mit den Kunden, um die Produktleistung zu verbessern oder Produktausf\u00e4lle zu vermeiden.<\/p>\n<p>HQTS freut sich, diese Nachfrage durch unsere Qualit\u00e4tssicherung und Pr\u00fcfung der Lieferanten unserer eCommerce-Partner in ganz Asien zu bedienen. Einige dieser Dienstleistungen umfassen <a href=\"https:\/\/www.hqts.com\/our-services\/quality-control-inspections\/\">Qualit\u00e4tskontrollpr\u00fcfungen<\/a>, <a href=\"https:\/\/www.hqts.com\/our-services\/consumer-product-testing\/\">Pr\u00fcfungen von Konsumg\u00fctern<\/a>, ISTA-Verpackungstests, <a href=\"https:\/\/www.hqts.com\/our-services\/factory-audits\/\">Werksaudits<\/a>, Lieferanten\u00fcberpr\u00fcfungen und -bewertungen, F\u00e4lschungsuntersuchungen und -bek\u00e4mpfung und vieles mehr.<\/p>\n","protected":false},"excerpt":{"rendered":"<p>Qualit\u00e4tskontrolle und -sicherung f\u00fcr E-Commerce HQTS arbeitet mit verschiedenen eCommerce-Plattformen in Asien zusammen, um verschiedene Qualit\u00e4tskontroll- und -sicherungsdienste anzubieten, die die Sicherheit und Qualit\u00e4t der Produkte gew\u00e4hrleisten, die sie an inl\u00e4ndische Online-Kunden liefern. Was ist Qualit\u00e4tskontrolle im E-Commerce? Die Qualit\u00e4tskontrolle im E-Commerce ist die Kontrolle der \u00fcber die durch E-Commerce verkauften Waren. E-Commerce gilt als [&hellip;]<\/p>\n","protected":false},"author":12,"featured_media":124880,"parent":124184,"menu_order":5,"comment_status":"closed","ping_status":"closed","template":"","meta":{"_acf_changed":false,"footnotes":""},"class_list":["post-124878","page","type-page","status-publish","has-post-thumbnail","hentry"],"acf":[],"_links":{"self":[{"href":"https:\/\/www.hqts.com\/de\/wp-json\/wp\/v2\/pages\/124878","targetHints":{"allow":["GET"]}}],"collection":[{"href":"https:\/\/www.hqts.com\/de\/wp-json\/wp\/v2\/pages"}],"about":[{"href":"https:\/\/www.hqts.com\/de\/wp-json\/wp\/v2\/types\/page"}],"author":[{"embeddable":true,"href":"https:\/\/www.hqts.com\/de\/wp-json\/wp\/v2\/users\/12"}],"replies":[{"embeddable":true,"href":"https:\/\/www.hqts.com\/de\/wp-json\/wp\/v2\/comments?post=124878"}],"version-history":[{"count":2,"href":"https:\/\/www.hqts.com\/de\/wp-json\/wp\/v2\/pages\/124878\/revisions"}],"predecessor-version":[{"id":124882,"href":"https:\/\/www.hqts.com\/de\/wp-json\/wp\/v2\/pages\/124878\/revisions\/124882"}],"up":[{"embeddable":true,"href":"https:\/\/www.hqts.com\/de\/wp-json\/wp\/v2\/pages\/124184"}],"wp:featuredmedia":[{"embeddable":true,"href":"https:\/\/www.hqts.com\/de\/wp-json\/wp\/v2\/media\/124880"}],"wp:attachment":[{"href":"https:\/\/www.hqts.com\/de\/wp-json\/wp\/v2\/media?parent=124878"}],"curies":[{"name":"wp","href":"https:\/\/api.w.org\/{rel}","templated":true}]}}