{"id":129307,"date":"2025-05-21T11:48:57","date_gmt":"2025-05-21T11:48:57","guid":{"rendered":"https:\/\/www.hqts.com\/?page_id=129307"},"modified":"2025-05-21T11:50:29","modified_gmt":"2025-05-21T11:50:29","slug":"qualitaetskontroll-unternehmen-malaysia","status":"publish","type":"page","link":"https:\/\/www.hqts.com\/de\/hqts\/qualitaetskontroll-unternehmen-malaysia\/","title":{"rendered":"HQTS \u2013 Ihr Unternehmen f\u00fcr Qualit\u00e4tskontrolle in Malaysia"},"content":{"rendered":"<h2 class=\"\" data-start=\"149\" data-end=\"212\">HQTS Kuala Lumpur \u2013 Qualit\u00e4tskontrollunternehmen in Malaysia<\/h2>\n<p class=\"\" data-start=\"214\" data-end=\"495\"><strong data-start=\"214\" data-end=\"222\">HQTS<\/strong> ist ein f\u00fchrendes Drittanbieter-Inspektionsunternehmen in Malaysia. Mit einem lokalen Expertenteam und einer landesweiten Abdeckung \u2013 darunter <strong data-start=\"366\" data-end=\"378\">Selangor<\/strong>, <strong data-start=\"380\" data-end=\"390\">Penang<\/strong>, <strong data-start=\"392\" data-end=\"401\">Johor<\/strong> und weitere Regionen \u2013 sind wir Ihr zuverl\u00e4ssiger Partner f\u00fcr Qualit\u00e4tskontrolle in Malaysia.<\/p>\n<p class=\"\" data-start=\"497\" data-end=\"748\">Wir bieten <strong data-start=\"508\" data-end=\"569\">umfassende Qualit\u00e4tskontroll-Dienstleistungen in Malaysia<\/strong> und international an, darunter <strong data-start=\"601\" data-end=\"631\">Drittanbieter-Inspektionen<\/strong>, <strong data-start=\"633\" data-end=\"650\">Fabrik-Audits<\/strong>, <strong data-start=\"652\" data-end=\"678\">Produktions\u00fcberwachung<\/strong>, <strong data-start=\"680\" data-end=\"694\">ESG-Audits<\/strong>, <strong data-start=\"696\" data-end=\"731\">Beratung zur Produktkonformit\u00e4t<\/strong> und vieles mehr.<\/p>\n<h3 class=\"\" data-start=\"750\" data-end=\"769\">HQTS Malaysia<\/h3>\n<p class=\"\" data-start=\"770\" data-end=\"932\"><strong data-start=\"770\" data-end=\"788\">B\u00fcroanschrift:<\/strong> NO: 16-D, Jalan Suarasa 8\/4, Bandar Tun Hussein Onn, 43200 Cheras, Selangor, Malaysia<br data-start=\"874\" data-end=\"877\" \/><strong data-start=\"877\" data-end=\"888\">E-Mail:<\/strong> <a class=\"cursor-pointer\" rel=\"noopener\" data-start=\"889\" data-end=\"932\">inquiry@hqts.com<\/a><\/p>\n<div style=\"width: 800px;\" class=\"wp-video\"><!--[if lt IE 9]><script>document.createElement('video');<\/script><![endif]-->\n<video class=\"wp-video-shortcode\" id=\"video-129307-1\" width=\"800\" height=\"450\" preload=\"metadata\" controls=\"controls\"><source type=\"video\/mp4\" src=\"https:\/\/www.hqts.com\/wp-content\/uploads\/2025\/03\/1145_raw.mp4?_=1\" \/><a href=\"https:\/\/www.hqts.com\/wp-content\/uploads\/2025\/03\/1145_raw.mp4\">https:\/\/www.hqts.com\/wp-content\/uploads\/2025\/03\/1145_raw.mp4<\/a><\/video><\/div>\n<h2 class=\"\" data-start=\"939\" data-end=\"972\">Qualit\u00e4tskontrolle in Malaysia<\/h2>\n<p class=\"\" data-start=\"974\" data-end=\"1248\">Malaysia z\u00e4hlt zu den leistungsst\u00e4rksten Volkswirtschaften S\u00fcdostasiens. Besonders attraktiv ist das Land f\u00fcr seine <strong data-start=\"1090\" data-end=\"1114\">High-Tech-Industrien<\/strong> in den Bereichen <strong data-start=\"1132\" data-end=\"1146\">Elektronik<\/strong>, <strong data-start=\"1148\" data-end=\"1164\">Maschinenbau<\/strong>, <strong data-start=\"1166\" data-end=\"1190\">Chemie &amp; Petrochemie<\/strong> sowie die <strong data-start=\"1201\" data-end=\"1247\">boomende Lebensmittel- und Agrarwirtschaft<\/strong>.<\/p>\n<h2 class=\"\" data-start=\"1255\" data-end=\"1293\">Unsere Dienstleistungen in Malaysia<\/h2>\n<p class=\"\" data-start=\"1295\" data-end=\"1601\"><strong data-start=\"1295\" data-end=\"1303\">HQTS<\/strong> ist eines der gr\u00f6\u00dften und traditionsreichsten Unternehmen f\u00fcr <strong data-start=\"1366\" data-end=\"1417\">Pr\u00fcfung, Inspektion und Zertifizierung in Asien<\/strong>. In \u00fcber 25 Jahren haben wir mehr als <strong data-start=\"1456\" data-end=\"1488\">15.000 internationale Marken<\/strong> dabei unterst\u00fctzt, Qualit\u00e4tsrisiken in ihrer Lieferkette zu vermeiden und gesetzliche Anforderungen zu erf\u00fcllen.<\/p>\n<p class=\"\" data-start=\"1603\" data-end=\"1881\">Wir unterst\u00fctzen sowohl <strong data-start=\"1627\" data-end=\"1657\">internationale Unternehmen<\/strong> als auch <strong data-start=\"1667\" data-end=\"1691\">malaysische Betriebe<\/strong> mit <strong data-start=\"1696\" data-end=\"1743\">Qualit\u00e4tskontrolle in Malaysia und weltweit<\/strong> \u2013 in \u00fcber 40 L\u00e4ndern. Unsere Kunden stammen unter anderem aus den Bereichen <strong data-start=\"1820\" data-end=\"1880\">Konsumg\u00fcter, Industrie, Lebensmittel und Agrarwirtschaft<\/strong>.<\/p>\n<h2 class=\"\" data-start=\"1888\" data-end=\"1929\">Drittanbieter-Inspektionen in Malaysia<\/h2>\n<p class=\"\" data-start=\"1931\" data-end=\"2153\">Als <strong data-start=\"1935\" data-end=\"1983\">f\u00fchrendes Inspektionsunternehmen in Malaysia<\/strong> bieten wir <strong data-start=\"1995\" data-end=\"2046\">Inspektionen entlang Ihrer gesamten Lieferkette<\/strong> an \u2013 zur Sicherstellung der Produktqualit\u00e4t und zur Minimierung von Risiken durch mangelhafte Lieferungen.<\/p>\n<p class=\"\" data-start=\"2155\" data-end=\"2320\">Unsere <strong data-start=\"2162\" data-end=\"2204\">Drittanbieter-Inspektionen in Malaysia<\/strong> sowie in internationalen Produktionsstandorten wie <strong data-start=\"2256\" data-end=\"2282\">China, Indien, Vietnam<\/strong> und vielen weiteren L\u00e4ndern umfassen:<\/p>\n<ul data-start=\"2322\" data-end=\"2594\">\n<li class=\"\" data-start=\"2322\" data-end=\"2353\">\n<p class=\"\" data-start=\"2324\" data-end=\"2353\">Vorproduktions-Inspektionen<\/p>\n<\/li>\n<li class=\"\" data-start=\"2322\" data-end=\"2353\">\n<p class=\"\" data-start=\"2324\" data-end=\"2353\">Versandfertige Inspektionen \/ First Article Inspection<\/p>\n<\/li>\n<li class=\"\" data-start=\"2322\" data-end=\"2353\">\n<p class=\"\" data-start=\"2324\" data-end=\"2353\">Inspektionen w\u00e4hrend der Produktion<\/p>\n<\/li>\n<li class=\"\" data-start=\"2453\" data-end=\"2485\">\n<p class=\"\" data-start=\"2455\" data-end=\"2485\">St\u00fcck-f\u00fcr-St\u00fcck-Inspektionen<\/p>\n<\/li>\n<li class=\"\" data-start=\"2486\" data-end=\"2521\">\n<p class=\"\" data-start=\"2488\" data-end=\"2521\">Container-Beladungsinspektionen<\/p>\n<\/li>\n<li class=\"\" data-start=\"2522\" data-end=\"2547\">\n<p class=\"\" data-start=\"2524\" data-end=\"2547\">Stichprobenkontrollen<\/p>\n<\/li>\n<li class=\"\" data-start=\"2548\" data-end=\"2567\">\n<p class=\"\" data-start=\"2550\" data-end=\"2567\">Metalldetektion<\/p>\n<\/li>\n<li class=\"\" data-start=\"2568\" data-end=\"2594\">\n<p class=\"\" data-start=\"2570\" data-end=\"2594\">Be-\/Entlade\u00fcberwachung<\/p>\n<\/li>\n<\/ul>\n<h2 data-start=\"2601\" data-end=\"2645\"><\/h2>\n<h2 class=\"\" data-start=\"2601\" data-end=\"2645\">Fabrik- und Lieferantenaudits in Malaysia<\/h2>\n<p class=\"\" data-start=\"2647\" data-end=\"2863\">Unsere <strong data-start=\"2654\" data-end=\"2667\">Auditoren<\/strong> bewerten die Zuverl\u00e4ssigkeit Ihrer Lieferkette und \u00fcberpr\u00fcfen, ob Ihre Produktionspartner legitim und in der Lage sind, Ihre Anforderungen an <strong data-start=\"2810\" data-end=\"2850\">Design, Qualit\u00e4t und Lieferf\u00e4higkeit<\/strong> zu erf\u00fcllen.<\/p>\n<h2 class=\"\" data-start=\"2870\" data-end=\"2898\">Produktpr\u00fcfungen im Labor<\/h2>\n<p class=\"\" data-start=\"2900\" data-end=\"3080\">Unser <strong data-start=\"2906\" data-end=\"2945\">international anerkanntes Pr\u00fcflabor<\/strong> verschafft Ihnen Sicherheit bei der Markteinf\u00fchrung neuer Produkte. Dank unserer zentralen Lage garantieren wir kurze Durchlaufzeiten.<\/p>\n<p class=\"\" data-start=\"3082\" data-end=\"3106\"><strong data-start=\"3082\" data-end=\"3106\">Unsere Testbereiche:<\/strong><\/p>\n<ul data-start=\"3108\" data-end=\"3451\">\n<li class=\"\" data-start=\"3108\" data-end=\"3127\">\n<p class=\"\" data-start=\"3110\" data-end=\"3127\">Chemische Tests<\/p>\n<\/li>\n<li class=\"\" data-start=\"3128\" data-end=\"3144\">\n<p class=\"\" data-start=\"3130\" data-end=\"3144\">RoHS-Pr\u00fcfung<\/p>\n<\/li>\n<li class=\"\" data-start=\"3145\" data-end=\"3162\">\n<p class=\"\" data-start=\"3147\" data-end=\"3162\">REACH-Pr\u00fcfung<\/p>\n<\/li>\n<li class=\"\" data-start=\"3163\" data-end=\"3180\">\n<p class=\"\" data-start=\"3165\" data-end=\"3180\">CPSIA-Pr\u00fcfung<\/p>\n<\/li>\n<li class=\"\" data-start=\"3181\" data-end=\"3202\">\n<p class=\"\" data-start=\"3183\" data-end=\"3202\">Materialpr\u00fcfungen<\/p>\n<\/li>\n<li class=\"\" data-start=\"3203\" data-end=\"3219\">\n<p class=\"\" data-start=\"3205\" data-end=\"3219\">Schuhpr\u00fcfung<\/p>\n<\/li>\n<li class=\"\" data-start=\"3220\" data-end=\"3247\">\n<p class=\"\" data-start=\"3222\" data-end=\"3247\">Verpackungstests (ISTA)<\/p>\n<\/li>\n<li class=\"\" data-start=\"3248\" data-end=\"3271\">\n<p class=\"\" data-start=\"3250\" data-end=\"3271\">Physikalische Tests<\/p>\n<\/li>\n<li class=\"\" data-start=\"3272\" data-end=\"3304\">\n<p class=\"\" data-start=\"3274\" data-end=\"3304\">Textil- &amp; Bekleidungspr\u00fcfung<\/p>\n<\/li>\n<li class=\"\" data-start=\"3305\" data-end=\"3325\">\n<p class=\"\" data-start=\"3307\" data-end=\"3325\">Spielzeugpr\u00fcfung<\/p>\n<\/li>\n<li class=\"\" data-start=\"3326\" data-end=\"3351\">\n<p class=\"\" data-start=\"3328\" data-end=\"3351\">Entflammbarkeitstests<\/p>\n<\/li>\n<li class=\"\" data-start=\"3352\" data-end=\"3379\">\n<p class=\"\" data-start=\"3354\" data-end=\"3379\">Produktsicherheitstests<\/p>\n<\/li>\n<li class=\"\" data-start=\"3380\" data-end=\"3413\">\n<p class=\"\" data-start=\"3382\" data-end=\"3413\">Qualit\u00e4ts- und Leistungstests<\/p>\n<\/li>\n<li class=\"\" data-start=\"3414\" data-end=\"3451\">\n<p class=\"\" data-start=\"3416\" data-end=\"3451\">Saudi Quality Mark Zertifizierung<\/p>\n<\/li>\n<\/ul>\n<h2 data-start=\"3458\" data-end=\"3485\"><\/h2>\n<h2 class=\"\" data-start=\"3458\" data-end=\"3485\">ESG-Beratung in Malaysia<\/h2>\n<p class=\"\" data-start=\"3487\" data-end=\"3844\"><strong data-start=\"3487\" data-end=\"3515\">HQTS bietet ESG-Beratung<\/strong>, die Ihnen hilft, den Anforderungen von Kunden, Investoren und Stakeholdern gerecht zu werden. Von der ESG-Risikoanalyse \u00fcber Lieferantenaudits und ESG-Berichte bis hin zur Implementierung eines ESG-Managementsystems und Schulungen bieten wir ma\u00dfgeschneiderte L\u00f6sungen f\u00fcr Ihre <strong data-start=\"3794\" data-end=\"3843\">nachhaltige Unternehmensstrategie in Malaysia<\/strong>.<\/p>\n<p class=\"\" data-start=\"3846\" data-end=\"3865\"><strong data-start=\"3846\" data-end=\"3865\">ESG-Leistungen:<\/strong><\/p>\n<ul data-start=\"3867\" data-end=\"3991\">\n<li class=\"\" data-start=\"3867\" data-end=\"3881\">\n<p class=\"\" data-start=\"3869\" data-end=\"3881\">ESG-Audits<\/p>\n<\/li>\n<li class=\"\" data-start=\"3882\" data-end=\"3908\">\n<p class=\"\" data-start=\"3884\" data-end=\"3908\">ESG in der Lieferkette<\/p>\n<\/li>\n<li class=\"\" data-start=\"3909\" data-end=\"3930\">\n<p class=\"\" data-start=\"3911\" data-end=\"3930\">ESG-Investitionen<\/p>\n<\/li>\n<li class=\"\" data-start=\"3931\" data-end=\"3956\">\n<p class=\"\" data-start=\"3933\" data-end=\"3956\">ESG-Berichterstattung<\/p>\n<\/li>\n<li class=\"\" data-start=\"3957\" data-end=\"3973\">\n<p class=\"\" data-start=\"3959\" data-end=\"3973\">ESG-Beratung<\/p>\n<\/li>\n<li class=\"\" data-start=\"3974\" data-end=\"3991\">\n<p class=\"\" data-start=\"3976\" data-end=\"3991\">ESG-Trainings<\/p>\n<\/li>\n<\/ul>\n<h2 class=\"\" data-start=\"3998\" data-end=\"4055\">Weitere Qualit\u00e4tskontroll-Dienstleistungen in Malaysia<\/h2>\n<p class=\"\" data-start=\"4057\" data-end=\"4144\">Zus\u00e4tzlich zu den genannten Leistungen bieten wir Unterst\u00fctzung in folgenden Bereichen:<\/p>\n<ul data-start=\"4146\" data-end=\"4270\">\n<li class=\"\" data-start=\"4146\" data-end=\"4172\">\n<p class=\"\" data-start=\"4148\" data-end=\"4172\">Produktions\u00fcberwachung<\/p>\n<\/li>\n<li class=\"\" data-start=\"4173\" data-end=\"4208\">\n<p class=\"\" data-start=\"4175\" data-end=\"4208\">Beratung zur Produktkonformit\u00e4t<\/p>\n<\/li>\n<li class=\"\" data-start=\"4209\" data-end=\"4222\">\n<p class=\"\" data-start=\"4211\" data-end=\"4222\">Trainings<\/p>\n<\/li>\n<li class=\"\" data-start=\"4223\" data-end=\"4239\">\n<p class=\"\" data-start=\"4225\" data-end=\"4239\">Fachberatung<\/p>\n<\/li>\n<li class=\"\" data-start=\"4240\" data-end=\"4270\">\n<p class=\"\" data-start=\"4242\" data-end=\"4270\">Uganda PVoC-Zertifizierung<\/p>\n<\/li>\n<\/ul>\n<p class=\"\" data-start=\"4277\" data-end=\"4434\"><strong data-start=\"4277\" data-end=\"4318\">Kontaktieren Sie uns noch heute unter<\/strong> <a class=\"cursor-pointer\" rel=\"noopener\" data-start=\"4319\" data-end=\"4362\">inquiry@hqts.com<\/a>, um mehr \u00fcber unsere Qualit\u00e4tskontrollservices in Malaysia zu erfahren.<\/p>\n","protected":false},"excerpt":{"rendered":"<p>HQTS Kuala Lumpur \u2013 Qualit\u00e4tskontrollunternehmen in Malaysia HQTS ist ein f\u00fchrendes Drittanbieter-Inspektionsunternehmen in Malaysia. Mit einem lokalen Expertenteam und einer landesweiten Abdeckung \u2013 darunter Selangor, Penang, Johor und weitere Regionen \u2013 sind wir Ihr zuverl\u00e4ssiger Partner f\u00fcr Qualit\u00e4tskontrolle in Malaysia. Wir bieten umfassende Qualit\u00e4tskontroll-Dienstleistungen in Malaysia und international an, darunter Drittanbieter-Inspektionen, Fabrik-Audits, Produktions\u00fcberwachung, ESG-Audits, Beratung [&hellip;]<\/p>\n","protected":false},"author":17,"featured_media":124686,"parent":124681,"menu_order":0,"comment_status":"closed","ping_status":"closed","template":"","meta":{"_acf_changed":false,"footnotes":""},"class_list":["post-129307","page","type-page","status-publish","has-post-thumbnail","hentry"],"acf":[],"_links":{"self":[{"href":"https:\/\/www.hqts.com\/de\/wp-json\/wp\/v2\/pages\/129307","targetHints":{"allow":["GET"]}}],"collection":[{"href":"https:\/\/www.hqts.com\/de\/wp-json\/wp\/v2\/pages"}],"about":[{"href":"https:\/\/www.hqts.com\/de\/wp-json\/wp\/v2\/types\/page"}],"author":[{"embeddable":true,"href":"https:\/\/www.hqts.com\/de\/wp-json\/wp\/v2\/users\/17"}],"replies":[{"embeddable":true,"href":"https:\/\/www.hqts.com\/de\/wp-json\/wp\/v2\/comments?post=129307"}],"version-history":[{"count":2,"href":"https:\/\/www.hqts.com\/de\/wp-json\/wp\/v2\/pages\/129307\/revisions"}],"predecessor-version":[{"id":189628,"href":"https:\/\/www.hqts.com\/de\/wp-json\/wp\/v2\/pages\/129307\/revisions\/189628"}],"up":[{"embeddable":true,"href":"https:\/\/www.hqts.com\/de\/wp-json\/wp\/v2\/pages\/124681"}],"wp:featuredmedia":[{"embeddable":true,"href":"https:\/\/www.hqts.com\/de\/wp-json\/wp\/v2\/media\/124686"}],"wp:attachment":[{"href":"https:\/\/www.hqts.com\/de\/wp-json\/wp\/v2\/media?parent=129307"}],"curies":[{"name":"wp","href":"https:\/\/api.w.org\/{rel}","templated":true}]}}