{"id":133877,"date":"2023-03-22T15:52:20","date_gmt":"2023-03-22T15:52:20","guid":{"rendered":"https:\/\/www.hqts.com\/?page_id=133877"},"modified":"2023-03-22T15:52:20","modified_gmt":"2023-03-22T15:52:20","slug":"qualitaetskontrollen-led-lampenbeleuchtungsprodukte","status":"publish","type":"page","link":"https:\/\/www.hqts.com\/de\/industries\/produktqualitaetskontrolle-einzelhandel\/elektronikpruefung-und-qualitaetskontrolle\/qualitaetskontrollen-led-lampenbeleuchtungsprodukte\/","title":{"rendered":"AC-, LED- und Lampenbeleuchtungsprodukte &#8211; Inspektion und Qualit\u00e4tskontrolle"},"content":{"rendered":"<p><strong>Stellen Sie sicher, dass die Produkte, die Sie an Ihre Kunden liefern, von hoher Qualit\u00e4t, sicher in der Anwendung und jederzeit vorschriftsm\u00e4\u00dfig sind.<\/strong><\/p>\n<p>Die Qualit\u00e4tskontrolle spielt eine wichtige Rolle, wenn es darum geht, sicherzustellen, dass die an Ihre Kunden gelieferten Beleuchtungsprodukte den Sicherheitsvorschriften wie den UL-Normen f\u00fcr Sicherheit, der CE-Kennzeichnung und RoHS entsprechen und die st\u00e4ndig steigenden Qualit\u00e4tsstandards und Erwartungen der Verbraucher erf\u00fcllen.<\/p>\n<p>&nbsp;<\/p>\n<h4><strong>Qualit\u00e4tskontrolle f\u00fcr AC-, LED- und Lampenbeleuchtungsprodukte<\/strong><\/h4>\n<p>HQTS ist ein f\u00fchrendes Qualit\u00e4tskontrollunternehmen mit einer nachgewiesenen Erfolgsbilanz als zuverl\u00e4ssiger Qualit\u00e4tskontrollpartner f\u00fcr Unternehmen in der Beleuchtungsbranche. Unser Team hat eine Reihe von <a href=\"https:\/\/www.hqts.com\/de\/industries\/produktqualitaetskontrolle-einzelhandel\/elektronikpruefung-und-qualitaetskontrolle\/\"><strong>Qualit\u00e4tskontrolldienstleistungen f\u00fcr die Elektronikindustrie<\/strong><\/a> entwickelt. Ganz gleich, ob Sie LED-Beleuchtung, Rahmen und Teile von Beleuchtungsk\u00f6rpern oder Lampen und Komponenten pr\u00fcfen m\u00fcssen, wir k\u00f6nnen Ihnen dabei helfen, die Einhaltung Ihrer Qualit\u00e4tsstandards f\u00fcr die Beleuchtung w\u00e4hrend des gesamten Produktionsprozesses zu \u00fcberwachen.<\/p>\n<p><strong>Inspektionen der Beleuchtungsqualit\u00e4t<\/strong><\/p>\n<p>Unsere Qualit\u00e4tspr\u00fcfungsdienste f\u00fcr die LED-, Wechselstrom- und Lampenbeleuchtungsindustrie umfassen Folgendes:<\/p>\n<ul>\n<li><a href=\"https:\/\/www.hqts.com\/our-services\/inspections\/pre-production-inspection\/\"><strong>Materialeingangskontrolle\/Prior to Production<\/strong><\/a><strong>:<\/strong> Unsere Inspektoren pr\u00fcfen die Qualit\u00e4t von Rohstoffen und Komponenten, bevor sie in der Beleuchtungsproduktion verwendet werden.<\/li>\n<li><a href=\"https:\/\/www.hqts.com\/our-services\/inspections\/during-production-inspection\/\"><strong>W\u00e4hrend der Produktionsinspektion (DPI)<\/strong><\/a><strong>: <\/strong>Die AC-, LED- oder anderen Beleuchtungsteile werden auf ihr Aussehen, ihre Konstruktion und ihre Funktion gepr\u00fcft, um sicherzustellen, dass die Qualit\u00e4tsanforderungen und Spezifikationen erf\u00fcllt werden.<\/li>\n<li><a href=\"https:\/\/www.hqts.com\/our-services\/inspections\/pre-shipment-inspection\/\"><strong>Inspektion vor der Auslieferung (PSI)<\/strong><\/a><strong>: <\/strong>Wir w\u00e4hlen eine Stichprobe von fertigen LED- oder anderen Beleuchtungsprodukten vor dem Versand aus, um zu \u00fcberpr\u00fcfen, ob sie Ihren Anforderungen und Qualit\u00e4tsstandards entsprechen, einschlie\u00dflich der Bewertung des allgemeinen Aussehens, der Verarbeitung, Funktion, Sicherheit und anderer Spezifikationen.<\/li>\n<li><a href=\"https:\/\/www.hqts.com\/our-services\/inspections\/piece-by-piece\/\"><strong>St\u00fcck-f\u00fcr-St\u00fcck-Inspektion<\/strong><\/a> &#8211; \u00dcberpr\u00fcfen Sie jeden Artikel in der Verpackung, einschlie\u00dflich einer sorgf\u00e4ltigen visuellen Pr\u00fcfung und Bewertung der Handwerkskunst.<\/li>\n<\/ul>\n<p><strong>Audits f\u00fcr die Beleuchtungsindustrie<\/strong><\/p>\n<p>HQTS kann Ihnen helfen, die Legitimit\u00e4t Ihres Herstellers zu \u00fcberpr\u00fcfen und den Zustand, die St\u00e4rken und Schw\u00e4chen Ihres Lieferanten zu analysieren.<\/p>\n<ul>\n<li><a href=\"https:\/\/www.hqts.com\/de\/our-services\/werksaudits-und-lieferantenaudits\/\"><strong>Fabrik-Audit<\/strong><\/a><strong>:<\/strong> Eine unabh\u00e4ngige Bewertung der Qualit\u00e4tskontrollsysteme, Maschinen, Anlagen, Ausr\u00fcstungen und Produktionskapazit\u00e4ten des Herstellers.<\/li>\n<li><a href=\"https:\/\/www.hqts.com\/de\/our-services\/werksaudits-und-lieferantenaudits\/\"><strong>Lieferanten-Audit<\/strong><\/a><strong>: <\/strong>\u00dcberpr\u00fcfung der rechtlichen Informationen des Unternehmens, der Bankdaten, der Humanressourcen, der Exportf\u00e4higkeit und mehr.<\/li>\n<\/ul>\n<p><strong>Beleuchtungstests<\/strong><\/p>\n<p>HQTS verf\u00fcgt \u00fcber ein eigenes Labor und ein Netz von Partnerlabors auf der ganzen Welt. Wir bieten verschiedene Pr\u00fcfdienste an, darunter Funktionstests, Haltbarkeitstests, <a href=\"https:\/\/www.hqts.com\/our-services\/testing\/rohs-testing\/\"><strong>RoHS-Tests<\/strong><\/a>, CE-Kennzeichnung, <a href=\"https:\/\/www.hqts.com\/our-services\/testing\/ista-packaging-test\/\"><strong>ISTA-Verpackungen<\/strong><\/a> und vieles mehr.<\/p>\n<h4><strong>Andere Dienstleistungen f\u00fcr die Beleuchtungsindustrie<\/strong><\/h4>\n<p>Unsere technischen Experten und Inspektoren verf\u00fcgen \u00fcber umfangreiche Kenntnisse und Erfahrungen in der LED-\/Beleuchtungsbranche, einschlie\u00dflich eines umfassenden Verst\u00e4ndnisses der branchenspezifischen Vorschriften, Normen und Anforderungen. Ganz gleich, ob Sie ein Lieferketten-Audit zur Einhaltung sozialer Standards oder Unterst\u00fctzung bei der Einhaltung strenger Sicherheitsstandards wie UL, CE-Kennzeichnung und RoHS ben\u00f6tigen, wir sind Ihr Partner.<\/p>\n<ul>\n<li><a href=\"https:\/\/www.hqts.com\/de\/our-services\/staatlich-anerkannte-inspektionen\/\"><strong>Staatliche und Produktzertifizierungen<\/strong><\/a><\/li>\n<li><a href=\"https:\/\/www.hqts.com\/de\/our-services\/beratung-zur-qualitaetskontrolle\/\"><strong>Beratung<\/strong><\/a><\/li>\n<li><a href=\"https:\/\/www.hqts.com\/de\/our-services\/beratung-zur-qualitaetskontrolle\/ausbildung-zum-qualitaetsmanagement\/\"><strong>Ausbildung<\/strong><\/a><\/li>\n<li><a href=\"https:\/\/www.hqts.com\/de\/our-services\/qualitaetstechnik\/lieferanten-qualitaetstechnik\/\"><strong>Qualit\u00e4tstechnik<\/strong><\/a><\/li>\n<\/ul>\n","protected":false},"excerpt":{"rendered":"<p>Stellen Sie sicher, dass die Produkte, die Sie an Ihre Kunden liefern, von hoher Qualit\u00e4t, sicher in der Anwendung und jederzeit vorschriftsm\u00e4\u00dfig sind. Die Qualit\u00e4tskontrolle spielt eine wichtige Rolle, wenn es darum geht, sicherzustellen, dass die an Ihre Kunden gelieferten Beleuchtungsprodukte den Sicherheitsvorschriften wie den UL-Normen f\u00fcr Sicherheit, der CE-Kennzeichnung und RoHS entsprechen und die [&hellip;]<\/p>\n","protected":false},"author":17,"featured_media":133888,"parent":124445,"menu_order":28,"comment_status":"closed","ping_status":"closed","template":"","meta":{"_acf_changed":false,"footnotes":""},"class_list":["post-133877","page","type-page","status-publish","has-post-thumbnail","hentry"],"acf":[],"_links":{"self":[{"href":"https:\/\/www.hqts.com\/de\/wp-json\/wp\/v2\/pages\/133877","targetHints":{"allow":["GET"]}}],"collection":[{"href":"https:\/\/www.hqts.com\/de\/wp-json\/wp\/v2\/pages"}],"about":[{"href":"https:\/\/www.hqts.com\/de\/wp-json\/wp\/v2\/types\/page"}],"author":[{"embeddable":true,"href":"https:\/\/www.hqts.com\/de\/wp-json\/wp\/v2\/users\/17"}],"replies":[{"embeddable":true,"href":"https:\/\/www.hqts.com\/de\/wp-json\/wp\/v2\/comments?post=133877"}],"version-history":[{"count":1,"href":"https:\/\/www.hqts.com\/de\/wp-json\/wp\/v2\/pages\/133877\/revisions"}],"predecessor-version":[{"id":138003,"href":"https:\/\/www.hqts.com\/de\/wp-json\/wp\/v2\/pages\/133877\/revisions\/138003"}],"up":[{"embeddable":true,"href":"https:\/\/www.hqts.com\/de\/wp-json\/wp\/v2\/pages\/124445"}],"wp:featuredmedia":[{"embeddable":true,"href":"https:\/\/www.hqts.com\/de\/wp-json\/wp\/v2\/media\/133888"}],"wp:attachment":[{"href":"https:\/\/www.hqts.com\/de\/wp-json\/wp\/v2\/media?parent=133877"}],"curies":[{"name":"wp","href":"https:\/\/api.w.org\/{rel}","templated":true}]}}