{"id":133914,"date":"2023-03-22T16:03:39","date_gmt":"2023-03-22T16:03:39","guid":{"rendered":"https:\/\/www.hqts.com\/?page_id=133914"},"modified":"2023-03-22T16:03:39","modified_gmt":"2023-03-22T16:03:39","slug":"qualitaetskontrolle-unterhaltungselektronik","status":"publish","type":"page","link":"https:\/\/www.hqts.com\/de\/industries\/produktqualitaetskontrolle-einzelhandel\/elektronikpruefung-und-qualitaetskontrolle\/qualitaetskontrolle-unterhaltungselektronik\/","title":{"rendered":"Qualit\u00e4tskontrolle f\u00fcr Unterhaltungselektronik"},"content":{"rendered":"<p><strong>Vermeiden Sie die Frustration, wenn Sie defekte Unterhaltungselektronik von Ihren Herstellern erhalten. Wir bei HQTS wissen, wie wichtig es ist, die Qualit\u00e4t und Zuverl\u00e4ssigkeit Ihrer Laptops, Tablets oder anderer Unterhaltungselektronik zu gew\u00e4hrleisten, bevor sie Ihre Kunden erreichen.<\/strong><\/p>\n<p>Die Unterhaltungselektronikbranche unterliegt strengen Sicherheitsnormen und Konformit\u00e4tskennzeichnungen wie RoHS, FCC-Vorschriften, WEEE-Richtlinie, CE-Kennzeichnung und hohen Kundenerwartungen. Dennoch werden die Produkte oft in mehreren Fabriken hergestellt, wobei Komponenten wie Batterien, Leiterplatten, integrierte Schaltkreise, Schalter und Displays von unz\u00e4hligen Lieferanten bezogen werden. Dadurch wird es f\u00fcr Sie schwieriger, sicherzustellen, dass die Waren und alle ihre Komponenten Ihren Qualit\u00e4tsstandards und Spezifikationen entsprechen.<\/p>\n<p>&nbsp;<\/p>\n<h4><strong>Qualit\u00e4tskontrolle in der Unterhaltungselektronik<\/strong><\/h4>\n<p>Wir bei HQTS verf\u00fcgen \u00fcber jahrelange Erfahrung in der Unterst\u00fctzung von <a href=\"https:\/\/www.hqts.com\/de\/industries\/produktqualitaetskontrolle-einzelhandel\/elektronikpruefung-und-qualitaetskontrolle\/\"><strong>Elektronikunternehmen bei der Qualit\u00e4tskontrolle<\/strong><\/a> in ihrer gesamten Lieferkette. Von der Auditierung Ihres Herstellers \u00fcber die Inspektion von PC-Hauptplatinen und \u00dcberg\u00e4ngen bis hin zur Pr\u00fcfung elektronischer Ger\u00e4te auf Konformit\u00e4t und Ausstellung von Konformit\u00e4tsbescheinigungen f\u00fcr bestimmte Regionen.<\/p>\n<h4><strong>Inspektionen von Unterhaltungselektronik<\/strong><\/h4>\n<p>Unsere erfahrenen Inspektoren pr\u00fcfen Ihre Unterhaltungselektronik anhand einer detaillierten Checkliste und ber\u00fccksichtigen dabei alle Ihre Anforderungen. Bei den Elektronikinspektionen werden nicht nur die Haltbarkeit und die Verarbeitung des Produkts bewertet, sondern auch seine Leistung und Funktionalit\u00e4t. Unsere Dienstleistungen umfassen Folgendes:<\/p>\n<ul>\n<li><a href=\"https:\/\/www.hqts.com\/our-services\/inspections\/pre-production-inspection\/\"><strong>Inspektion vor der Produktion<\/strong><\/a><strong>:<\/strong> Stellen Sie sicher, dass Ihr Hersteller von Unterhaltungselektronik die Produktion termingerecht aufnehmen kann und dass alle Produktspezifikationen und Qualit\u00e4tsanforderungen auf h\u00f6chstem Niveau erf\u00fcllt werden.<\/li>\n<li><a href=\"https:\/\/www.hqts.com\/our-services\/inspections\/during-production-inspection\/\"><strong>Inspektion w\u00e4hrend der Produktion (DPI)<\/strong><\/a><strong>: <\/strong>Die Produkte werden w\u00e4hrend der Produktion gepr\u00fcft, um sicherzustellen, dass sie den von Ihnen festgelegten Standards entsprechen, und helfen dabei, Fehlerquellen fr\u00fchzeitig zu erkennen und zu beheben.<\/li>\n<li><a href=\"https:\/\/www.hqts.com\/our-services\/inspections\/pre-shipment-inspection\/\"><strong>Inspektion vor der Auslieferung (PSI)<\/strong><\/a><strong>: <\/strong>Pr\u00fcfung eines Musters der fertigen Produkte, um sicherzustellen, dass sie Ihren Anforderungen und Qualit\u00e4tsstandards entsprechen, einschlie\u00dflich Sichtpr\u00fcfung, Bewertung des allgemeinen Aussehens, der Verarbeitung, der Funktion, der Sicherheit und anderer von Ihnen vorgegebener Spezifikationen.<\/li>\n<li><a href=\"https:\/\/www.hqts.com\/our-services\/inspections\/pre-shipment-inspection\/\"><strong>St\u00fcck-f\u00fcr-St\u00fcck-Inspektion<\/strong><\/a>: Eine Bewertung jedes einzelnen Artikels in der Produktionscharge, bei der eine Reihe von Variablen wie Funktionalit\u00e4t, Sicherheit, Handwerkskunst und mehr beurteilt werden.<\/li>\n<li><a href=\"https:\/\/www.hqts.com\/our-services\/loading-and-unloading-supervision\/\"><strong>\u00dcberwachung der Verladung<\/strong><\/a> &#8211; Kontrolle des Verpackungs- und Verladeprozesses, um sicherzustellen, dass die Produkte gem\u00e4\u00df den vereinbarten Standards verpackt und versandt werden.<\/li>\n<li><strong>\u00dcberpr\u00fcfung der korrekten Montage &#8211; <\/strong>\u00dcberpr\u00fcfen Sie anhand eines Formulars f\u00fcr Komponentendaten, ob alle Komponenten des Produkts korrekt zusammengebaut und montiert sind.<\/li>\n<\/ul>\n<h4><strong>Audits der Unterhaltungselektronik<\/strong><\/h4>\n<p>HQTS kann Ihnen dabei helfen, die Legitimit\u00e4t Ihres Elektronikherstellers zu \u00fcberpr\u00fcfen und sein Qualit\u00e4tssystem, seine bestehenden Qualit\u00e4tsmanagementsysteme und seine F\u00e4higkeiten gem\u00e4\u00df den Normen zu bewerten.<\/p>\n<ul>\n<li><a href=\"https:\/\/www.hqts.com\/de\/our-services\/werksaudits-und-lieferantenaudits\/\"><strong>Fabrik-Audit<\/strong><\/a><strong>:<\/strong> Eine Bewertung der Qualit\u00e4tskontrollsysteme, Maschinen, Anlagen, Ausr\u00fcstungen und der Produktionskapazit\u00e4t des Herstellers.<\/li>\n<li><a href=\"https:\/\/www.hqts.com\/de\/our-services\/werksaudits-und-lieferantenaudits\/\"><strong>Lieferanten-Audit<\/strong><\/a><strong>: <\/strong>\u00dcberpr\u00fcfung der rechtlichen Informationen des Unternehmens, der Bankdaten, der Humanressourcen, der Exportf\u00e4higkeit und mehr.<\/li>\n<\/ul>\n<h4><strong>Pr\u00fcfung von Unterhaltungselektronik<\/strong><\/h4>\n<p>HQTS verf\u00fcgt \u00fcber ein eigenes Labor und ein breites Netz von Partnerlabors weltweit. Wir bieten verschiedene Dienstleistungen an, darunter Funktionstests, Softwaretests vor Ort, <a href=\"https:\/\/www.hqts.com\/our-services\/testing\/rohs-testing\/\"><strong>RoHS-Tests<\/strong><\/a>, CE-Kennzeichnung, <a href=\"https:\/\/www.hqts.com\/our-services\/testing\/ista-packaging-test\/\"><strong>Falltests von Kartons<\/strong><\/a> und vieles mehr.<\/p>\n<h4><strong>Sonstige Dienstleistungen f\u00fcr Unterhaltungselektronik<\/strong><\/h4>\n<p>Unsere Techniker und Inspektoren verf\u00fcgen \u00fcber langj\u00e4hrige Erfahrung im Bereich der Unterhaltungselektronik und kennen sich mit den einschl\u00e4gigen internationalen Normen und den besten Qualit\u00e4tsmanagementverfahren aus. Wir helfen Ihnen dabei, die Gewissheit zu erlangen, dass Ihre Produkte Ihre Anforderungen erf\u00fcllen und den geltenden Vorschriften und Normen entsprechen.<\/p>\n<ul>\n<li><a href=\"https:\/\/www.hqts.com\/de\/our-services\/staatlich-anerkannte-inspektionen\/\"><strong>Staatliche und Produktzertifizierungen<\/strong><\/a><\/li>\n<li><a href=\"https:\/\/www.hqts.com\/de\/our-services\/beratung-zur-qualitaetskontrolle\/\"><strong>Beratung<\/strong><\/a><\/li>\n<li><a href=\"https:\/\/www.hqts.com\/de\/our-services\/beratung-zur-qualitaetskontrolle\/ausbildung-zum-qualitaetsmanagement\/\"><strong>Ausbildung<\/strong><\/a><\/li>\n<li><a href=\"https:\/\/www.hqts.com\/de\/our-services\/qualitaetstechnik\/lieferanten-qualitaetstechnik\/\"><strong>Qualit\u00e4tsmanagement f\u00fcr Lieferanten<\/strong><\/a><\/li>\n<\/ul>\n","protected":false},"excerpt":{"rendered":"<p>Vermeiden Sie die Frustration, wenn Sie defekte Unterhaltungselektronik von Ihren Herstellern erhalten. Wir bei HQTS wissen, wie wichtig es ist, die Qualit\u00e4t und Zuverl\u00e4ssigkeit Ihrer Laptops, Tablets oder anderer Unterhaltungselektronik zu gew\u00e4hrleisten, bevor sie Ihre Kunden erreichen. Die Unterhaltungselektronikbranche unterliegt strengen Sicherheitsnormen und Konformit\u00e4tskennzeichnungen wie RoHS, FCC-Vorschriften, WEEE-Richtlinie, CE-Kennzeichnung und hohen Kundenerwartungen. Dennoch werden die [&hellip;]<\/p>\n","protected":false},"author":17,"featured_media":133923,"parent":124445,"menu_order":28,"comment_status":"closed","ping_status":"closed","template":"","meta":{"_acf_changed":false,"footnotes":""},"class_list":["post-133914","page","type-page","status-publish","has-post-thumbnail","hentry"],"acf":[],"_links":{"self":[{"href":"https:\/\/www.hqts.com\/de\/wp-json\/wp\/v2\/pages\/133914","targetHints":{"allow":["GET"]}}],"collection":[{"href":"https:\/\/www.hqts.com\/de\/wp-json\/wp\/v2\/pages"}],"about":[{"href":"https:\/\/www.hqts.com\/de\/wp-json\/wp\/v2\/types\/page"}],"author":[{"embeddable":true,"href":"https:\/\/www.hqts.com\/de\/wp-json\/wp\/v2\/users\/17"}],"replies":[{"embeddable":true,"href":"https:\/\/www.hqts.com\/de\/wp-json\/wp\/v2\/comments?post=133914"}],"version-history":[{"count":1,"href":"https:\/\/www.hqts.com\/de\/wp-json\/wp\/v2\/pages\/133914\/revisions"}],"predecessor-version":[{"id":138011,"href":"https:\/\/www.hqts.com\/de\/wp-json\/wp\/v2\/pages\/133914\/revisions\/138011"}],"up":[{"embeddable":true,"href":"https:\/\/www.hqts.com\/de\/wp-json\/wp\/v2\/pages\/124445"}],"wp:featuredmedia":[{"embeddable":true,"href":"https:\/\/www.hqts.com\/de\/wp-json\/wp\/v2\/media\/133923"}],"wp:attachment":[{"href":"https:\/\/www.hqts.com\/de\/wp-json\/wp\/v2\/media?parent=133914"}],"curies":[{"name":"wp","href":"https:\/\/api.w.org\/{rel}","templated":true}]}}