{"id":135935,"date":"2023-03-22T15:35:45","date_gmt":"2023-03-22T15:35:45","guid":{"rendered":"https:\/\/www.hqts.com\/?page_id=135935"},"modified":"2023-03-22T15:36:35","modified_gmt":"2023-03-22T15:36:35","slug":"amazon-fbra","status":"publish","type":"page","link":"https:\/\/www.hqts.com\/de\/industries\/qualitaetskontrolle-e-commerce\/amazon-fbra\/","title":{"rendered":"Amazon FBA Inspektions- und Pr\u00fcfdienste"},"content":{"rendered":"<p><strong>Stellen Sie mit unseren Amazon FBA Inspektions- und Testservices in China sicher, dass Ihre Produkte den Qualit\u00e4tsstandards von Amazon entsprechen.<\/strong><\/p>\n<p>Als offizieller Amazon-Dienstleister h\u00e4lt sich HQTS an strenge Sicherheits- und Qualit\u00e4tsprotokolle. Wir sind eines der f\u00fchrenden FBA-Inspektionsunternehmen in China und sind stolz darauf, sicherzustellen, dass Ihre Produkte die h\u00f6chsten Qualit\u00e4ts- und Sicherheitsstandards vor dem Versand an die Amazon-Lager erf\u00fcllen.<\/p>\n<h4><strong>Amazon FBA Inspektion China<\/strong><\/h4>\n<p>Wir k\u00f6nnen <a href=\"https:\/\/www.hqts.com\/de\/our-services\/werksaudits-und-lieferantenaudits\/\"><strong>Audits zur \u00dcberpr\u00fcfung der Lieferanten<\/strong><\/a> und <a href=\"https:\/\/www.hqts.com\/de\/our-services\/qualitaetskontrollpruefungen\/\"><strong>Produktinspektionen<\/strong><\/a> am Standort Ihrer Fabrik durchf\u00fchren, bevor die Produkte an die Amazon-Lager versandt werden. Unsere Inspektoren halten sich an strenge Protokolle, um sicherzustellen, dass alle Inspektionen den Vorschriften von Amazon entsprechen.<\/p>\n<p><strong>Die Inspektionen k\u00f6nnen in verschiedenen Phasen durchgef\u00fchrt werden:<\/strong><\/p>\n<ul>\n<li><a href=\"https:\/\/www.hqts.com\/our-services\/inspections\/during-production-inspection\/\"><strong>Inspektion w\u00e4hrend des Prozesses<\/strong><\/a><strong>:<\/strong> \u00dcberpr\u00fcfung von Stichproben w\u00e4hrend der Produktion, um sicherzustellen, dass sie den erforderlichen Spezifikationen entsprechen und die Qualit\u00e4tsstandards eingehalten werden.<\/li>\n<li><a href=\"https:\/\/www.hqts.com\/our-services\/inspections\/pre-shipment-inspection\/\"><strong>Inspektionen vor dem Versand<\/strong><\/a><strong>: <\/strong>Pr\u00fcfen Sie eine Probe der Produkte vor dem Versand an das Amazon FBA-Lager, um sicherzustellen, dass sie den Qualit\u00e4ts- und Sicherheitsstandards entsprechen.<\/li>\n<li><strong>Verpackungs- und Kennzeichnungsinspektion: <\/strong>Pr\u00fcfen Sie, ob die Verpackung den Verpackungsrichtlinien von Amazon entspricht, und \u00fcberpr\u00fcfen Sie die Richtigkeit der Produktetiketten, einschlie\u00dflich der Einhaltung der Etikettierungsanforderungen von Amazon und mehr.<\/li>\n<\/ul>\n<h4><strong>Produkttestlabor f\u00fcr Amazon-Verk\u00e4ufer<\/strong><\/h4>\n<p>HQTS bietet eine Reihe von <a href=\"https:\/\/www.hqts.com\/de\/our-services\/produkt-und-materialpruefung\/\"><strong>E-Commerce-Produkttests<\/strong><\/a> an, um sicherzustellen, dass Ihre Produkte sicher in der Anwendung sind und den branchen- oder l\u00e4nderspezifischen Vorschriften entsprechen, einschlie\u00dflich, aber nicht beschr\u00e4nkt auf RoHS, REACH, CPSIA, EN-71, ASTM und andere anwendbare Normen.<\/p>\n<h4><strong>Andere Qualit\u00e4tskontrolldienste f\u00fcr Amazon-Verk\u00e4ufer<\/strong><\/h4>\n<p>Ganz gleich, ob Sie Ihre Produktpalette erweitern und Beratung zu technischen oder Sicherheitsvorschriften oder Schulungen zu Qualit\u00e4tsmanagementsystemen ben\u00f6tigen, HQTS ist f\u00fcr Sie da. Wir bieten eine Reihe von <a href=\"https:\/\/www.hqts.com\/de\/industries\/qualitaetskontrolle-e-commerce\/\"><strong>E-Commerce-Qualit\u00e4tskontrolll\u00f6sungen<\/strong><\/a> an, die \u00fcber FBA-Inspektionen in China hinausgehen, darunter:<\/p>\n<ul>\n<li><a href=\"https:\/\/www.hqts.com\/de\/our-services\/irakische-konformitaetsbescheinigung-coc\/\"><strong>Staatliche und Produktzertifizierungen<\/strong><\/a><\/li>\n<li><a href=\"https:\/\/www.hqts.com\/de\/our-services\/qualitaetstechnik\/ueberwachung-der-produktion\/\"><strong>\u00dcberwachung der Produktion<\/strong><\/a><\/li>\n<li><a href=\"https:\/\/www.hqts.com\/de\/our-services\/beratung-zur-qualitaetskontrolle\/\"><strong>Beratung<\/strong><\/a><\/li>\n<li><a href=\"https:\/\/www.hqts.com\/de\/our-services\/beratung-zur-qualitaetskontrolle\/ausbildung-zum-qualitaetsmanagement\/\"><strong>Ausbildung<\/strong><\/a><\/li>\n<\/ul>\n<p><a href=\"https:\/\/www.hqts.com\/de\/kontakt\/\"><strong>Setzen Sie sich<\/strong><\/a> noch heute <a href=\"https:\/\/www.hqts.com\/de\/kontakt\/\"><strong>mit uns in Verbindung<\/strong><\/a>, um zu erfahren, wie wir Ihnen mit unseren Amazon-Qualit\u00e4tskontrolldiensten helfen k\u00f6nnen.<\/p>\n<p>&nbsp;<\/p>\n","protected":false},"excerpt":{"rendered":"<p>Stellen Sie mit unseren Amazon FBA Inspektions- und Testservices in China sicher, dass Ihre Produkte den Qualit\u00e4tsstandards von Amazon entsprechen. Als offizieller Amazon-Dienstleister h\u00e4lt sich HQTS an strenge Sicherheits- und Qualit\u00e4tsprotokolle. Wir sind eines der f\u00fchrenden FBA-Inspektionsunternehmen in China und sind stolz darauf, sicherzustellen, dass Ihre Produkte die h\u00f6chsten Qualit\u00e4ts- und Sicherheitsstandards vor dem Versand [&hellip;]<\/p>\n","protected":false},"author":17,"featured_media":135948,"parent":124878,"menu_order":5,"comment_status":"closed","ping_status":"closed","template":"","meta":{"_acf_changed":false,"footnotes":""},"class_list":["post-135935","page","type-page","status-publish","has-post-thumbnail","hentry"],"acf":[],"_links":{"self":[{"href":"https:\/\/www.hqts.com\/de\/wp-json\/wp\/v2\/pages\/135935","targetHints":{"allow":["GET"]}}],"collection":[{"href":"https:\/\/www.hqts.com\/de\/wp-json\/wp\/v2\/pages"}],"about":[{"href":"https:\/\/www.hqts.com\/de\/wp-json\/wp\/v2\/types\/page"}],"author":[{"embeddable":true,"href":"https:\/\/www.hqts.com\/de\/wp-json\/wp\/v2\/users\/17"}],"replies":[{"embeddable":true,"href":"https:\/\/www.hqts.com\/de\/wp-json\/wp\/v2\/comments?post=135935"}],"version-history":[{"count":1,"href":"https:\/\/www.hqts.com\/de\/wp-json\/wp\/v2\/pages\/135935\/revisions"}],"predecessor-version":[{"id":137995,"href":"https:\/\/www.hqts.com\/de\/wp-json\/wp\/v2\/pages\/135935\/revisions\/137995"}],"up":[{"embeddable":true,"href":"https:\/\/www.hqts.com\/de\/wp-json\/wp\/v2\/pages\/124878"}],"wp:featuredmedia":[{"embeddable":true,"href":"https:\/\/www.hqts.com\/de\/wp-json\/wp\/v2\/media\/135948"}],"wp:attachment":[{"href":"https:\/\/www.hqts.com\/de\/wp-json\/wp\/v2\/media?parent=135935"}],"curies":[{"name":"wp","href":"https:\/\/api.w.org\/{rel}","templated":true}]}}