{"id":188671,"date":"2025-05-08T13:57:02","date_gmt":"2025-05-08T13:57:02","guid":{"rendered":"https:\/\/www.hqts.com\/?page_id=188671"},"modified":"2025-05-08T13:57:29","modified_gmt":"2025-05-08T13:57:29","slug":"drittanbieter-pruefunternehmen-tuerkei","status":"publish","type":"page","link":"https:\/\/www.hqts.com\/de\/hqts\/drittanbieter-pruefunternehmen-tuerkei\/","title":{"rendered":"Drittanbieter-Pr\u00fcfunternehmen in der T\u00fcrkei \u2013 Services f\u00fcr Qualit\u00e4tskontrolle"},"content":{"rendered":"<h3 class=\"\" data-start=\"79\" data-end=\"131\"><strong data-start=\"83\" data-end=\"131\">Third-Party-Inspektionsdienste in der T\u00fcrkei<\/strong><\/h3>\n<p class=\"\" data-start=\"133\" data-end=\"389\">Die T\u00fcrkei hat sich zu einem wichtigen Produktionsstandort entwickelt. Heute produziert das Land Autos, Autoteile, Textilien, Elektronik und eine Vielzahl von Konsumg\u00fctern f\u00fcr den Weltmarkt \u2013 und ist damit ein attraktives Ziel f\u00fcr internationale Eink\u00e4ufer.<\/p>\n<p class=\"\" data-start=\"391\" data-end=\"729\">Doch die <strong data-start=\"400\" data-end=\"435\">\u00dcberpr\u00fcfung der Produktqualit\u00e4t<\/strong> ist schwierig, wenn der Lieferant weit entfernt ist. Als f\u00fchrendes Inspektionsunternehmen in der T\u00fcrkei bietet <strong data-start=\"547\" data-end=\"555\">HQTS<\/strong> Pr\u00fcf- und Kontrollservices in allen wichtigen Industriezentren \u2013 darunter <strong data-start=\"630\" data-end=\"679\">Istanbul, Kocaeli, Bursa, Izmir und Gaziantep<\/strong> \u2013 sowie in <strong data-start=\"691\" data-end=\"728\">\u00fcber 40 weiteren L\u00e4ndern weltweit<\/strong>.<\/p>\n<h3 class=\"\" data-start=\"74\" data-end=\"124\"><strong data-start=\"78\" data-end=\"124\">Qualit\u00e4tskontrollunternehmen in der T\u00fcrkei<\/strong><\/h3>\n<p class=\"\" data-start=\"126\" data-end=\"424\">Unser Unternehmen bietet <strong data-start=\"151\" data-end=\"201\">Test-, Inspektions- und Zertifizierungsdienste<\/strong> f\u00fcr alle Arten von Produkten an. Unsere technischen Experten und Inspektoren sind <strong data-start=\"284\" data-end=\"364\">zertifiziert und geschult nach internationalen Standards und Qualifikationen<\/strong>, darunter <strong data-start=\"375\" data-end=\"411\">NACE, ASNT, NDT-UT\/RT\/PT\/MT, CWI<\/strong> und <strong data-start=\"416\" data-end=\"423\">IWI<\/strong>.<\/p>\n<h3 class=\"\" data-start=\"431\" data-end=\"488\"><strong data-start=\"435\" data-end=\"488\">Drittanbieter-Qualit\u00e4tsinspektionen in der T\u00fcrkei<\/strong><\/h3>\n<p class=\"\" data-start=\"490\" data-end=\"712\"><strong data-start=\"490\" data-end=\"498\">HQTS<\/strong> f\u00fchrt Qualit\u00e4tskontrollen in der T\u00fcrkei in nahezu allen Phasen Ihrer Lieferkette durch \u2013 <strong data-start=\"588\" data-end=\"613\">vor Produktionsbeginn<\/strong>, w\u00e4hrend der Fertigung (<strong data-start=\"638\" data-end=\"660\">In-Line-Inspektion<\/strong>) bis hin zur <strong data-start=\"674\" data-end=\"711\">\u00dcberwachung des Containerbeladens<\/strong>.<\/p>\n<p class=\"\" data-start=\"714\" data-end=\"886\">Unsere erfahrenen Inspektoren verf\u00fcgen \u00fcber fundiertes Fachwissen in der Pr\u00fcfung von <strong data-start=\"799\" data-end=\"876\">Textilien, M\u00f6beln, Automobilteilen, Elektronik, Maschinen, Stahlprodukten<\/strong> und mehr.<\/p>\n<p class=\"\" data-start=\"888\" data-end=\"1096\">Unsere Inspektionen bewerten Ihre Produkte unter anderem anhand von <strong data-start=\"956\" data-end=\"1018\">Ma\u00dfen, Mengenpr\u00fcfung, Verarbeitung, Funktion, Sichtpr\u00fcfung<\/strong> sowie Ihren individuellen Vorgaben oder den einschl\u00e4gigen <strong data-start=\"1077\" data-end=\"1095\">Branchennormen<\/strong>.<\/p>\n<h3 class=\"\" data-start=\"86\" data-end=\"122\"><strong data-start=\"90\" data-end=\"122\">Arten von Qualit\u00e4tspr\u00fcfungen<\/strong><\/h3>\n<ul data-start=\"124\" data-end=\"386\">\n<li class=\"\" data-start=\"124\" data-end=\"171\">\n<p class=\"\" data-start=\"126\" data-end=\"171\"><strong data-start=\"126\" data-end=\"169\">FAT-Zeugeninspektion (nicht destruktiv)<\/strong><\/p>\n<\/li>\n<li class=\"\" data-start=\"172\" data-end=\"203\">\n<p class=\"\" data-start=\"174\" data-end=\"203\"><strong data-start=\"174\" data-end=\"201\">Vorproduktionskontrolle<\/strong><\/p>\n<\/li>\n<li class=\"\" data-start=\"204\" data-end=\"244\">\n<p class=\"\" data-start=\"206\" data-end=\"244\"><strong data-start=\"206\" data-end=\"242\">Kontrolle w\u00e4hrend der Produktion<\/strong><\/p>\n<\/li>\n<li class=\"\" data-start=\"245\" data-end=\"298\">\n<p class=\"\" data-start=\"247\" data-end=\"298\"><strong data-start=\"247\" data-end=\"296\">Vorversandkontrolle (Pre-Shipment Inspection)<\/strong><\/p>\n<\/li>\n<li class=\"\" data-start=\"299\" data-end=\"333\">\n<p class=\"\" data-start=\"301\" data-end=\"333\"><strong data-start=\"301\" data-end=\"331\">St\u00fcck-f\u00fcr-St\u00fcck-Inspektion<\/strong><\/p>\n<\/li>\n<li class=\"\" data-start=\"334\" data-end=\"386\">\n<p class=\"\" data-start=\"336\" data-end=\"386\"><strong data-start=\"336\" data-end=\"386\">\u00dcberwachung der Containerbeladung \/ -entladung<\/strong><\/p>\n<\/li>\n<\/ul>\n<p class=\"\" data-start=\"388\" data-end=\"561\">Unsere Inspektionsdienste gehen \u00fcber die T\u00fcrkei hinaus und umfassen auch andere L\u00e4nder \u2013 darunter <strong data-start=\"486\" data-end=\"539\">China, die Vereinigten Arabischen Emirate, Indien<\/strong> und weitere Regionen.<\/p>\n<h3 class=\"\" data-start=\"568\" data-end=\"608\"><strong data-start=\"572\" data-end=\"608\">Lieferantenpr\u00fcfung \/ Werksaudits<\/strong><\/h3>\n<p class=\"\" data-start=\"610\" data-end=\"831\">Wir wissen, wie wichtig es ist, mit <strong data-start=\"646\" data-end=\"691\">verl\u00e4sslichen und kompetenten Lieferanten<\/strong> zusammenzuarbeiten. Unsere <strong data-start=\"719\" data-end=\"734\">Werksaudits<\/strong> helfen Ihnen, die <strong data-start=\"753\" data-end=\"790\">Seriosit\u00e4t und Leistungsf\u00e4higkeit<\/strong> Ihres potenziellen Partners zu pr\u00fcfen.<\/p>\n<p class=\"\" data-start=\"833\" data-end=\"922\">In unseren <strong data-start=\"844\" data-end=\"875\">Fabrik-Audits in der T\u00fcrkei<\/strong> bewerten wir unter anderem folgende Kriterien:<\/p>\n<ul data-start=\"924\" data-end=\"1144\">\n<li class=\"\" data-start=\"924\" data-end=\"962\">\n<p class=\"\" data-start=\"926\" data-end=\"962\"><strong data-start=\"926\" data-end=\"960\">Unternehmensrechtlicher Status<\/strong><\/p>\n<\/li>\n<li class=\"\" data-start=\"963\" data-end=\"987\">\n<p class=\"\" data-start=\"965\" data-end=\"987\"><strong data-start=\"965\" data-end=\"985\">Bankverbindungen<\/strong><\/p>\n<\/li>\n<li class=\"\" data-start=\"988\" data-end=\"1031\">\n<p class=\"\" data-start=\"990\" data-end=\"1031\"><strong data-start=\"990\" data-end=\"1029\">Personalstruktur und -qualifikation<\/strong><\/p>\n<\/li>\n<li class=\"\" data-start=\"1032\" data-end=\"1060\">\n<p class=\"\" data-start=\"1034\" data-end=\"1060\"><strong data-start=\"1034\" data-end=\"1058\">Produktionskapazit\u00e4t<\/strong><\/p>\n<\/li>\n<li class=\"\" data-start=\"1061\" data-end=\"1095\">\n<p class=\"\" data-start=\"1063\" data-end=\"1095\"><strong data-start=\"1063\" data-end=\"1093\">Qualit\u00e4tsmanagementsysteme<\/strong><\/p>\n<\/li>\n<li class=\"\" data-start=\"1096\" data-end=\"1119\">\n<p class=\"\" data-start=\"1098\" data-end=\"1119\"><strong data-start=\"1098\" data-end=\"1117\">Exportf\u00e4higkeit<\/strong><\/p>\n<\/li>\n<li class=\"\" data-start=\"1120\" data-end=\"1144\">\n<p class=\"\" data-start=\"1122\" data-end=\"1144\"><strong data-start=\"1122\" data-end=\"1144\">Auftragsabwicklung<\/strong><\/p>\n<\/li>\n<\/ul>\n<p>&nbsp;<\/p>\n<h3 class=\"\" data-start=\"86\" data-end=\"110\"><strong data-start=\"90\" data-end=\"110\">Produktpr\u00fcfungen<\/strong><\/h3>\n<p class=\"\" data-start=\"112\" data-end=\"283\"><strong data-start=\"112\" data-end=\"120\">HQTS<\/strong> betreibt akkreditierte Laboratorien im Ausland f\u00fcr <strong data-start=\"172\" data-end=\"192\">Produktpr\u00fcfungen<\/strong>, um die <strong data-start=\"201\" data-end=\"238\">Einhaltung von Industriestandards<\/strong> wie <strong data-start=\"243\" data-end=\"265\">CE, RoHS und REACH<\/strong> zu gew\u00e4hrleisten.<\/p>\n<p class=\"\" data-start=\"285\" data-end=\"442\">Wir haben weltweit Partnerschaften mit Laboren geschlossen, um sicherzustellen, dass Ihre Produkte <strong data-start=\"384\" data-end=\"399\">sicher sind<\/strong> und die erforderlichen Standards erf\u00fcllen.<\/p>\n<h3 class=\"\" data-start=\"449\" data-end=\"502\"><strong data-start=\"453\" data-end=\"502\">Produktkonformit\u00e4t und Zertifizierungsdienste<\/strong><\/h3>\n<p class=\"\" data-start=\"504\" data-end=\"679\"><strong data-start=\"504\" data-end=\"512\">HQTS<\/strong> ist mit den <strong data-start=\"525\" data-end=\"567\">Vorschriften und technischen Standards<\/strong> bestens vertraut und nimmt an internationalen <strong data-start=\"614\" data-end=\"645\">Produktbewertungsprogrammen<\/strong> zur <strong data-start=\"650\" data-end=\"673\">Konformit\u00e4tspr\u00fcfung<\/strong> teil.<\/p>\n<p class=\"\" data-start=\"681\" data-end=\"800\">Wir k\u00f6nnen <strong data-start=\"692\" data-end=\"719\">Konformit\u00e4tszertifikate<\/strong> in verschiedenen L\u00e4ndern ausstellen, darunter <strong data-start=\"766\" data-end=\"781\">Uganda PVoC<\/strong> und viele weitere.<\/p>\n<h3 class=\"\" data-start=\"807\" data-end=\"847\"><strong data-start=\"811\" data-end=\"847\">Weitere Qualit\u00e4tskontrolldienste<\/strong><\/h3>\n<p class=\"\" data-start=\"849\" data-end=\"925\">Neben den bereits erw\u00e4hnten <strong data-start=\"877\" data-end=\"908\">Qualit\u00e4tssicherungsdiensten<\/strong> bieten wir auch:<\/p>\n<ul data-start=\"927\" data-end=\"1068\">\n<li class=\"\" data-start=\"927\" data-end=\"957\">\n<p class=\"\" data-start=\"929\" data-end=\"957\"><strong data-start=\"929\" data-end=\"955\">Produktions\u00fcberwachung<\/strong><\/p>\n<\/li>\n<li class=\"\" data-start=\"958\" data-end=\"997\">\n<p class=\"\" data-start=\"960\" data-end=\"997\"><strong data-start=\"960\" data-end=\"995\">Beratung zur Produktkonformit\u00e4t<\/strong><\/p>\n<\/li>\n<li class=\"\" data-start=\"998\" data-end=\"1030\">\n<p class=\"\" data-start=\"1000\" data-end=\"1030\"><strong data-start=\"1000\" data-end=\"1028\">Lebensmittelinspektionen<\/strong><\/p>\n<\/li>\n<li class=\"\" data-start=\"1031\" data-end=\"1068\">\n<p class=\"\" data-start=\"1033\" data-end=\"1068\">und viele weitere Dienstleistungen.<\/p>\n<\/li>\n<\/ul>\n<p class=\"\" data-start=\"1070\" data-end=\"1182\"><a href=\"https:\/\/www.hqts.com\/de\/kontakt\/\"><strong data-start=\"1070\" data-end=\"1105\">Kontaktieren Sie uns noch heute<\/strong><\/a>, um mehr \u00fcber unsere <strong data-start=\"1127\" data-end=\"1155\">Qualit\u00e4tskontrolldienste<\/strong> in der T\u00fcrkei zu erfahren.<\/p>\n","protected":false},"excerpt":{"rendered":"<p>Third-Party-Inspektionsdienste in der T\u00fcrkei Die T\u00fcrkei hat sich zu einem wichtigen Produktionsstandort entwickelt. Heute produziert das Land Autos, Autoteile, Textilien, Elektronik und eine Vielzahl von Konsumg\u00fctern f\u00fcr den Weltmarkt \u2013 und ist damit ein attraktives Ziel f\u00fcr internationale Eink\u00e4ufer. Doch die \u00dcberpr\u00fcfung der Produktqualit\u00e4t ist schwierig, wenn der Lieferant weit entfernt ist. Als f\u00fchrendes Inspektionsunternehmen [&hellip;]<\/p>\n","protected":false},"author":12,"featured_media":178610,"parent":124681,"menu_order":0,"comment_status":"closed","ping_status":"closed","template":"","meta":{"_acf_changed":false,"footnotes":""},"class_list":["post-188671","page","type-page","status-publish","has-post-thumbnail","hentry"],"acf":[],"_links":{"self":[{"href":"https:\/\/www.hqts.com\/de\/wp-json\/wp\/v2\/pages\/188671","targetHints":{"allow":["GET"]}}],"collection":[{"href":"https:\/\/www.hqts.com\/de\/wp-json\/wp\/v2\/pages"}],"about":[{"href":"https:\/\/www.hqts.com\/de\/wp-json\/wp\/v2\/types\/page"}],"author":[{"embeddable":true,"href":"https:\/\/www.hqts.com\/de\/wp-json\/wp\/v2\/users\/12"}],"replies":[{"embeddable":true,"href":"https:\/\/www.hqts.com\/de\/wp-json\/wp\/v2\/comments?post=188671"}],"version-history":[{"count":2,"href":"https:\/\/www.hqts.com\/de\/wp-json\/wp\/v2\/pages\/188671\/revisions"}],"predecessor-version":[{"id":188680,"href":"https:\/\/www.hqts.com\/de\/wp-json\/wp\/v2\/pages\/188671\/revisions\/188680"}],"up":[{"embeddable":true,"href":"https:\/\/www.hqts.com\/de\/wp-json\/wp\/v2\/pages\/124681"}],"wp:featuredmedia":[{"embeddable":true,"href":"https:\/\/www.hqts.com\/de\/wp-json\/wp\/v2\/media\/178610"}],"wp:attachment":[{"href":"https:\/\/www.hqts.com\/de\/wp-json\/wp\/v2\/media?parent=188671"}],"curies":[{"name":"wp","href":"https:\/\/api.w.org\/{rel}","templated":true}]}}