{"id":189631,"date":"2025-05-21T13:07:00","date_gmt":"2025-05-21T13:07:00","guid":{"rendered":"https:\/\/www.hqts.com\/?page_id=189631"},"modified":"2025-05-21T13:07:00","modified_gmt":"2025-05-21T13:07:00","slug":"qualitaetskontroll-unternehmen-in-singapur","status":"publish","type":"page","link":"https:\/\/www.hqts.com\/de\/hqts\/qualitaetskontroll-unternehmen-in-singapur\/","title":{"rendered":"Qualit\u00e4tskontroll-Unternehmen in Singapur"},"content":{"rendered":"<h2 class=\"\" data-start=\"321\" data-end=\"368\">Drittanbieter-Inspektionsdienste in Singapur<\/h2>\n<p class=\"\" data-start=\"370\" data-end=\"611\"><strong data-start=\"370\" data-end=\"382\">Singapur<\/strong> ist ein f\u00fchrendes Wirtschafts- und Finanzzentrum in S\u00fcdostasien. Mit einer hochentwickelten Infrastruktur und einem der verkehrsreichsten Umschlagh\u00e4fen weltweit spielt das Land eine entscheidende Rolle im internationalen Handel.<\/p>\n<p class=\"\" data-start=\"613\" data-end=\"1155\">Singapur verf\u00fcgt \u00fcber eine florierende <strong data-start=\"652\" data-end=\"675\">Fertigungsindustrie<\/strong>, insbesondere in den Bereichen <strong data-start=\"707\" data-end=\"721\">Elektronik<\/strong>, <strong data-start=\"723\" data-end=\"738\">Petrochemie<\/strong>, <strong data-start=\"740\" data-end=\"763\">Luft- und Raumfahrt<\/strong>, <strong data-start=\"765\" data-end=\"780\">Schifffahrt<\/strong> sowie <strong data-start=\"787\" data-end=\"808\">Offshore-Sektoren<\/strong>. Als globales Handelsdrehkreuz passieren unz\u00e4hlige Produkte das Land. <strong data-start=\"879\" data-end=\"887\">HQTS<\/strong> ist mit einem fl\u00e4chendeckenden Netzwerk in Singapur vertreten und bietet Ihnen sowohl <strong data-start=\"974\" data-end=\"1019\">lokale Qualit\u00e4tskontroll-Dienstleistungen<\/strong> als auch internationale Unterst\u00fctzung in wichtigen Produktionsregionen wie <strong data-start=\"1095\" data-end=\"1112\">China, Indien<\/strong> und \u00fcber <strong data-start=\"1122\" data-end=\"1154\">40 weiteren L\u00e4ndern weltweit<\/strong>.<\/p>\n<h2 class=\"\" data-start=\"1162\" data-end=\"1206\">Qualit\u00e4tskontroll-Unternehmen in Singapur<\/h2>\n<p class=\"\" data-start=\"1208\" data-end=\"1454\">HQTS bietet ma\u00dfgeschneiderte <strong data-start=\"1237\" data-end=\"1266\">Qualit\u00e4tskontrolll\u00f6sungen<\/strong> f\u00fcr eine Vielzahl von Produkten. Unsere <strong data-start=\"1307\" data-end=\"1350\">zertifizierten Inspektoren und Experten<\/strong> arbeiten nach internationalen Standards und genie\u00dfen das Vertrauen von \u00fcber <strong data-start=\"1427\" data-end=\"1453\">15.000 globalen Marken<\/strong>.<\/p>\n<h2 class=\"\" data-start=\"1461\" data-end=\"1508\">Drittanbieter-Inspektionsdienste in Singapur<\/h2>\n<p class=\"\" data-start=\"1510\" data-end=\"1779\">Als eines der f\u00fchrenden <strong data-start=\"1534\" data-end=\"1583\">Drittanbieter-Inspektionsunternehmen in Asien<\/strong> f\u00fchren wir Produktinspektionen in nahezu allen Produktkategorien durch \u2013 von <strong data-start=\"1661\" data-end=\"1697\">Elektro- und Elektronikprodukten<\/strong>, <strong data-start=\"1699\" data-end=\"1727\">Textilien und Bekleidung<\/strong> \u00fcber <strong data-start=\"1733\" data-end=\"1750\">Stahlprodukte<\/strong> bis hin zu <strong data-start=\"1762\" data-end=\"1778\">Solarmodulen<\/strong>.<\/p>\n<p class=\"\" data-start=\"1781\" data-end=\"1986\">Egal ob Sie ein <strong data-start=\"1797\" data-end=\"1863\">Inspektionsunternehmen in China, Malaysia, Indien oder Vietnam<\/strong> suchen \u2013 oder ob Sie Unterst\u00fctzung in einer fr\u00fchen oder sp\u00e4ten Phase Ihrer <strong data-start=\"1939\" data-end=\"1954\">Lieferkette<\/strong> ben\u00f6tigen: HQTS ist f\u00fcr Sie da.<\/p>\n<p class=\"\" data-start=\"1988\" data-end=\"2078\">Unsere <strong data-start=\"1995\" data-end=\"2033\">Inspektoren bewerten Ihre Produkte<\/strong> anhand klar definierter Kriterien, darunter:<\/p>\n<ul data-start=\"2080\" data-end=\"2276\">\n<li class=\"\" data-start=\"2080\" data-end=\"2104\">\n<p class=\"\" data-start=\"2082\" data-end=\"2104\">Ma\u00dfe und Abmessungen<\/p>\n<\/li>\n<li class=\"\" data-start=\"2105\" data-end=\"2122\">\n<p class=\"\" data-start=\"2107\" data-end=\"2122\">Mengenpr\u00fcfung<\/p>\n<\/li>\n<li class=\"\" data-start=\"2123\" data-end=\"2159\">\n<p class=\"\" data-start=\"2125\" data-end=\"2159\">Verarbeitung &amp; Handwerksqualit\u00e4t<\/p>\n<\/li>\n<li class=\"\" data-start=\"2160\" data-end=\"2178\">\n<p class=\"\" data-start=\"2162\" data-end=\"2178\">Funktionalit\u00e4t<\/p>\n<\/li>\n<li class=\"\" data-start=\"2179\" data-end=\"2195\">\n<p class=\"\" data-start=\"2181\" data-end=\"2195\">Sichtpr\u00fcfung<\/p>\n<\/li>\n<li class=\"\" data-start=\"2196\" data-end=\"2276\">\n<p class=\"\" data-start=\"2198\" data-end=\"2276\">sowie weitere relevante Anforderungen nach Spezifikation oder Branchenstandard<\/p>\n<\/li>\n<\/ul>\n<h2 class=\"\" data-start=\"2283\" data-end=\"2317\">Arten von Qualit\u00e4tsinspektionen<\/h2>\n<p class=\"\" data-start=\"2319\" data-end=\"2407\">Wir bieten eine breite Palette an <strong data-start=\"2353\" data-end=\"2396\">Inspektionsdienstleistungen in Singapur<\/strong>, darunter:<\/p>\n<ul data-start=\"2409\" data-end=\"2698\">\n<li class=\"\" data-start=\"2409\" data-end=\"2459\">\n<p class=\"\" data-start=\"2411\" data-end=\"2459\">FAT-Abnahmepr\u00fcfungen (Non-Destructive Testing)<\/p>\n<\/li>\n<li class=\"\" data-start=\"2460\" data-end=\"2508\">\n<p class=\"\" data-start=\"2462\" data-end=\"2508\">First Article Inspection (Erstmusterpr\u00fcfung)<\/p>\n<\/li>\n<li class=\"\" data-start=\"2509\" data-end=\"2537\">\n<p class=\"\" data-start=\"2511\" data-end=\"2537\">Vorproduktionsinspektion<\/p>\n<\/li>\n<li class=\"\" data-start=\"2538\" data-end=\"2575\">\n<p class=\"\" data-start=\"2540\" data-end=\"2575\">Inspektion w\u00e4hrend der Produktion<\/p>\n<\/li>\n<li class=\"\" data-start=\"2576\" data-end=\"2606\">\n<p class=\"\" data-start=\"2578\" data-end=\"2606\">St\u00fcck-f\u00fcr-St\u00fcck-Inspektion<\/p>\n<\/li>\n<li class=\"\" data-start=\"2607\" data-end=\"2656\">\n<p class=\"\" data-start=\"2609\" data-end=\"2656\">Containerbeladungs- und Entladungs\u00fcberwachung<\/p>\n<\/li>\n<li class=\"\" data-start=\"2657\" data-end=\"2698\">\n<p class=\"\" data-start=\"2659\" data-end=\"2698\">Werksinspektionen &amp; Lieferantenaudits<\/p>\n<\/li>\n<\/ul>\n<h2 class=\"\" data-start=\"2705\" data-end=\"2752\">Lieferantenaudits &amp; Fabrikaudits in Singapur<\/h2>\n<p class=\"\" data-start=\"2754\" data-end=\"3011\">Wir wissen, wie wichtig <strong data-start=\"2778\" data-end=\"2826\">zuverl\u00e4ssige und leistungsf\u00e4hige Lieferanten<\/strong> sind. Unsere <strong data-start=\"2840\" data-end=\"2873\">Fabrik- und Lieferantenaudits<\/strong> pr\u00fcfen die Legitimit\u00e4t und F\u00e4higkeit Ihrer Partner \u2013 sowohl in <strong data-start=\"2937\" data-end=\"2949\">Singapur<\/strong> als auch im <strong data-start=\"2962\" data-end=\"2973\">Ausland<\/strong>. Dabei analysieren wir unter anderem:<\/p>\n<ul data-start=\"3013\" data-end=\"3209\">\n<li class=\"\" data-start=\"3013\" data-end=\"3057\">\n<p class=\"\" data-start=\"3015\" data-end=\"3057\">Unternehmensregistrierung &amp; Rechtsstatus<\/p>\n<\/li>\n<li class=\"\" data-start=\"3058\" data-end=\"3079\">\n<p class=\"\" data-start=\"3060\" data-end=\"3079\">Bankinformationen<\/p>\n<\/li>\n<li class=\"\" data-start=\"3080\" data-end=\"3100\">\n<p class=\"\" data-start=\"3082\" data-end=\"3100\">Personalstruktur<\/p>\n<\/li>\n<li class=\"\" data-start=\"3101\" data-end=\"3127\">\n<p class=\"\" data-start=\"3103\" data-end=\"3127\">Produktionskapazit\u00e4ten<\/p>\n<\/li>\n<li class=\"\" data-start=\"3128\" data-end=\"3158\">\n<p class=\"\" data-start=\"3130\" data-end=\"3158\">Qualit\u00e4tsmanagementsysteme<\/p>\n<\/li>\n<li class=\"\" data-start=\"3159\" data-end=\"3178\">\n<p class=\"\" data-start=\"3161\" data-end=\"3178\">Exportf\u00e4higkeit<\/p>\n<\/li>\n<li class=\"\" data-start=\"3179\" data-end=\"3209\">\n<p class=\"\" data-start=\"3181\" data-end=\"3209\">Auftragsabwicklungssysteme<\/p>\n<\/li>\n<\/ul>\n<h2 class=\"\" data-start=\"3216\" data-end=\"3247\">Produktkonformit\u00e4ts-Services<\/h2>\n<p class=\"\" data-start=\"3249\" data-end=\"3497\">Mit der <strong data-start=\"3257\" data-end=\"3299\">Internationalisierung von Lieferketten<\/strong> steigt die Bedeutung von <strong data-start=\"3325\" data-end=\"3347\">Produktkonformit\u00e4t<\/strong>. Unsere Dienstleistungen helfen <strong data-start=\"3380\" data-end=\"3410\">singapurischen Unternehmen<\/strong>, die regulatorischen Anforderungen globaler M\u00e4rkte zu erf\u00fcllen. Unser Angebot umfasst:<\/p>\n<ul data-start=\"3499\" data-end=\"3677\">\n<li class=\"\" data-start=\"3499\" data-end=\"3544\">\n<p class=\"\" data-start=\"3501\" data-end=\"3544\">Beratung &amp; Schulung zur Produktsicherheit<\/p>\n<\/li>\n<li class=\"\" data-start=\"3545\" data-end=\"3587\">\n<p class=\"\" data-start=\"3547\" data-end=\"3587\">Risikobewertung der Produktkonformit\u00e4t<\/p>\n<\/li>\n<li class=\"\" data-start=\"3588\" data-end=\"3638\">\n<p class=\"\" data-start=\"3590\" data-end=\"3638\">Audit &amp; Verwaltung technischer Dokumentationen<\/p>\n<\/li>\n<li class=\"\" data-start=\"3639\" data-end=\"3677\">\n<p class=\"\" data-start=\"3641\" data-end=\"3677\">Markt\u00fcberwachung &amp; Risikobewertung<\/p>\n<\/li>\n<\/ul>\n<p class=\"\" data-start=\"3679\" data-end=\"3819\">Wir unterst\u00fctzen u.\u202fa. mit folgenden Richtlinien &amp; Normen: <strong data-start=\"3738\" data-end=\"3800\">TOY, LVD, EMC, GPSD, Baustoffe, RoHS, ERP, WEEE, Sirim, SS<\/strong> und viele weitere.<\/p>\n<h2 class=\"\" data-start=\"3826\" data-end=\"3845\">Produktpr\u00fcfungen<\/h2>\n<p class=\"\" data-start=\"3847\" data-end=\"4117\">HQTS betreibt <strong data-start=\"3861\" data-end=\"3900\">akkreditierte Pr\u00fcflabore im Ausland<\/strong>, die sicherstellen, dass Ihre Produkte internationale Normen wie <strong data-start=\"3966\" data-end=\"3978\">CE, RoHS<\/strong> und <strong data-start=\"3983\" data-end=\"3992\">REACH<\/strong> erf\u00fcllen. Dank unseres globalen Netzwerks an Partnerlaboren gew\u00e4hrleisten wir <strong data-start=\"4071\" data-end=\"4116\">Sicherheit und Konformit\u00e4t Ihrer Produkte<\/strong>.<\/p>\n<h2 class=\"\" data-start=\"4124\" data-end=\"4154\">ESG-Konformit\u00e4t in Singapur<\/h2>\n<p class=\"\" data-start=\"4156\" data-end=\"4310\">Unsere <strong data-start=\"4163\" data-end=\"4187\">ESG-Dienstleistungen<\/strong> unterst\u00fctzen Unternehmen in Singapur bei der Umsetzung nachhaltiger Gesch\u00e4ftspraktiken. Wir bieten umfassende Beratung zu:<\/p>\n<ul data-start=\"4312\" data-end=\"4466\">\n<li class=\"\" data-start=\"4312\" data-end=\"4340\">\n<p class=\"\" data-start=\"4314\" data-end=\"4340\">ESG-Management-Bewertung<\/p>\n<\/li>\n<li class=\"\" data-start=\"4341\" data-end=\"4366\">\n<p class=\"\" data-start=\"4343\" data-end=\"4366\">ESG-Berichterstattung<\/p>\n<\/li>\n<li class=\"\" data-start=\"4367\" data-end=\"4409\">\n<p class=\"\" data-start=\"4369\" data-end=\"4409\">Lieferanten-Audits zur ESG-Konformit\u00e4t<\/p>\n<\/li>\n<li class=\"\" data-start=\"4410\" data-end=\"4448\">\n<p class=\"\" data-start=\"4412\" data-end=\"4448\">ESG-Beratung f\u00fcr B\u00f6rseng\u00e4nge (IPO)<\/p>\n<\/li>\n<li class=\"\" data-start=\"4449\" data-end=\"4466\">\n<p class=\"\" data-start=\"4451\" data-end=\"4466\">ESG-Trainings<\/p>\n<\/li>\n<\/ul>\n<p class=\"\" data-start=\"4468\" data-end=\"4516\">Unsere Leistungen decken die drei ESG-S\u00e4ulen ab:<\/p>\n<ul data-start=\"4518\" data-end=\"4681\">\n<li class=\"\" data-start=\"4518\" data-end=\"4536\">\n<p class=\"\" data-start=\"4520\" data-end=\"4536\"><strong data-start=\"4520\" data-end=\"4534\">ESG-Audits<\/strong><\/p>\n<\/li>\n<li class=\"\" data-start=\"4537\" data-end=\"4578\">\n<p class=\"\" data-start=\"4539\" data-end=\"4578\"><strong data-start=\"4539\" data-end=\"4576\">Nachhaltigkeit in der Lieferkette<\/strong><\/p>\n<\/li>\n<li class=\"\" data-start=\"4579\" data-end=\"4604\">\n<p class=\"\" data-start=\"4581\" data-end=\"4604\"><strong data-start=\"4581\" data-end=\"4602\">ESG-Investitionen<\/strong><\/p>\n<\/li>\n<li class=\"\" data-start=\"4605\" data-end=\"4630\">\n<p class=\"\" data-start=\"4607\" data-end=\"4630\"><strong data-start=\"4607\" data-end=\"4628\">ESG-Berichtswesen<\/strong><\/p>\n<\/li>\n<li class=\"\" data-start=\"4631\" data-end=\"4660\">\n<p class=\"\" data-start=\"4633\" data-end=\"4660\"><strong data-start=\"4633\" data-end=\"4658\">ESG-Strategieberatung<\/strong><\/p>\n<\/li>\n<li class=\"\" data-start=\"4661\" data-end=\"4681\">\n<p class=\"\" data-start=\"4663\" data-end=\"4681\"><strong data-start=\"4663\" data-end=\"4681\">ESG-Schulungen<\/strong><\/p>\n<\/li>\n<\/ul>\n<h2 class=\"\" data-start=\"4688\" data-end=\"4731\">Konformit\u00e4ts- und Zertifizierungsdienste<\/h2>\n<p class=\"\" data-start=\"4733\" data-end=\"4945\">HQTS verf\u00fcgt \u00fcber umfangreiche Erfahrung mit internationalen Vorschriften und technischen Standards. Wir stellen <strong data-start=\"4846\" data-end=\"4873\">Konformit\u00e4tszertifikate<\/strong> f\u00fcr verschiedene L\u00e4nder aus, darunter <strong data-start=\"4912\" data-end=\"4944\">Uganda (PVoC-Zertifizierung)<\/strong>.<\/p>\n<h2 class=\"\" data-start=\"4952\" data-end=\"5002\">Weitere Dienstleistungen zur Qualit\u00e4tskontrolle<\/h2>\n<p class=\"\" data-start=\"5004\" data-end=\"5062\">Zus\u00e4tzlich zu den bereits genannten Leistungen bieten wir:<\/p>\n<ul data-start=\"5064\" data-end=\"5225\">\n<li class=\"\" data-start=\"5064\" data-end=\"5094\">\n<p class=\"\" data-start=\"5066\" data-end=\"5094\"><strong data-start=\"5066\" data-end=\"5092\">Produktions\u00fcberwachung<\/strong><\/p>\n<\/li>\n<li class=\"\" data-start=\"5095\" data-end=\"5124\">\n<p class=\"\" data-start=\"5097\" data-end=\"5124\"><strong data-start=\"5097\" data-end=\"5122\">ISTA-Verpackungstests<\/strong><\/p>\n<\/li>\n<li class=\"\" data-start=\"5125\" data-end=\"5194\">\n<p class=\"\" data-start=\"5127\" data-end=\"5194\"><strong data-start=\"5127\" data-end=\"5192\">Supplier Quality Engineering (Lieferantenqualit\u00e4tsmanagement)<\/strong><\/p>\n<\/li>\n<li class=\"\" data-start=\"5195\" data-end=\"5225\">\n<p class=\"\" data-start=\"5197\" data-end=\"5225\"><strong data-start=\"5197\" data-end=\"5225\">Lebensmittelinspektionen<\/strong><\/p>\n<\/li>\n<\/ul>\n<p class=\"\" data-start=\"5232\" data-end=\"5352\"><strong data-start=\"5232\" data-end=\"5256\"><br \/>\n<a href=\"https:\/\/www.hqts.com\/de\/kontakt\/\">Kontaktieren Sie uns<\/a><\/strong> noch heute, um mehr \u00fcber unsere <strong data-start=\"5289\" data-end=\"5339\">Qualit\u00e4tskontroll-Dienstleistungen in Singapur<\/strong> zu erfahren.<\/p>\n","protected":false},"excerpt":{"rendered":"<p>Drittanbieter-Inspektionsdienste in Singapur Singapur ist ein f\u00fchrendes Wirtschafts- und Finanzzentrum in S\u00fcdostasien. Mit einer hochentwickelten Infrastruktur und einem der verkehrsreichsten Umschlagh\u00e4fen weltweit spielt das Land eine entscheidende Rolle im internationalen Handel. Singapur verf\u00fcgt \u00fcber eine florierende Fertigungsindustrie, insbesondere in den Bereichen Elektronik, Petrochemie, Luft- und Raumfahrt, Schifffahrt sowie Offshore-Sektoren. Als globales Handelsdrehkreuz passieren unz\u00e4hlige Produkte [&hellip;]<\/p>\n","protected":false},"author":12,"featured_media":155122,"parent":124681,"menu_order":0,"comment_status":"closed","ping_status":"closed","template":"","meta":{"_acf_changed":false,"footnotes":""},"class_list":["post-189631","page","type-page","status-publish","has-post-thumbnail","hentry"],"acf":[],"_links":{"self":[{"href":"https:\/\/www.hqts.com\/de\/wp-json\/wp\/v2\/pages\/189631","targetHints":{"allow":["GET"]}}],"collection":[{"href":"https:\/\/www.hqts.com\/de\/wp-json\/wp\/v2\/pages"}],"about":[{"href":"https:\/\/www.hqts.com\/de\/wp-json\/wp\/v2\/types\/page"}],"author":[{"embeddable":true,"href":"https:\/\/www.hqts.com\/de\/wp-json\/wp\/v2\/users\/12"}],"replies":[{"embeddable":true,"href":"https:\/\/www.hqts.com\/de\/wp-json\/wp\/v2\/comments?post=189631"}],"version-history":[{"count":1,"href":"https:\/\/www.hqts.com\/de\/wp-json\/wp\/v2\/pages\/189631\/revisions"}],"predecessor-version":[{"id":189637,"href":"https:\/\/www.hqts.com\/de\/wp-json\/wp\/v2\/pages\/189631\/revisions\/189637"}],"up":[{"embeddable":true,"href":"https:\/\/www.hqts.com\/de\/wp-json\/wp\/v2\/pages\/124681"}],"wp:featuredmedia":[{"embeddable":true,"href":"https:\/\/www.hqts.com\/de\/wp-json\/wp\/v2\/media\/155122"}],"wp:attachment":[{"href":"https:\/\/www.hqts.com\/de\/wp-json\/wp\/v2\/media?parent=189631"}],"curies":[{"name":"wp","href":"https:\/\/api.w.org\/{rel}","templated":true}]}}