{"id":189875,"date":"2025-05-23T11:54:18","date_gmt":"2025-05-23T11:54:18","guid":{"rendered":"https:\/\/www.hqts.com\/?page_id=189875"},"modified":"2025-05-23T11:55:20","modified_gmt":"2025-05-23T11:55:20","slug":"qualitaetskontrollservice-vae","status":"publish","type":"page","link":"https:\/\/www.hqts.com\/de\/hqts\/qualitaetskontrollservice-vae\/","title":{"rendered":"HQTS Dubai \u2013 Qualit\u00e4tskontrollservice in den Vereinigten Arabischen Emiraten"},"content":{"rendered":"<p data-start=\"115\" data-end=\"171\"><strong data-start=\"115\" data-end=\"171\">HQTS Dubai \u2013 Qualit\u00e4tskontrollunternehmen in den VAE<\/strong><\/p>\n<p data-start=\"173\" data-end=\"628\">Mit \u00fcber 25 Jahren Erfahrung geh\u00f6rt HQTS zu den f\u00fchrenden Inspektionsunternehmen in den Vereinigten Arabischen Emiraten. Wir bieten unsere Dienstleistungen in allen Emiraten an \u2013 darunter Abu Dhabi, Dubai und Fujairah \u2013 sowie in der gesamten Golfregion. Wenn Sie nach einem unabh\u00e4ngigen Drittanbieter f\u00fcr Produktpr\u00fcfungen in Dubai suchen oder Ihren Lieferanten in China auditieren lassen m\u00f6chten, ist HQTS Ihr verl\u00e4sslicher Partner f\u00fcr Qualit\u00e4tssicherung.<\/p>\n<h3 data-start=\"630\" data-end=\"660\">HQTS Regionalb\u00fcro in Dubai<\/h3>\n<p data-start=\"662\" data-end=\"771\"><strong data-start=\"662\" data-end=\"678\">B\u00fcroadresse:<\/strong><br data-start=\"678\" data-end=\"681\" \/>2201, Uptown Tower<br data-start=\"699\" data-end=\"702\" \/>Uptown Dubai<br data-start=\"714\" data-end=\"717\" \/>Postfach 48800<br data-start=\"731\" data-end=\"734\" \/>Dubai, Vereinigte Arabische Emirate<\/p>\n<p data-start=\"773\" data-end=\"803\"><strong data-start=\"773\" data-end=\"784\">E-Mail:<\/strong> <a class=\"cursor-pointer\" rel=\"noopener\" data-start=\"785\" data-end=\"801\">inquiry@hqts.com<\/a><\/p>\n<p data-start=\"805\" data-end=\"859\"><strong data-start=\"805\" data-end=\"823\">Schl\u00fcsselwort:<\/strong> <em data-start=\"824\" data-end=\"859\">Inspektionsunternehmen in den VAE<\/em><\/p>\n<h3 data-start=\"866\" data-end=\"933\"><img fetchpriority=\"high\" decoding=\"async\" class=\"aligncenter wp-image-142131 size-full\" src=\"https:\/\/www.hqts.com\/wp-content\/uploads\/2023\/05\/Quality-Inspection-Company-Dubai-768x576-1.webp\" alt=\"\" width=\"768\" height=\"576\" srcset=\"https:\/\/www.hqts.com\/wp-content\/uploads\/2023\/05\/Quality-Inspection-Company-Dubai-768x576-1.webp 768w, https:\/\/www.hqts.com\/wp-content\/uploads\/2023\/05\/Quality-Inspection-Company-Dubai-768x576-1-300x225.webp 300w\" sizes=\"(max-width: 768px) 100vw, 768px\" \/><\/h3>\n<h3 data-start=\"866\" data-end=\"933\">Qualit\u00e4tskontrollservice in den Vereinigten Arabischen Emiraten<\/h3>\n<p data-start=\"935\" data-end=\"1187\">HQTS bietet professionelle Qualit\u00e4tskontrolldienstleistungen, um Risiken beim Einkauf mangelhafter Waren zu minimieren. Unser Leistungsspektrum umfasst Lieferantenkontrollen, Produktions\u00fcberwachung, Projektbetreuung, Qualit\u00e4tspr\u00fcfungen und vieles mehr.<\/p>\n<h3 data-start=\"1194\" data-end=\"1245\">Drittanbieter-Inspektionsunternehmen in den VAE<\/h3>\n<p data-start=\"1247\" data-end=\"1563\">Unsere erfahrenen Inspektoren pr\u00fcfen Ihre Produkte nach festgelegten Kriterien wie Ma\u00dfe, St\u00fcckzahl, Verarbeitung, Sichtpr\u00fcfung, zerst\u00f6rungsfreie Pr\u00fcfmethoden sowie kundenspezifische Anforderungen oder relevante Industriestandards. Unsere Produktinspektionsdienste decken s\u00e4mtliche Phasen des Produktionsprozesses ab.<\/p>\n<p data-start=\"1565\" data-end=\"1611\"><strong data-start=\"1565\" data-end=\"1611\">Unsere Inspektionsleistungen im \u00dcberblick:<\/strong><\/p>\n<ul data-start=\"1612\" data-end=\"1873\">\n<li data-start=\"1612\" data-end=\"1645\">\n<p data-start=\"1614\" data-end=\"1645\">Schwei\u00dfnahtpr\u00fcfung in den VAE<\/p>\n<\/li>\n<li data-start=\"1646\" data-end=\"1675\">\n<p data-start=\"1648\" data-end=\"1675\">Lackierpr\u00fcfung in den VAE<\/p>\n<\/li>\n<li data-start=\"1676\" data-end=\"1701\">\n<p data-start=\"1678\" data-end=\"1701\">Vorproduktionspr\u00fcfung<\/p>\n<\/li>\n<li data-start=\"1702\" data-end=\"1736\">\n<p data-start=\"1704\" data-end=\"1736\">Produktionsbegleitende Pr\u00fcfung<\/p>\n<\/li>\n<li data-start=\"1737\" data-end=\"1758\">\n<p data-start=\"1739\" data-end=\"1758\">Vorversandpr\u00fcfung<\/p>\n<\/li>\n<li data-start=\"1759\" data-end=\"1786\">\n<p data-start=\"1761\" data-end=\"1786\">St\u00fcck-f\u00fcr-St\u00fcck-Pr\u00fcfung<\/p>\n<\/li>\n<li data-start=\"1787\" data-end=\"1839\">\n<p data-start=\"1789\" data-end=\"1839\">\u00dcberwachung der Containerbeladung und -entladung<\/p>\n<\/li>\n<li data-start=\"1840\" data-end=\"1873\">\n<p data-start=\"1842\" data-end=\"1873\">Lieferanten- und Fabrikaudits<\/p>\n<\/li>\n<\/ul>\n<h3 data-start=\"1880\" data-end=\"1924\"><\/h3>\n<h3 data-start=\"1880\" data-end=\"1924\">Lieferanten- und Fabrikaudits in den VAE<\/h3>\n<p data-start=\"1926\" data-end=\"2209\">Unsere Audits helfen Ihnen, das Risiko mangelhafter Produkte oder unseri\u00f6ser Lieferanten zu minimieren. Diese Audits k\u00f6nnen lokal in den VAE oder bei Ihrem Lieferanten in China, Indien oder anderen L\u00e4ndern im HQTS-Netzwerk durchgef\u00fchrt werden. Zu den gepr\u00fcften Auditbereichen z\u00e4hlen:<\/p>\n<ul data-start=\"2211\" data-end=\"2332\">\n<li data-start=\"2211\" data-end=\"2250\">\n<p data-start=\"2213\" data-end=\"2250\">Rechtlicher Status des Unternehmens<\/p>\n<\/li>\n<li data-start=\"2251\" data-end=\"2271\">\n<p data-start=\"2253\" data-end=\"2271\">Bankverbindungen<\/p>\n<\/li>\n<li data-start=\"2272\" data-end=\"2289\">\n<p data-start=\"2274\" data-end=\"2289\">Personalwesen<\/p>\n<\/li>\n<li data-start=\"2290\" data-end=\"2309\">\n<p data-start=\"2292\" data-end=\"2309\">Exportf\u00e4higkeit<\/p>\n<\/li>\n<li data-start=\"2310\" data-end=\"2332\">\n<p data-start=\"2312\" data-end=\"2332\">Auftragsmanagement<\/p>\n<\/li>\n<\/ul>\n<h3 data-start=\"2339\" data-end=\"2366\"><\/h3>\n<h3 data-start=\"2339\" data-end=\"2366\">Produkttests in den VAE<\/h3>\n<p data-start=\"2368\" data-end=\"2676\">HQTS betreibt akkreditierte Labore f\u00fcr Produkttests gem\u00e4\u00df internationalen Standards wie CE, RoHS, REACH, CPSIA, DMF und California Proposition 65. Unsere modernen Labore in Asien und unser Partnernetzwerk erm\u00f6glichen zuverl\u00e4ssige Pr\u00fcfungen zur Einhaltung gesetzlicher Sicherheits- und Qualit\u00e4tsanforderungen.<\/p>\n<h3 data-start=\"2683\" data-end=\"2737\"><\/h3>\n<h3 data-start=\"2683\" data-end=\"2737\">Produkt- und Regierungszertifizierungen in den VAE<\/h3>\n<p data-start=\"2739\" data-end=\"2990\">Dank umfassender Kenntnis nationaler und internationaler Vorschriften f\u00fchrt HQTS weltweite Konformit\u00e4tspr\u00fcfungen durch. Wir stellen unter anderem Konformit\u00e4tszertifikate aus f\u00fcr Programme wie Uganda PVoC, SASO (Saudi-Arabien), Irak CoC und viele mehr.<\/p>\n<h3 data-start=\"2997\" data-end=\"3045\"><\/h3>\n<h3 data-start=\"2997\" data-end=\"3045\">Weitere Qualit\u00e4tsdienstleistungen in den VAE<\/h3>\n<p data-start=\"3047\" data-end=\"3255\">Zus\u00e4tzlich bieten wir spezielle Schulungen in Qualit\u00e4tsmanagement, Supplier Quality Engineering, Produktions\u00fcberwachung und Personalbereitstellung im Bereich Bauqualit\u00e4tskontrolle (Inspektoren\/Ingenieure) an.<\/p>\n<h3 data-start=\"3262\" data-end=\"3282\"><\/h3>\n<h3 data-start=\"3262\" data-end=\"3282\">Akkreditierungen<\/h3>\n<ul data-start=\"3284\" data-end=\"3382\">\n<li data-start=\"3284\" data-end=\"3321\">\n<p data-start=\"3286\" data-end=\"3321\">CNAS nach ISO 17020 und ISO 17025<\/p>\n<\/li>\n<li data-start=\"3322\" data-end=\"3382\">\n<p data-start=\"3324\" data-end=\"3382\">Mitglied im Testing Inspection and Certification Council<\/p>\n<\/li>\n<\/ul>\n<p data-start=\"3389\" data-end=\"3622\"><a href=\"https:\/\/www.hqts.com\/de\/kontakt\/\"><strong data-start=\"3389\" data-end=\"3425\">Kontaktieren Sie HQTS noch heute<\/strong><\/a>, um mehr dar\u00fcber zu erfahren, wie wir Sie mit unseren Drittanbieter-Inspektionsdiensten und Qualit\u00e4tskontrolll\u00f6sungen in den VAE bei der Erreichung h\u00f6chster Qualit\u00e4tsstandards unterst\u00fctzen k\u00f6nnen.<\/p>\n","protected":false},"excerpt":{"rendered":"<p>HQTS Dubai \u2013 Qualit\u00e4tskontrollunternehmen in den VAE Mit \u00fcber 25 Jahren Erfahrung geh\u00f6rt HQTS zu den f\u00fchrenden Inspektionsunternehmen in den Vereinigten Arabischen Emiraten. Wir bieten unsere Dienstleistungen in allen Emiraten an \u2013 darunter Abu Dhabi, Dubai und Fujairah \u2013 sowie in der gesamten Golfregion. Wenn Sie nach einem unabh\u00e4ngigen Drittanbieter f\u00fcr Produktpr\u00fcfungen in Dubai suchen [&hellip;]<\/p>\n","protected":false},"author":12,"featured_media":128550,"parent":124681,"menu_order":0,"comment_status":"closed","ping_status":"closed","template":"","meta":{"_acf_changed":false,"footnotes":""},"class_list":["post-189875","page","type-page","status-publish","has-post-thumbnail","hentry"],"acf":[],"_links":{"self":[{"href":"https:\/\/www.hqts.com\/de\/wp-json\/wp\/v2\/pages\/189875","targetHints":{"allow":["GET"]}}],"collection":[{"href":"https:\/\/www.hqts.com\/de\/wp-json\/wp\/v2\/pages"}],"about":[{"href":"https:\/\/www.hqts.com\/de\/wp-json\/wp\/v2\/types\/page"}],"author":[{"embeddable":true,"href":"https:\/\/www.hqts.com\/de\/wp-json\/wp\/v2\/users\/12"}],"replies":[{"embeddable":true,"href":"https:\/\/www.hqts.com\/de\/wp-json\/wp\/v2\/comments?post=189875"}],"version-history":[{"count":3,"href":"https:\/\/www.hqts.com\/de\/wp-json\/wp\/v2\/pages\/189875\/revisions"}],"predecessor-version":[{"id":189891,"href":"https:\/\/www.hqts.com\/de\/wp-json\/wp\/v2\/pages\/189875\/revisions\/189891"}],"up":[{"embeddable":true,"href":"https:\/\/www.hqts.com\/de\/wp-json\/wp\/v2\/pages\/124681"}],"wp:featuredmedia":[{"embeddable":true,"href":"https:\/\/www.hqts.com\/de\/wp-json\/wp\/v2\/media\/128550"}],"wp:attachment":[{"href":"https:\/\/www.hqts.com\/de\/wp-json\/wp\/v2\/media?parent=189875"}],"curies":[{"name":"wp","href":"https:\/\/api.w.org\/{rel}","templated":true}]}}