{"id":119511,"date":"2022-04-21T08:58:11","date_gmt":"2022-04-21T08:58:11","guid":{"rendered":"https:\/\/www.hqts.com\/?page_id=119511"},"modified":"2022-04-21T08:58:40","modified_gmt":"2022-04-21T08:58:40","slug":"inspecciones-de-materiales-y-maquinaria","status":"publish","type":"page","link":"https:\/\/www.hqts.com\/es\/servicios\/inspecciones\/inspecciones-de-materiales-y-maquinaria\/","title":{"rendered":"Inspecciones de Materiales y Maquinaria"},"content":{"rendered":"<h4>Inspecciones de maquinaria y materiales<\/h4>\n<p>El control de calidad de la maquinaria y los materiales es fundamental para optimizar la eficiencia y mejorar sus resultados. Las inspecciones de maquinaria y materiales pueden ser cualquier cosa, desde una simple inspecci\u00f3n de lista de verificaci\u00f3n hasta inspecciones personalizadas \u00fanicas, pruebas y listas de verificaci\u00f3n de verificaci\u00f3n de cumplimiento basadas en requisitos de ingenier\u00eda t\u00e9cnica.<\/p>\n<p>Los ingenieros y el personal t\u00e9cnico de control de calidad de maquinaria y materiales de HQTS tienen una larga experiencia en control de calidad, incluidas inspecciones y pruebas para maquinaria, equipos pesados, plantas, miner\u00eda, transporte, materiales de construcci\u00f3n, productos b\u00e1sicos y construcci\u00f3n pesada. Nuestros servicios para la industria incluyen inspecciones de control de calidad y pruebas de piezas, materiales y productos finales a trav\u00e9s de verificaciones independientes, auditor\u00edas de proveedores y fabricantes, inspecciones y pruebas funcionales, documentaci\u00f3n t\u00e9cnica, mediciones dimensionales, verificaci\u00f3n de la marca CE, supervisi\u00f3n de carga y pruebas qu\u00edmicas relevantes. cuando as\u00ed lo exijan las normas reglamentarias.<\/p>\n<p><strong>Nuestros Servicios de Inspecciones de Maquinaria y Materiales:<\/strong><\/p>\n<ul>\n<li>Inspecciones previas al env\u00edo<\/li>\n<li>Inspecciones previas a la producci\u00f3n<\/li>\n<li>Durante las inspecciones de producci\u00f3n<\/li>\n<li>Inspecciones pieza por pieza<\/li>\n<li>Supervisi\u00f3n de Carga\/Descarga<\/li>\n<li>Inspecciones pieza por pieza<\/li>\n<li>Detecci\u00f3n de metales<\/li>\n<li>Comprobaci\u00f3n de muestras<\/li>\n<\/ul>\n","protected":false},"excerpt":{"rendered":"<p>Inspecciones de maquinaria y materiales El control de calidad de la maquinaria y los materiales es fundamental para optimizar la eficiencia y mejorar sus resultados. Las inspecciones de maquinaria y materiales pueden ser cualquier cosa, desde una simple inspecci\u00f3n de lista de verificaci\u00f3n hasta inspecciones personalizadas \u00fanicas, pruebas y listas de verificaci\u00f3n de verificaci\u00f3n de [&hellip;]<\/p>\n","protected":false},"author":12,"featured_media":75759,"parent":75962,"menu_order":0,"comment_status":"closed","ping_status":"closed","template":"","meta":{"_acf_changed":false,"footnotes":""},"class_list":["post-119511","page","type-page","status-publish","has-post-thumbnail","hentry"],"acf":[],"_links":{"self":[{"href":"https:\/\/www.hqts.com\/es\/wp-json\/wp\/v2\/pages\/119511","targetHints":{"allow":["GET"]}}],"collection":[{"href":"https:\/\/www.hqts.com\/es\/wp-json\/wp\/v2\/pages"}],"about":[{"href":"https:\/\/www.hqts.com\/es\/wp-json\/wp\/v2\/types\/page"}],"author":[{"embeddable":true,"href":"https:\/\/www.hqts.com\/es\/wp-json\/wp\/v2\/users\/12"}],"replies":[{"embeddable":true,"href":"https:\/\/www.hqts.com\/es\/wp-json\/wp\/v2\/comments?post=119511"}],"version-history":[{"count":2,"href":"https:\/\/www.hqts.com\/es\/wp-json\/wp\/v2\/pages\/119511\/revisions"}],"predecessor-version":[{"id":119513,"href":"https:\/\/www.hqts.com\/es\/wp-json\/wp\/v2\/pages\/119511\/revisions\/119513"}],"up":[{"embeddable":true,"href":"https:\/\/www.hqts.com\/es\/wp-json\/wp\/v2\/pages\/75962"}],"wp:featuredmedia":[{"embeddable":true,"href":"https:\/\/www.hqts.com\/es\/wp-json\/wp\/v2\/media\/75759"}],"wp:attachment":[{"href":"https:\/\/www.hqts.com\/es\/wp-json\/wp\/v2\/media?parent=119511"}],"curies":[{"name":"wp","href":"https:\/\/api.w.org\/{rel}","templated":true}]}}