{"id":119688,"date":"2022-04-26T09:05:26","date_gmt":"2022-04-26T09:05:26","guid":{"rendered":"https:\/\/www.hqts.com\/?page_id=119688"},"modified":"2022-04-26T09:06:24","modified_gmt":"2022-04-26T09:06:24","slug":"compliance-testing","status":"publish","type":"page","link":"https:\/\/www.hqts.com\/es\/servicios\/testing\/compliance-testing\/","title":{"rendered":"Pruebas de Conformidad"},"content":{"rendered":"<p>Con a\u00f1os de experiencia especializada en pruebas de cumplimiento y laboratorios propios establecidos en pa\u00edses como China y Vietnam, el equipo de HQTS est\u00e1 listo para probar sus productos con las principales certificaciones reglamentarias. Adem\u00e1s, nuestro equipo lo guiar\u00e1 a trav\u00e9s de todos los requisitos y complejidades de las normas y est\u00e1ndares internacionales.<\/p>\n<p><strong>Nuestros servicios de pruebas de cumplimiento y normativas:<\/strong><\/p>\n<p>Prueba RoHS<br \/>\nPruebas de alcance<br \/>\nPruebas CPSIA<br \/>\nPruebas ISTA<\/p>\n<p><strong>Nuestras acreditaciones<\/strong><\/p>\n<p>Pruebas de embalaje certificadas por ISTA<br \/>\nAPASS \u2013 Proveedor de embalaje de Amazon<br \/>\nAceptado por la CPSC<br \/>\nAprobado por CNAS<br \/>\nCertificado de calificaci\u00f3n AQSIQ<br \/>\nAprobaci\u00f3n obligatoria de laboratorio y organismo de inspecci\u00f3n de China<\/p>\n","protected":false},"excerpt":{"rendered":"<p>Con a\u00f1os de experiencia especializada en pruebas de cumplimiento y laboratorios propios establecidos en pa\u00edses como China y Vietnam, el equipo de HQTS est\u00e1 listo para probar sus productos con las principales certificaciones reglamentarias. Adem\u00e1s, nuestro equipo lo guiar\u00e1 a trav\u00e9s de todos los requisitos y complejidades de las normas y est\u00e1ndares internacionales. Nuestros servicios [&hellip;]<\/p>\n","protected":false},"author":12,"featured_media":117208,"parent":76150,"menu_order":0,"comment_status":"closed","ping_status":"closed","template":"","meta":{"_acf_changed":false,"footnotes":""},"class_list":["post-119688","page","type-page","status-publish","has-post-thumbnail","hentry"],"acf":[],"_links":{"self":[{"href":"https:\/\/www.hqts.com\/es\/wp-json\/wp\/v2\/pages\/119688","targetHints":{"allow":["GET"]}}],"collection":[{"href":"https:\/\/www.hqts.com\/es\/wp-json\/wp\/v2\/pages"}],"about":[{"href":"https:\/\/www.hqts.com\/es\/wp-json\/wp\/v2\/types\/page"}],"author":[{"embeddable":true,"href":"https:\/\/www.hqts.com\/es\/wp-json\/wp\/v2\/users\/12"}],"replies":[{"embeddable":true,"href":"https:\/\/www.hqts.com\/es\/wp-json\/wp\/v2\/comments?post=119688"}],"version-history":[{"count":2,"href":"https:\/\/www.hqts.com\/es\/wp-json\/wp\/v2\/pages\/119688\/revisions"}],"predecessor-version":[{"id":119690,"href":"https:\/\/www.hqts.com\/es\/wp-json\/wp\/v2\/pages\/119688\/revisions\/119690"}],"up":[{"embeddable":true,"href":"https:\/\/www.hqts.com\/es\/wp-json\/wp\/v2\/pages\/76150"}],"wp:featuredmedia":[{"embeddable":true,"href":"https:\/\/www.hqts.com\/es\/wp-json\/wp\/v2\/media\/117208"}],"wp:attachment":[{"href":"https:\/\/www.hqts.com\/es\/wp-json\/wp\/v2\/media?parent=119688"}],"curies":[{"name":"wp","href":"https:\/\/api.w.org\/{rel}","templated":true}]}}