{"id":119692,"date":"2022-04-26T09:18:34","date_gmt":"2022-04-26T09:18:34","guid":{"rendered":"https:\/\/www.hqts.com\/?page_id=119692"},"modified":"2022-04-26T09:18:34","modified_gmt":"2022-04-26T09:18:34","slug":"pruebas-de-alimentos","status":"publish","type":"page","link":"https:\/\/www.hqts.com\/es\/servicios\/testing\/pruebas-de-alimentos\/","title":{"rendered":"Pruebas de Alimentos"},"content":{"rendered":"<p>Ofrecemos una amplia gama de soluciones de pruebas de seguridad alimentaria, calidad y sostenibilidad para ayudarlo a garantizar la seguridad de sus productos alimenticios, prevenir riesgos, aumentar la confianza y mejorar la eficiencia en cada etapa de la cadena de valor. A trav\u00e9s de nuestra red de laboratorios internos en Asia, podemos probar sus productos y materias primas de acuerdo con diferentes est\u00e1ndares, incluidos los est\u00e1ndares ISO, para garantizar el mejor control de calidad y su reputaci\u00f3n.<\/p>\n<ul>\n<li>Nuestros servicios de an\u00e1lisis de alimentos y agricultura:<\/li>\n<li>Pruebas de Encuestas Alimentarias<\/li>\n<li>Etiquetado de alimentos<\/li>\n<li>Pruebas de contaminantes alimentarios<\/li>\n<li>Pruebas de microbiolog\u00eda de alimentos.<\/li>\n<li>Pruebas de nutrici\u00f3n y composici\u00f3n.<\/li>\n<\/ul>\n","protected":false},"excerpt":{"rendered":"<p>Ofrecemos una amplia gama de soluciones de pruebas de seguridad alimentaria, calidad y sostenibilidad para ayudarlo a garantizar la seguridad de sus productos alimenticios, prevenir riesgos, aumentar la confianza y mejorar la eficiencia en cada etapa de la cadena de valor. A trav\u00e9s de nuestra red de laboratorios internos en Asia, podemos probar sus productos [&hellip;]<\/p>\n","protected":false},"author":12,"featured_media":75532,"parent":76150,"menu_order":0,"comment_status":"closed","ping_status":"closed","template":"","meta":{"_acf_changed":false,"footnotes":""},"class_list":["post-119692","page","type-page","status-publish","has-post-thumbnail","hentry"],"acf":[],"_links":{"self":[{"href":"https:\/\/www.hqts.com\/es\/wp-json\/wp\/v2\/pages\/119692","targetHints":{"allow":["GET"]}}],"collection":[{"href":"https:\/\/www.hqts.com\/es\/wp-json\/wp\/v2\/pages"}],"about":[{"href":"https:\/\/www.hqts.com\/es\/wp-json\/wp\/v2\/types\/page"}],"author":[{"embeddable":true,"href":"https:\/\/www.hqts.com\/es\/wp-json\/wp\/v2\/users\/12"}],"replies":[{"embeddable":true,"href":"https:\/\/www.hqts.com\/es\/wp-json\/wp\/v2\/comments?post=119692"}],"version-history":[{"count":1,"href":"https:\/\/www.hqts.com\/es\/wp-json\/wp\/v2\/pages\/119692\/revisions"}],"predecessor-version":[{"id":119693,"href":"https:\/\/www.hqts.com\/es\/wp-json\/wp\/v2\/pages\/119692\/revisions\/119693"}],"up":[{"embeddable":true,"href":"https:\/\/www.hqts.com\/es\/wp-json\/wp\/v2\/pages\/76150"}],"wp:featuredmedia":[{"embeddable":true,"href":"https:\/\/www.hqts.com\/es\/wp-json\/wp\/v2\/media\/75532"}],"wp:attachment":[{"href":"https:\/\/www.hqts.com\/es\/wp-json\/wp\/v2\/media?parent=119692"}],"curies":[{"name":"wp","href":"https:\/\/api.w.org\/{rel}","templated":true}]}}