{"id":119796,"date":"2022-04-29T02:34:27","date_gmt":"2022-04-29T02:34:27","guid":{"rendered":"https:\/\/www.hqts.com\/?page_id=119796"},"modified":"2022-04-29T02:35:47","modified_gmt":"2022-04-29T02:35:47","slug":"soluciones-sostenibles","status":"publish","type":"page","link":"https:\/\/www.hqts.com\/es\/servicios\/soluciones-sostenibles\/","title":{"rendered":"Soluciones Sostenibles"},"content":{"rendered":"<p>El cambio clim\u00e1tico y el medio ambiente se est\u00e1n convirtiendo r\u00e1pidamente en la prioridad n\u00famero uno para las organizaciones en todo el mundo. Los nuevos objetivos para un mundo con cero emisiones netas para 2045 han llevado a muchas empresas y gobiernos a readaptar sus planes de negocio. Las soluciones sostenibles de HQTS son una forma esencial de garantizar que su organizaci\u00f3n cumpla con la legislaci\u00f3n y estand\u00e1res internacionales.<\/p>\n<p>Nuestras Soluciones Sostenibles incluyen:<\/p>\n<ul>\n<li>Servicios ESG<\/li>\n<li>Auditorias de Cumplimiento social<\/li>\n<li>Auditorias Ambientales<\/li>\n<li>Auditorias Energ\u00e9ticas<\/li>\n<\/ul>\n<p>&nbsp;<\/p>\n<p>HQTS cuenta con expertos altamente capacitados para evaluar sus credenciales ambientales y garantizar el cumplimiento de las pol\u00edticas y regulaciones ambientales nacionales e internacionales. Dados los desaf\u00edos sin precedentes a los que se enfrenta nuestro planeta, HQTS le ayuda a desarrollar una estrategia sostenible a largo plazo mediante la implementaci\u00f3n de procesos de gesti\u00f3n sostenible.<\/p>\n","protected":false},"excerpt":{"rendered":"<p>El cambio clim\u00e1tico y el medio ambiente se est\u00e1n convirtiendo r\u00e1pidamente en la prioridad n\u00famero uno para las organizaciones en todo el mundo. Los nuevos objetivos para un mundo con cero emisiones netas para 2045 han llevado a muchas empresas y gobiernos a readaptar sus planes de negocio. Las soluciones sostenibles de HQTS son una [&hellip;]<\/p>\n","protected":false},"author":12,"featured_media":117567,"parent":76155,"menu_order":0,"comment_status":"closed","ping_status":"closed","template":"","meta":{"_acf_changed":false,"footnotes":""},"class_list":["post-119796","page","type-page","status-publish","has-post-thumbnail","hentry"],"acf":[],"_links":{"self":[{"href":"https:\/\/www.hqts.com\/es\/wp-json\/wp\/v2\/pages\/119796","targetHints":{"allow":["GET"]}}],"collection":[{"href":"https:\/\/www.hqts.com\/es\/wp-json\/wp\/v2\/pages"}],"about":[{"href":"https:\/\/www.hqts.com\/es\/wp-json\/wp\/v2\/types\/page"}],"author":[{"embeddable":true,"href":"https:\/\/www.hqts.com\/es\/wp-json\/wp\/v2\/users\/12"}],"replies":[{"embeddable":true,"href":"https:\/\/www.hqts.com\/es\/wp-json\/wp\/v2\/comments?post=119796"}],"version-history":[{"count":3,"href":"https:\/\/www.hqts.com\/es\/wp-json\/wp\/v2\/pages\/119796\/revisions"}],"predecessor-version":[{"id":119800,"href":"https:\/\/www.hqts.com\/es\/wp-json\/wp\/v2\/pages\/119796\/revisions\/119800"}],"up":[{"embeddable":true,"href":"https:\/\/www.hqts.com\/es\/wp-json\/wp\/v2\/pages\/76155"}],"wp:featuredmedia":[{"embeddable":true,"href":"https:\/\/www.hqts.com\/es\/wp-json\/wp\/v2\/media\/117567"}],"wp:attachment":[{"href":"https:\/\/www.hqts.com\/es\/wp-json\/wp\/v2\/media?parent=119796"}],"curies":[{"name":"wp","href":"https:\/\/api.w.org\/{rel}","templated":true}]}}